{"id":9985,"date":"2021-08-17T09:31:55","date_gmt":"2021-08-17T10:31:55","guid":{"rendered":"https:\/\/estherponcemagazine.com\/?page_id=9985"},"modified":"2021-08-30T16:50:33","modified_gmt":"2021-08-30T17:50:33","slug":"la-bailarina-y-el-diplomatico-capitulo-21","status":"publish","type":"page","link":"https:\/\/estherponcemagazine.com\/en\/la-bailarina-y-el-diplomatico-capitulo-21\/","title":{"rendered":"LA BAILARINA Y EL DIPLOM\u00c1TICO &#8211; CAPITULO 21"},"content":{"rendered":"<div data-elementor-type=\"wp-post\" data-elementor-id=\"9985\" class=\"elementor elementor-9985\" data-elementor-settings=\"{&quot;ha_cmc_init_switcher&quot;:&quot;no&quot;}\">\n\t\t\t\t\t\t<section class=\"elementor-section elementor-top-section elementor-element elementor-element-22afe40 elementor-section-full_width elementor-section-height-default elementor-section-height-default\" data-id=\"22afe40\" data-element_type=\"section\" data-settings=\"{&quot;background_background&quot;:&quot;classic&quot;,&quot;_ha_eqh_enable&quot;:false}\">\n\t\t\t\t\t\t<div class=\"elementor-container elementor-column-gap-default\">\n\t\t\t\t\t<div class=\"elementor-column elementor-col-100 elementor-top-column elementor-element elementor-element-b5a6a30\" data-id=\"b5a6a30\" data-element_type=\"column\" data-settings=\"{&quot;background_background&quot;:&quot;classic&quot;}\">\n\t\t\t<div class=\"elementor-widget-wrap elementor-element-populated\">\n\t\t\t\t\t\t<div class=\"elementor-element elementor-element-878d8af elementor-widget elementor-widget-heading\" data-id=\"878d8af\" data-element_type=\"widget\" data-widget_type=\"heading.default\">\n\t\t\t\t<div class=\"elementor-widget-container\">\n\t\t\t\t\t<h2 class=\"elementor-heading-title elementor-size-default\">THE DANCER AND THE DIPLOMAT<\/h2>\t\t\t\t<\/div>\n\t\t\t\t<\/div>\n\t\t\t\t\t<\/div>\n\t\t<\/div>\n\t\t\t\t\t<\/div>\n\t\t<\/section>\n\t\t\t\t<section class=\"elementor-section elementor-top-section elementor-element elementor-element-471578e elementor-section-boxed elementor-section-height-default elementor-section-height-default\" data-id=\"471578e\" data-element_type=\"section\" data-settings=\"{&quot;_ha_eqh_enable&quot;:false}\">\n\t\t\t\t\t\t<div class=\"elementor-container elementor-column-gap-default\">\n\t\t\t\t\t<div class=\"elementor-column elementor-col-100 elementor-top-column elementor-element elementor-element-78df3d7\" data-id=\"78df3d7\" data-element_type=\"column\">\n\t\t\t<div class=\"elementor-widget-wrap elementor-element-populated\">\n\t\t\t\t\t\t<div class=\"elementor-element elementor-element-89876e4 elementor-view-default elementor-widget elementor-widget-icon\" data-id=\"89876e4\" data-element_type=\"widget\" data-widget_type=\"icon.default\">\n\t\t\t\t<div class=\"elementor-widget-container\">\n\t\t\t\t\t\t\t<div class=\"elementor-icon-wrapper\">\n\t\t\t<a class=\"elementor-icon\" href=\"http:\/\/estherponcemagazine.com\/en\/a-pelo\/\">\n\t\t\t<i aria-hidden=\"true\" class=\"fas fa-arrow-alt-circle-left\"><\/i>\t\t\t<\/a>\n\t\t<\/div>\n\t\t\t\t\t\t<\/div>\n\t\t\t\t<\/div>\n\t\t\t\t<div class=\"elementor-element elementor-element-b124447 elementor-widget elementor-widget-heading\" data-id=\"b124447\" data-element_type=\"widget\" data-widget_type=\"heading.default\">\n\t\t\t\t<div class=\"elementor-widget-container\">\n\t\t\t\t\t<h2 class=\"elementor-heading-title elementor-size-default\">BIOGRAPHY<\/h2>\t\t\t\t<\/div>\n\t\t\t\t<\/div>\n\t\t\t\t<div class=\"elementor-element elementor-element-709a297 elementor-widget-divider--view-line elementor-widget elementor-widget-divider\" data-id=\"709a297\" data-element_type=\"widget\" data-widget_type=\"divider.default\">\n\t\t\t\t<div class=\"elementor-widget-container\">\n\t\t\t\t\t\t\t<div class=\"elementor-divider\">\n\t\t\t<span class=\"elementor-divider-separator\">\n\t\t\t\t\t\t<\/span>\n\t\t<\/div>\n\t\t\t\t\t\t<\/div>\n\t\t\t\t<\/div>\n\t\t\t\t<div class=\"elementor-element elementor-element-85dcdbd elementor-widget elementor-widget-heading\" data-id=\"85dcdbd\" data-element_type=\"widget\" data-widget_type=\"heading.default\">\n\t\t\t\t<div class=\"elementor-widget-container\">\n\t\t\t\t\t<h2 class=\"elementor-heading-title elementor-size-default\"><span style=\"font-weight: bold\">Three years full of surreal adventures, successfully at a frenetic  rhythm  in Los Angeles, California&nbsp;<\/span><\/h2>\t\t\t\t<\/div>\n\t\t\t\t<\/div>\n\t\t\t\t<div class=\"elementor-element elementor-element-2485e6b elementor-widget-divider--view-line elementor-widget elementor-widget-divider\" data-id=\"2485e6b\" data-element_type=\"widget\" data-widget_type=\"divider.default\">\n\t\t\t\t<div class=\"elementor-widget-container\">\n\t\t\t\t\t\t\t<div class=\"elementor-divider\">\n\t\t\t<span class=\"elementor-divider-separator\">\n\t\t\t\t\t\t<\/span>\n\t\t<\/div>\n\t\t\t\t\t\t<\/div>\n\t\t\t\t<\/div>\n\t\t\t\t<section class=\"elementor-section elementor-inner-section elementor-element elementor-element-e0a5f3b elementor-reverse-mobile elementor-section-boxed elementor-section-height-default elementor-section-height-default\" data-id=\"e0a5f3b\" data-element_type=\"section\" data-settings=\"{&quot;_ha_eqh_enable&quot;:false}\">\n\t\t\t\t\t\t<div class=\"elementor-container elementor-column-gap-default\">\n\t\t\t\t\t<div class=\"elementor-column elementor-col-100 elementor-inner-column elementor-element elementor-element-b6940ce\" data-id=\"b6940ce\" data-element_type=\"column\">\n\t\t\t<div class=\"elementor-widget-wrap elementor-element-populated\">\n\t\t\t\t\t\t<div class=\"elementor-element elementor-element-05cc50d elementor-widget elementor-widget-heading\" data-id=\"05cc50d\" data-element_type=\"widget\" data-widget_type=\"heading.default\">\n\t\t\t\t<div class=\"elementor-widget-container\">\n\t\t\t\t\t<h2 class=\"elementor-heading-title elementor-size-default\">\"The welcome party to Flamenco Dreams at the mansion of a Brazilian model ends at the hospital\".<\/h2>\t\t\t\t<\/div>\n\t\t\t\t<\/div>\n\t\t\t\t<div class=\"elementor-element elementor-element-3b60a22 elementor-widget-divider--view-line elementor-widget elementor-widget-divider\" data-id=\"3b60a22\" data-element_type=\"widget\" data-widget_type=\"divider.default\">\n\t\t\t\t<div class=\"elementor-widget-container\">\n\t\t\t\t\t\t\t<div class=\"elementor-divider\">\n\t\t\t<span class=\"elementor-divider-separator\">\n\t\t\t\t\t\t<\/span>\n\t\t<\/div>\n\t\t\t\t\t\t<\/div>\n\t\t\t\t<\/div>\n\t\t\t\t<div class=\"elementor-element elementor-element-e286197 elementor-widget elementor-widget-text-editor\" data-id=\"e286197\" data-element_type=\"widget\" data-widget_type=\"text-editor.default\">\n\t\t\t\t<div class=\"elementor-widget-container\">\n\t\t\t\t\t\t\t\t\t<div>One of the most exciting moments of my life had come, my parents were already in LA to help me how they had done all their lives. Without his presence nothing would be possible for me, especially emotionally. Founding a Festival of this category is only achieved with a great team of at least 10 production people, but because of a dream, Enrrique Morente, Diego el Cigala and El Montoyita, I threw myself into the pool only with Sof\u00eda and Paul.\u00a0<\/div><div>\u00a0<\/div><div>La Misi\u00f3n de San Gabriel was the theater I chose to represent Flamenco Dreams. The theater was stately, elegant, beautiful and very welcoming, passionate red and perfect for representing flamenco, especially with 10 musicians taking live acoustics was the main thing and my father as director of the Hispavox recording studios gave me the go-ahead. The fact of being a Catholic mission for me was already synonymous with success. If I had been focused on recovering the investment with the box office, I would have looked for a theater in the city of Los Angeles and not have to displace the public, although it must be recognized that flamenco, like faith, moves mountains and people move it does not matter where as long as you can enjoy flamenco directly from Spain.\u00a0<\/div><div>\u00a0<\/div><div>The artists all arrived on a direct flight from Madrid and a Van was waiting to take them to the hotel, I also had to go to check that no artist had stayed on the ground and so Paul and I would take my Music Director and the manager to talk about the itinerary I had prepared for them.\u00a0<\/div><div>When we arrived at the Biltmore Hotel, all the artists were amazed at the luxury of the rooms and facilities. They asked in the contract to stay in a hotel with a minimum of three stars but they did not expect one of 5 and they immediately began to comment that Joaquin Cortes had never brought them with such category and as soon as they saw me walk through the lobby they yelled an OLE! What rumbled the walls and some of the customers who were waiting to check in at reception joined the party without thinking and repeated the OLE! As if they were in a bullfight. Of course at that time everyone in the hotel would be invited to the show.\u00a0<\/div><div>Paul met with the artists in one room  to give them the diets for the 5 days they would be in LA and warned them by my order that the contents of the mini bar did not enter the room and that they will not spend all the money in one day because there would be no more. In the world of flamenco, it is very common for them to ask production for money as if it were a bank. Then he told them to rest and what later they would pick them up for dinner and the welcome party that we had prepared for them at the mansion of a Brazilian model who was looking forward to meeting them. Just mentioning the word mansion and model was enough for everyone to start to revolutionize and of course, the party had already started for them.\u00a0<\/div><div>\u00a0<\/div><div>The entrance to the mansion was from a movie, a 5 meter high waterfall with colored lights collided with huge rocks in a lake that ran through the entire garden bordering the mansion to flow into an Olympic pool surrounded by wildlife.\u00a0<\/div><div>The model along with her mother, were receiving each of the musicians who very politely took the opportunity to be Spanish and give two kisses, although some decided to stay with the French culture and give 3, others decided to stay with the Normandy custom of give 4 and the most savvy with the Russian in which sometimes up to 6 kisses are given. That made us all smile and the time to relax had come.\u00a0<\/div><div>In LA, rum, whiskey or vodka mixed with a Coke or Fanta soda, what we call Una Copa, is not the usual thing. So the cocktail menu began to pass from hand to hand through the musicians who, like little children, choosing an ice cream, drove the bartender crazy.\u00a0<\/div><div>The next day we had general rehearsal and we couldn't go to bed very late. But it was impossible to stop the euphoria caused by the Cosmopolitans, Margaritas and Mojitos. Many guests had arrived and especially many beautiful women and that is when my state of alarm began to warn me that something was going to happen. The tobacco had run out and we were on a hill away from everything, but some musicians had already taken it upon themselves to send Paul without my permission to buy. When I realized that each of the musicians and their partner were already telling them, I don't know what story, since they didn't speak English, but as music has no languages, there they were organizing their flamenco party in a section of the garden and without any intention of leave and neither do his girlfriends. But my alert was correct and a gangster was missing! Paul did not know anything, the poor man had to travel hundreds of kilometers and still had not returned. I already needed to rest. I had not slept for a long time and to dance rest is essential. But it was also essential that the \u201cCantaor\u201d the singer,  showed up in time to take him to the hotel along with the rest.\nFinally Paul arrived with the tobacco and the party continued this time with all the guests who did not hesitate to be part of the exclusive preview of Flamenco Dreams.\u00a0<\/div><div>\u00a0<\/div><div>When he arrived at the hotel Paul expected to find the \u201cCantaor\u201d at least asleep, but it was not like that. He did not want to call me so as not to worry and let me rest, he knew how I was fighting for this dream and the great effort of so many months. So Paul called my father and between the two of them they began to remember the last time they saw him at the mansion without success. Time passed and the g\u00e1nster  still did not appear. He did not have a mobile phone so the only thing left was to wait for him at the hotel.\u00a0<\/div><div>Three hours later he appeared and could not even say good night, he was completely hoarse and voiceless and in a few hours he had to sing. Paul knew me perfectly and he was not going to allow me to be upset and not be able to do the general rehearsal in which I had worked so hard and in which the press would be criticizing and recording. Fortunately, a doctor friend of his who was able to locate and who was on duty received them at the hospital to inject him with cortisone so that he could sing. That treatment and emergencies cost more than $ 1,500. As it was a dream it had to be perfect and he did not charge anything. Although Paul would have been to discount it to the \u201c Cantaor\u201d but he did not. So that the next time he would have more care and above all more consideration with the people who could not rest because of him.\u00a0<\/div><div>\u00a0<\/div><div>The soundcheck went wonderfully, with my father and the well known sound technician Antonio Maldonado success when mixing the string was assured and the gangster resurfaced like Ave Fenix \u200b\u200band nobody noticed. When it was time to put the lights on, the musicians continued to surprise the way I was as an artist, because when I realized that they only illuminated me, I stopped the rehearsal and asked Juanjo Beloqui to illuminate the musicians, I wanted to see them and that the public see them too. When he told me - Excuse me, Esther, because Joaquin Cortes doesn't enlighten them, I thought you wanted it that way too. A journalist immediately took an interest in the subject and asked me for an interview to speak on a TV program about the desire for leadership in show business.\u00a0<\/div><div>\u00a0<\/div><div>When the rehearsal ended is when Paul told me about the odyssey of the night before and the gangster himself who, apologizing, explained to me why he could not resist escaping in the limousine with the African model who was waiting for him and who promised him that they would only be there for a while walking around but she would not let him go and he became hoarse as he desperately shouted in African and buler\u00edas comp\u00e1s; - Let me go, you have me crazy! ...<\/div>\t\t\t\t\t\t\t\t<\/div>\n\t\t\t\t<\/div>\n\t\t\t\t<div class=\"elementor-element elementor-element-60c0d9e elementor-widget elementor-widget-heading\" data-id=\"60c0d9e\" data-element_type=\"widget\" data-widget_type=\"heading.default\">\n\t\t\t\t<div class=\"elementor-widget-container\">\n\t\t\t\t\t<h2 class=\"elementor-heading-title elementor-size-default\">DON'T MISS CHAPTER 22!<\/h2>\t\t\t\t<\/div>\n\t\t\t\t<\/div>\n\t\t\t\t<div class=\"elementor-element elementor-element-db40bb5 elementor-widget elementor-widget-heading\" data-id=\"db40bb5\" data-element_type=\"widget\" data-widget_type=\"heading.default\">\n\t\t\t\t<div class=\"elementor-widget-container\">\n\t\t\t\t\t<h2 class=\"elementor-heading-title elementor-size-default\">'The most important Latino newspaper in LA steals all the money from the box office'\n<\/h2>\t\t\t\t<\/div>\n\t\t\t\t<\/div>\n\t\t\t\t<div class=\"elementor-element elementor-element-7fd256e elementor-widget elementor-widget-image\" data-id=\"7fd256e\" data-element_type=\"widget\" data-widget_type=\"image.default\">\n\t\t\t\t<div class=\"elementor-widget-container\">\n\t\t\t\t\t\t\t\t\t\t\t\t\t\t\t<img fetchpriority=\"high\" decoding=\"async\" width=\"800\" height=\"826\" src=\"https:\/\/estherponcemagazine.com\/wp-content\/uploads\/2021\/08\/IMG-20210817-WA0000.jpg\" class=\"attachment-large size-large wp-image-9997\" alt=\"\" srcset=\"https:\/\/estherponcemagazine.com\/wp-content\/uploads\/2021\/08\/IMG-20210817-WA0000.jpg 992w, https:\/\/estherponcemagazine.com\/wp-content\/uploads\/2021\/08\/IMG-20210817-WA0000-291x300.jpg 291w, https:\/\/estherponcemagazine.com\/wp-content\/uploads\/2021\/08\/IMG-20210817-WA0000-768x793.jpg 768w, https:\/\/estherponcemagazine.com\/wp-content\/uploads\/2021\/08\/IMG-20210817-WA0000-12x12.jpg 12w, https:\/\/estherponcemagazine.com\/wp-content\/uploads\/2021\/08\/IMG-20210817-WA0000-24x24.jpg 24w, https:\/\/estherponcemagazine.com\/wp-content\/uploads\/2021\/08\/IMG-20210817-WA0000-36x36.jpg 36w\" sizes=\"(max-width: 800px) 100vw, 800px\" \/>\t\t\t\t\t\t\t\t\t\t\t\t\t\t\t<\/div>\n\t\t\t\t<\/div>\n\t\t\t\t<div class=\"elementor-element elementor-element-0dbacb7 elementor-widget elementor-widget-text-editor\" data-id=\"0dbacb7\" data-element_type=\"widget\" data-widget_type=\"text-editor.default\">\n\t\t\t\t<div class=\"elementor-widget-container\">\n\t\t\t\t\t\t\t\t\t<p>With my parents before I lost the gangster.<\/p>\t\t\t\t\t\t\t\t<\/div>\n\t\t\t\t<\/div>\n\t\t\t\t<div class=\"elementor-element elementor-element-f3a7af9 elementor-widget elementor-widget-image\" data-id=\"f3a7af9\" data-element_type=\"widget\" data-widget_type=\"image.default\">\n\t\t\t\t<div class=\"elementor-widget-container\">\n\t\t\t\t\t\t\t\t\t\t\t\t\t\t\t<img decoding=\"async\" width=\"800\" height=\"495\" src=\"https:\/\/estherponcemagazine.com\/wp-content\/uploads\/2021\/08\/IMG-20210817-WA0001.jpg\" class=\"attachment-large size-large wp-image-10001\" alt=\"\" srcset=\"https:\/\/estherponcemagazine.com\/wp-content\/uploads\/2021\/08\/IMG-20210817-WA0001.jpg 1024w, https:\/\/estherponcemagazine.com\/wp-content\/uploads\/2021\/08\/IMG-20210817-WA0001-300x185.jpg 300w, https:\/\/estherponcemagazine.com\/wp-content\/uploads\/2021\/08\/IMG-20210817-WA0001-768x475.jpg 768w, https:\/\/estherponcemagazine.com\/wp-content\/uploads\/2021\/08\/IMG-20210817-WA0001-16x10.jpg 16w, https:\/\/estherponcemagazine.com\/wp-content\/uploads\/2021\/08\/IMG-20210817-WA0001-24x15.jpg 24w, https:\/\/estherponcemagazine.com\/wp-content\/uploads\/2021\/08\/IMG-20210817-WA0001-36x22.jpg 36w, https:\/\/estherponcemagazine.com\/wp-content\/uploads\/2021\/08\/IMG-20210817-WA0001-48x30.jpg 48w\" sizes=\"(max-width: 800px) 100vw, 800px\" \/>\t\t\t\t\t\t\t\t\t\t\t\t\t\t\t<\/div>\n\t\t\t\t<\/div>\n\t\t\t\t<div class=\"elementor-element elementor-element-a5c6541 elementor-widget elementor-widget-text-editor\" data-id=\"a5c6541\" data-element_type=\"widget\" data-widget_type=\"text-editor.default\">\n\t\t\t\t<div class=\"elementor-widget-container\">\n\t\t\t\t\t\t\t\t\t<p>Looking forward to sleep before dress rehearsal.<\/p>\t\t\t\t\t\t\t\t<\/div>\n\t\t\t\t<\/div>\n\t\t\t\t<div class=\"elementor-element elementor-element-8ceca5f elementor-widget elementor-widget-video\" data-id=\"8ceca5f\" data-element_type=\"widget\" data-settings=\"{&quot;youtube_url&quot;:&quot;https:\\\/\\\/youtu.be\\\/PBG5qZAy1C0&quot;,&quot;video_type&quot;:&quot;youtube&quot;,&quot;controls&quot;:&quot;yes&quot;}\" data-widget_type=\"video.default\">\n\t\t\t\t<div class=\"elementor-widget-container\">\n\t\t\t\t\t\t\t<div class=\"elementor-wrapper elementor-open-inline\">\n\t\t\t<div class=\"elementor-video\"><\/div>\t\t<\/div>\n\t\t\t\t\t\t<\/div>\n\t\t\t\t<\/div>\n\t\t\t\t<div class=\"elementor-element elementor-element-c5241ae elementor-widget-divider--view-line elementor-widget elementor-widget-divider\" data-id=\"c5241ae\" data-element_type=\"widget\" data-widget_type=\"divider.default\">\n\t\t\t\t<div class=\"elementor-widget-container\">\n\t\t\t\t\t\t\t<div class=\"elementor-divider\">\n\t\t\t<span class=\"elementor-divider-separator\">\n\t\t\t\t\t\t<\/span>\n\t\t<\/div>\n\t\t\t\t\t\t<\/div>\n\t\t\t\t<\/div>\n\t\t\t\t\t<\/div>\n\t\t<\/div>\n\t\t\t\t\t<\/div>\n\t\t<\/section>\n\t\t\t\t\t<\/div>\n\t\t<\/div>\n\t\t\t\t\t<\/div>\n\t\t<\/section>\n\t\t\t\t<section class=\"elementor-section elementor-top-section elementor-element elementor-element-7fd0a09 elementor-section-boxed elementor-section-height-default elementor-section-height-default\" data-id=\"7fd0a09\" data-element_type=\"section\" data-settings=\"{&quot;_ha_eqh_enable&quot;:false}\">\n\t\t\t\t\t\t<div class=\"elementor-container elementor-column-gap-default\">\n\t\t\t\t\t<div class=\"elementor-column elementor-col-100 elementor-top-column elementor-element elementor-element-836707c\" data-id=\"836707c\" data-element_type=\"column\">\n\t\t\t<div class=\"elementor-widget-wrap elementor-element-populated\">\n\t\t\t\t\t\t\t<\/div>\n\t\t<\/div>\n\t\t\t\t\t<\/div>\n\t\t<\/section>\n\t\t\t\t<\/div>","protected":false},"excerpt":{"rendered":"<p>LA BAILARINA Y EL DIPLOM\u00c1TICO BIOGRAF\u00cdA Tres a\u00f1os llenos de aventuras surrealistas, a un ritmo fren\u00e9tico y de \u00e9xito en Los \u00c1ngeles , California&nbsp; \u201cLa fiesta de bienvenida a FLAMENCO DREAMS en la mansi\u00f3n de una modelo brasile\u00f1a termina en el hospital\u201d Hab\u00eda llegado uno de los momentos m\u00e1s emocionantes de mi vida, mis padres [&hellip;]<\/p>","protected":false},"author":1,"featured_media":38,"parent":0,"menu_order":0,"comment_status":"open","ping_status":"closed","template":"elementor_header_footer","meta":{"footnotes":""},"class_list":["post-9985","page","type-page","status-publish","has-post-thumbnail","hentry"],"_links":{"self":[{"href":"https:\/\/estherponcemagazine.com\/en\/wp-json\/wp\/v2\/pages\/9985","targetHints":{"allow":["GET"]}}],"collection":[{"href":"https:\/\/estherponcemagazine.com\/en\/wp-json\/wp\/v2\/pages"}],"about":[{"href":"https:\/\/estherponcemagazine.com\/en\/wp-json\/wp\/v2\/types\/page"}],"author":[{"embeddable":true,"href":"https:\/\/estherponcemagazine.com\/en\/wp-json\/wp\/v2\/users\/1"}],"replies":[{"embeddable":true,"href":"https:\/\/estherponcemagazine.com\/en\/wp-json\/wp\/v2\/comments?post=9985"}],"version-history":[{"count":34,"href":"https:\/\/estherponcemagazine.com\/en\/wp-json\/wp\/v2\/pages\/9985\/revisions"}],"predecessor-version":[{"id":10077,"href":"https:\/\/estherponcemagazine.com\/en\/wp-json\/wp\/v2\/pages\/9985\/revisions\/10077"}],"wp:featuredmedia":[{"embeddable":true,"href":"https:\/\/estherponcemagazine.com\/en\/wp-json\/wp\/v2\/media\/38"}],"wp:attachment":[{"href":"https:\/\/estherponcemagazine.com\/en\/wp-json\/wp\/v2\/media?parent=9985"}],"curies":[{"name":"wp","href":"https:\/\/api.w.org\/{rel}","templated":true}]}}