{"id":9919,"date":"2021-08-08T17:18:23","date_gmt":"2021-08-08T18:18:23","guid":{"rendered":"https:\/\/estherponcemagazine.com\/?page_id=9919"},"modified":"2021-08-30T16:51:20","modified_gmt":"2021-08-30T17:51:20","slug":"la-bailarina-y-el-diplomatico-capitulo-20","status":"publish","type":"page","link":"https:\/\/estherponcemagazine.com\/en\/la-bailarina-y-el-diplomatico-capitulo-20\/","title":{"rendered":"LA BAILARINA Y EL DIPLOM\u00c1TICO &#8211; CAPITULO 20"},"content":{"rendered":"<div data-elementor-type=\"wp-post\" data-elementor-id=\"9919\" class=\"elementor elementor-9919\" data-elementor-settings=\"{&quot;ha_cmc_init_switcher&quot;:&quot;no&quot;}\">\n\t\t\t\t\t\t<section class=\"elementor-section elementor-top-section elementor-element elementor-element-22afe40 elementor-section-full_width elementor-section-height-default elementor-section-height-default\" data-id=\"22afe40\" data-element_type=\"section\" data-settings=\"{&quot;background_background&quot;:&quot;classic&quot;,&quot;_ha_eqh_enable&quot;:false}\">\n\t\t\t\t\t\t<div class=\"elementor-container elementor-column-gap-default\">\n\t\t\t\t\t<div class=\"elementor-column elementor-col-100 elementor-top-column elementor-element elementor-element-b5a6a30\" data-id=\"b5a6a30\" data-element_type=\"column\" data-settings=\"{&quot;background_background&quot;:&quot;classic&quot;}\">\n\t\t\t<div class=\"elementor-widget-wrap elementor-element-populated\">\n\t\t\t\t\t\t<div class=\"elementor-element elementor-element-878d8af elementor-widget elementor-widget-heading\" data-id=\"878d8af\" data-element_type=\"widget\" data-widget_type=\"heading.default\">\n\t\t\t\t<div class=\"elementor-widget-container\">\n\t\t\t\t\t<h2 class=\"elementor-heading-title elementor-size-default\">THE DANCER AND THE DIPLOMAT<\/h2>\t\t\t\t<\/div>\n\t\t\t\t<\/div>\n\t\t\t\t\t<\/div>\n\t\t<\/div>\n\t\t\t\t\t<\/div>\n\t\t<\/section>\n\t\t\t\t<section class=\"elementor-section elementor-top-section elementor-element elementor-element-471578e elementor-section-boxed elementor-section-height-default elementor-section-height-default\" data-id=\"471578e\" data-element_type=\"section\" data-settings=\"{&quot;_ha_eqh_enable&quot;:false}\">\n\t\t\t\t\t\t<div class=\"elementor-container elementor-column-gap-default\">\n\t\t\t\t\t<div class=\"elementor-column elementor-col-100 elementor-top-column elementor-element elementor-element-78df3d7\" data-id=\"78df3d7\" data-element_type=\"column\">\n\t\t\t<div class=\"elementor-widget-wrap elementor-element-populated\">\n\t\t\t\t\t\t<div class=\"elementor-element elementor-element-89876e4 elementor-view-default elementor-widget elementor-widget-icon\" data-id=\"89876e4\" data-element_type=\"widget\" data-widget_type=\"icon.default\">\n\t\t\t\t<div class=\"elementor-widget-container\">\n\t\t\t\t\t\t\t<div class=\"elementor-icon-wrapper\">\n\t\t\t<a class=\"elementor-icon\" href=\"http:\/\/estherponcemagazine.com\/en\/a-pelo\/\">\n\t\t\t<i aria-hidden=\"true\" class=\"fas fa-arrow-alt-circle-left\"><\/i>\t\t\t<\/a>\n\t\t<\/div>\n\t\t\t\t\t\t<\/div>\n\t\t\t\t<\/div>\n\t\t\t\t<div class=\"elementor-element elementor-element-b124447 elementor-widget elementor-widget-heading\" data-id=\"b124447\" data-element_type=\"widget\" data-widget_type=\"heading.default\">\n\t\t\t\t<div class=\"elementor-widget-container\">\n\t\t\t\t\t<h2 class=\"elementor-heading-title elementor-size-default\">BIOGRAPHY<\/h2>\t\t\t\t<\/div>\n\t\t\t\t<\/div>\n\t\t\t\t<div class=\"elementor-element elementor-element-709a297 elementor-widget-divider--view-line elementor-widget elementor-widget-divider\" data-id=\"709a297\" data-element_type=\"widget\" data-widget_type=\"divider.default\">\n\t\t\t\t<div class=\"elementor-widget-container\">\n\t\t\t\t\t\t\t<div class=\"elementor-divider\">\n\t\t\t<span class=\"elementor-divider-separator\">\n\t\t\t\t\t\t<\/span>\n\t\t<\/div>\n\t\t\t\t\t\t<\/div>\n\t\t\t\t<\/div>\n\t\t\t\t<div class=\"elementor-element elementor-element-85dcdbd elementor-widget elementor-widget-heading\" data-id=\"85dcdbd\" data-element_type=\"widget\" data-widget_type=\"heading.default\">\n\t\t\t\t<div class=\"elementor-widget-container\">\n\t\t\t\t\t<h2 class=\"elementor-heading-title elementor-size-default\"><span style=\"font-weight: bold\">Three years full of surreal adventures, successfully at a frenetic  rhythm  in Los Angeles, California&nbsp;<\/span><\/h2>\t\t\t\t<\/div>\n\t\t\t\t<\/div>\n\t\t\t\t<div class=\"elementor-element elementor-element-2485e6b elementor-widget-divider--view-line elementor-widget elementor-widget-divider\" data-id=\"2485e6b\" data-element_type=\"widget\" data-widget_type=\"divider.default\">\n\t\t\t\t<div class=\"elementor-widget-container\">\n\t\t\t\t\t\t\t<div class=\"elementor-divider\">\n\t\t\t<span class=\"elementor-divider-separator\">\n\t\t\t\t\t\t<\/span>\n\t\t<\/div>\n\t\t\t\t\t\t<\/div>\n\t\t\t\t<\/div>\n\t\t\t\t<section class=\"elementor-section elementor-inner-section elementor-element elementor-element-e0a5f3b elementor-reverse-mobile elementor-section-boxed elementor-section-height-default elementor-section-height-default\" data-id=\"e0a5f3b\" data-element_type=\"section\" data-settings=\"{&quot;_ha_eqh_enable&quot;:false}\">\n\t\t\t\t\t\t<div class=\"elementor-container elementor-column-gap-default\">\n\t\t\t\t\t<div class=\"elementor-column elementor-col-100 elementor-inner-column elementor-element elementor-element-b6940ce\" data-id=\"b6940ce\" data-element_type=\"column\">\n\t\t\t<div class=\"elementor-widget-wrap elementor-element-populated\">\n\t\t\t\t\t\t<div class=\"elementor-element elementor-element-05cc50d elementor-widget elementor-widget-heading\" data-id=\"05cc50d\" data-element_type=\"widget\" data-widget_type=\"heading.default\">\n\t\t\t\t<div class=\"elementor-widget-container\">\n\t\t\t\t\t<h2 class=\"elementor-heading-title elementor-size-default\">\"The President of the Government, Jose Maria Aznar, answers my letter\"\n\n<\/h2>\t\t\t\t<\/div>\n\t\t\t\t<\/div>\n\t\t\t\t<div class=\"elementor-element elementor-element-3b60a22 elementor-widget-divider--view-line elementor-widget elementor-widget-divider\" data-id=\"3b60a22\" data-element_type=\"widget\" data-widget_type=\"divider.default\">\n\t\t\t\t<div class=\"elementor-widget-container\">\n\t\t\t\t\t\t\t<div class=\"elementor-divider\">\n\t\t\t<span class=\"elementor-divider-separator\">\n\t\t\t\t\t\t<\/span>\n\t\t<\/div>\n\t\t\t\t\t\t<\/div>\n\t\t\t\t<\/div>\n\t\t\t\t<div class=\"elementor-element elementor-element-e286197 elementor-widget elementor-widget-text-editor\" data-id=\"e286197\" data-element_type=\"widget\" data-widget_type=\"text-editor.default\">\n\t\t\t\t<div class=\"elementor-widget-container\">\n\t\t\t\t\t\t\t\t\t<p>It was impossible to catch the flight back to LA under those conditions and I also had a meeting with \u201cMontoyita\u201d on a terrace at El Rastro market to talk about the project that same afternoon. Luckily he was formal and show up . In the world of flamenco and especially when you are one of the most recognized flamenco families and after the party that we got into until a few hours before, he could have left me by my self  at the terrace.<\/p><p>We started talking about the script that I had written in a hurry in the taxi, with the \u201cPalos\u201d flamencos  that we would play and what I wanted to reflect exactly in each choreography, I had everything so clear since I saw the film. El Montoyita, as Musical Director, would be the head of the Casino, a dancer my lover and the other dancer my husband. I left him the DVD of Gilda's film, which by the way he never gave me back, and in a minute, he mentioned the 13 musicians that would make up the cast of Flamenco Dreams, the manager, the lighting technician and the sound technician. I was a little surprised because normally putting together such an important cast, it would take a long time to call one by one, specify dates and availability etc ... we are talking about 13 artists who are each, in their specialty, number one. That cast is the one that the famous dancer Joaquin Cortes had with the tour they were doing with the company at that time. Now it only remained to pray that the dates did not coincide. As it was a dream, everything had to be perfect and Joaquin Cort\u00e9s changed two dates so that I could take everyone to Los Angeles. Joaquin and I, we had a very close family relationship and he knew perfectly the reason why I left Madrid and moved to Los Angeles and that is why I think he showed solidarity with me. I met him when we were very young, we almost missed the Paris-Madrid flight because we stayed shopping. When my mother picked me up from the Barajas airport, I remember her so beautiful in her white convertible Cabriolet ... and what she least imagined was the surprises I had in store for her. We would take Joaquin Cort\u00e9s to his house in Lavapies and more than one day, my mom would take me to the VIP of Velazquez to have pancakes with Joaqu\u00edn ...<\/p><p>At that time there was a direct Madrid-Los Angeles flight with Iberia and I could occupy three places to sleep the 11 hours flight . I could also take all the Iberian ham in a suitcase full of spare soles, for the shoemaker who fixed the flamenco shoes, castanets and shawls to give to my students who were already my friends.\nI returned triumphant but at the same time scared of the fortune that The First Annual Los Angeles Flamenco Festival was going to cost me. <br \/>The Consulate of Spain invited me to the dinner that was held at the Beverly Hotel, on the occasion of the official trip of the President of the Government of Spain Mr. Jos\u00e9 Maria Aznar. Together with the paralysis that the President was suffering from his upper lip and his English, it was impossible to follow the speech. <br \/>I was sitting next to Maria, the Culture Director of the Consulate, and I told her about my project about the Festival and my trip to Madrid. I also asked her to send from her  office a letter to the Palacio de la Moncloa, addressed to the President of the Government letting him know about my project and with an attached letter of presentation from the Consul of Spain. With the change to the new socialist government of Rodriguez Zapatero, D. Jos\u00e9 luis Dicenta Ballester would have little time left in LA, ascending to Ambassador in Rome, his last assignment as a diplomat . And welcoming the former Ambassador to New York, Mr. Inocencio Arias. That now with the change of Government, he would go down to the rank of Consul. C'est la vie! <br \/>I chose a beautiful beige Kinkos paper with a printed map of Spain and we wrote the letter, put it in its matching envelope and sent it to Spain. I knew they weren't going to give me anything because all the Spaniards who worked at the Consulate and who I used to go out with lately, had already warned me of their favorite phrase; Spain never has money, much less for culture. <br \/>And indeed the pleasant response from La Moncloa arrived, congratulating me on my project and inviting me to request  collaboration from the Spanish institutions that they were based in Los Angeles. Seeing my name on the envelope already gave me strength to continue with the adventure I had gotten into because of a dream.<\/p><p>Now more than ever it was time to arrange a meeting with all the Spanish institutions in LA and tell them about the first flamenco festival in the city of Los Angeles that was going to produce, direct, choreograph and star, that is, to have even less time of  I already had. <br \/>Maria made me fill out some papers to request a culture grant, I was filling out pages and attaching documentation for days and they only gave me $ 1,500 for a production of $ 50,000. Bureaucratic help was the only thing I could hope for, so I talked to Paul and he volunteered as a producer assuming the budget and I would be the executive producer, taking care of the artistic direction and also investing the dollars that I earned teaching and that I no longer could take Spain in the Italian bun because the United States, after the attack on the Twin Towers, never trusted again and airport security put the air cabin designed for me, where a blast of pressurized air would take off from your body, any hidden material ... just imagine my bow tie dropping dollars flying throughout the cabin and the packages of Iberian ham that hugged my body, it made me laugh and gave me strength to continue with my dream.<\/p><p>Even knowing that I would not get any subsidy, I was closing meetings with all the institutions that appeared on the list that my friend, the Director of Tourism, gave me. I met many Spaniards who were succeeding in LA and they also met me.<br \/>I met many Spaniards who were succeeding in LA and they also met me. They all congratulated me on my career in LA, they wished me luck, they cheered me up a bit and ended with the phrase we already know: I'm sorry, but Spain never has money, much less for culture. And worst of all is that at the end of the meeting they always ended up asking me for tickets and a VIP pass for the parties. <br \/>The Tourism office offered me to raffle a trip to Seville with Iberia airlines and the Junta de Andalucia, \"There is only one\" would bear the costs.<\/p><p>Flamenco Dreams would not focus on becoming a show for three days in a theater and waiting to recover the investment from the box office, but to film a DVD, get a distributor in less than two years, since a DVD in LA with more time already no one distributes it to you and sell it to recoup the investment. So the next step would be to talk to the film director, my friend Ferdi, who told me that first of all, I had to ask the artists for all the image rights in the contract, because if not, I would never be able to distribute or sell the film DVD. And Sofia, who had already recovered from her hangover, draw up the contract for the artists that soon  would be signed by their manager Curro Conde, the brother of the husband of the famous flamenco singer Estrella Morente, the bullfighter Javier Conde.<\/p><p>The hard work of visas to enter the USA, began to remove all my past and to expose how badly flamenco artists are, the lack of legality in the few contracts and the incredible movement of the \"cash\" that moves in flamenco and that later there is no way to justify. I was lucky to have the best lawyer, Sof\u00eda, and a career full of tours around the world, TV and cinema, which began at 5 years of age and finally Sof\u00eda was able to demonstrate with great success. <br \/>Meanwhile, we were preparing the trip back to Madrid. We had only one week to rehearse all together and prepare the mandatory interview at the American Embassy with all of us who would travel to LA, to acquire the visas. <br \/>The night before the appointment at the American Embassy at 9 in the morning, Sof\u00eda and I met with all the artists to have them controlled and to explain to them in detail and the times that it was necessary everything they could NOT say in the interview. They had to be all at that time without exception, or they would not grant us visas and the Festival and all the work of months would be lost. Everything that happened in the Cardamomo flamenco bar was wild, everyone was happy and euphoric celebrating their trip to Hollywood, because of me they were so involved in the role of gangsters, so time and drinks flew. Sofia and I had to make a plan urgently so that no one would leave that bar. It was already 5 in the morning and I could not imagine any of the musicians coming home and then waking up at two hours to arrive in the Salamanca district smelling of coffee. <br \/>I quickly told Sof\u00eda that we had to stop for the moment our Ava Gadner and Rita Hayworth characters and put on a more flamenco nickname to be able to handle the most crucial moment of our adventure and for which there were only a few hours left. Now we would be \u201cBandolera\u201d, like the percussionist  El Bandolero , and \u201cMonty\u201d from Montoyita, The Godfather. With my talents as an actress and really worried, I asked everyone that this meeting was very important and that we were good professionals and that we had to carry out that interview. I booked a hotel room across from the bar for them to get ready, have coffee and relax while Bandolera went to her house which was very close to shower and change clothes while I was on duty. Later, several taxis came to the homes of each artist to collect passports and all the necessary documentation and then they would pick us up on Echegaray Street to take us to the American Embassy.<\/p><p>Bandolery stayed there with everyone while I continued to my house, which was relatively close to shower and change clothes, and most important of all, I had to follow Bandoleras\u2019s advice; \u2014Monty please, don't wear artist clothes so as not to draw too much attention that we already have too much with this tribe. <br \/>But it was so cold in Madrid and I was so cold that the only thing I had to keep me warm was my mother's long fur coat down to the feet that, along with my huge sunglasses, carried a sign that shouted; Good morning, the artist has arrived!<\/p><p>The only thing that did not give me time to change at home, was my bag ... what I found inside when leaving the American Embassy and that surely one of the gangsters put it in before going  through the scanner, it is Top Secret!<\/p><p>Thank God everything went well, if we hadn't planned the kidnapping of the artists, I wouldn't be writing this chapter today. I entered the United States as Founder and Director of the \u201cFirst Annual Los Angeles Flamenco Festival\u201d with an O1 (Special skills) visa, the same one that the famous soccer player David Beckham and the famous opera singer Montserrat Caballe had.<\/p>\t\t\t\t\t\t\t\t<\/div>\n\t\t\t\t<\/div>\n\t\t\t\t<div class=\"elementor-element elementor-element-60c0d9e elementor-widget elementor-widget-heading\" data-id=\"60c0d9e\" data-element_type=\"widget\" data-widget_type=\"heading.default\">\n\t\t\t\t<div class=\"elementor-widget-container\">\n\t\t\t\t\t<h2 class=\"elementor-heading-title elementor-size-default\">Don't miss chapter 21!<\/h2>\t\t\t\t<\/div>\n\t\t\t\t<\/div>\n\t\t\t\t<div class=\"elementor-element elementor-element-db40bb5 elementor-widget elementor-widget-heading\" data-id=\"db40bb5\" data-element_type=\"widget\" data-widget_type=\"heading.default\">\n\t\t\t\t<div class=\"elementor-widget-container\">\n\t\t\t\t\t<h2 class=\"elementor-heading-title elementor-size-default\">\"The welcome party to Flamenco Dreams at the mansion of a Brazilian model ends at the hospital\". \n\n<\/h2>\t\t\t\t<\/div>\n\t\t\t\t<\/div>\n\t\t\t\t<div class=\"elementor-element elementor-element-7fd256e elementor-widget elementor-widget-image\" data-id=\"7fd256e\" data-element_type=\"widget\" data-widget_type=\"image.default\">\n\t\t\t\t<div class=\"elementor-widget-container\">\n\t\t\t\t\t\t\t\t\t\t\t\t\t\t\t<img fetchpriority=\"high\" decoding=\"async\" width=\"768\" height=\"1024\" src=\"https:\/\/estherponcemagazine.com\/wp-content\/uploads\/2021\/08\/IMG-20210808-WA0000.jpg\" class=\"attachment-large size-large wp-image-9921\" alt=\"\" srcset=\"https:\/\/estherponcemagazine.com\/wp-content\/uploads\/2021\/08\/IMG-20210808-WA0000.jpg 768w, https:\/\/estherponcemagazine.com\/wp-content\/uploads\/2021\/08\/IMG-20210808-WA0000-225x300.jpg 225w, https:\/\/estherponcemagazine.com\/wp-content\/uploads\/2021\/08\/IMG-20210808-WA0000-9x12.jpg 9w, https:\/\/estherponcemagazine.com\/wp-content\/uploads\/2021\/08\/IMG-20210808-WA0000-18x24.jpg 18w, https:\/\/estherponcemagazine.com\/wp-content\/uploads\/2021\/08\/IMG-20210808-WA0000-27x36.jpg 27w, https:\/\/estherponcemagazine.com\/wp-content\/uploads\/2021\/08\/IMG-20210808-WA0000-36x48.jpg 36w\" sizes=\"(max-width: 768px) 100vw, 768px\" \/>\t\t\t\t\t\t\t\t\t\t\t\t\t\t\t<\/div>\n\t\t\t\t<\/div>\n\t\t\t\t<div class=\"elementor-element elementor-element-0dbacb7 elementor-widget elementor-widget-text-editor\" data-id=\"0dbacb7\" data-element_type=\"widget\" data-widget_type=\"text-editor.default\">\n\t\t\t\t<div class=\"elementor-widget-container\">\n\t\t\t\t\t\t\t\t\t<p>With Mr. Jos\u00e9 Mar\u00eda Aznar after dinner at the Beverly Hotel in LA.<\/p>\t\t\t\t\t\t\t\t<\/div>\n\t\t\t\t<\/div>\n\t\t\t\t<div class=\"elementor-element elementor-element-8ceca5f elementor-widget elementor-widget-video\" data-id=\"8ceca5f\" data-element_type=\"widget\" data-settings=\"{&quot;youtube_url&quot;:&quot;https:\\\/\\\/youtu.be\\\/m1XpPAb-_K0&quot;,&quot;video_type&quot;:&quot;youtube&quot;,&quot;controls&quot;:&quot;yes&quot;}\" data-widget_type=\"video.default\">\n\t\t\t\t<div class=\"elementor-widget-container\">\n\t\t\t\t\t\t\t<div class=\"elementor-wrapper elementor-open-inline\">\n\t\t\t<div class=\"elementor-video\"><\/div>\t\t<\/div>\n\t\t\t\t\t\t<\/div>\n\t\t\t\t<\/div>\n\t\t\t\t<div class=\"elementor-element elementor-element-c5241ae elementor-widget-divider--view-line elementor-widget elementor-widget-divider\" data-id=\"c5241ae\" data-element_type=\"widget\" data-widget_type=\"divider.default\">\n\t\t\t\t<div class=\"elementor-widget-container\">\n\t\t\t\t\t\t\t<div class=\"elementor-divider\">\n\t\t\t<span class=\"elementor-divider-separator\">\n\t\t\t\t\t\t<\/span>\n\t\t<\/div>\n\t\t\t\t\t\t<\/div>\n\t\t\t\t<\/div>\n\t\t\t\t\t<\/div>\n\t\t<\/div>\n\t\t\t\t\t<\/div>\n\t\t<\/section>\n\t\t\t\t\t<\/div>\n\t\t<\/div>\n\t\t\t\t\t<\/div>\n\t\t<\/section>\n\t\t\t\t<section class=\"elementor-section elementor-top-section elementor-element elementor-element-7fd0a09 elementor-section-boxed elementor-section-height-default elementor-section-height-default\" data-id=\"7fd0a09\" data-element_type=\"section\" data-settings=\"{&quot;_ha_eqh_enable&quot;:false}\">\n\t\t\t\t\t\t<div class=\"elementor-container elementor-column-gap-default\">\n\t\t\t\t\t<div class=\"elementor-column elementor-col-100 elementor-top-column elementor-element elementor-element-836707c\" data-id=\"836707c\" data-element_type=\"column\">\n\t\t\t<div class=\"elementor-widget-wrap elementor-element-populated\">\n\t\t\t\t\t\t<div class=\"elementor-element elementor-element-11c72aa elementor-widget elementor-widget-text-editor\" data-id=\"11c72aa\" data-element_type=\"widget\" data-widget_type=\"text-editor.default\">\n\t\t\t\t<div class=\"elementor-widget-container\">\n\t\t\t\t\t\t\t\t\t<div dir=\"auto\">Veo que se marcha el d\u00eda<\/div><div dir=\"auto\">Y viene la noche<\/div><div dir=\"auto\">Y me duermo en mis recuerdos<\/div><div dir=\"auto\">Siento que si no estas conmigo<\/div><div dir=\"auto\">Y si no vienes pronto<\/div><div dir=\"auto\">De tristeza yo me muero<\/div><div dir=\"auto\">Dime<\/div><div dir=\"auto\">Dime que me has dado<\/div><div dir=\"auto\">Que me tienes loca<\/div><div dir=\"auto\">Loca estoy mi amado<\/div>\t\t\t\t\t\t\t\t<\/div>\n\t\t\t\t<\/div>\n\t\t\t\t\t<\/div>\n\t\t<\/div>\n\t\t\t\t\t<\/div>\n\t\t<\/section>\n\t\t\t\t<\/div>","protected":false},"excerpt":{"rendered":"<p>LA BAILARINA Y EL DIPLOM\u00c1TICO BIOGRAF\u00cdA Tres a\u00f1os llenos de aventuras surrealistas, a un ritmo fren\u00e9tico y de \u00e9xito en Los \u00c1ngeles , California&nbsp; El Presidente del Gobierno de Espa\u00f1a Jose Maria Aznar, contesta a mi carta Era imposible coger el vuelo de vuelta a LA en esas condiciones y ademas hab\u00eda quedado con el [&hellip;]<\/p>","protected":false},"author":1,"featured_media":38,"parent":0,"menu_order":0,"comment_status":"open","ping_status":"closed","template":"elementor_header_footer","meta":{"footnotes":""},"class_list":["post-9919","page","type-page","status-publish","has-post-thumbnail","hentry"],"_links":{"self":[{"href":"https:\/\/estherponcemagazine.com\/en\/wp-json\/wp\/v2\/pages\/9919","targetHints":{"allow":["GET"]}}],"collection":[{"href":"https:\/\/estherponcemagazine.com\/en\/wp-json\/wp\/v2\/pages"}],"about":[{"href":"https:\/\/estherponcemagazine.com\/en\/wp-json\/wp\/v2\/types\/page"}],"author":[{"embeddable":true,"href":"https:\/\/estherponcemagazine.com\/en\/wp-json\/wp\/v2\/users\/1"}],"replies":[{"embeddable":true,"href":"https:\/\/estherponcemagazine.com\/en\/wp-json\/wp\/v2\/comments?post=9919"}],"version-history":[{"count":43,"href":"https:\/\/estherponcemagazine.com\/en\/wp-json\/wp\/v2\/pages\/9919\/revisions"}],"predecessor-version":[{"id":10080,"href":"https:\/\/estherponcemagazine.com\/en\/wp-json\/wp\/v2\/pages\/9919\/revisions\/10080"}],"wp:featuredmedia":[{"embeddable":true,"href":"https:\/\/estherponcemagazine.com\/en\/wp-json\/wp\/v2\/media\/38"}],"wp:attachment":[{"href":"https:\/\/estherponcemagazine.com\/en\/wp-json\/wp\/v2\/media?parent=9919"}],"curies":[{"name":"wp","href":"https:\/\/api.w.org\/{rel}","templated":true}]}}