{"id":9820,"date":"2021-08-02T15:47:32","date_gmt":"2021-08-02T16:47:32","guid":{"rendered":"https:\/\/estherponcemagazine.com\/?page_id=9820"},"modified":"2021-08-30T16:52:49","modified_gmt":"2021-08-30T17:52:49","slug":"la-bailarina-y-el-diplomatico-capitulo-19","status":"publish","type":"page","link":"https:\/\/estherponcemagazine.com\/en\/la-bailarina-y-el-diplomatico-capitulo-19\/","title":{"rendered":"LA BAILARINA Y EL DIPLOM\u00c1TICO &#8211; CAPITULO 19"},"content":{"rendered":"<div data-elementor-type=\"wp-post\" data-elementor-id=\"9820\" class=\"elementor elementor-9820\" data-elementor-settings=\"{&quot;ha_cmc_init_switcher&quot;:&quot;no&quot;}\">\n\t\t\t\t\t\t<section class=\"elementor-section elementor-top-section elementor-element elementor-element-22afe40 elementor-section-full_width elementor-section-height-default elementor-section-height-default\" data-id=\"22afe40\" data-element_type=\"section\" data-settings=\"{&quot;background_background&quot;:&quot;classic&quot;,&quot;_ha_eqh_enable&quot;:false}\">\n\t\t\t\t\t\t<div class=\"elementor-container elementor-column-gap-default\">\n\t\t\t\t\t<div class=\"elementor-column elementor-col-100 elementor-top-column elementor-element elementor-element-b5a6a30\" data-id=\"b5a6a30\" data-element_type=\"column\" data-settings=\"{&quot;background_background&quot;:&quot;classic&quot;}\">\n\t\t\t<div class=\"elementor-widget-wrap elementor-element-populated\">\n\t\t\t\t\t\t<div class=\"elementor-element elementor-element-878d8af elementor-widget elementor-widget-heading\" data-id=\"878d8af\" data-element_type=\"widget\" data-widget_type=\"heading.default\">\n\t\t\t\t<div class=\"elementor-widget-container\">\n\t\t\t\t\t<h2 class=\"elementor-heading-title elementor-size-default\">THE DANCER AND THE DIPLOMAT<\/h2>\t\t\t\t<\/div>\n\t\t\t\t<\/div>\n\t\t\t\t\t<\/div>\n\t\t<\/div>\n\t\t\t\t\t<\/div>\n\t\t<\/section>\n\t\t\t\t<section class=\"elementor-section elementor-top-section elementor-element elementor-element-471578e elementor-section-boxed elementor-section-height-default elementor-section-height-default\" data-id=\"471578e\" data-element_type=\"section\" data-settings=\"{&quot;_ha_eqh_enable&quot;:false}\">\n\t\t\t\t\t\t<div class=\"elementor-container elementor-column-gap-default\">\n\t\t\t\t\t<div class=\"elementor-column elementor-col-100 elementor-top-column elementor-element elementor-element-78df3d7\" data-id=\"78df3d7\" data-element_type=\"column\">\n\t\t\t<div class=\"elementor-widget-wrap elementor-element-populated\">\n\t\t\t\t\t\t<div class=\"elementor-element elementor-element-89876e4 elementor-view-default elementor-widget elementor-widget-icon\" data-id=\"89876e4\" data-element_type=\"widget\" data-widget_type=\"icon.default\">\n\t\t\t\t<div class=\"elementor-widget-container\">\n\t\t\t\t\t\t\t<div class=\"elementor-icon-wrapper\">\n\t\t\t<a class=\"elementor-icon\" href=\"http:\/\/estherponcemagazine.com\/en\/a-pelo\/\">\n\t\t\t<i aria-hidden=\"true\" class=\"fas fa-arrow-alt-circle-left\"><\/i>\t\t\t<\/a>\n\t\t<\/div>\n\t\t\t\t\t\t<\/div>\n\t\t\t\t<\/div>\n\t\t\t\t<div class=\"elementor-element elementor-element-b124447 elementor-widget elementor-widget-heading\" data-id=\"b124447\" data-element_type=\"widget\" data-widget_type=\"heading.default\">\n\t\t\t\t<div class=\"elementor-widget-container\">\n\t\t\t\t\t<h2 class=\"elementor-heading-title elementor-size-default\">BIOGRAPHY<\/h2>\t\t\t\t<\/div>\n\t\t\t\t<\/div>\n\t\t\t\t<div class=\"elementor-element elementor-element-709a297 elementor-widget-divider--view-line elementor-widget elementor-widget-divider\" data-id=\"709a297\" data-element_type=\"widget\" data-widget_type=\"divider.default\">\n\t\t\t\t<div class=\"elementor-widget-container\">\n\t\t\t\t\t\t\t<div class=\"elementor-divider\">\n\t\t\t<span class=\"elementor-divider-separator\">\n\t\t\t\t\t\t<\/span>\n\t\t<\/div>\n\t\t\t\t\t\t<\/div>\n\t\t\t\t<\/div>\n\t\t\t\t<div class=\"elementor-element elementor-element-85dcdbd elementor-widget elementor-widget-heading\" data-id=\"85dcdbd\" data-element_type=\"widget\" data-widget_type=\"heading.default\">\n\t\t\t\t<div class=\"elementor-widget-container\">\n\t\t\t\t\t<h2 class=\"elementor-heading-title elementor-size-default\"><span style=\"font-weight: bold\">Three years full of surreal adventures, successfully at a frenetic  rhythm  in Los Angeles, California&nbsp;<\/span><\/h2>\t\t\t\t<\/div>\n\t\t\t\t<\/div>\n\t\t\t\t<div class=\"elementor-element elementor-element-2485e6b elementor-widget-divider--view-line elementor-widget elementor-widget-divider\" data-id=\"2485e6b\" data-element_type=\"widget\" data-widget_type=\"divider.default\">\n\t\t\t\t<div class=\"elementor-widget-container\">\n\t\t\t\t\t\t\t<div class=\"elementor-divider\">\n\t\t\t<span class=\"elementor-divider-separator\">\n\t\t\t\t\t\t<\/span>\n\t\t<\/div>\n\t\t\t\t\t\t<\/div>\n\t\t\t\t<\/div>\n\t\t\t\t<section class=\"elementor-section elementor-inner-section elementor-element elementor-element-e0a5f3b elementor-reverse-mobile elementor-section-boxed elementor-section-height-default elementor-section-height-default\" data-id=\"e0a5f3b\" data-element_type=\"section\" data-settings=\"{&quot;_ha_eqh_enable&quot;:false}\">\n\t\t\t\t\t\t<div class=\"elementor-container elementor-column-gap-default\">\n\t\t\t\t\t<div class=\"elementor-column elementor-col-100 elementor-inner-column elementor-element elementor-element-b6940ce\" data-id=\"b6940ce\" data-element_type=\"column\">\n\t\t\t<div class=\"elementor-widget-wrap elementor-element-populated\">\n\t\t\t\t\t\t<div class=\"elementor-element elementor-element-05cc50d elementor-widget elementor-widget-heading\" data-id=\"05cc50d\" data-element_type=\"widget\" data-widget_type=\"heading.default\">\n\t\t\t\t<div class=\"elementor-widget-container\">\n\t\t\t\t\t<h2 class=\"elementor-heading-title elementor-size-default\">\"Round trip ticket to Madrid after 2 years without leaving LA\" \n\n<\/h2>\t\t\t\t<\/div>\n\t\t\t\t<\/div>\n\t\t\t\t<div class=\"elementor-element elementor-element-3b60a22 elementor-widget-divider--view-line elementor-widget elementor-widget-divider\" data-id=\"3b60a22\" data-element_type=\"widget\" data-widget_type=\"divider.default\">\n\t\t\t\t<div class=\"elementor-widget-container\">\n\t\t\t\t\t\t\t<div class=\"elementor-divider\">\n\t\t\t<span class=\"elementor-divider-separator\">\n\t\t\t\t\t\t<\/span>\n\t\t<\/div>\n\t\t\t\t\t\t<\/div>\n\t\t\t\t<\/div>\n\t\t\t\t<div class=\"elementor-element elementor-element-e286197 elementor-widget elementor-widget-text-editor\" data-id=\"e286197\" data-element_type=\"widget\" data-widget_type=\"text-editor.default\">\n\t\t\t\t<div class=\"elementor-widget-container\">\n\t\t\t\t\t\t\t\t\t<p>I had not returned to Spain for so long so it was the time to confront the ghosts of the past. I felt strong and safe, above all I had followed all the advice that my family gave me at the airport and the most important thing is that I returned successful and with a return ticket. A few days before traveling to Spain I dreamed of the movie starring Rita Haywort; \"Gilda.\" It was very clear that it had been the Angel that I had carried with me since I arrived in LA, who would send me a signal and send me a super production that I would direct starting in Madrid, attending the Flamenco Festival that was held in the capital and would be the beginning of the spectacular flamenco adventure that was getting closer and closer and where I would probably meet the worst of ghosts ... my EX!.My mother bought us tickets for every day and we saw all the performances and of course fully immersed in the role of Rita and Ava Gadner, we went to all the parties wasting the glamor of HOLLYWOOD that for two years I breathed daily and Sofia who wore it built into her little finger when she picked up the glass, even if it was whiskey and without a glass, you also saw her from time to time at a party late at night somewhere with her finger also raised and without no sense. I took her to clandestine, intimate flamenco parties with the stars of each night and see the real show bathed in whiskey. You can imagine the \u201cflamencos\u201d faces   when they saw us enter at dawn in a place that was supposed to be only theirs and they looked at you with the face of; well, come in, but because you are very pretty.<\/p><p>When I told my mother about the dream, she immediately told me the same thing that I was going to tell her. I had to do a flamenco show inspired by the Gilda movie but without slapping and with the best  artists, each one famous in their specialty and of course only men and the first objective was to choose the Musical Director. I started researching on Rita Hayworth and I was more and more convinced of the success it would have and how the music had to sound. I had already dreamed of it! I would just have to remember it. Daughter of a renowned Spanish choreographer in Hollywood, Margarita Cansino would already be my inspiration and my downfall for many many months. <br \/>The next day I told Paul to buy the movie to watch, looking at every detail and creating my show at the same time. The film had many scenes in Spanish because it took place in a clandestine casino in Buenos Aires, Argentina. <br \/>The wildest simmering experience of my life had begun.<\/p><p>It was the last day of the Festival and the next day we were going back to LA, so the first intention was to try not to go out until very late. Luckily we met Antonio Gades in the bar in front of the Albeniz theater and he prevented several ghosts from the past from staying for the whole night who, in the same bar and in the same theater, starred in unforgettable moments of joy, eventually suffering from suffering. . And as my first Argentine friend recently arrived in LA used to say, \u2014To back up, not even to gain momentum. <br \/>If Sofia had left Antonio Gades himself lying in a hotel room in Paris, with Piolin's pijama  top and egg stained, then Sofia in addition to my student, my lawyer and my manager if necessary, too she would be my friend.<\/p><p>That night around 5 in the morning I met Montoyita at the Cardamomo flamenco bar. It was our favorite place to end the night and you would always meet all the artists and beautiful boys! I hadn't interacted with artists from Spain for a long time and I continually heard questions of all kinds, __Why did you leave Spain ?\nYou are living in Los Angeles right? Is it true what they say happened to you and ...? Some did not even dare to say his name. \u2014You are so beautiful! We have already found out that you are doing great in LA! ... and so on until now in my role as mariliendres, my inseparable gay man, he tells me everything they say in detail and surely super exaggerated to provoke in me a reaction of a divine diva.<\/p><p>El Montoyita and I, we had had a very hard and personal experience in the past that made us feel very close that night, besides that he was totally fascinated and kept telling me -you are amazing ! ! you can't be prettier! You see? coming from Hollywood and hanging out with the best of the best \u2026he had a lot of respect for me, precisely because of the delicate experience we had, he would meet my parents, so he knew perfectly well where I  came from and that I was an educated girl from\nA good family, which was how he introduced me to flamencos to enter the closed circles that flamenco has in the dawn of Madrid.\nBut Sofia was the big problem, her green and yellow eyes like whiskey and her huge breasts would have everyone distracted, but at the same time they were also given one hundred percent demonstrating their best songs, dances and performances.<\/p><p>When the Cardamomo was about to close I told Montoyita  my idea about \u201cFlamenco Dreams\u201d. I gave the show that name because I was really following the warning of a dream. El Montoyita already in the role of the owner of the casino in Argentina where the story takes place and his colleagues, the famous revolutionary singer Enrique Morente, the former guitarist of the flamenco myth Camar\u00f3n de la Isla, Tomatito, and Diego el Cigala, told us that they were going to take the penultimate drink to \u201cLa Luna\u201d The  name of the bar open at 7 am  in a side street of Atocha street, made me think that my Angel wanted to go to sleep and for that I had to close my verbal agreement with El Montoyita.<\/p><p>The bar was tiny, tacky fuorescent blue lights illuminated the famousl singer Enrique Morente repeatedly singing Summer Time. Listening to Diego el Cigala sing in my ear and  the gypsy boy toy with golden curls and green eyes like a Botticelli that stay close to me the all night, was the best farewell gift. At that moment Sofia and I no longer cared about missing the flight back to LA.\nAntonio Carbonell and his brother El Montoyita took Enrique Morente home, but our surprise was when half an hour later, he reappeared at the door singing Summer Time again. We all laughed and that was a reason and a good excuse to continue partying until 9 in the morning. When we left the tacky bar I had ever been to in my life, Sofia took the photo of the year in which said; ; \u201cFlamenco Dreams\u201d was born!<\/p>\t\t\t\t\t\t\t\t<\/div>\n\t\t\t\t<\/div>\n\t\t\t\t<div class=\"elementor-element elementor-element-60c0d9e elementor-widget elementor-widget-heading\" data-id=\"60c0d9e\" data-element_type=\"widget\" data-widget_type=\"heading.default\">\n\t\t\t\t<div class=\"elementor-widget-container\">\n\t\t\t\t\t<h2 class=\"elementor-heading-title elementor-size-default\">DON'T MISS CHAPTER 20!<\/h2>\t\t\t\t<\/div>\n\t\t\t\t<\/div>\n\t\t\t\t<div class=\"elementor-element elementor-element-db40bb5 elementor-widget elementor-widget-heading\" data-id=\"db40bb5\" data-element_type=\"widget\" data-widget_type=\"heading.default\">\n\t\t\t\t<div class=\"elementor-widget-container\">\n\t\t\t\t\t<h2 class=\"elementor-heading-title elementor-size-default\">\"The President of the Government, Jose Maria Aznar, answers my letter\" \n\n<\/h2>\t\t\t\t<\/div>\n\t\t\t\t<\/div>\n\t\t\t\t<div class=\"elementor-element elementor-element-7fd256e elementor-widget elementor-widget-image\" data-id=\"7fd256e\" data-element_type=\"widget\" data-widget_type=\"image.default\">\n\t\t\t\t<div class=\"elementor-widget-container\">\n\t\t\t\t\t\t\t\t\t\t\t\t\t\t\t<img fetchpriority=\"high\" decoding=\"async\" width=\"479\" height=\"426\" src=\"https:\/\/estherponcemagazine.com\/wp-content\/uploads\/2021\/08\/IMG-20210802-WA0003.jpg\" class=\"attachment-large size-large wp-image-9831\" alt=\"\" srcset=\"https:\/\/estherponcemagazine.com\/wp-content\/uploads\/2021\/08\/IMG-20210802-WA0003.jpg 479w, https:\/\/estherponcemagazine.com\/wp-content\/uploads\/2021\/08\/IMG-20210802-WA0003-300x267.jpg 300w, https:\/\/estherponcemagazine.com\/wp-content\/uploads\/2021\/08\/IMG-20210802-WA0003-13x12.jpg 13w, https:\/\/estherponcemagazine.com\/wp-content\/uploads\/2021\/08\/IMG-20210802-WA0003-24x21.jpg 24w, https:\/\/estherponcemagazine.com\/wp-content\/uploads\/2021\/08\/IMG-20210802-WA0003-36x32.jpg 36w, https:\/\/estherponcemagazine.com\/wp-content\/uploads\/2021\/08\/IMG-20210802-WA0003-48x43.jpg 48w\" sizes=\"(max-width: 479px) 100vw, 479px\" \/>\t\t\t\t\t\t\t\t\t\t\t\t\t\t\t<\/div>\n\t\t\t\t<\/div>\n\t\t\t\t<div class=\"elementor-element elementor-element-0dbacb7 elementor-widget elementor-widget-text-editor\" data-id=\"0dbacb7\" data-element_type=\"widget\" data-widget_type=\"text-editor.default\">\n\t\t\t\t<div class=\"elementor-widget-container\">\n\t\t\t\t\t\t\t\t\t<p>With Diego el Cigala at the Albeniz theater the same night that \u201cFlamenco Dreams\u201d was born<\/p>\t\t\t\t\t\t\t\t<\/div>\n\t\t\t\t<\/div>\n\t\t\t\t<div class=\"elementor-element elementor-element-54a69c5 elementor-widget elementor-widget-image\" data-id=\"54a69c5\" data-element_type=\"widget\" data-widget_type=\"image.default\">\n\t\t\t\t<div class=\"elementor-widget-container\">\n\t\t\t\t\t\t\t\t\t\t\t\t\t\t\t<img decoding=\"async\" width=\"800\" height=\"600\" src=\"https:\/\/estherponcemagazine.com\/wp-content\/uploads\/2021\/08\/IMG-20210803-WA0027.jpg\" class=\"attachment-large size-large wp-image-9910\" alt=\"\" srcset=\"https:\/\/estherponcemagazine.com\/wp-content\/uploads\/2021\/08\/IMG-20210803-WA0027.jpg 1024w, https:\/\/estherponcemagazine.com\/wp-content\/uploads\/2021\/08\/IMG-20210803-WA0027-300x225.jpg 300w, https:\/\/estherponcemagazine.com\/wp-content\/uploads\/2021\/08\/IMG-20210803-WA0027-768x576.jpg 768w, https:\/\/estherponcemagazine.com\/wp-content\/uploads\/2021\/08\/IMG-20210803-WA0027-16x12.jpg 16w, https:\/\/estherponcemagazine.com\/wp-content\/uploads\/2021\/08\/IMG-20210803-WA0027-24x18.jpg 24w, https:\/\/estherponcemagazine.com\/wp-content\/uploads\/2021\/08\/IMG-20210803-WA0027-36x27.jpg 36w, https:\/\/estherponcemagazine.com\/wp-content\/uploads\/2021\/08\/IMG-20210803-WA0027-48x36.jpg 48w\" sizes=\"(max-width: 800px) 100vw, 800px\" \/>\t\t\t\t\t\t\t\t\t\t\t\t\t\t\t<\/div>\n\t\t\t\t<\/div>\n\t\t\t\t<div class=\"elementor-element elementor-element-cfa50ab elementor-widget elementor-widget-text-editor\" data-id=\"cfa50ab\" data-element_type=\"widget\" data-widget_type=\"text-editor.default\">\n\t\t\t\t<div class=\"elementor-widget-container\">\n\t\t\t\t\t\t\t\t\t<p>At dawn with El Montoyita celebrating the birth of 'Flamenco Dreams' I had found my Musical Director!  Goal accomplished. <\/p>\t\t\t\t\t\t\t\t<\/div>\n\t\t\t\t<\/div>\n\t\t\t\t<div class=\"elementor-element elementor-element-8ceca5f elementor-widget elementor-widget-video\" data-id=\"8ceca5f\" data-element_type=\"widget\" data-settings=\"{&quot;youtube_url&quot;:&quot;https:\\\/\\\/youtu.be\\\/htaoDcFOkBg&quot;,&quot;video_type&quot;:&quot;youtube&quot;,&quot;controls&quot;:&quot;yes&quot;}\" data-widget_type=\"video.default\">\n\t\t\t\t<div class=\"elementor-widget-container\">\n\t\t\t\t\t\t\t<div class=\"elementor-wrapper elementor-open-inline\">\n\t\t\t<div class=\"elementor-video\"><\/div>\t\t<\/div>\n\t\t\t\t\t\t<\/div>\n\t\t\t\t<\/div>\n\t\t\t\t<div class=\"elementor-element elementor-element-c5241ae elementor-widget-divider--view-line elementor-widget elementor-widget-divider\" data-id=\"c5241ae\" data-element_type=\"widget\" data-widget_type=\"divider.default\">\n\t\t\t\t<div class=\"elementor-widget-container\">\n\t\t\t\t\t\t\t<div class=\"elementor-divider\">\n\t\t\t<span class=\"elementor-divider-separator\">\n\t\t\t\t\t\t<\/span>\n\t\t<\/div>\n\t\t\t\t\t\t<\/div>\n\t\t\t\t<\/div>\n\t\t\t\t\t<\/div>\n\t\t<\/div>\n\t\t\t\t\t<\/div>\n\t\t<\/section>\n\t\t\t\t\t<\/div>\n\t\t<\/div>\n\t\t\t\t\t<\/div>\n\t\t<\/section>\n\t\t\t\t<section class=\"elementor-section elementor-top-section elementor-element elementor-element-7fd0a09 elementor-section-boxed elementor-section-height-default elementor-section-height-default\" data-id=\"7fd0a09\" data-element_type=\"section\" data-settings=\"{&quot;_ha_eqh_enable&quot;:false}\">\n\t\t\t\t\t\t<div class=\"elementor-container elementor-column-gap-default\">\n\t\t\t\t\t<div class=\"elementor-column elementor-col-100 elementor-top-column elementor-element elementor-element-836707c\" data-id=\"836707c\" data-element_type=\"column\">\n\t\t\t<div class=\"elementor-widget-wrap elementor-element-populated\">\n\t\t\t\t\t\t<div class=\"elementor-element elementor-element-11c72aa elementor-widget elementor-widget-text-editor\" data-id=\"11c72aa\" data-element_type=\"widget\" data-widget_type=\"text-editor.default\">\n\t\t\t\t<div class=\"elementor-widget-container\">\n\t\t\t\t\t\t\t\t\t<div dir=\"auto\">Si yo encontrara<\/div><div dir=\"auto\">La estrella que me guiara<\/div><div dir=\"auto\">Yo la meteria<\/div><div dir=\"auto\">Muy dentro de mi pecho<\/div><div dir=\"auto\">Y la venerara<\/div><div dir=\"auto\">Si encontrara la estrella<\/div><div dir=\"auto\">Que en el camino me alumbrara<\/div>\t\t\t\t\t\t\t\t<\/div>\n\t\t\t\t<\/div>\n\t\t\t\t\t<\/div>\n\t\t<\/div>\n\t\t\t\t\t<\/div>\n\t\t<\/section>\n\t\t\t\t<\/div>","protected":false},"excerpt":{"rendered":"<p>LA BAILARINA Y EL DIPLOM\u00c1TICO BIOGRAF\u00cdA Tres a\u00f1os llenos de aventuras surrealistas, a un ritmo fren\u00e9tico y de \u00e9xito en Los \u00c1ngeles , California&nbsp; Billete de ida y vuelta a Madrid despu\u00e9s de 2 a\u00f1os sin salir de Los Angeles Llevaba tanto tiempo sin volver a Espa\u00f1a, que hab\u00eda llegado el momento de enfrentarme a [&hellip;]<\/p>","protected":false},"author":1,"featured_media":38,"parent":0,"menu_order":0,"comment_status":"open","ping_status":"closed","template":"elementor_header_footer","meta":{"footnotes":""},"class_list":["post-9820","page","type-page","status-publish","has-post-thumbnail","hentry"],"_links":{"self":[{"href":"https:\/\/estherponcemagazine.com\/en\/wp-json\/wp\/v2\/pages\/9820","targetHints":{"allow":["GET"]}}],"collection":[{"href":"https:\/\/estherponcemagazine.com\/en\/wp-json\/wp\/v2\/pages"}],"about":[{"href":"https:\/\/estherponcemagazine.com\/en\/wp-json\/wp\/v2\/types\/page"}],"author":[{"embeddable":true,"href":"https:\/\/estherponcemagazine.com\/en\/wp-json\/wp\/v2\/users\/1"}],"replies":[{"embeddable":true,"href":"https:\/\/estherponcemagazine.com\/en\/wp-json\/wp\/v2\/comments?post=9820"}],"version-history":[{"count":103,"href":"https:\/\/estherponcemagazine.com\/en\/wp-json\/wp\/v2\/pages\/9820\/revisions"}],"predecessor-version":[{"id":10083,"href":"https:\/\/estherponcemagazine.com\/en\/wp-json\/wp\/v2\/pages\/9820\/revisions\/10083"}],"wp:featuredmedia":[{"embeddable":true,"href":"https:\/\/estherponcemagazine.com\/en\/wp-json\/wp\/v2\/media\/38"}],"wp:attachment":[{"href":"https:\/\/estherponcemagazine.com\/en\/wp-json\/wp\/v2\/media?parent=9820"}],"curies":[{"name":"wp","href":"https:\/\/api.w.org\/{rel}","templated":true}]}}