{"id":9772,"date":"2021-07-25T13:20:46","date_gmt":"2021-07-25T14:20:46","guid":{"rendered":"https:\/\/estherponcemagazine.com\/?page_id=9772"},"modified":"2021-08-30T16:53:43","modified_gmt":"2021-08-30T17:53:43","slug":"la-bailarina-y-el-diplomatico-capitulo-18","status":"publish","type":"page","link":"https:\/\/estherponcemagazine.com\/en\/la-bailarina-y-el-diplomatico-capitulo-18\/","title":{"rendered":"LA BAILARINA Y EL DIPLOM\u00c1TICO &#8211; CAPITULO 18"},"content":{"rendered":"<div data-elementor-type=\"wp-post\" data-elementor-id=\"9772\" class=\"elementor elementor-9772\" data-elementor-settings=\"{&quot;ha_cmc_init_switcher&quot;:&quot;no&quot;}\">\n\t\t\t\t\t\t<section class=\"elementor-section elementor-top-section elementor-element elementor-element-22afe40 elementor-section-full_width elementor-section-height-default elementor-section-height-default\" data-id=\"22afe40\" data-element_type=\"section\" data-settings=\"{&quot;background_background&quot;:&quot;classic&quot;,&quot;_ha_eqh_enable&quot;:false}\">\n\t\t\t\t\t\t<div class=\"elementor-container elementor-column-gap-default\">\n\t\t\t\t\t<div class=\"elementor-column elementor-col-100 elementor-top-column elementor-element elementor-element-b5a6a30\" data-id=\"b5a6a30\" data-element_type=\"column\" data-settings=\"{&quot;background_background&quot;:&quot;classic&quot;}\">\n\t\t\t<div class=\"elementor-widget-wrap elementor-element-populated\">\n\t\t\t\t\t\t<div class=\"elementor-element elementor-element-878d8af elementor-widget elementor-widget-heading\" data-id=\"878d8af\" data-element_type=\"widget\" data-widget_type=\"heading.default\">\n\t\t\t\t<div class=\"elementor-widget-container\">\n\t\t\t\t\t<h2 class=\"elementor-heading-title elementor-size-default\">THE DANCER AND THE DIPLOMAT<\/h2>\t\t\t\t<\/div>\n\t\t\t\t<\/div>\n\t\t\t\t\t<\/div>\n\t\t<\/div>\n\t\t\t\t\t<\/div>\n\t\t<\/section>\n\t\t\t\t<section class=\"elementor-section elementor-top-section elementor-element elementor-element-471578e elementor-section-boxed elementor-section-height-default elementor-section-height-default\" data-id=\"471578e\" data-element_type=\"section\" data-settings=\"{&quot;_ha_eqh_enable&quot;:false}\">\n\t\t\t\t\t\t<div class=\"elementor-container elementor-column-gap-default\">\n\t\t\t\t\t<div class=\"elementor-column elementor-col-100 elementor-top-column elementor-element elementor-element-78df3d7\" data-id=\"78df3d7\" data-element_type=\"column\">\n\t\t\t<div class=\"elementor-widget-wrap elementor-element-populated\">\n\t\t\t\t\t\t<div class=\"elementor-element elementor-element-89876e4 elementor-view-default elementor-widget elementor-widget-icon\" data-id=\"89876e4\" data-element_type=\"widget\" data-widget_type=\"icon.default\">\n\t\t\t\t<div class=\"elementor-widget-container\">\n\t\t\t\t\t\t\t<div class=\"elementor-icon-wrapper\">\n\t\t\t<a class=\"elementor-icon\" href=\"http:\/\/estherponcemagazine.com\/en\/a-pelo\/\">\n\t\t\t<i aria-hidden=\"true\" class=\"fas fa-arrow-alt-circle-left\"><\/i>\t\t\t<\/a>\n\t\t<\/div>\n\t\t\t\t\t\t<\/div>\n\t\t\t\t<\/div>\n\t\t\t\t<div class=\"elementor-element elementor-element-b124447 elementor-widget elementor-widget-heading\" data-id=\"b124447\" data-element_type=\"widget\" data-widget_type=\"heading.default\">\n\t\t\t\t<div class=\"elementor-widget-container\">\n\t\t\t\t\t<h2 class=\"elementor-heading-title elementor-size-default\">BIOGRAPHY<\/h2>\t\t\t\t<\/div>\n\t\t\t\t<\/div>\n\t\t\t\t<div class=\"elementor-element elementor-element-709a297 elementor-widget-divider--view-line elementor-widget elementor-widget-divider\" data-id=\"709a297\" data-element_type=\"widget\" data-widget_type=\"divider.default\">\n\t\t\t\t<div class=\"elementor-widget-container\">\n\t\t\t\t\t\t\t<div class=\"elementor-divider\">\n\t\t\t<span class=\"elementor-divider-separator\">\n\t\t\t\t\t\t<\/span>\n\t\t<\/div>\n\t\t\t\t\t\t<\/div>\n\t\t\t\t<\/div>\n\t\t\t\t<div class=\"elementor-element elementor-element-85dcdbd elementor-widget elementor-widget-heading\" data-id=\"85dcdbd\" data-element_type=\"widget\" data-widget_type=\"heading.default\">\n\t\t\t\t<div class=\"elementor-widget-container\">\n\t\t\t\t\t<h2 class=\"elementor-heading-title elementor-size-default\"><span style=\"font-weight: bold\">Three years full of surreal adventures, successfully at a frenetic  rhythm  in Los Angeles, California&nbsp;<\/span><\/h2>\t\t\t\t<\/div>\n\t\t\t\t<\/div>\n\t\t\t\t<div class=\"elementor-element elementor-element-2485e6b elementor-widget-divider--view-line elementor-widget elementor-widget-divider\" data-id=\"2485e6b\" data-element_type=\"widget\" data-widget_type=\"divider.default\">\n\t\t\t\t<div class=\"elementor-widget-container\">\n\t\t\t\t\t\t\t<div class=\"elementor-divider\">\n\t\t\t<span class=\"elementor-divider-separator\">\n\t\t\t\t\t\t<\/span>\n\t\t<\/div>\n\t\t\t\t\t\t<\/div>\n\t\t\t\t<\/div>\n\t\t\t\t<section class=\"elementor-section elementor-inner-section elementor-element elementor-element-e0a5f3b elementor-reverse-mobile elementor-section-boxed elementor-section-height-default elementor-section-height-default\" data-id=\"e0a5f3b\" data-element_type=\"section\" data-settings=\"{&quot;_ha_eqh_enable&quot;:false}\">\n\t\t\t\t\t\t<div class=\"elementor-container elementor-column-gap-default\">\n\t\t\t\t\t<div class=\"elementor-column elementor-col-100 elementor-inner-column elementor-element elementor-element-b6940ce\" data-id=\"b6940ce\" data-element_type=\"column\">\n\t\t\t<div class=\"elementor-widget-wrap elementor-element-populated\">\n\t\t\t\t\t\t<div class=\"elementor-element elementor-element-05cc50d elementor-widget elementor-widget-heading\" data-id=\"05cc50d\" data-element_type=\"widget\" data-widget_type=\"heading.default\">\n\t\t\t\t<div class=\"elementor-widget-container\">\n\t\t\t\t\t<h2 class=\"elementor-heading-title elementor-size-default\">\"Trapped in a Limousine with two policemen who only had the guns as their clothes\"\n\n<\/h2>\t\t\t\t<\/div>\n\t\t\t\t<\/div>\n\t\t\t\t<div class=\"elementor-element elementor-element-3b60a22 elementor-widget-divider--view-line elementor-widget elementor-widget-divider\" data-id=\"3b60a22\" data-element_type=\"widget\" data-widget_type=\"divider.default\">\n\t\t\t\t<div class=\"elementor-widget-container\">\n\t\t\t\t\t\t\t<div class=\"elementor-divider\">\n\t\t\t<span class=\"elementor-divider-separator\">\n\t\t\t\t\t\t<\/span>\n\t\t<\/div>\n\t\t\t\t\t\t<\/div>\n\t\t\t\t<\/div>\n\t\t\t\t<div class=\"elementor-element elementor-element-e286197 elementor-widget elementor-widget-text-editor\" data-id=\"e286197\" data-element_type=\"widget\" data-widget_type=\"text-editor.default\">\n\t\t\t\t<div class=\"elementor-widget-container\">\n\t\t\t\t\t\t\t\t\t<p>It was Yelena Aguilar  birthday and she had invited the model, the Univisi\u00f3n presenter and me to have lunch. Each of us was picked up by the limousine in which the party would continue throughout the afternoon until the super dinner that Yelena would give at her mansion in Los Feliz.\u00a0<\/p><p>At lunch it was just us and Yelena's husband, which surprised me quite a bit that he was the only man.\u00a0<\/p><p>The idea of \u200b\u200btouring the city of LA by limousine was fine because with so many classes I didn't have much time for sightseeing. I asked Yelena how long the tour would take since I should be back at school before 8pm when my flamenco class started. With his big smile, this time with a touch more mischievous than usual, she told me not to worry about anything that would drop me off in time for my class on Olympic Blvd.\u00a0<\/p><p>We were getting further and further away from the city and the cold bottles of champagne were flying. Yelena's husband sat presiding, occupying the two back seats with his legs spread and super comfortable as if he were going to see a show. Priscilla, who also had duties to attend to, and my self sat on the side and without drinking we commented between nervous laughter why Yelena and the TV presenter were sitting in front of him.\u00a0<\/p><p>Hicimos la primera parada en una gasolinera de Santa Barbara a una hora y media de L.A. Yo ya estaba empezando a ponerme nerviosa , seg\u00fan mis c\u00e1lculos, s\u00f3lo podr\u00edamos estar parados 30m y volver a la ciudad a tiempo para la clase. Llam\u00e9 a Paul quien me ofreci\u00f3 ir a buscarme pero le dije que no se preocupara que confiaba en llegar a tiempo.\u00a0<\/p><p>We made the first stop at a Santa Barbara gas station an hour and a half away from LA . I was already starting to get nervous, according to my calculations, we could only stand 30m and get back to the city in time for class. I called Paul who offered to pick me up but I told him not to worry that I was hoping to be on time.\u00a0<\/p><p>Yelena was super calm and asked the driver to lower the privacy glass. Her husband sat in his place leaving space for the two policemen who entered and closed the door while saying: - You know that you are breaking the law and we are going to have to arrest you. I was freaking out! Without stopping watching the movie and Priscilla looked like I think I'm going to take out Maria again while filling everyone's glasses. A police officer approached the presenter and handcuffed her hands behind her body, the other told Yelena to please sit next to her husband to take a statement while they undressed little by little, pulling on the fake clothes stuck with Velcro and that's when you realize it's the tacky birthday present from Yelena's husband that she and him would enjoy the show. The policeman, now alone with the pistols, began to undress the presenter, while the other policeman, after making Yelena confess, took her to his colleague's side and thus the fat husband as a bear was limited to watching. I think I still wore the submissive and puritanical flamenco woman deeply rooted in my skin and macho customs that I felt totally out of place and worst of all, we didn't move and I no longer came to my class and Paul was in school since he was my student, to justify himself and apologize on my behalf.\u00a0<\/p><p>It was the first time in almost two years that I would be late or skip a class and not in 15 years as a teacher. I was disgusted to be trapped in a limousine having to see the hell the private parts of Yelena 30 years older than me, drunk as a vat at 8 in the afternoon while her husband looked at the two with the face of a vicious pig.\u00a0<\/p><p>I only had the option of drinking champagne and looking only at the policeman who was terrific and thinking about Oscar and the sex  we had at the Biltmore Hotel and that Paul paid thinking that I would be alone to disconnect, get inspired and create the choreography for class ... So I ended our encounters on the mattress under the table in the garage office where my crazy love story began.\u00a0<\/p><p>Oscar wanted to be an actor like the rest of the young people in LA, he was very well connected and was so attractive and with so much personality that every day he had 3 or 4 castings. I was having a hard time leaving him and he didn't want to leave the \u201cBailaora\u201d as he called me with that Mexican accent that drove me crazy. He was a good friend of the famous architect Ricardo Bofill \u2018s son , the husband of the first-born of Julio Iglesias, Chabeli Iglesias and with whom I got on very well and I was going out a couple of times and having conversations by email trying to calm down and explaining to me why not I could stay alone to have dinner with Oscar if it wasn't with the presence of his cousins \u200b\u200band his  father as bodyguards and as good Mexicans from the DF government, with their guns always into the jacket. I drew the conversation that my grandfather as General of the Spanish Army, from whom I took my artistic surname, always told me that the first thing I had to find out was where the gun was and his favorite advice: Long view , step short and annoy! ...<\/p><p>It all had to do with pistols when I was awakened by Paul's call telling me that he had not been able to send home the 25 students who could not live without his technique and choreography class from Thursdays and who decided to wait for me, including some who were driving  two and a quarter hours each way from San Diego to receive my classes. \n\nAs being a teacher , natural to me, while we were returning to LA Paul put the speaker on and I started the class on the phone. I will never forget the applause that everyone gave me when I arrived at 10pm, just the time that class ended. I arrived with a typical smile that if you drink, you can't \"turn\" and I tried to refund the amount of the class and say goodbye until Monday. But still they didn't want to leave, so that class was special only Buler\u00edas party, we made a circle and they learned to improvise and express their joy and celebration through their body and the knowledge they already had of the beat, the rhythm and accents.\u00a0<\/p><p>Later and as usual, although this time much later, we went to the Sushi Place and I told them in detail what happened in the Limousine, without talking about my erotic fantasy with Oscar and thus not hurting the feelings of my students in love.\u00a0<\/p><p>Yelena Aguilar called me the next day apologizing for not keeping her promise and offering me $ 10,000 to dance 30m on her husband's birthday this time. I replied that I did not dance at private parties and please not to call me again.\u00a0<\/p><p>The right hand of the famous Italian filmmaker and director of Spanish TV, Valerio Lazarov, once advised me in his office in the Serrano Towers in Madrid that whenever I could afford, to say no, that day my career would take a great leap towards triumph and respect.\u00a0<\/p><p>$ 10,000 was already an amount to consider, but surely the vicious bear would not be confirmed just by watching me dance. And as thank God, I did not stop teaching general and private classes and earned a lot of money, I could say NO.\u00a0<\/p><p>By the way, I also said no to dancing at the renowned Albuquerque Flamenco Festival because I couldn't leave my students without their desired classes. As the Festival saved the trip of bringing me from Spain, they offered me a very high budget. I would still lose money.\u00a0<\/p><p>\u00a0The artistic director did not accept my answer very well, but from that day on she looked at me with more admiration\u2026 That's life! .\u00a0<\/p>\t\t\t\t\t\t\t\t<\/div>\n\t\t\t\t<\/div>\n\t\t\t\t<div class=\"elementor-element elementor-element-60c0d9e elementor-widget elementor-widget-heading\" data-id=\"60c0d9e\" data-element_type=\"widget\" data-widget_type=\"heading.default\">\n\t\t\t\t<div class=\"elementor-widget-container\">\n\t\t\t\t\t<h2 class=\"elementor-heading-title elementor-size-default\">DON'T MISS CHAPTER 19!<\/h2>\t\t\t\t<\/div>\n\t\t\t\t<\/div>\n\t\t\t\t<div class=\"elementor-element elementor-element-db40bb5 elementor-widget elementor-widget-heading\" data-id=\"db40bb5\" data-element_type=\"widget\" data-widget_type=\"heading.default\">\n\t\t\t\t<div class=\"elementor-widget-container\">\n\t\t\t\t\t<h2 class=\"elementor-heading-title elementor-size-default\">\"Round trip ticket to Madrid after 2 years without leaving LA\" \n\n<\/h2>\t\t\t\t<\/div>\n\t\t\t\t<\/div>\n\t\t\t\t<div class=\"elementor-element elementor-element-7fd256e elementor-widget elementor-widget-image\" data-id=\"7fd256e\" data-element_type=\"widget\" data-widget_type=\"image.default\">\n\t\t\t\t<div class=\"elementor-widget-container\">\n\t\t\t\t\t\t\t\t\t\t\t\t\t\t\t<img fetchpriority=\"high\" decoding=\"async\" width=\"800\" height=\"600\" src=\"https:\/\/estherponcemagazine.com\/wp-content\/uploads\/2021\/07\/IMG-20210725-WA0000.jpg\" class=\"attachment-large size-large wp-image-9787\" alt=\"\" srcset=\"https:\/\/estherponcemagazine.com\/wp-content\/uploads\/2021\/07\/IMG-20210725-WA0000.jpg 1024w, https:\/\/estherponcemagazine.com\/wp-content\/uploads\/2021\/07\/IMG-20210725-WA0000-300x225.jpg 300w, https:\/\/estherponcemagazine.com\/wp-content\/uploads\/2021\/07\/IMG-20210725-WA0000-768x576.jpg 768w, https:\/\/estherponcemagazine.com\/wp-content\/uploads\/2021\/07\/IMG-20210725-WA0000-16x12.jpg 16w, https:\/\/estherponcemagazine.com\/wp-content\/uploads\/2021\/07\/IMG-20210725-WA0000-24x18.jpg 24w, https:\/\/estherponcemagazine.com\/wp-content\/uploads\/2021\/07\/IMG-20210725-WA0000-36x27.jpg 36w, https:\/\/estherponcemagazine.com\/wp-content\/uploads\/2021\/07\/IMG-20210725-WA0000-48x36.jpg 48w\" sizes=\"(max-width: 800px) 100vw, 800px\" \/>\t\t\t\t\t\t\t\t\t\t\t\t\t\t\t<\/div>\n\t\t\t\t<\/div>\n\t\t\t\t<div class=\"elementor-element elementor-element-8ceca5f elementor-widget elementor-widget-video\" data-id=\"8ceca5f\" data-element_type=\"widget\" data-settings=\"{&quot;youtube_url&quot;:&quot;https:\\\/\\\/youtu.be\\\/6prC52BqqLw&quot;,&quot;video_type&quot;:&quot;youtube&quot;,&quot;controls&quot;:&quot;yes&quot;}\" data-widget_type=\"video.default\">\n\t\t\t\t<div class=\"elementor-widget-container\">\n\t\t\t\t\t\t\t<div class=\"elementor-wrapper elementor-open-inline\">\n\t\t\t<div class=\"elementor-video\"><\/div>\t\t<\/div>\n\t\t\t\t\t\t<\/div>\n\t\t\t\t<\/div>\n\t\t\t\t<div class=\"elementor-element elementor-element-c5241ae elementor-widget-divider--view-line elementor-widget elementor-widget-divider\" data-id=\"c5241ae\" data-element_type=\"widget\" data-widget_type=\"divider.default\">\n\t\t\t\t<div class=\"elementor-widget-container\">\n\t\t\t\t\t\t\t<div class=\"elementor-divider\">\n\t\t\t<span class=\"elementor-divider-separator\">\n\t\t\t\t\t\t<\/span>\n\t\t<\/div>\n\t\t\t\t\t\t<\/div>\n\t\t\t\t<\/div>\n\t\t\t\t\t<\/div>\n\t\t<\/div>\n\t\t\t\t\t<\/div>\n\t\t<\/section>\n\t\t\t\t\t<\/div>\n\t\t<\/div>\n\t\t\t\t\t<\/div>\n\t\t<\/section>\n\t\t\t\t<section class=\"elementor-section elementor-top-section elementor-element elementor-element-7fd0a09 elementor-section-boxed elementor-section-height-default elementor-section-height-default\" data-id=\"7fd0a09\" data-element_type=\"section\" data-settings=\"{&quot;_ha_eqh_enable&quot;:false}\">\n\t\t\t\t\t\t<div class=\"elementor-container elementor-column-gap-default\">\n\t\t\t\t\t<div class=\"elementor-column elementor-col-100 elementor-top-column elementor-element elementor-element-836707c\" data-id=\"836707c\" data-element_type=\"column\">\n\t\t\t<div class=\"elementor-widget-wrap elementor-element-populated\">\n\t\t\t\t\t\t<div class=\"elementor-element elementor-element-11c72aa elementor-widget elementor-widget-text-editor\" data-id=\"11c72aa\" data-element_type=\"widget\" data-widget_type=\"text-editor.default\">\n\t\t\t\t<div class=\"elementor-widget-container\">\n\t\t\t\t\t\t\t\t\t<div dir=\"auto\">Baby, would you mind touching me?<\/div><div dir=\"auto\">Ever so slowly,<\/div><div dir=\"auto\">Your&#8217;e making me quiver<\/div><div dir=\"auto\">Making me feel sexy<\/div><div dir=\"auto\">Wwhile in the moment<\/div><p>\u00a0<\/p>\t\t\t\t\t\t\t\t<\/div>\n\t\t\t\t<\/div>\n\t\t\t\t\t<\/div>\n\t\t<\/div>\n\t\t\t\t\t<\/div>\n\t\t<\/section>\n\t\t\t\t<\/div>","protected":false},"excerpt":{"rendered":"<p>LA BAILARINA Y EL DIPLOM\u00c1TICO BIOGRAF\u00cdA Tres a\u00f1os llenos de aventuras surrealistas, a un ritmo fren\u00e9tico y de \u00e9xito en Los \u00c1ngeles , California&nbsp; Atrapada en una Limousine con dos polic\u00edas que solo llevaban de ropa la pistola Era el cumplea\u00f1os de Yelena Aguilar y nos hab\u00eda\u00a0\u00a0invitado a la modelo, la presentadora de Univisi\u00f3n y [&hellip;]<\/p>","protected":false},"author":1,"featured_media":38,"parent":0,"menu_order":0,"comment_status":"open","ping_status":"closed","template":"elementor_header_footer","meta":{"footnotes":""},"class_list":["post-9772","page","type-page","status-publish","has-post-thumbnail","hentry"],"_links":{"self":[{"href":"https:\/\/estherponcemagazine.com\/en\/wp-json\/wp\/v2\/pages\/9772","targetHints":{"allow":["GET"]}}],"collection":[{"href":"https:\/\/estherponcemagazine.com\/en\/wp-json\/wp\/v2\/pages"}],"about":[{"href":"https:\/\/estherponcemagazine.com\/en\/wp-json\/wp\/v2\/types\/page"}],"author":[{"embeddable":true,"href":"https:\/\/estherponcemagazine.com\/en\/wp-json\/wp\/v2\/users\/1"}],"replies":[{"embeddable":true,"href":"https:\/\/estherponcemagazine.com\/en\/wp-json\/wp\/v2\/comments?post=9772"}],"version-history":[{"count":43,"href":"https:\/\/estherponcemagazine.com\/en\/wp-json\/wp\/v2\/pages\/9772\/revisions"}],"predecessor-version":[{"id":10086,"href":"https:\/\/estherponcemagazine.com\/en\/wp-json\/wp\/v2\/pages\/9772\/revisions\/10086"}],"wp:featuredmedia":[{"embeddable":true,"href":"https:\/\/estherponcemagazine.com\/en\/wp-json\/wp\/v2\/media\/38"}],"wp:attachment":[{"href":"https:\/\/estherponcemagazine.com\/en\/wp-json\/wp\/v2\/media?parent=9772"}],"curies":[{"name":"wp","href":"https:\/\/api.w.org\/{rel}","templated":true}]}}