{"id":9730,"date":"2021-07-19T07:40:29","date_gmt":"2021-07-19T08:40:29","guid":{"rendered":"https:\/\/estherponcemagazine.com\/?page_id=9730"},"modified":"2021-08-30T16:54:22","modified_gmt":"2021-08-30T17:54:22","slug":"la-bailarina-y-el-diplomatico-capitulo-17","status":"publish","type":"page","link":"https:\/\/estherponcemagazine.com\/en\/la-bailarina-y-el-diplomatico-capitulo-17\/","title":{"rendered":"LA BAILARINA Y EL DIPLOM\u00c1TICO &#8211; CAPITULO 17"},"content":{"rendered":"<div data-elementor-type=\"wp-post\" data-elementor-id=\"9730\" class=\"elementor elementor-9730\" data-elementor-settings=\"{&quot;ha_cmc_init_switcher&quot;:&quot;no&quot;}\">\n\t\t\t\t\t\t<section class=\"elementor-section elementor-top-section elementor-element elementor-element-22afe40 elementor-section-full_width elementor-section-height-default elementor-section-height-default\" data-id=\"22afe40\" data-element_type=\"section\" data-settings=\"{&quot;background_background&quot;:&quot;classic&quot;,&quot;_ha_eqh_enable&quot;:false}\">\n\t\t\t\t\t\t<div class=\"elementor-container elementor-column-gap-default\">\n\t\t\t\t\t<div class=\"elementor-column elementor-col-100 elementor-top-column elementor-element elementor-element-b5a6a30\" data-id=\"b5a6a30\" data-element_type=\"column\" data-settings=\"{&quot;background_background&quot;:&quot;classic&quot;}\">\n\t\t\t<div class=\"elementor-widget-wrap elementor-element-populated\">\n\t\t\t\t\t\t<div class=\"elementor-element elementor-element-878d8af elementor-widget elementor-widget-heading\" data-id=\"878d8af\" data-element_type=\"widget\" data-widget_type=\"heading.default\">\n\t\t\t\t<div class=\"elementor-widget-container\">\n\t\t\t\t\t<h2 class=\"elementor-heading-title elementor-size-default\">THE DANCER AND THE DIPLOMAT<\/h2>\t\t\t\t<\/div>\n\t\t\t\t<\/div>\n\t\t\t\t\t<\/div>\n\t\t<\/div>\n\t\t\t\t\t<\/div>\n\t\t<\/section>\n\t\t\t\t<section class=\"elementor-section elementor-top-section elementor-element elementor-element-471578e elementor-section-boxed elementor-section-height-default elementor-section-height-default\" data-id=\"471578e\" data-element_type=\"section\" data-settings=\"{&quot;_ha_eqh_enable&quot;:false}\">\n\t\t\t\t\t\t<div class=\"elementor-container elementor-column-gap-default\">\n\t\t\t\t\t<div class=\"elementor-column elementor-col-100 elementor-top-column elementor-element elementor-element-78df3d7\" data-id=\"78df3d7\" data-element_type=\"column\">\n\t\t\t<div class=\"elementor-widget-wrap elementor-element-populated\">\n\t\t\t\t\t\t<div class=\"elementor-element elementor-element-89876e4 elementor-view-default elementor-widget elementor-widget-icon\" data-id=\"89876e4\" data-element_type=\"widget\" data-widget_type=\"icon.default\">\n\t\t\t\t<div class=\"elementor-widget-container\">\n\t\t\t\t\t\t\t<div class=\"elementor-icon-wrapper\">\n\t\t\t<a class=\"elementor-icon\" href=\"http:\/\/estherponcemagazine.com\/en\/a-pelo\/\">\n\t\t\t<i aria-hidden=\"true\" class=\"fas fa-arrow-alt-circle-left\"><\/i>\t\t\t<\/a>\n\t\t<\/div>\n\t\t\t\t\t\t<\/div>\n\t\t\t\t<\/div>\n\t\t\t\t<div class=\"elementor-element elementor-element-b124447 elementor-widget elementor-widget-heading\" data-id=\"b124447\" data-element_type=\"widget\" data-widget_type=\"heading.default\">\n\t\t\t\t<div class=\"elementor-widget-container\">\n\t\t\t\t\t<h2 class=\"elementor-heading-title elementor-size-default\">BIOGRAPHY<\/h2>\t\t\t\t<\/div>\n\t\t\t\t<\/div>\n\t\t\t\t<div class=\"elementor-element elementor-element-709a297 elementor-widget-divider--view-line elementor-widget elementor-widget-divider\" data-id=\"709a297\" data-element_type=\"widget\" data-widget_type=\"divider.default\">\n\t\t\t\t<div class=\"elementor-widget-container\">\n\t\t\t\t\t\t\t<div class=\"elementor-divider\">\n\t\t\t<span class=\"elementor-divider-separator\">\n\t\t\t\t\t\t<\/span>\n\t\t<\/div>\n\t\t\t\t\t\t<\/div>\n\t\t\t\t<\/div>\n\t\t\t\t<div class=\"elementor-element elementor-element-85dcdbd elementor-widget elementor-widget-heading\" data-id=\"85dcdbd\" data-element_type=\"widget\" data-widget_type=\"heading.default\">\n\t\t\t\t<div class=\"elementor-widget-container\">\n\t\t\t\t\t<h2 class=\"elementor-heading-title elementor-size-default\"><span style=\"font-weight: bold\">Three years full of surreal adventures, successfully at a frenetic  rhythm  in Los Angeles, California&nbsp;<\/span><\/h2>\t\t\t\t<\/div>\n\t\t\t\t<\/div>\n\t\t\t\t<div class=\"elementor-element elementor-element-2485e6b elementor-widget-divider--view-line elementor-widget elementor-widget-divider\" data-id=\"2485e6b\" data-element_type=\"widget\" data-widget_type=\"divider.default\">\n\t\t\t\t<div class=\"elementor-widget-container\">\n\t\t\t\t\t\t\t<div class=\"elementor-divider\">\n\t\t\t<span class=\"elementor-divider-separator\">\n\t\t\t\t\t\t<\/span>\n\t\t<\/div>\n\t\t\t\t\t\t<\/div>\n\t\t\t\t<\/div>\n\t\t\t\t<section class=\"elementor-section elementor-inner-section elementor-element elementor-element-e0a5f3b elementor-reverse-mobile elementor-section-boxed elementor-section-height-default elementor-section-height-default\" data-id=\"e0a5f3b\" data-element_type=\"section\" data-settings=\"{&quot;_ha_eqh_enable&quot;:false}\">\n\t\t\t\t\t\t<div class=\"elementor-container elementor-column-gap-default\">\n\t\t\t\t\t<div class=\"elementor-column elementor-col-100 elementor-inner-column elementor-element elementor-element-b6940ce\" data-id=\"b6940ce\" data-element_type=\"column\">\n\t\t\t<div class=\"elementor-widget-wrap elementor-element-populated\">\n\t\t\t\t\t\t<div class=\"elementor-element elementor-element-05cc50d elementor-widget elementor-widget-heading\" data-id=\"05cc50d\" data-element_type=\"widget\" data-widget_type=\"heading.default\">\n\t\t\t\t<div class=\"elementor-widget-container\">\n\t\t\t\t\t<h2 class=\"elementor-heading-title elementor-size-default\">A guest prevents me from throwing myself off the balcony in the middle of the party\n\n\n<\/h2>\t\t\t\t<\/div>\n\t\t\t\t<\/div>\n\t\t\t\t<div class=\"elementor-element elementor-element-3b60a22 elementor-widget-divider--view-line elementor-widget elementor-widget-divider\" data-id=\"3b60a22\" data-element_type=\"widget\" data-widget_type=\"divider.default\">\n\t\t\t\t<div class=\"elementor-widget-container\">\n\t\t\t\t\t\t\t<div class=\"elementor-divider\">\n\t\t\t<span class=\"elementor-divider-separator\">\n\t\t\t\t\t\t<\/span>\n\t\t<\/div>\n\t\t\t\t\t\t<\/div>\n\t\t\t\t<\/div>\n\t\t\t\t<div class=\"elementor-element elementor-element-e286197 elementor-widget elementor-widget-text-editor\" data-id=\"e286197\" data-element_type=\"widget\" data-widget_type=\"text-editor.default\">\n\t\t\t\t<div class=\"elementor-widget-container\">\n\t\t\t\t\t\t\t\t\t<p>I was going through a very Mexican moment in my life. Since dinner with my mother at Windows, I have been avoiding calls from Yelena Aguilar, regarding the facial treatment that I had verbally committed to that night after several tequilas. Much to my regret that day had arrived. I was making excuses to delay the free treatment I would receive for photographing my skin without makeup and totally bareback to show a before and after. But Yelena was a very persistent Mexican! And immediately she enveloped you with his big smile, his accent and his sympathy and professionalism. I still did not know what awaited me later, nor was I aware of the erotic world I was getting into.\u00a0<\/p><p>Married to a Mexican big as a bear who was at her service. Yelena Aguilar ran her own beauty empire downtown. When I got to the beauty Center and saw the models, I was amazed. They were powerful and beautiful women with spectacular skin. A blonde Mexican with huge blue eyes who was the one I got along best with and then Miss Venezuela, Univisi\u00f3n TV presenter who only talked about the big party that her friend the film director Ferdy would give at his mansion in Beverly Hills and to which we were invited. Yelena had a special power to hold her models together. I looked at myself in the first mirror and saw the reality, the height of the head that the other girls raised me and that to be a skin model you don't have to be tall. But it still didn't make sense to be three models for the same treatment, with those two beauties it had to be enough. But no, Yelena insisted on how beautiful, smooth and shiny my skin would be after Microdermabrasion. The diamond tips that exfoliating gently in circles, would remove the dead skin from the first layer of skin on my face.\u00a0<\/p><p>After the treatment it is assumed that you cannot get the sun, although I also do not remember receiving that information as something important. The skin is completely unprotected until it regenerates. In LA that is very difficult because it is sunny most of the year. At that time, I was also still hooked on the sun, being brown all year long. I put trays lined with aluminum foil that made a mirror between the sun and my face or body and that was what made you darker. With a moisturizing cream without any sun protection with a few drops of mercromin that made the cream turn an orange color that would give me a more golden tan and with a virgin olive oil spray that I sprayed all over my body to keep the drops of water. that would also reflect with the sun and that would help a more wild brunette. Besides smearing myself with Coca Cola. A real madness against the skin. Even as genetics have a lot to do with it, thanks to my mother and my grandmother, my skin was soft, fine, without blemishes and, to my regret, white.\u00a0<\/p><p>The most surreal of all is when two days later my lips began to fill with small fever blisters and when I told Yelena Aguilar, she replied as if what was happening to me was very normal, that if you have a dirty stomach, the body pulls it out. She advises me to take a barberry fruits on an empty stomach every morning to clean it and I began to take care of my diet and detoxify myself from bad Spanish habits.\u00a0<\/p><p>My friend Alberto introduced me to the world of Beeswax cocoa, which was the one who with great patience removed those horrible and painful pupae that they would not even allow me to eat. Luckily I would drink through a straw if I could, so I will never forget the \u201c Pedo\u201d that I got one night having dinner with Sofia and a close friend of hers, divine, Italian, who had the most spectacular stone and marble fireplace in the open air of the mansion most inspiring ever. I felt uncomfortable with my mouth like this and not being able to eat so I just listened and drank super strong tequila margaritas. Andrea, a decade older than me, seemed happy, admiring my cleavage in fascination as she proudly and gracefully recounted as a good Italian the trip she would take to the Bahamas with her ex-husband and her lover.\u00a0<\/p><p>The effect of the Margaritas without anything solid in the stomach, began to emerge and that is when I confessed to Sofia how madly in love I was with Oscar, a Mexican we met at the Spanish film festival, nephew of the president of Mexico City The one I\u2019d been hiding with for a while and sleeping under a shabby desk in a garage office. Where sometimes I was left alone waiting for my \u201cMacho\u201d  to arrive at dawn after party.\u00a0<\/p><p>Sofia was not surprised at all because he was incredibly handsome, a perfect advertisement mouth, with eclipsing green eyes and his way of making love was addictive. The only problem and for which Sofia as a friend and lawyer would fight until I forgot about him, was the reason why Oscar\u2019s father, the president's brother, punished him  to work without charging a single dollar, and to carry out that business clandestine after he was caught smuggling marijuana on the border with Tijuana.\u00a0<\/p><p>To Ferdy's party, the film director, I went alone because there I would meet the models and it was also very close to my apartment.\u00a0<\/p><p>Ferdy was Dominican, totally bald and short like a Buddha but slim. When he was introduced to me, he was surrounded by women and next to him was the famous Spanish actor Jordi Molla, who was his neighbor. He must have liked me because he no longer left me alone for a moment. He boasted of having the best tequila brought from Mexico and Ralph Lauren paint in different satin pastel shades on all the walls of the mansion, as shots of white tequila flew from the table. Once again I had to listen to the phrase; Watch out for the tequila! that the color is white but it is not water ...\nI decided to go out to the terrace to get some air I felt a little dizzy. The terrace had a huge railing about 15m long and the height of a third floor. Tequila is a cactus that if you drink too much it can poison your blood and suffer a Black out or loss of consciousness. From what Ferdy told me, I was climbing on the railing when I lost my balance and a friend of his who had already seen me stagger could miraculously grab my arm and avoid the misfortune of falling into the void. The party ended at that moment and I regained consciousness immediately upon hearing everyone's screams for what was about to happen.\u00a0<\/p><p>I remember Ferdy calling Paul on the phone to explain the situation and tell him that I would be staying there for the night and that he would come and get me in the morning. And also laugh while he told me; - Damn my love! You look like a blonde gypsy ... when he saw me remove a necklace of gold coins to match the very gypsy design bracelet, and the Virgin of the Forsaken that I still wore hanging, many rings and some large gold earrings. While I tied my very long and curly hair into an Italian bun with some precious Japanese chopsticks with which I had dined sushi and that I had stolen and kept in my bag.\u00a0<\/p><p>Since that day, I no longer drank tequila, I became super friends with Ferdy with whom every weekend we would meet to go up to the top of the mountain where we would see the entire city of LA, and we would fill bags with eucalyptus leaves collected from the tree for the famous, exotic and erotic baths in the jacuzzi that Ferdy gave and that of course would invite me every time to participate and every time he would receive the same answer.\nAccording to him, I was the only woman who had said no to his incredible eucalyptus-scented bath that left your skin silky smooth. But I was very clear that he was not my type, that whoever avoids risk avoids danger, although with Oscar I loved being in danger.<\/p>\t\t\t\t\t\t\t\t<\/div>\n\t\t\t\t<\/div>\n\t\t\t\t<div class=\"elementor-element elementor-element-60c0d9e elementor-widget elementor-widget-heading\" data-id=\"60c0d9e\" data-element_type=\"widget\" data-widget_type=\"heading.default\">\n\t\t\t\t<div class=\"elementor-widget-container\">\n\t\t\t\t\t<h2 class=\"elementor-heading-title elementor-size-default\">DON'T MISS CHAPTER 18!<\/h2>\t\t\t\t<\/div>\n\t\t\t\t<\/div>\n\t\t\t\t<div class=\"elementor-element elementor-element-db40bb5 elementor-widget elementor-widget-heading\" data-id=\"db40bb5\" data-element_type=\"widget\" data-widget_type=\"heading.default\">\n\t\t\t\t<div class=\"elementor-widget-container\">\n\t\t\t\t\t<h2 class=\"elementor-heading-title elementor-size-default\">\"Trapped in a Limousine with two policemen who only had the guns as their clothes\" \n\n\n\n<\/h2>\t\t\t\t<\/div>\n\t\t\t\t<\/div>\n\t\t\t\t<div class=\"elementor-element elementor-element-7fd256e elementor-widget elementor-widget-image\" data-id=\"7fd256e\" data-element_type=\"widget\" data-widget_type=\"image.default\">\n\t\t\t\t<div class=\"elementor-widget-container\">\n\t\t\t\t\t\t\t\t\t\t\t\t\t\t\t<img fetchpriority=\"high\" decoding=\"async\" width=\"768\" height=\"1024\" src=\"https:\/\/estherponcemagazine.com\/wp-content\/uploads\/2021\/07\/IMG-20210719-WA0000.jpg\" class=\"attachment-large size-large wp-image-9742\" alt=\"\" srcset=\"https:\/\/estherponcemagazine.com\/wp-content\/uploads\/2021\/07\/IMG-20210719-WA0000.jpg 768w, https:\/\/estherponcemagazine.com\/wp-content\/uploads\/2021\/07\/IMG-20210719-WA0000-225x300.jpg 225w, https:\/\/estherponcemagazine.com\/wp-content\/uploads\/2021\/07\/IMG-20210719-WA0000-9x12.jpg 9w, https:\/\/estherponcemagazine.com\/wp-content\/uploads\/2021\/07\/IMG-20210719-WA0000-18x24.jpg 18w, https:\/\/estherponcemagazine.com\/wp-content\/uploads\/2021\/07\/IMG-20210719-WA0000-27x36.jpg 27w, https:\/\/estherponcemagazine.com\/wp-content\/uploads\/2021\/07\/IMG-20210719-WA0000-36x48.jpg 36w\" sizes=\"(max-width: 768px) 100vw, 768px\" \/>\t\t\t\t\t\t\t\t\t\t\t\t\t\t\t<\/div>\n\t\t\t\t<\/div>\n\t\t\t\t<div class=\"elementor-element elementor-element-79ff9cb elementor-widget elementor-widget-text-editor\" data-id=\"79ff9cb\" data-element_type=\"widget\" data-widget_type=\"text-editor.default\">\n\t\t\t\t<div class=\"elementor-widget-container\">\n\t\t\t\t\t\t\t\t\t<p>In Park La Brea's kitchen, super brunette with a Paul Cohiba cigar.<\/p>\t\t\t\t\t\t\t\t<\/div>\n\t\t\t\t<\/div>\n\t\t\t\t<div class=\"elementor-element elementor-element-8ceca5f elementor-widget elementor-widget-video\" data-id=\"8ceca5f\" data-element_type=\"widget\" data-settings=\"{&quot;youtube_url&quot;:&quot;https:\\\/\\\/youtu.be\\\/BZ-ewG9GqVU&quot;,&quot;video_type&quot;:&quot;youtube&quot;,&quot;controls&quot;:&quot;yes&quot;}\" data-widget_type=\"video.default\">\n\t\t\t\t<div class=\"elementor-widget-container\">\n\t\t\t\t\t\t\t<div class=\"elementor-wrapper elementor-open-inline\">\n\t\t\t<div class=\"elementor-video\"><\/div>\t\t<\/div>\n\t\t\t\t\t\t<\/div>\n\t\t\t\t<\/div>\n\t\t\t\t<div class=\"elementor-element elementor-element-c5241ae elementor-widget-divider--view-line elementor-widget elementor-widget-divider\" data-id=\"c5241ae\" data-element_type=\"widget\" data-widget_type=\"divider.default\">\n\t\t\t\t<div class=\"elementor-widget-container\">\n\t\t\t\t\t\t\t<div class=\"elementor-divider\">\n\t\t\t<span class=\"elementor-divider-separator\">\n\t\t\t\t\t\t<\/span>\n\t\t<\/div>\n\t\t\t\t\t\t<\/div>\n\t\t\t\t<\/div>\n\t\t\t\t\t<\/div>\n\t\t<\/div>\n\t\t\t\t\t<\/div>\n\t\t<\/section>\n\t\t\t\t\t<\/div>\n\t\t<\/div>\n\t\t\t\t\t<\/div>\n\t\t<\/section>\n\t\t\t\t<section class=\"elementor-section elementor-top-section elementor-element elementor-element-7fd0a09 elementor-section-boxed elementor-section-height-default elementor-section-height-default\" data-id=\"7fd0a09\" data-element_type=\"section\" data-settings=\"{&quot;_ha_eqh_enable&quot;:false}\">\n\t\t\t\t\t\t<div class=\"elementor-container elementor-column-gap-default\">\n\t\t\t\t\t<div class=\"elementor-column elementor-col-100 elementor-top-column elementor-element elementor-element-836707c\" data-id=\"836707c\" data-element_type=\"column\">\n\t\t\t<div class=\"elementor-widget-wrap elementor-element-populated\">\n\t\t\t\t\t\t<div class=\"elementor-element elementor-element-11c72aa elementor-widget elementor-widget-text-editor\" data-id=\"11c72aa\" data-element_type=\"widget\" data-widget_type=\"text-editor.default\">\n\t\t\t\t<div class=\"elementor-widget-container\">\n\t\t\t\t\t\t\t\t\t<div dir=\"auto\">Aunque estes adentro<\/div><div dir=\"auto\">Y este sentimiento<\/div><div dir=\"auto\">Se me antoje eterno<\/div><div dir=\"auto\">Esta lejan\u00eda\u00a0<\/div><div dir=\"auto\">Duele cada d\u00eca<\/div><div dir=\"auto\">Porque no te tengo<\/div><div dir=\"auto\">No tengo tu boca<\/div><div dir=\"auto\">No tengo tus ganas<\/div><div dir=\"auto\">Y por m\u00e0s que intento<\/div><div dir=\"auto\">Ya no entiendo nada.<\/div>\t\t\t\t\t\t\t\t<\/div>\n\t\t\t\t<\/div>\n\t\t\t\t\t<\/div>\n\t\t<\/div>\n\t\t\t\t\t<\/div>\n\t\t<\/section>\n\t\t\t\t<\/div>","protected":false},"excerpt":{"rendered":"<p>LA BAILARINA Y EL DIPLOM\u00c1TICO BIOGRAF\u00cdA Tres a\u00f1os llenos de aventuras surrealistas, a un ritmo fren\u00e9tico y de \u00e9xito en Los \u00c1ngeles , California&nbsp; Un invitado impide que me tire por el balc\u00f3n en plena fiesta. Estaba pasando por un momento muy mexicano en mi vida. Desde la cena con mi madre en Windows, estuve [&hellip;]<\/p>","protected":false},"author":1,"featured_media":38,"parent":0,"menu_order":0,"comment_status":"open","ping_status":"closed","template":"elementor_header_footer","meta":{"footnotes":""},"class_list":["post-9730","page","type-page","status-publish","has-post-thumbnail","hentry"],"_links":{"self":[{"href":"https:\/\/estherponcemagazine.com\/en\/wp-json\/wp\/v2\/pages\/9730","targetHints":{"allow":["GET"]}}],"collection":[{"href":"https:\/\/estherponcemagazine.com\/en\/wp-json\/wp\/v2\/pages"}],"about":[{"href":"https:\/\/estherponcemagazine.com\/en\/wp-json\/wp\/v2\/types\/page"}],"author":[{"embeddable":true,"href":"https:\/\/estherponcemagazine.com\/en\/wp-json\/wp\/v2\/users\/1"}],"replies":[{"embeddable":true,"href":"https:\/\/estherponcemagazine.com\/en\/wp-json\/wp\/v2\/comments?post=9730"}],"version-history":[{"count":31,"href":"https:\/\/estherponcemagazine.com\/en\/wp-json\/wp\/v2\/pages\/9730\/revisions"}],"predecessor-version":[{"id":10089,"href":"https:\/\/estherponcemagazine.com\/en\/wp-json\/wp\/v2\/pages\/9730\/revisions\/10089"}],"wp:featuredmedia":[{"embeddable":true,"href":"https:\/\/estherponcemagazine.com\/en\/wp-json\/wp\/v2\/media\/38"}],"wp:attachment":[{"href":"https:\/\/estherponcemagazine.com\/en\/wp-json\/wp\/v2\/media?parent=9730"}],"curies":[{"name":"wp","href":"https:\/\/api.w.org\/{rel}","templated":true}]}}