{"id":9523,"date":"2021-06-21T14:42:50","date_gmt":"2021-06-21T15:42:50","guid":{"rendered":"https:\/\/estherponcemagazine.com\/?page_id=9523"},"modified":"2021-06-21T15:00:26","modified_gmt":"2021-06-21T16:00:26","slug":"dia-mundial-de-la-musica-con-mascarilla","status":"publish","type":"page","link":"https:\/\/estherponcemagazine.com\/en\/dia-mundial-de-la-musica-con-mascarilla\/","title":{"rendered":"\ufeffWorld Music Day with a mask 2021."},"content":{"rendered":"<div data-elementor-type=\"wp-post\" data-elementor-id=\"9523\" class=\"elementor elementor-9523\" data-elementor-settings=\"{&quot;ha_cmc_init_switcher&quot;:&quot;no&quot;}\">\n\t\t\t\t\t\t<section class=\"elementor-section elementor-top-section elementor-element elementor-element-22afe40 elementor-section-full_width elementor-section-height-default elementor-section-height-default\" data-id=\"22afe40\" data-element_type=\"section\" data-settings=\"{&quot;background_background&quot;:&quot;classic&quot;,&quot;_ha_eqh_enable&quot;:false}\">\n\t\t\t\t\t\t<div class=\"elementor-container elementor-column-gap-default\">\n\t\t\t\t\t<div class=\"elementor-column elementor-col-100 elementor-top-column elementor-element elementor-element-b5a6a30\" data-id=\"b5a6a30\" data-element_type=\"column\" data-settings=\"{&quot;background_background&quot;:&quot;classic&quot;}\">\n\t\t\t<div class=\"elementor-widget-wrap elementor-element-populated\">\n\t\t\t\t\t\t\t<\/div>\n\t\t<\/div>\n\t\t\t\t\t<\/div>\n\t\t<\/section>\n\t\t\t\t<section class=\"elementor-section elementor-top-section elementor-element elementor-element-471578e elementor-section-boxed elementor-section-height-default elementor-section-height-default\" data-id=\"471578e\" data-element_type=\"section\" data-settings=\"{&quot;background_background&quot;:&quot;classic&quot;,&quot;_ha_eqh_enable&quot;:false}\">\n\t\t\t\t\t\t<div class=\"elementor-container elementor-column-gap-default\">\n\t\t\t\t\t<div class=\"elementor-column elementor-col-100 elementor-top-column elementor-element elementor-element-78df3d7\" data-id=\"78df3d7\" data-element_type=\"column\">\n\t\t\t<div class=\"elementor-widget-wrap elementor-element-populated\">\n\t\t\t\t\t\t<div class=\"elementor-element elementor-element-89876e4 elementor-view-default elementor-widget elementor-widget-icon\" data-id=\"89876e4\" data-element_type=\"widget\" data-widget_type=\"icon.default\">\n\t\t\t\t<div class=\"elementor-widget-container\">\n\t\t\t\t\t\t\t<div class=\"elementor-icon-wrapper\">\n\t\t\t<a class=\"elementor-icon\" href=\"http:\/\/estherponcemagazine.com\/en\/a-pelo\/\">\n\t\t\t<i aria-hidden=\"true\" class=\"fas fa-arrow-alt-circle-left\"><\/i>\t\t\t<\/a>\n\t\t<\/div>\n\t\t\t\t\t\t<\/div>\n\t\t\t\t<\/div>\n\t\t\t\t<div class=\"elementor-element elementor-element-709a297 elementor-widget-divider--view-line elementor-widget elementor-widget-divider\" data-id=\"709a297\" data-element_type=\"widget\" data-widget_type=\"divider.default\">\n\t\t\t\t<div class=\"elementor-widget-container\">\n\t\t\t\t\t\t\t<div class=\"elementor-divider\">\n\t\t\t<span class=\"elementor-divider-separator\">\n\t\t\t\t\t\t<\/span>\n\t\t<\/div>\n\t\t\t\t\t\t<\/div>\n\t\t\t\t<\/div>\n\t\t\t\t<div class=\"elementor-element elementor-element-85dcdbd elementor-widget elementor-widget-heading\" data-id=\"85dcdbd\" data-element_type=\"widget\" data-widget_type=\"heading.default\">\n\t\t\t\t<div class=\"elementor-widget-container\">\n\t\t\t\t\t<h5 class=\"elementor-heading-title elementor-size-default\">Interview the New Generation\u200b<\/h5>\t\t\t\t<\/div>\n\t\t\t\t<\/div>\n\t\t\t\t<div class=\"elementor-element elementor-element-2485e6b elementor-widget-divider--view-line elementor-widget elementor-widget-divider\" data-id=\"2485e6b\" data-element_type=\"widget\" data-widget_type=\"divider.default\">\n\t\t\t\t<div class=\"elementor-widget-container\">\n\t\t\t\t\t\t\t<div class=\"elementor-divider\">\n\t\t\t<span class=\"elementor-divider-separator\">\n\t\t\t\t\t\t<\/span>\n\t\t<\/div>\n\t\t\t\t\t\t<\/div>\n\t\t\t\t<\/div>\n\t\t\t\t<section class=\"elementor-section elementor-inner-section elementor-element elementor-element-e0a5f3b elementor-section-boxed elementor-section-height-default elementor-section-height-default\" data-id=\"e0a5f3b\" data-element_type=\"section\" data-settings=\"{&quot;_ha_eqh_enable&quot;:false}\">\n\t\t\t\t\t\t<div class=\"elementor-container elementor-column-gap-default\">\n\t\t\t\t\t<div class=\"elementor-column elementor-col-50 elementor-inner-column elementor-element elementor-element-8bac6db\" data-id=\"8bac6db\" data-element_type=\"column\">\n\t\t\t<div class=\"elementor-widget-wrap elementor-element-populated\">\n\t\t\t\t\t\t<div class=\"elementor-element elementor-element-5363692 elementor-widget elementor-widget-video\" data-id=\"5363692\" data-element_type=\"widget\" data-settings=\"{&quot;youtube_url&quot;:&quot;https:\\\/\\\/youtu.be\\\/CPD3YQSvjg8&quot;,&quot;video_type&quot;:&quot;youtube&quot;,&quot;controls&quot;:&quot;yes&quot;}\" data-widget_type=\"video.default\">\n\t\t\t\t<div class=\"elementor-widget-container\">\n\t\t\t\t\t\t\t<div class=\"elementor-wrapper elementor-open-inline\">\n\t\t\t<div class=\"elementor-video\"><\/div>\t\t<\/div>\n\t\t\t\t\t\t<\/div>\n\t\t\t\t<\/div>\n\t\t\t\t\t<\/div>\n\t\t<\/div>\n\t\t\t\t<div class=\"elementor-column elementor-col-50 elementor-inner-column elementor-element elementor-element-69563be\" data-id=\"69563be\" data-element_type=\"column\">\n\t\t\t<div class=\"elementor-widget-wrap elementor-element-populated\">\n\t\t\t\t\t\t<div class=\"elementor-element elementor-element-43704a9 elementor-widget elementor-widget-heading\" data-id=\"43704a9\" data-element_type=\"widget\" data-widget_type=\"heading.default\">\n\t\t\t\t<div class=\"elementor-widget-container\">\n\t\t\t\t\t<h5 class=\"elementor-heading-title elementor-size-default\">June 21, 2021<\/h5>\t\t\t\t<\/div>\n\t\t\t\t<\/div>\n\t\t\t\t<div class=\"elementor-element elementor-element-75e8c19 elementor-widget elementor-widget-text-editor\" data-id=\"75e8c19\" data-element_type=\"widget\" data-widget_type=\"text-editor.default\">\n\t\t\t\t<div class=\"elementor-widget-container\">\n\t\t\t\t\t\t\t\t\t<div class=\"flex_column av_one_half flex_column_div av-zero-column-padding avia-builder-el-5 el_after_av_one_half avia-builder-el-last\"><section class=\"av_textblock_section\"><div class=\"avia_textblock\"><div dir=\"auto\">\u00a0<\/div><div dir=\"auto\">Interview the New Generation is a totally improvised interview where once again it shows us that pure flamenco is only for a small audience and does not sell, but that it touches your soul.\u00a0<\/div><div dir=\"auto\">This young flamenco from birth who wants to make his way into the world of urban music, sings me in the morning a cappella a \u201c Fandango \u201c , because it is the way in which he best expresses his experiences, his roots and his Art and Culture.\u00a0<\/div><div dir=\"auto\">It certainly touch my soul listening to the lyrics that say:\u00a0<\/div><div dir=\"auto\">\u00a0<\/div><div dir=\"auto\">Like no one, I have loved a friend of mine from childhood. I loved him like no one else. I am poor and I will be,\u00a0<\/div><div dir=\"auto\">And now that he has to help me, I see him on the street ... and that friend of mine does not want to meet me.\u00a0<\/div><div dir=\"auto\">\u00a0<\/div><div dir=\"auto\">The lyrics of the fandangos usually tell a sad story like the songs of the black slaves in the fields, or the time of feudalism in the Middle Ages.<\/div><\/div><\/section><\/div>\t\t\t\t\t\t\t\t<\/div>\n\t\t\t\t<\/div>\n\t\t\t\t\t<\/div>\n\t\t<\/div>\n\t\t\t\t\t<\/div>\n\t\t<\/section>\n\t\t\t\t<div class=\"elementor-element elementor-element-e7fb1ee elementor-widget-divider--view-line elementor-widget elementor-widget-divider\" data-id=\"e7fb1ee\" data-element_type=\"widget\" data-widget_type=\"divider.default\">\n\t\t\t\t<div class=\"elementor-widget-container\">\n\t\t\t\t\t\t\t<div class=\"elementor-divider\">\n\t\t\t<span class=\"elementor-divider-separator\">\n\t\t\t\t\t\t<\/span>\n\t\t<\/div>\n\t\t\t\t\t\t<\/div>\n\t\t\t\t<\/div>\n\t\t\t\t<div class=\"elementor-element elementor-element-a53c0dd elementor-widget elementor-widget-heading\" data-id=\"a53c0dd\" data-element_type=\"widget\" data-widget_type=\"heading.default\">\n\t\t\t\t<div class=\"elementor-widget-container\">\n\t\t\t\t\t<h2 class=\"elementor-heading-title elementor-size-default\">JOIN US AND WE WILL INVITE YOU TO AN EVENT<\/h2>\t\t\t\t<\/div>\n\t\t\t\t<\/div>\n\t\t\t\t\t<\/div>\n\t\t<\/div>\n\t\t\t\t\t<\/div>\n\t\t<\/section>\n\t\t\t\t<section class=\"elementor-section elementor-top-section elementor-element elementor-element-86a4043 elementor-section-boxed elementor-section-height-default elementor-section-height-default\" data-id=\"86a4043\" data-element_type=\"section\" data-settings=\"{&quot;background_background&quot;:&quot;classic&quot;,&quot;_ha_eqh_enable&quot;:false}\">\n\t\t\t\t\t\t<div class=\"elementor-container elementor-column-gap-default\">\n\t\t\t\t\t<div class=\"elementor-column elementor-col-100 elementor-top-column elementor-element elementor-element-ea837b6\" data-id=\"ea837b6\" data-element_type=\"column\" data-settings=\"{&quot;background_background&quot;:&quot;classic&quot;}\">\n\t\t\t<div class=\"elementor-widget-wrap elementor-element-populated\">\n\t\t\t\t\t\t<div class=\"elementor-element elementor-element-8724eec elementor-button-align-center elementor-widget elementor-widget-form\" data-id=\"8724eec\" data-element_type=\"widget\" data-settings=\"{&quot;step_next_label&quot;:&quot;Next&quot;,&quot;step_previous_label&quot;:&quot;Previous&quot;,&quot;button_width&quot;:&quot;100&quot;,&quot;step_type&quot;:&quot;number_text&quot;,&quot;step_icon_shape&quot;:&quot;circle&quot;}\" data-widget_type=\"form.default\">\n\t\t\t\t<div class=\"elementor-widget-container\">\n\t\t\t\t\t\t\t<form class=\"elementor-form\" method=\"post\" id=\"Arte-Cultura\" name=\"NEWSLETTER\" action=\"\">\n\t\t\t<input type=\"hidden\" name=\"post_id\" value=\"9523\"\/>\n\t\t\t<input type=\"hidden\" name=\"form_id\" value=\"8724eec\"\/>\n\n\t\t\t\n\t\t\t<div class=\"elementor-form-fields-wrapper elementor-labels-above\">\n\t\t\t\t\t\t\t\t<div class=\"elementor-field-type-text elementor-field-group elementor-column elementor-field-group-name elementor-col-100 elementor-field-required\">\n\t\t\t\t\t<label for=\"form-field-name\" class=\"elementor-field-label\">NAME<\/label><input size=\"1\" type=\"text\" name=\"form_fields[name]\" id=\"form-field-name\" class=\"elementor-field elementor-size-sm  elementor-field-textual\" placeholder=\"NAME\" required=\"required\" aria-required=\"true\">\t\t\t\t<\/div>\n\t\t\t\t\t\t\t\t<div class=\"elementor-field-type-email elementor-field-group elementor-column elementor-field-group-email elementor-col-100 elementor-field-required\">\n\t\t\t\t\t<label for=\"form-field-email\" class=\"elementor-field-label\">EMAIL<\/label><input size=\"1\" type=\"email\" name=\"form_fields[email]\" id=\"form-field-email\" class=\"elementor-field elementor-size-sm  elementor-field-textual\" placeholder=\"EMAIL\" required=\"required\" aria-required=\"true\">\t\t\t\t<\/div>\n\t\t\t\t\t\t\t\t<div class=\"elementor-field-type-checkbox elementor-field-group elementor-column elementor-field-group-field_d8f7e61 elementor-col-100\">\n\t\t\t\t\t<label for=\"form-field-field_d8f7e61\" class=\"elementor-field-label\">I ACCEPT RECEIVE NEWS BY EMAIL<\/label><div class=\"elementor-field-subgroup\"><span class=\"elementor-field-option\"><input type=\"checkbox\" value=\"SI\" id=\"form-field-field_d8f7e61-0\" name=\"form_fields[field_d8f7e61]\"> <label for=\"form-field-field_d8f7e61-0\">YES<\/label><\/span><\/div>\t\t\t\t<\/div>\n\t\t\t\t\t\t\t\t<div class=\"elementor-field-type-select elementor-field-group elementor-column elementor-field-group-field_5eb55af elementor-col-100\">\n\t\t\t\t\t<label for=\"form-field-field_5eb55af\" class=\"elementor-field-label\">COUNTRY<\/label>\t\t<div class=\"elementor-field elementor-select-wrapper\">\n\t\t\t<select name=\"form_fields[field_5eb55af]\" id=\"form-field-field_5eb55af\" class=\"elementor-field-textual elementor-size-sm\">\n\t\t\t\t<option value=\" Seleccione pais\">SELECCIONE PAIS <\/option><option value=\"Afghanistan \t\">Afganist\u00e1n <\/option><option value=\"Albania \">Albania \t<\/option><option value=\"Alemania \">Alemania \t<\/option><option value=\"Andorra \t\">Andorra \t<\/option><option value=\" Angola\">Angola \t<\/option><option value=\"Anguila \">Anguila \t<\/option><option value=\"Ant\u00e1rtida\">Ant\u00e1rtida <\/option><option value=\"Antigua y Barbuda\">Antigua y Barbuda \t<\/option><option value=\"Arabia Saudita \t\">Arabia Saudita \t<\/option><option value=\"Argelia \">Argelia \t<\/option><option value=\"Argentina\">Argentina <\/option><option value=\"Armenia \t\">Armenia \t<\/option><option value=\"Aruba \t\">Aruba \t<\/option><option value=\"Australia \t\">Australia \t<\/option><option value=\"Austria \t\">Austria \t<\/option><option value=\"Azerbaiy\u00e1n\">Azerbaiy\u00e1n <\/option><option value=\"B\u00e9lgica\">B\u00e9lgica \t<\/option><option value=\" Bahamas\">Bahamas <\/option><option value=\" Bahrein\">Bahrein \t<\/option><option value=\"Bangladesh\">Bangladesh <\/option><option value=\"Barbados \">Barbados \t<\/option><option value=\"Belice \t\">Belice \t<\/option><option value=\"Ben\u00edn\">Ben\u00edn \t<\/option><option value=\"Bhut\u00e1n \">Bhut\u00e1n \t<\/option><option value=\"Bielorrusia \t\">Bielorrusia \t<\/option><option value=\"Birmania \t\">Birmania \t<\/option><option value=\"Bolivia \t\">Bolivia \t<\/option><option value=\"Bosnia y Herzegovina\">Bosnia y Herzegovina <\/option><option value=\"Botsuana \t\">Botsuana \t<\/option><option value=\"Brasil \t\">Brasil \t<\/option><option value=\"Brun\u00e9i \">Brun\u00e9i \t<\/option><option value=\"Bulgaria\">Bulgaria <\/option><option value=\" Burkina Faso\">Burkina Faso <\/option><option value=\" Burundi\">Burundi <\/option><option value=\"Cabo Verde \">Cabo Verde <\/option><option value=\"Camboya \t\">Camboya \t<\/option><option value=\"Camer\u00fan \">Camer\u00fan <\/option><option value=\"Canad\u00e1 \">Canad\u00e1 \t<\/option><option value=\"Chad \t\">Chad \t<\/option><option value=\"Chile \t\">Chile \t<\/option><option value=\"China \">China \t<\/option><option value=\"Chipre \t\">Chipre \t<\/option><option value=\"Ciudad del Vaticano \">Ciudad del Vaticano <\/option><option value=\"Colombia\">Colombia <\/option><option value=\"Comoras \t\">Comoras \t<\/option><option value=\"Rep\u00fablica del Congo\">Rep\u00fablica del Congo <\/option><option value=\"Corea del Norte\">Corea del Norte \t<\/option><option value=\"Corea del Sur\">Corea del Sur <\/option><option value=\"Costa de Marfil \">Costa de Marfil <\/option><option value=\"Costa Rica \t\">Costa Rica \t<\/option><option value=\"Croacia \">Croacia \t <\/option><option value=\"Cuba \t\">Cuba \t<\/option><option value=\"Curazao \t\">Curazao \t<\/option><option value=\"Dinamarca\">Dinamarca \t<\/option><option value=\"Dominica \t\">Dominica \t<\/option><option value=\"Ecuador\">Ecuador \t<\/option><option value=\"Egipto \t\">Egipto \t<\/option><option value=\"El Salvador\">El Salvador \t<\/option><option value=\"Emiratos \u00c1rabes Unidos\">Emiratos \u00c1rabes Unidos <\/option><option value=\"Eritrea \t\">Eritrea \t<\/option><option value=\"Eslovaquia\">Eslovaquia <\/option><option value=\"Eslovenia \t\">Eslovenia \t<\/option><option value=\"Espa\u00f1a\">Espa\u00f1a \t<\/option><option value=\"Estados Unidos de Am\u00e9rica\">Estados Unidos de Am\u00e9rica \t<\/option><option value=\"Estonia\">Estonia \t<\/option><option value=\"Etiop\u00eda \t\">Etiop\u00eda \t<\/option><option value=\"Filipinas \t\">Filipinas \t<\/option><option value=\"Finlandia\">Finlandia \t<\/option><option value=\"Fiyi \t\">Fiyi \t<\/option><option value=\"Francia\">Francia \t<\/option><option value=\"Gab\u00f3n \">Gab\u00f3n \t<\/option><option value=\"Gambia \t\">Gambia \t<\/option><option value=\"Georgia \t\">Georgia \t<\/option><option value=\"Ghana\">Ghana \t<\/option><option value=\"Gibraltar \t\">Gibraltar \t<\/option><option value=\"Grecia \">Grecia \t<\/option><option value=\"Groenlandia \">Groenlandia \t<\/option><option value=\"Guadalupe\">Guadalupe \t<\/option><option value=\"Guam \">Guam \t<\/option><option value=\"Guatemala\">Guatemala \t<\/option><option value=\"Guayana Francesa \t\">Guayana Francesa \t<\/option><option value=\"Guinea \tGuinea \">Guinea \tGuinea \t<\/option><option value=\"Guinea Ecuatorial \">Guinea Ecuatorial \t<\/option><option value=\"Guinea-Bissau \t\">Guinea-Bissau \t<\/option><option value=\"Guyana\">Guyana \t<\/option><option value=\"\">Hait\u00ed \t<\/option><option value=\"\">Honduras \t<\/option><option value=\"\">Hong kong \t<\/option><option value=\"\">Hungr\u00eda \t<\/option><option value=\"\">India \t<\/option><option value=\"\">Indonesia \t<\/option><option value=\"\">Ir\u00e1n \tIran \t<\/option><option value=\"\">Irak \t<\/option><option value=\"\">Irlanda \t<\/option><option value=\"\">Isla Bouvet \t<\/option><option value=\"\">Isla de Man \t<\/option><option value=\"\">Isla de Navidad \t<\/option><option value=\"\">Isla Norfolk \t<\/option><option value=\"\">Islandia \t<\/option><option value=\"\">Islas Bermudas \t<\/option><option value=\"\">Islas Caim\u00e1n \t<\/option><option value=\"\">Islas Cocos (Keeling) \t<\/option><option value=\"\">Islas Cook \tCook Islands \t<\/option><option value=\"\">Islas de \u00c5land \t\u00c5land Islands \t<\/option><option value=\"\">Islas Feroe \tFaroe Islands \t<\/option><option value=\"\">Islas Georgias del Sur y Sandwich del Sur \t<\/option><option value=\"\">Islas Heard y McDonald \t<\/option><option value=\"\">Islas Maldivas \t<\/option><option value=\"\">Islas Malvinas \t<\/option><option value=\"\">Islas Marianas del Norte \t<\/option><option value=\"\">Islas Marshall \t<\/option><option value=\"\">Islas Pitcairn \t<\/option><option value=\"\">Islas Salom\u00f3n \t<\/option><option value=\"\">Islas Turcas y Caicos \t<\/option><option value=\"\">Islas Ultramarinas Menores de Estados Unidos \t<\/option><option value=\" \">Islas V\u00edrgenes Brit\u00e1nicas \t<\/option><option value=\"\">Islas V\u00edrgenes de los Estados Unidos \t<\/option><option value=\"\">Israel \t<\/option><option value=\"\">Italia \t<\/option><option value=\"\">Jamaica \t<\/option><option value=\"\">Jap\u00f3n \t<\/option><option value=\"\">Jersey \t<\/option><option value=\"\">Jordania \t<\/option><option value=\"\">Kazajist\u00e1n \t<\/option><option value=\"\">Kenia \t<\/option><option value=\"\">Kirguist\u00e1n \t<\/option><option value=\"\">Kiribati \t<\/option><option value=\"\">Kuwait <\/option><option value=\"\">L\u00edbano \t<\/option><option value=\"\">Laos \t<\/option><option value=\"\">Lesoto \t<\/option><option value=\"\">Letonia \t<\/option><option value=\"\">Liberia \t<\/option><option value=\"\">Libia \t<\/option><option value=\"\">Liechtenstein \t<\/option><option value=\"\">Lituania \t<\/option><option value=\"\">Luxemburgo \t<\/option><option value=\"\">M\u00e9xico \t<\/option><option value=\"\">M\u00f3naco \t<\/option><option value=\"\">Macao \t<\/option><option value=\"\">Maced\u00f4nia \t<\/option><option value=\"\">Madagascar \t<\/option><option value=\"\">Malasia \t<\/option><option value=\"\">Malawi \t<\/option><option value=\"\">Mali \t<\/option><option value=\"\">Malta \t<\/option><option value=\"\">Marruecos \t<\/option><option value=\"\">Martinica \t<\/option><option value=\"\">Mauricio \t<\/option><option value=\"\">Mauritania \t<\/option><option value=\"\">Mayotte \t<\/option><option value=\"\">Micronesia \t<\/option><option value=\"\">Moldavia \t<\/option><option value=\"\">Mongolia \t<\/option><option value=\"\">Montenegro \t<\/option><option value=\"\">Montserrat \t<\/option><option value=\"\">Mozambique \t<\/option><option value=\"\">Namibia \t<\/option><option value=\"\">Nauru \t<\/option><option value=\"\">Nepal \t<\/option><option value=\"\">Nicaragua \t<\/option><option value=\"\">Niger \t<\/option><option value=\"\">Nigeria \t<\/option><option value=\"\">Niue \t<\/option><option value=\"\">Noruega \t<\/option><option value=\"\">Nueva Caledonia \t<\/option><option value=\"\">Nueva Zelanda \t<\/option><option value=\"\">Om\u00e1n \t<\/option><option value=\"\">Pa\u00edses Bajos \t<\/option><option value=\"\">Pakist\u00e1n \t<\/option><option value=\"\">Palau \tPalau \t<\/option><option value=\"\">Palestina \t<\/option><option value=\"\">Panam\u00e1 \t<\/option><option value=\"\">Pap\u00faa Nueva Guinea \t<\/option><option value=\"\">Paraguay \t<\/option><option value=\"\">Per\u00fa \tPeru \t<\/option><option value=\"\">Polinesia Francesa \t<\/option><option value=\"\">Polonia \t<\/option><option value=\"\">Portugal \t<\/option><option value=\"\">Puerto Rico \t<\/option><option value=\"\">Qatar \t<\/option><option value=\"\">Reino Unido<\/option><option value=\"\">Rep\u00fablica Centroafricana \t<\/option><option value=\"\">Rep\u00fablica Checa \t<\/option><option value=\"\">Rep\u00fablica Dominicana \t<\/option><option value=\"\">Rep\u00fablica de Sud\u00e1n del Sur \t<\/option><option value=\"\">Reuni\u00f3n \t<\/option><option value=\"\">Ruanda \t<\/option><option value=\"\">Ruman\u00eda \t<\/option><option value=\"\">Rusia \t<\/option><option value=\"\">Sahara Occidental \t<\/option><option value=\"\">Samoa \t<\/option><option value=\"\">Samoa Americana \t<\/option><option value=\"\">San Bartolom\u00e9 \t<\/option><option value=\"\">San Crist\u00f3bal y Nieves \t<\/option><option value=\"\">San Marino \t<\/option><option value=\"\">San Mart\u00edn (Francia) \t<\/option><option value=\"\">San Pedro y Miquel\u00f3n \t<\/option><option value=\"\">San Vicente y las Granadinas \t<\/option><option value=\"\">Santa Elena \tAscensi\u00f3n y Trist\u00e1n de Acu\u00f1a \t<\/option><option value=\"\">Santa Luc\u00eda \t<\/option><option value=\"\">Santo Tom\u00e9 y Pr\u00edncipe \t<\/option><option value=\"\">Senegal \t<\/option><option value=\"\">Serbia \t<\/option><option value=\"\">Seychelles \t<\/option><option value=\"\">Sierra Leona \t<\/option><option value=\"\">Singapur \t<\/option><option value=\"\">Sint Maarten \t<\/option><option value=\"\">Siria \t<\/option><option value=\"\">Somalia \t<\/option><option value=\"\">Sri lanka \t<\/option><option value=\"\">Sud\u00e1frica \t<\/option><option value=\"\">Sud\u00e1n \t<\/option><option value=\"\">Suecia \t<\/option><option value=\"\">Suiza \t<\/option><option value=\"\">Surin\u00e1m \t<\/option><option value=\"\">Svalbard y Jan Mayen <\/option><option value=\"\">Swazilandia \t<\/option><option value=\"\">Tayikist\u00e1n \t<\/option><option value=\"\">Tailandia \t<\/option><option value=\"\">Taiw\u00e1n <\/option><option value=\"\">Tanzania \t<\/option><option value=\"\">Territorio Brit\u00e1nico del Oc\u00e9ano \u00cdndico \t<\/option><option value=\" \t\">Territorios Australes y Ant\u00e1rticas Franceses \t<\/option><option value=\"\">Timor Oriental \t<\/option><option value=\"\">Togo \t<\/option><option value=\"\">Tokelau \t<\/option><option value=\"\">Tonga \t<\/option><option value=\"\">Trinidad y Tobago <\/option><option value=\"\">Tunez \t<\/option><option value=\"\">Turkmenist\u00e1n <\/option><option value=\"\">Turqu\u00eda \t<\/option><option value=\"\">Tuvalu \t<\/option><option value=\"\">Ucrania \t<\/option><option value=\"\">Uganda \t<\/option><option value=\"\">Uruguay \t<\/option><option value=\" \t\">Uzbekist\u00e1n \t<\/option><option value=\"\">Vanuatu \t<\/option><option value=\" \">Venezuela \t<\/option><option value=\"\">Vietnam \t<\/option><option value=\"\">Wallis y Futuna \t \t<\/option><option value=\"\">Yemen \t<\/option><option value=\"\">Yibuti \t<\/option><option value=\"\">Zambia \t<\/option><option value=\"Zimbabue \t\">Zimbabue \t<\/option>\t\t\t<\/select>\n\t\t<\/div>\n\t\t\t\t\t\t<\/div>\n\t\t\t\t\t\t\t\t<div class=\"elementor-field-group elementor-column elementor-field-type-submit elementor-col-100 e-form__buttons\">\n\t\t\t\t\t<button type=\"submit\" class=\"elementor-button elementor-size-sm\">\n\t\t\t\t\t\t<span >\n\t\t\t\t\t\t\t\t\t\t\t\t\t\t\t<span class=\"elementor-button-icon\">\n\t\t\t\t\t\t\t\t\t\t\t\t\t\t\t\t\t\t\t\t\t\t\t\t\t\t<\/span>\n\t\t\t\t\t\t\t\t\t\t\t\t\t\t\t\t\t\t\t\t\t\t<span class=\"elementor-button-text\">JOIN US<\/span>\n\t\t\t\t\t\t\t\t\t\t\t\t\t<\/span>\n\t\t\t\t\t<\/button>\n\t\t\t\t<\/div>\n\t\t\t<\/div>\n\t\t<input type=\"hidden\" name=\"trp-form-language\" value=\"en\"\/><\/form>\n\t\t\t\t\t\t<\/div>\n\t\t\t\t<\/div>\n\t\t\t\t\t<\/div>\n\t\t<\/div>\n\t\t\t\t\t<\/div>\n\t\t<\/section>\n\t\t\t\t<\/div>","protected":false},"excerpt":{"rendered":"<p>Interview the New Generation\u200b 21 de Junio de 2021 \u00a0Interview the New Generation, es una entrevista totalmente improvisada donde una vez m\u00e1s nos demuestra que el flamenco puro es solo para un p\u00fablico reducido y no vende, pero que te llega al alma.\u00a0Este joven flamenco de cuna que quiere abrirse camino en el mundo de [&hellip;]<\/p>","protected":false},"author":1,"featured_media":38,"parent":0,"menu_order":0,"comment_status":"closed","ping_status":"closed","template":"elementor_header_footer","meta":{"footnotes":""},"class_list":["post-9523","page","type-page","status-publish","has-post-thumbnail","hentry"],"_links":{"self":[{"href":"https:\/\/estherponcemagazine.com\/en\/wp-json\/wp\/v2\/pages\/9523","targetHints":{"allow":["GET"]}}],"collection":[{"href":"https:\/\/estherponcemagazine.com\/en\/wp-json\/wp\/v2\/pages"}],"about":[{"href":"https:\/\/estherponcemagazine.com\/en\/wp-json\/wp\/v2\/types\/page"}],"author":[{"embeddable":true,"href":"https:\/\/estherponcemagazine.com\/en\/wp-json\/wp\/v2\/users\/1"}],"replies":[{"embeddable":true,"href":"https:\/\/estherponcemagazine.com\/en\/wp-json\/wp\/v2\/comments?post=9523"}],"version-history":[{"count":7,"href":"https:\/\/estherponcemagazine.com\/en\/wp-json\/wp\/v2\/pages\/9523\/revisions"}],"predecessor-version":[{"id":9530,"href":"https:\/\/estherponcemagazine.com\/en\/wp-json\/wp\/v2\/pages\/9523\/revisions\/9530"}],"wp:featuredmedia":[{"embeddable":true,"href":"https:\/\/estherponcemagazine.com\/en\/wp-json\/wp\/v2\/media\/38"}],"wp:attachment":[{"href":"https:\/\/estherponcemagazine.com\/en\/wp-json\/wp\/v2\/media?parent=9523"}],"curies":[{"name":"wp","href":"https:\/\/api.w.org\/{rel}","templated":true}]}}