{"id":9428,"date":"2021-06-14T09:12:46","date_gmt":"2021-06-14T10:12:46","guid":{"rendered":"https:\/\/estherponcemagazine.com\/?page_id=9428"},"modified":"2021-08-30T16:59:49","modified_gmt":"2021-08-30T17:59:49","slug":"la-bailarina-y-el-diplomatico-capitulo-12","status":"publish","type":"page","link":"https:\/\/estherponcemagazine.com\/en\/la-bailarina-y-el-diplomatico-capitulo-12\/","title":{"rendered":"LA BAILARINA Y EL DIPLOM\u00c1TICO &#8211; CAPITULO 12"},"content":{"rendered":"<div data-elementor-type=\"wp-post\" data-elementor-id=\"9428\" class=\"elementor elementor-9428\" data-elementor-settings=\"{&quot;ha_cmc_init_switcher&quot;:&quot;no&quot;}\">\n\t\t\t\t\t\t<section class=\"elementor-section elementor-top-section elementor-element elementor-element-22afe40 elementor-section-full_width elementor-section-height-default elementor-section-height-default\" data-id=\"22afe40\" data-element_type=\"section\" data-settings=\"{&quot;background_background&quot;:&quot;classic&quot;,&quot;_ha_eqh_enable&quot;:false}\">\n\t\t\t\t\t\t<div class=\"elementor-container elementor-column-gap-default\">\n\t\t\t\t\t<div class=\"elementor-column elementor-col-100 elementor-top-column elementor-element elementor-element-b5a6a30\" data-id=\"b5a6a30\" data-element_type=\"column\" data-settings=\"{&quot;background_background&quot;:&quot;classic&quot;}\">\n\t\t\t<div class=\"elementor-widget-wrap elementor-element-populated\">\n\t\t\t\t\t\t<div class=\"elementor-element elementor-element-878d8af elementor-widget elementor-widget-heading\" data-id=\"878d8af\" data-element_type=\"widget\" data-widget_type=\"heading.default\">\n\t\t\t\t<div class=\"elementor-widget-container\">\n\t\t\t\t\t<h2 class=\"elementor-heading-title elementor-size-default\">THE DANCER AND THE DIPLOMAT<\/h2>\t\t\t\t<\/div>\n\t\t\t\t<\/div>\n\t\t\t\t\t<\/div>\n\t\t<\/div>\n\t\t\t\t\t<\/div>\n\t\t<\/section>\n\t\t\t\t<section class=\"elementor-section elementor-top-section elementor-element elementor-element-471578e elementor-section-boxed elementor-section-height-default elementor-section-height-default\" data-id=\"471578e\" data-element_type=\"section\" data-settings=\"{&quot;_ha_eqh_enable&quot;:false}\">\n\t\t\t\t\t\t<div class=\"elementor-container elementor-column-gap-default\">\n\t\t\t\t\t<div class=\"elementor-column elementor-col-100 elementor-top-column elementor-element elementor-element-78df3d7\" data-id=\"78df3d7\" data-element_type=\"column\">\n\t\t\t<div class=\"elementor-widget-wrap elementor-element-populated\">\n\t\t\t\t\t\t<div class=\"elementor-element elementor-element-89876e4 elementor-view-default elementor-widget elementor-widget-icon\" data-id=\"89876e4\" data-element_type=\"widget\" data-widget_type=\"icon.default\">\n\t\t\t\t<div class=\"elementor-widget-container\">\n\t\t\t\t\t\t\t<div class=\"elementor-icon-wrapper\">\n\t\t\t<a class=\"elementor-icon\" href=\"http:\/\/estherponcemagazine.com\/en\/a-pelo\/\">\n\t\t\t<i aria-hidden=\"true\" class=\"fas fa-arrow-alt-circle-left\"><\/i>\t\t\t<\/a>\n\t\t<\/div>\n\t\t\t\t\t\t<\/div>\n\t\t\t\t<\/div>\n\t\t\t\t<div class=\"elementor-element elementor-element-b124447 elementor-widget elementor-widget-heading\" data-id=\"b124447\" data-element_type=\"widget\" data-widget_type=\"heading.default\">\n\t\t\t\t<div class=\"elementor-widget-container\">\n\t\t\t\t\t<h2 class=\"elementor-heading-title elementor-size-default\">BIOGRAPHY<\/h2>\t\t\t\t<\/div>\n\t\t\t\t<\/div>\n\t\t\t\t<div class=\"elementor-element elementor-element-709a297 elementor-widget-divider--view-line elementor-widget elementor-widget-divider\" data-id=\"709a297\" data-element_type=\"widget\" data-widget_type=\"divider.default\">\n\t\t\t\t<div class=\"elementor-widget-container\">\n\t\t\t\t\t\t\t<div class=\"elementor-divider\">\n\t\t\t<span class=\"elementor-divider-separator\">\n\t\t\t\t\t\t<\/span>\n\t\t<\/div>\n\t\t\t\t\t\t<\/div>\n\t\t\t\t<\/div>\n\t\t\t\t<div class=\"elementor-element elementor-element-85dcdbd elementor-widget elementor-widget-heading\" data-id=\"85dcdbd\" data-element_type=\"widget\" data-widget_type=\"heading.default\">\n\t\t\t\t<div class=\"elementor-widget-container\">\n\t\t\t\t\t<h2 class=\"elementor-heading-title elementor-size-default\"><span style=\"font-weight: bold\">Three years full of surreal adventures, successfully at a frenetic  rhythm  in Los Angeles, California&nbsp;<\/span><\/h2>\t\t\t\t<\/div>\n\t\t\t\t<\/div>\n\t\t\t\t<div class=\"elementor-element elementor-element-2485e6b elementor-widget-divider--view-line elementor-widget elementor-widget-divider\" data-id=\"2485e6b\" data-element_type=\"widget\" data-widget_type=\"divider.default\">\n\t\t\t\t<div class=\"elementor-widget-container\">\n\t\t\t\t\t\t\t<div class=\"elementor-divider\">\n\t\t\t<span class=\"elementor-divider-separator\">\n\t\t\t\t\t\t<\/span>\n\t\t<\/div>\n\t\t\t\t\t\t<\/div>\n\t\t\t\t<\/div>\n\t\t\t\t<section class=\"elementor-section elementor-inner-section elementor-element elementor-element-e0a5f3b elementor-reverse-mobile elementor-section-boxed elementor-section-height-default elementor-section-height-default\" data-id=\"e0a5f3b\" data-element_type=\"section\" data-settings=\"{&quot;_ha_eqh_enable&quot;:false}\">\n\t\t\t\t\t\t<div class=\"elementor-container elementor-column-gap-default\">\n\t\t\t\t\t<div class=\"elementor-column elementor-col-100 elementor-inner-column elementor-element elementor-element-b6940ce\" data-id=\"b6940ce\" data-element_type=\"column\">\n\t\t\t<div class=\"elementor-widget-wrap elementor-element-populated\">\n\t\t\t\t\t\t<div class=\"elementor-element elementor-element-05cc50d elementor-widget elementor-widget-heading\" data-id=\"05cc50d\" data-element_type=\"widget\" data-widget_type=\"heading.default\">\n\t\t\t\t<div class=\"elementor-widget-container\">\n\t\t\t\t\t<h2 class=\"elementor-heading-title elementor-size-default\">Chaper. 12 Enrique Bumbury takes me up on the nightstand at dawn to dance for him\n\n<\/h2>\t\t\t\t<\/div>\n\t\t\t\t<\/div>\n\t\t\t\t<div class=\"elementor-element elementor-element-3b60a22 elementor-widget-divider--view-line elementor-widget elementor-widget-divider\" data-id=\"3b60a22\" data-element_type=\"widget\" data-widget_type=\"divider.default\">\n\t\t\t\t<div class=\"elementor-widget-container\">\n\t\t\t\t\t\t\t<div class=\"elementor-divider\">\n\t\t\t<span class=\"elementor-divider-separator\">\n\t\t\t\t\t\t<\/span>\n\t\t<\/div>\n\t\t\t\t\t\t<\/div>\n\t\t\t\t<\/div>\n\t\t\t\t<div class=\"elementor-element elementor-element-e286197 elementor-widget elementor-widget-text-editor\" data-id=\"e286197\" data-element_type=\"widget\" data-widget_type=\"text-editor.default\">\n\t\t\t\t<div class=\"elementor-widget-container\">\n\t\t\t\t\t\t\t\t\t<p>When my mother was in LA, she brought from Spain some beautiful letter tiles to Georgia that I commissioned to set up a kind of Tavern Tablao , in the garden to give parties. LA FLAMENQUITA.\nAfter seeing El Ballet Nacional de Espa\u00f1a perform, I invited them home and we had a party that lasted until dawn.\nI ended up in the jacuzzi kissing a dancer and the singer diving, putting on the soundtrack.\u00a0\u00a0<\/p><p>Living together at Georgia's house was getting difficult. SHe drank a bottle of white wine every night and hinted that she would like to try sex with a woman, and I no longer felt comfortable. SHe was starting to blame me that I should pay her more money per month. She was my student and saw the money I was making, but it didn't make sense to pay for a room the same as for an entire apartment.\u00a0<\/p><p>One day after class and at night, I came home and Georgia had changed the lock on her house with all my things inside and that is not legal. So I had to call a lawyer to witness the situation and make such a crazy woman see reason. I never got inside and it was her ex-boyfriend and her only friend who took my luggage out.\u00a0<\/p><p>So Paul found an apartment for me in a beautiful place, Park La Brea, super close to the school and right in front of my favorite place, The Grove, with the best shops and restaurants.\nThe only drawback was that I was a foreigner, I did not have a \"job\", no way to justify financial solvency to sign the rental papers and it was Paul who signed everything. As the apartment had 2 bedrooms and two bathrooms, in gratitude I offered to stay as long as he wanted, as long as my family did not come to visit me. He actually moved in, furnished the apartment with his furniture and he couldn't even imagine that what he signed was also the beginning of his ordeal of jealousy for me.\u00a0<\/p><p>My mother called me all excited and told me that Luis Miguel, my first childhood boyfriend, was Enrique Bunbury's drummer and road manager of the American tour, and to be aware that he would call me because they had a concert in LA. I could'nt believe it! Very handsome, rocker, surfer ... My mother always said that I should never have left him. Who was going to tell me that destiny would bring us together again.\u00a0<\/p><p>I was in my daily English class for adults and foreigners at the University of Fairfax, when my cell phone rang and it was Luismi \u2014Esther !!! How are you my crazy? Give me your address and I'll send you a car to pick you up tonight that will take you to the concert, the driver will give you an envelope with the bracelet for the backstage. He also told me that they were super tired from the tour, that they had not enough time to buy vitamins and that he trusted me.<\/p><p>Just the guy who sat next to me in class was a staunch Bunbury fan but he didn't have the money to buy a ticket. However, he had contacts, and we did the perfect plan.\u00a0<\/p><p>When I got to the dressing room, everyone was waiting for me land as the\nFlamencos use to  say, I gave them Blessed Glory. The concert was sold out and people knew all the songs.\u00a0<\/p><p>It was spectacular to see Enrique live, I sang until I was hoarse and I think I got a cactus on my head from so much tequila.\u00a0<\/p><p>Once in the hotel, the production manager who was like a behemoth, also a childhood friend of mine, had to punch out two fans who had sneaked in and tried to enter Bunbury's room.\u00a0<\/p><p>From that moment another rock and roll concert began, going back and forth between rooms, the leather of famous musicians was tattooed at times, and between euphoric laughter, the hours passed and people disappeared until without realizing it we were Luis Miguel, the manager and me. When Luismi suddenly jumped up and said - Wait a minute Esther, don't go yet. I'm going to see if Enrique is in the mood and I'll introduce him to you.\u00a0<\/p><p>I don't know what he would say to him, but at one point Enrique Bunbury appeared, the one who seemed untouchable and inaccessible, with that particular hairstyle and with his peculiar voice, he told me that if I was the best bailaora in Los Angeles, he would like to see it.And Without waiting for my answer, he approached me and as if I were a doll he  took me in his arms and lifted me to the bedside table that was tiny and narrow and I also climbed on the first floor in my heels.Luis Miguel remembered the crazy Esther and he changed his face waiting for my reaction and surely he would be asking Los Angeles from hell to keep his job.\u00a0<\/p><p>I began to move my hands imitating what he did in his concerts and that drove me crazy, while I sang one of his lyrics to him; \"You always tell me I don't love you anymore ...\" Enrique began to laugh out loud as he looked at Luismi who finally breathed and the manager gently lowered me to the ground, while I explained to them that I taught 8 hours a day of high-level flamenco classes and that at the moment my legs were not secured like Jenifer L\u00f3pez's ass.\u00a0<\/p><p>And I decided to put an end to the night that I will never forget, singing to Bunbury himself in his ear and very softly as if it were a lullaby, some tangos by La Susi.\u00a0<\/p>\t\t\t\t\t\t\t\t<\/div>\n\t\t\t\t<\/div>\n\t\t\t\t<div class=\"elementor-element elementor-element-60c0d9e elementor-widget elementor-widget-heading\" data-id=\"60c0d9e\" data-element_type=\"widget\" data-widget_type=\"heading.default\">\n\t\t\t\t<div class=\"elementor-widget-container\">\n\t\t\t\t\t<h2 class=\"elementor-heading-title elementor-size-default\">DON'T MISS CHAPTER 13<\/h2>\t\t\t\t<\/div>\n\t\t\t\t<\/div>\n\t\t\t\t<div class=\"elementor-element elementor-element-db40bb5 elementor-widget elementor-widget-heading\" data-id=\"db40bb5\" data-element_type=\"widget\" data-widget_type=\"heading.default\">\n\t\t\t\t<div class=\"elementor-widget-container\">\n\t\t\t\t\t<h2 class=\"elementor-heading-title elementor-size-default\">I am named Ambassador of Flamenco in the Los Angeles Consular Corps representing Spain.\n\n\n\n<\/h2>\t\t\t\t<\/div>\n\t\t\t\t<\/div>\n\t\t\t\t<div class=\"elementor-element elementor-element-1bcf2be elementor-widget elementor-widget-image\" data-id=\"1bcf2be\" data-element_type=\"widget\" data-widget_type=\"image.default\">\n\t\t\t\t<div class=\"elementor-widget-container\">\n\t\t\t\t\t\t\t\t\t\t\t\t\t\t\t<img fetchpriority=\"high\" decoding=\"async\" width=\"800\" height=\"600\" src=\"https:\/\/estherponcemagazine.com\/wp-content\/uploads\/2021\/06\/IMG-20210614-WA0000.jpg\" class=\"attachment-large size-large wp-image-9442\" alt=\"\" srcset=\"https:\/\/estherponcemagazine.com\/wp-content\/uploads\/2021\/06\/IMG-20210614-WA0000.jpg 1024w, https:\/\/estherponcemagazine.com\/wp-content\/uploads\/2021\/06\/IMG-20210614-WA0000-300x225.jpg 300w, https:\/\/estherponcemagazine.com\/wp-content\/uploads\/2021\/06\/IMG-20210614-WA0000-768x576.jpg 768w, https:\/\/estherponcemagazine.com\/wp-content\/uploads\/2021\/06\/IMG-20210614-WA0000-16x12.jpg 16w, https:\/\/estherponcemagazine.com\/wp-content\/uploads\/2021\/06\/IMG-20210614-WA0000-24x18.jpg 24w, https:\/\/estherponcemagazine.com\/wp-content\/uploads\/2021\/06\/IMG-20210614-WA0000-36x27.jpg 36w, https:\/\/estherponcemagazine.com\/wp-content\/uploads\/2021\/06\/IMG-20210614-WA0000-48x36.jpg 48w\" sizes=\"(max-width: 800px) 100vw, 800px\" \/>\t\t\t\t\t\t\t\t\t\t\t\t\t\t\t<\/div>\n\t\t\t\t<\/div>\n\t\t\t\t<div class=\"elementor-element elementor-element-ac67f23 elementor-widget elementor-widget-text-editor\" data-id=\"ac67f23\" data-element_type=\"widget\" data-widget_type=\"text-editor.default\">\n\t\t\t\t<div class=\"elementor-widget-container\">\n\t\t\t\t\t\t\t\t\t<p>Flamenco tavern with the virgin of the helpless's tiles<\/p>\t\t\t\t\t\t\t\t<\/div>\n\t\t\t\t<\/div>\n\t\t\t\t<div class=\"elementor-element elementor-element-7fd256e elementor-widget elementor-widget-image\" data-id=\"7fd256e\" data-element_type=\"widget\" data-widget_type=\"image.default\">\n\t\t\t\t<div class=\"elementor-widget-container\">\n\t\t\t\t\t\t\t\t\t\t\t\t\t\t\t<img decoding=\"async\" width=\"800\" height=\"600\" src=\"https:\/\/estherponcemagazine.com\/wp-content\/uploads\/2021\/06\/IMG-20210614-WA0002.jpg\" class=\"attachment-large size-large wp-image-9444\" alt=\"\" srcset=\"https:\/\/estherponcemagazine.com\/wp-content\/uploads\/2021\/06\/IMG-20210614-WA0002.jpg 1024w, https:\/\/estherponcemagazine.com\/wp-content\/uploads\/2021\/06\/IMG-20210614-WA0002-300x225.jpg 300w, https:\/\/estherponcemagazine.com\/wp-content\/uploads\/2021\/06\/IMG-20210614-WA0002-768x576.jpg 768w, https:\/\/estherponcemagazine.com\/wp-content\/uploads\/2021\/06\/IMG-20210614-WA0002-16x12.jpg 16w, https:\/\/estherponcemagazine.com\/wp-content\/uploads\/2021\/06\/IMG-20210614-WA0002-24x18.jpg 24w, https:\/\/estherponcemagazine.com\/wp-content\/uploads\/2021\/06\/IMG-20210614-WA0002-36x27.jpg 36w, https:\/\/estherponcemagazine.com\/wp-content\/uploads\/2021\/06\/IMG-20210614-WA0002-48x36.jpg 48w\" sizes=\"(max-width: 800px) 100vw, 800px\" \/>\t\t\t\t\t\t\t\t\t\t\t\t\t\t\t<\/div>\n\t\t\t\t<\/div>\n\t\t\t\t<div class=\"elementor-element elementor-element-79ff9cb elementor-widget elementor-widget-text-editor\" data-id=\"79ff9cb\" data-element_type=\"widget\" data-widget_type=\"text-editor.default\">\n\t\t\t\t<div class=\"elementor-widget-container\">\n\t\t\t\t\t\t\t\t\t<p>In the office of my new apartment in Park La Brea<\/p>\t\t\t\t\t\t\t\t<\/div>\n\t\t\t\t<\/div>\n\t\t\t\t<div class=\"elementor-element elementor-element-5f5b459 elementor-widget elementor-widget-image\" data-id=\"5f5b459\" data-element_type=\"widget\" data-widget_type=\"image.default\">\n\t\t\t\t<div class=\"elementor-widget-container\">\n\t\t\t\t\t\t\t\t\t\t\t\t\t\t\t<img decoding=\"async\" width=\"800\" height=\"600\" src=\"https:\/\/estherponcemagazine.com\/wp-content\/uploads\/2021\/06\/IMG-20210614-WA0003.jpg\" class=\"attachment-large size-large wp-image-9443\" alt=\"\" srcset=\"https:\/\/estherponcemagazine.com\/wp-content\/uploads\/2021\/06\/IMG-20210614-WA0003.jpg 1024w, https:\/\/estherponcemagazine.com\/wp-content\/uploads\/2021\/06\/IMG-20210614-WA0003-300x225.jpg 300w, https:\/\/estherponcemagazine.com\/wp-content\/uploads\/2021\/06\/IMG-20210614-WA0003-768x576.jpg 768w, https:\/\/estherponcemagazine.com\/wp-content\/uploads\/2021\/06\/IMG-20210614-WA0003-16x12.jpg 16w, https:\/\/estherponcemagazine.com\/wp-content\/uploads\/2021\/06\/IMG-20210614-WA0003-24x18.jpg 24w, https:\/\/estherponcemagazine.com\/wp-content\/uploads\/2021\/06\/IMG-20210614-WA0003-36x27.jpg 36w, https:\/\/estherponcemagazine.com\/wp-content\/uploads\/2021\/06\/IMG-20210614-WA0003-48x36.jpg 48w\" sizes=\"(max-width: 800px) 100vw, 800px\" \/>\t\t\t\t\t\t\t\t\t\t\t\t\t\t\t<\/div>\n\t\t\t\t<\/div>\n\t\t\t\t<div class=\"elementor-element elementor-element-8ceca5f elementor-widget elementor-widget-video\" data-id=\"8ceca5f\" data-element_type=\"widget\" data-settings=\"{&quot;youtube_url&quot;:&quot;https:\\\/\\\/youtu.be\\\/SzimletXB7M&quot;,&quot;video_type&quot;:&quot;youtube&quot;,&quot;controls&quot;:&quot;yes&quot;}\" data-widget_type=\"video.default\">\n\t\t\t\t<div class=\"elementor-widget-container\">\n\t\t\t\t\t\t\t<div class=\"elementor-wrapper elementor-open-inline\">\n\t\t\t<div class=\"elementor-video\"><\/div>\t\t<\/div>\n\t\t\t\t\t\t<\/div>\n\t\t\t\t<\/div>\n\t\t\t\t<div class=\"elementor-element elementor-element-c5241ae elementor-widget-divider--view-line elementor-widget elementor-widget-divider\" data-id=\"c5241ae\" data-element_type=\"widget\" data-widget_type=\"divider.default\">\n\t\t\t\t<div class=\"elementor-widget-container\">\n\t\t\t\t\t\t\t<div class=\"elementor-divider\">\n\t\t\t<span class=\"elementor-divider-separator\">\n\t\t\t\t\t\t<\/span>\n\t\t<\/div>\n\t\t\t\t\t\t<\/div>\n\t\t\t\t<\/div>\n\t\t\t\t\t<\/div>\n\t\t<\/div>\n\t\t\t\t\t<\/div>\n\t\t<\/section>\n\t\t\t\t\t<\/div>\n\t\t<\/div>\n\t\t\t\t\t<\/div>\n\t\t<\/section>\n\t\t\t\t<section class=\"elementor-section elementor-top-section elementor-element elementor-element-7fd0a09 elementor-section-boxed elementor-section-height-default elementor-section-height-default\" data-id=\"7fd0a09\" data-element_type=\"section\" data-settings=\"{&quot;_ha_eqh_enable&quot;:false}\">\n\t\t\t\t\t\t<div class=\"elementor-container elementor-column-gap-default\">\n\t\t\t\t\t<div class=\"elementor-column elementor-col-100 elementor-top-column elementor-element elementor-element-836707c\" data-id=\"836707c\" data-element_type=\"column\">\n\t\t\t<div class=\"elementor-widget-wrap elementor-element-populated\">\n\t\t\t\t\t\t<div class=\"elementor-element elementor-element-af9be47 elementor-widget elementor-widget-text-editor\" data-id=\"af9be47\" data-element_type=\"widget\" data-widget_type=\"text-editor.default\">\n\t\t\t\t<div class=\"elementor-widget-container\">\n\t\t\t\t\t\t\t\t\t<div>Entre dos tierras estas<\/div><div>Y no dejas aire que respirar<\/div><div>D\u00e9jame<\/div><div>que yo no tengo la culpa de verte caer<\/div>\t\t\t\t\t\t\t\t<\/div>\n\t\t\t\t<\/div>\n\t\t\t\t\t<\/div>\n\t\t<\/div>\n\t\t\t\t\t<\/div>\n\t\t<\/section>\n\t\t\t\t<\/div>","protected":false},"excerpt":{"rendered":"<p>LA BAILARINA Y EL DIPLOM\u00c1TICO BIOGRAF\u00cdA Tres a\u00f1os llenos de aventuras surrealistas, a un ritmo fren\u00e9tico y de \u00e9xito en Los \u00c1ngeles , California&nbsp; Cap. 12 Enrique bumbury me sube a la mesita de noche de madrugada para que le baile Cuando estuvo mi madre en LA, le trajo a Georgia de Espa\u00f1a unos azulejos [&hellip;]<\/p>","protected":false},"author":1,"featured_media":38,"parent":0,"menu_order":0,"comment_status":"open","ping_status":"closed","template":"elementor_header_footer","meta":{"footnotes":""},"class_list":["post-9428","page","type-page","status-publish","has-post-thumbnail","hentry"],"_links":{"self":[{"href":"https:\/\/estherponcemagazine.com\/en\/wp-json\/wp\/v2\/pages\/9428","targetHints":{"allow":["GET"]}}],"collection":[{"href":"https:\/\/estherponcemagazine.com\/en\/wp-json\/wp\/v2\/pages"}],"about":[{"href":"https:\/\/estherponcemagazine.com\/en\/wp-json\/wp\/v2\/types\/page"}],"author":[{"embeddable":true,"href":"https:\/\/estherponcemagazine.com\/en\/wp-json\/wp\/v2\/users\/1"}],"replies":[{"embeddable":true,"href":"https:\/\/estherponcemagazine.com\/en\/wp-json\/wp\/v2\/comments?post=9428"}],"version-history":[{"count":28,"href":"https:\/\/estherponcemagazine.com\/en\/wp-json\/wp\/v2\/pages\/9428\/revisions"}],"predecessor-version":[{"id":10104,"href":"https:\/\/estherponcemagazine.com\/en\/wp-json\/wp\/v2\/pages\/9428\/revisions\/10104"}],"wp:featuredmedia":[{"embeddable":true,"href":"https:\/\/estherponcemagazine.com\/en\/wp-json\/wp\/v2\/media\/38"}],"wp:attachment":[{"href":"https:\/\/estherponcemagazine.com\/en\/wp-json\/wp\/v2\/media?parent=9428"}],"curies":[{"name":"wp","href":"https:\/\/api.w.org\/{rel}","templated":true}]}}