{"id":9386,"date":"2021-06-08T05:07:55","date_gmt":"2021-06-08T06:07:55","guid":{"rendered":"https:\/\/estherponcemagazine.com\/?page_id=9386"},"modified":"2021-08-30T17:00:48","modified_gmt":"2021-08-30T18:00:48","slug":"la-bailarina-y-el-diplomatico-capitulo-11","status":"publish","type":"page","link":"https:\/\/estherponcemagazine.com\/en\/la-bailarina-y-el-diplomatico-capitulo-11\/","title":{"rendered":"LA BAILARINA Y EL DIPLOM\u00c1TICO &#8211; CAPITULO 11"},"content":{"rendered":"<div data-elementor-type=\"wp-post\" data-elementor-id=\"9386\" class=\"elementor elementor-9386\" data-elementor-settings=\"{&quot;ha_cmc_init_switcher&quot;:&quot;no&quot;}\">\n\t\t\t\t\t\t<section class=\"elementor-section elementor-top-section elementor-element elementor-element-22afe40 elementor-section-full_width elementor-section-height-default elementor-section-height-default\" data-id=\"22afe40\" data-element_type=\"section\" data-settings=\"{&quot;background_background&quot;:&quot;classic&quot;,&quot;_ha_eqh_enable&quot;:false}\">\n\t\t\t\t\t\t<div class=\"elementor-container elementor-column-gap-default\">\n\t\t\t\t\t<div class=\"elementor-column elementor-col-100 elementor-top-column elementor-element elementor-element-b5a6a30\" data-id=\"b5a6a30\" data-element_type=\"column\" data-settings=\"{&quot;background_background&quot;:&quot;classic&quot;}\">\n\t\t\t<div class=\"elementor-widget-wrap elementor-element-populated\">\n\t\t\t\t\t\t<div class=\"elementor-element elementor-element-878d8af elementor-widget elementor-widget-heading\" data-id=\"878d8af\" data-element_type=\"widget\" data-widget_type=\"heading.default\">\n\t\t\t\t<div class=\"elementor-widget-container\">\n\t\t\t\t\t<h2 class=\"elementor-heading-title elementor-size-default\">THE DANCER AND THE DIPLOMAT<\/h2>\t\t\t\t<\/div>\n\t\t\t\t<\/div>\n\t\t\t\t\t<\/div>\n\t\t<\/div>\n\t\t\t\t\t<\/div>\n\t\t<\/section>\n\t\t\t\t<section class=\"elementor-section elementor-top-section elementor-element elementor-element-471578e elementor-section-boxed elementor-section-height-default elementor-section-height-default\" data-id=\"471578e\" data-element_type=\"section\" data-settings=\"{&quot;_ha_eqh_enable&quot;:false}\">\n\t\t\t\t\t\t<div class=\"elementor-container elementor-column-gap-default\">\n\t\t\t\t\t<div class=\"elementor-column elementor-col-100 elementor-top-column elementor-element elementor-element-78df3d7\" data-id=\"78df3d7\" data-element_type=\"column\">\n\t\t\t<div class=\"elementor-widget-wrap elementor-element-populated\">\n\t\t\t\t\t\t<div class=\"elementor-element elementor-element-89876e4 elementor-view-default elementor-widget elementor-widget-icon\" data-id=\"89876e4\" data-element_type=\"widget\" data-widget_type=\"icon.default\">\n\t\t\t\t<div class=\"elementor-widget-container\">\n\t\t\t\t\t\t\t<div class=\"elementor-icon-wrapper\">\n\t\t\t<a class=\"elementor-icon\" href=\"http:\/\/estherponcemagazine.com\/en\/a-pelo\/\">\n\t\t\t<i aria-hidden=\"true\" class=\"fas fa-arrow-alt-circle-left\"><\/i>\t\t\t<\/a>\n\t\t<\/div>\n\t\t\t\t\t\t<\/div>\n\t\t\t\t<\/div>\n\t\t\t\t<div class=\"elementor-element elementor-element-b124447 elementor-widget elementor-widget-heading\" data-id=\"b124447\" data-element_type=\"widget\" data-widget_type=\"heading.default\">\n\t\t\t\t<div class=\"elementor-widget-container\">\n\t\t\t\t\t<h2 class=\"elementor-heading-title elementor-size-default\">BIOGRAPHY<\/h2>\t\t\t\t<\/div>\n\t\t\t\t<\/div>\n\t\t\t\t<div class=\"elementor-element elementor-element-709a297 elementor-widget-divider--view-line elementor-widget elementor-widget-divider\" data-id=\"709a297\" data-element_type=\"widget\" data-widget_type=\"divider.default\">\n\t\t\t\t<div class=\"elementor-widget-container\">\n\t\t\t\t\t\t\t<div class=\"elementor-divider\">\n\t\t\t<span class=\"elementor-divider-separator\">\n\t\t\t\t\t\t<\/span>\n\t\t<\/div>\n\t\t\t\t\t\t<\/div>\n\t\t\t\t<\/div>\n\t\t\t\t<div class=\"elementor-element elementor-element-85dcdbd elementor-widget elementor-widget-heading\" data-id=\"85dcdbd\" data-element_type=\"widget\" data-widget_type=\"heading.default\">\n\t\t\t\t<div class=\"elementor-widget-container\">\n\t\t\t\t\t<h2 class=\"elementor-heading-title elementor-size-default\"><span style=\"font-weight: bold\">Three years full of surreal adventures, successfully at a frenetic  rhythm  in Los Angeles, California&nbsp;<\/span><\/h2>\t\t\t\t<\/div>\n\t\t\t\t<\/div>\n\t\t\t\t<div class=\"elementor-element elementor-element-2485e6b elementor-widget-divider--view-line elementor-widget elementor-widget-divider\" data-id=\"2485e6b\" data-element_type=\"widget\" data-widget_type=\"divider.default\">\n\t\t\t\t<div class=\"elementor-widget-container\">\n\t\t\t\t\t\t\t<div class=\"elementor-divider\">\n\t\t\t<span class=\"elementor-divider-separator\">\n\t\t\t\t\t\t<\/span>\n\t\t<\/div>\n\t\t\t\t\t\t<\/div>\n\t\t\t\t<\/div>\n\t\t\t\t<section class=\"elementor-section elementor-inner-section elementor-element elementor-element-e0a5f3b elementor-reverse-mobile elementor-section-boxed elementor-section-height-default elementor-section-height-default\" data-id=\"e0a5f3b\" data-element_type=\"section\" data-settings=\"{&quot;_ha_eqh_enable&quot;:false}\">\n\t\t\t\t\t\t<div class=\"elementor-container elementor-column-gap-default\">\n\t\t\t\t\t<div class=\"elementor-column elementor-col-100 elementor-inner-column elementor-element elementor-element-b6940ce\" data-id=\"b6940ce\" data-element_type=\"column\">\n\t\t\t<div class=\"elementor-widget-wrap elementor-element-populated\">\n\t\t\t\t\t\t<div class=\"elementor-element elementor-element-05cc50d elementor-widget elementor-widget-heading\" data-id=\"05cc50d\" data-element_type=\"widget\" data-widget_type=\"heading.default\">\n\t\t\t\t<div class=\"elementor-widget-container\">\n\t\t\t\t\t<h2 class=\"elementor-heading-title elementor-size-default\">Chapter 11. Because of the tequila, I premiere \"Flamenco Sensual\" presented by the Consul of Spain. \n\n\n<\/h2>\t\t\t\t<\/div>\n\t\t\t\t<\/div>\n\t\t\t\t<div class=\"elementor-element elementor-element-3b60a22 elementor-widget-divider--view-line elementor-widget elementor-widget-divider\" data-id=\"3b60a22\" data-element_type=\"widget\" data-widget_type=\"divider.default\">\n\t\t\t\t<div class=\"elementor-widget-container\">\n\t\t\t\t\t\t\t<div class=\"elementor-divider\">\n\t\t\t<span class=\"elementor-divider-separator\">\n\t\t\t\t\t\t<\/span>\n\t\t<\/div>\n\t\t\t\t\t\t<\/div>\n\t\t\t\t<\/div>\n\t\t\t\t<div class=\"elementor-element elementor-element-e286197 elementor-widget elementor-widget-text-editor\" data-id=\"e286197\" data-element_type=\"widget\" data-widget_type=\"text-editor.default\">\n\t\t\t\t<div class=\"elementor-widget-container\">\n\t\t\t\t\t\t\t\t\t<p>My mother had to return to Spain, and we went to dinner at Windows, a restaurant on the top floor of a down town building that, as its name suggests, only had windows that reached the ground and that occupied the entire top floor, with spectacular views of the entire city.\u00a0<\/p><p>The owner was Mexican and he knew Paul, so he put us at the best table and with a bottle of the best welcome tequila that was the culprit of the final outcome.\u00a0<\/p><p>My mother took her shots as a teenager in Spain, hitting the table while she enjoyed watching the owner suffer in case she broke it, and who informed her that even if it had the color of water, it was tequila!\u00a0<\/p><p>It didn't take long for the couple at the next table to join in the celebration. Yolanda was the owner of a very exclusive beauty center who was fascinated with my skin and while the owner invited us to visit the convention room, she asked me to be her model for the launch of a new treatment.\u00a0<\/p><p>When I saw the entire city illuminated from the 50th floor, I looked at my mother, who was surely seeing a field of \"blue agave\" because of how big the room was. I approached the owner, Paul, my bodyguard, was already by my side, and I announced aloud: I am going to present my first production here, it will be my first show, we will set up a stage and I will dance to the city of Los Angeles. We will give a cocktail and invite all the Spanish entities.\u00a0<\/p><p>The owner continued to suffer, this time for his crystals that needed a special insurance for the event and that of course Paul would already be doing numbers with a minimum of 5 digits.\u00a0<\/p><p>Before we left Windows, my mother and I went to the toilet, never before in our lives we had suffered from racism. My mother was retouching her makeup sitting in a beautiful velvet chair, when a group of 4 African-American women cornered her and threatened that either she would remove her shitty white ass from the chair or they were going to slash her milk face. I was in the bathroom and when I came out and saw my mother's scared face who lost her voice, I slammed the door and told them that I was the owner of the restaurant and that the police were already on their way and that never again they would set foot in that place again. I was very sorry, because I had many African American students and one of them, Bertha, was the one who gave me the first opportunity as a teacher in LA.\u00a0<\/p><p>But that incident did not stop us from taking the penultimate shot of the best tequila to forget.\u00a0<\/p><p>After ten months of eight hours of intensive flamenco classes a week, my students already had a very high level and I chose the best 5 as a corps de ballet, each one of different nationality.\nI designed all the suits, I bought the fabrics that my dressmaker Elena, Paul's mother, sewed. Eight live musicians would play that night; The guitarist Gino, who passed away and I will never forget, a flamenco singer, a violinist, a percussionist, and the Ziroq group made up of 4 musicians. Three video cameras, a filmmaker, an editor, two make-up artists, a hairdresser and all my professionalism is why Mr. Jose Luis Dicenta Ballester did not hesitate to put his name on the invitations and bureaucratically help me to present \u201cFlamenco Sensual\u201d.\u00a0<\/p><p>Dise\u00f1\u00e9 todos los trajes, compr\u00e9 las telas que cosi\u00f3 mi modista Elena, la madre de Paul. Ocho m\u00fasicos en directo tocar\u00edan esa noche ; Un guitarrista, Gino, que falleci\u00f3 y nunca olvidar\u00e9, un cantaor flamenco, una violinista, un percusionista, y el grupo Ziroq compuesto por 4 m\u00fasicos. Tres c\u00e1maras de v\u00eddeo, un realizador, un editor, dos maquilladores, un peluquero y toda mi profesionalidad es por lo que D. Jose Luis Dicenta Ballester, no dud\u00f3 en poner su nombre en las invitaciones y ayudarme burocr\u00e1ticamente a presentar \u201c Flamenco Sensual\u201d.\u00a0<\/p><p>\u2014What the Madrid artist Esther Ponce, of whom I am very proud as Consul of Spain, has achieved tonight is incredible! In just a few months after arriving in Los Angeles with nothing, she has taught and prepared 5 women of different nationalities to dance flamenco, she has brought them up next to her on stage with humility and showing her great professionalism ...<\/p><p>Afterwards, the Director of the Tourism Office, the Director of Culture, etc., came up to give his speech. All the guests were fascinated with the show and with the place. At the events given by Spanish institutions, there is usually ham, cheese, potato omelette, wine and beer. That was a glamorous night, they ate gourmet canapes and drank champagne like there was no tomorrow. I settled in their hearts for flamenco art and also for their stomach.<\/p><p>The video for \u201cFlamenco Sensual\u201d was broadcast during the Hispanic Day party that was held in Beverly Hills at the Lladr\u00f3 porcelain store and was in the libraries and auditorium of several California universities representing our culture.\u00a0<\/p>\t\t\t\t\t\t\t\t<\/div>\n\t\t\t\t<\/div>\n\t\t\t\t<div class=\"elementor-element elementor-element-60c0d9e elementor-widget elementor-widget-heading\" data-id=\"60c0d9e\" data-element_type=\"widget\" data-widget_type=\"heading.default\">\n\t\t\t\t<div class=\"elementor-widget-container\">\n\t\t\t\t\t<h2 class=\"elementor-heading-title elementor-size-default\">DON'T MISS CHAPTER 12!<\/h2>\t\t\t\t<\/div>\n\t\t\t\t<\/div>\n\t\t\t\t<div class=\"elementor-element elementor-element-db40bb5 elementor-widget elementor-widget-heading\" data-id=\"db40bb5\" data-element_type=\"widget\" data-widget_type=\"heading.default\">\n\t\t\t\t<div class=\"elementor-widget-container\">\n\t\t\t\t\t<h2 class=\"elementor-heading-title elementor-size-default\">\"EnRique bumbury takes me up on the nightstand at dawn to dance for him\"\n\n\n\n<\/h2>\t\t\t\t<\/div>\n\t\t\t\t<\/div>\n\t\t\t\t<div class=\"elementor-element elementor-element-1bcf2be elementor-widget elementor-widget-image\" data-id=\"1bcf2be\" data-element_type=\"widget\" data-widget_type=\"image.default\">\n\t\t\t\t<div class=\"elementor-widget-container\">\n\t\t\t\t\t\t\t\t\t\t\t\t\t\t\t<img fetchpriority=\"high\" decoding=\"async\" width=\"800\" height=\"480\" src=\"https:\/\/estherponcemagazine.com\/wp-content\/uploads\/2021\/06\/IMG-20210605-WA0000.jpg\" class=\"attachment-large size-large wp-image-9391\" alt=\"\" srcset=\"https:\/\/estherponcemagazine.com\/wp-content\/uploads\/2021\/06\/IMG-20210605-WA0000.jpg 1024w, https:\/\/estherponcemagazine.com\/wp-content\/uploads\/2021\/06\/IMG-20210605-WA0000-300x180.jpg 300w, https:\/\/estherponcemagazine.com\/wp-content\/uploads\/2021\/06\/IMG-20210605-WA0000-768x461.jpg 768w, https:\/\/estherponcemagazine.com\/wp-content\/uploads\/2021\/06\/IMG-20210605-WA0000-16x10.jpg 16w, https:\/\/estherponcemagazine.com\/wp-content\/uploads\/2021\/06\/IMG-20210605-WA0000-24x14.jpg 24w, https:\/\/estherponcemagazine.com\/wp-content\/uploads\/2021\/06\/IMG-20210605-WA0000-36x22.jpg 36w, https:\/\/estherponcemagazine.com\/wp-content\/uploads\/2021\/06\/IMG-20210605-WA0000-48x29.jpg 48w\" sizes=\"(max-width: 800px) 100vw, 800px\" \/>\t\t\t\t\t\t\t\t\t\t\t\t\t\t\t<\/div>\n\t\t\t\t<\/div>\n\t\t\t\t<div class=\"elementor-element elementor-element-8ceca5f elementor-widget elementor-widget-video\" data-id=\"8ceca5f\" data-element_type=\"widget\" data-settings=\"{&quot;youtube_url&quot;:&quot;https:\\\/\\\/youtu.be\\\/BciS5krYL80&quot;,&quot;video_type&quot;:&quot;youtube&quot;,&quot;controls&quot;:&quot;yes&quot;}\" data-widget_type=\"video.default\">\n\t\t\t\t<div class=\"elementor-widget-container\">\n\t\t\t\t\t\t\t<div class=\"elementor-wrapper elementor-open-inline\">\n\t\t\t<div class=\"elementor-video\"><\/div>\t\t<\/div>\n\t\t\t\t\t\t<\/div>\n\t\t\t\t<\/div>\n\t\t\t\t<div class=\"elementor-element elementor-element-c5241ae elementor-widget-divider--view-line elementor-widget elementor-widget-divider\" data-id=\"c5241ae\" data-element_type=\"widget\" data-widget_type=\"divider.default\">\n\t\t\t\t<div class=\"elementor-widget-container\">\n\t\t\t\t\t\t\t<div class=\"elementor-divider\">\n\t\t\t<span class=\"elementor-divider-separator\">\n\t\t\t\t\t\t<\/span>\n\t\t<\/div>\n\t\t\t\t\t\t<\/div>\n\t\t\t\t<\/div>\n\t\t\t\t<div class=\"elementor-element elementor-element-f73655f elementor-widget elementor-widget-text-editor\" data-id=\"f73655f\" data-element_type=\"widget\" data-widget_type=\"text-editor.default\">\n\t\t\t\t<div class=\"elementor-widget-container\">\n\t\t\t\t\t\t\t\t\t<div>\u00a0<\/div>\t\t\t\t\t\t\t\t<\/div>\n\t\t\t\t<\/div>\n\t\t\t\t\t<\/div>\n\t\t<\/div>\n\t\t\t\t\t<\/div>\n\t\t<\/section>\n\t\t\t\t\t<\/div>\n\t\t<\/div>\n\t\t\t\t\t<\/div>\n\t\t<\/section>\n\t\t\t\t<section class=\"elementor-section elementor-top-section elementor-element elementor-element-c25adf2 elementor-section-boxed elementor-section-height-default elementor-section-height-default\" data-id=\"c25adf2\" data-element_type=\"section\" data-settings=\"{&quot;_ha_eqh_enable&quot;:false}\">\n\t\t\t\t\t\t<div class=\"elementor-container elementor-column-gap-default\">\n\t\t\t\t\t<div class=\"elementor-column elementor-col-100 elementor-top-column elementor-element elementor-element-44a01c2\" data-id=\"44a01c2\" data-element_type=\"column\">\n\t\t\t<div class=\"elementor-widget-wrap elementor-element-populated\">\n\t\t\t\t\t\t<div class=\"elementor-element elementor-element-21b4530 elementor-widget elementor-widget-text-editor\" data-id=\"21b4530\" data-element_type=\"widget\" data-widget_type=\"text-editor.default\">\n\t\t\t\t<div class=\"elementor-widget-container\">\n\t\t\t\t\t\t\t\t\t<div class=\"ujudUb WRZytc OULBYb\">Her mind is Tiffany-twisted, she got the Mercedes bends<br \/>She got a lot of pretty, pretty boys she calls friends<br \/>How\u2026<\/div>\t\t\t\t\t\t\t\t<\/div>\n\t\t\t\t<\/div>\n\t\t\t\t\t<\/div>\n\t\t<\/div>\n\t\t\t\t\t<\/div>\n\t\t<\/section>\n\t\t\t\t<\/div>","protected":false},"excerpt":{"rendered":"<p>LA BAILARINA Y EL DIPLOM\u00c1TICO BIOGRAF\u00cdA Tres a\u00f1os llenos de aventuras surrealistas, a un ritmo fren\u00e9tico y de \u00e9xito en Los \u00c1ngeles , California&nbsp; Cap. 11 Por culpa del tequila estreno \u201c Flamenco Sensual\u201d presentado por el C\u00f3nsul de Espa\u00f1a. Mi madre ten\u00eda que volver a Espa\u00f1a, y\u00a0\u00a0nos fuimos a cenar a Windows, un restaurante [&hellip;]<\/p>","protected":false},"author":1,"featured_media":38,"parent":0,"menu_order":0,"comment_status":"open","ping_status":"closed","template":"elementor_header_footer","meta":{"footnotes":""},"class_list":["post-9386","page","type-page","status-publish","has-post-thumbnail","hentry"],"_links":{"self":[{"href":"https:\/\/estherponcemagazine.com\/en\/wp-json\/wp\/v2\/pages\/9386","targetHints":{"allow":["GET"]}}],"collection":[{"href":"https:\/\/estherponcemagazine.com\/en\/wp-json\/wp\/v2\/pages"}],"about":[{"href":"https:\/\/estherponcemagazine.com\/en\/wp-json\/wp\/v2\/types\/page"}],"author":[{"embeddable":true,"href":"https:\/\/estherponcemagazine.com\/en\/wp-json\/wp\/v2\/users\/1"}],"replies":[{"embeddable":true,"href":"https:\/\/estherponcemagazine.com\/en\/wp-json\/wp\/v2\/comments?post=9386"}],"version-history":[{"count":31,"href":"https:\/\/estherponcemagazine.com\/en\/wp-json\/wp\/v2\/pages\/9386\/revisions"}],"predecessor-version":[{"id":10107,"href":"https:\/\/estherponcemagazine.com\/en\/wp-json\/wp\/v2\/pages\/9386\/revisions\/10107"}],"wp:featuredmedia":[{"embeddable":true,"href":"https:\/\/estherponcemagazine.com\/en\/wp-json\/wp\/v2\/media\/38"}],"wp:attachment":[{"href":"https:\/\/estherponcemagazine.com\/en\/wp-json\/wp\/v2\/media?parent=9386"}],"curies":[{"name":"wp","href":"https:\/\/api.w.org\/{rel}","templated":true}]}}