{"id":9260,"date":"2021-05-24T06:06:04","date_gmt":"2021-05-24T07:06:04","guid":{"rendered":"https:\/\/estherponcemagazine.com\/?page_id=9260"},"modified":"2021-06-22T08:59:26","modified_gmt":"2021-06-22T09:59:26","slug":"la-bailarina-y-el-diplomatico-capitulo-9","status":"publish","type":"page","link":"https:\/\/estherponcemagazine.com\/en\/la-bailarina-y-el-diplomatico-capitulo-9\/","title":{"rendered":"LA BAILARINA Y EL DIPLOM\u00c1TICO &#8211; CAPITULO 9"},"content":{"rendered":"<div data-elementor-type=\"wp-post\" data-elementor-id=\"9260\" class=\"elementor elementor-9260\" data-elementor-settings=\"{&quot;ha_cmc_init_switcher&quot;:&quot;no&quot;}\">\n\t\t\t\t\t\t<section class=\"elementor-section elementor-top-section elementor-element elementor-element-22afe40 elementor-section-full_width elementor-section-height-default elementor-section-height-default\" data-id=\"22afe40\" data-element_type=\"section\" data-settings=\"{&quot;background_background&quot;:&quot;classic&quot;,&quot;_ha_eqh_enable&quot;:false}\">\n\t\t\t\t\t\t<div class=\"elementor-container elementor-column-gap-default\">\n\t\t\t\t\t<div class=\"elementor-column elementor-col-100 elementor-top-column elementor-element elementor-element-b5a6a30\" data-id=\"b5a6a30\" data-element_type=\"column\" data-settings=\"{&quot;background_background&quot;:&quot;classic&quot;}\">\n\t\t\t<div class=\"elementor-widget-wrap elementor-element-populated\">\n\t\t\t\t\t\t<div class=\"elementor-element elementor-element-878d8af elementor-widget elementor-widget-heading\" data-id=\"878d8af\" data-element_type=\"widget\" data-widget_type=\"heading.default\">\n\t\t\t\t<div class=\"elementor-widget-container\">\n\t\t\t\t\t<h2 class=\"elementor-heading-title elementor-size-default\">THE DANCER AND THE DIPLOMAT<\/h2>\t\t\t\t<\/div>\n\t\t\t\t<\/div>\n\t\t\t\t\t<\/div>\n\t\t<\/div>\n\t\t\t\t\t<\/div>\n\t\t<\/section>\n\t\t\t\t<section class=\"elementor-section elementor-top-section elementor-element elementor-element-471578e elementor-section-boxed elementor-section-height-default elementor-section-height-default\" data-id=\"471578e\" data-element_type=\"section\" data-settings=\"{&quot;_ha_eqh_enable&quot;:false}\">\n\t\t\t\t\t\t<div class=\"elementor-container elementor-column-gap-default\">\n\t\t\t\t\t<div class=\"elementor-column elementor-col-100 elementor-top-column elementor-element elementor-element-78df3d7\" data-id=\"78df3d7\" data-element_type=\"column\">\n\t\t\t<div class=\"elementor-widget-wrap elementor-element-populated\">\n\t\t\t\t\t\t<div class=\"elementor-element elementor-element-89876e4 elementor-view-default elementor-widget elementor-widget-icon\" data-id=\"89876e4\" data-element_type=\"widget\" data-widget_type=\"icon.default\">\n\t\t\t\t<div class=\"elementor-widget-container\">\n\t\t\t\t\t\t\t<div class=\"elementor-icon-wrapper\">\n\t\t\t<a class=\"elementor-icon\" href=\"http:\/\/estherponcemagazine.com\/en\/a-pelo\/\">\n\t\t\t<i aria-hidden=\"true\" class=\"fas fa-arrow-alt-circle-left\"><\/i>\t\t\t<\/a>\n\t\t<\/div>\n\t\t\t\t\t\t<\/div>\n\t\t\t\t<\/div>\n\t\t\t\t<div class=\"elementor-element elementor-element-b124447 elementor-widget elementor-widget-heading\" data-id=\"b124447\" data-element_type=\"widget\" data-widget_type=\"heading.default\">\n\t\t\t\t<div class=\"elementor-widget-container\">\n\t\t\t\t\t<h2 class=\"elementor-heading-title elementor-size-default\">BIOGRAPHY<\/h2>\t\t\t\t<\/div>\n\t\t\t\t<\/div>\n\t\t\t\t<div class=\"elementor-element elementor-element-709a297 elementor-widget-divider--view-line elementor-widget elementor-widget-divider\" data-id=\"709a297\" data-element_type=\"widget\" data-widget_type=\"divider.default\">\n\t\t\t\t<div class=\"elementor-widget-container\">\n\t\t\t\t\t\t\t<div class=\"elementor-divider\">\n\t\t\t<span class=\"elementor-divider-separator\">\n\t\t\t\t\t\t<\/span>\n\t\t<\/div>\n\t\t\t\t\t\t<\/div>\n\t\t\t\t<\/div>\n\t\t\t\t<div class=\"elementor-element elementor-element-85dcdbd elementor-widget elementor-widget-heading\" data-id=\"85dcdbd\" data-element_type=\"widget\" data-widget_type=\"heading.default\">\n\t\t\t\t<div class=\"elementor-widget-container\">\n\t\t\t\t\t<h2 class=\"elementor-heading-title elementor-size-default\"><span style=\"font-weight: bold\">Three years full of surreal adventures, successfully at a frenetic  rhythm  in Los Angeles, California&nbsp;<\/span><\/h2>\t\t\t\t<\/div>\n\t\t\t\t<\/div>\n\t\t\t\t<div class=\"elementor-element elementor-element-2485e6b elementor-widget-divider--view-line elementor-widget elementor-widget-divider\" data-id=\"2485e6b\" data-element_type=\"widget\" data-widget_type=\"divider.default\">\n\t\t\t\t<div class=\"elementor-widget-container\">\n\t\t\t\t\t\t\t<div class=\"elementor-divider\">\n\t\t\t<span class=\"elementor-divider-separator\">\n\t\t\t\t\t\t<\/span>\n\t\t<\/div>\n\t\t\t\t\t\t<\/div>\n\t\t\t\t<\/div>\n\t\t\t\t<section class=\"elementor-section elementor-inner-section elementor-element elementor-element-e0a5f3b elementor-reverse-mobile elementor-section-boxed elementor-section-height-default elementor-section-height-default\" data-id=\"e0a5f3b\" data-element_type=\"section\" data-settings=\"{&quot;_ha_eqh_enable&quot;:false}\">\n\t\t\t\t\t\t<div class=\"elementor-container elementor-column-gap-default\">\n\t\t\t\t\t<div class=\"elementor-column elementor-col-100 elementor-inner-column elementor-element elementor-element-b6940ce\" data-id=\"b6940ce\" data-element_type=\"column\">\n\t\t\t<div class=\"elementor-widget-wrap elementor-element-populated\">\n\t\t\t\t\t\t<div class=\"elementor-element elementor-element-05cc50d elementor-widget elementor-widget-heading\" data-id=\"05cc50d\" data-element_type=\"widget\" data-widget_type=\"heading.default\">\n\t\t\t\t<div class=\"elementor-widget-container\">\n\t\t\t\t\t<h2 class=\"elementor-heading-title elementor-size-default\">I dance for Antonio Banderas and a student betrays me<\/h2>\t\t\t\t<\/div>\n\t\t\t\t<\/div>\n\t\t\t\t<div class=\"elementor-element elementor-element-3b60a22 elementor-widget-divider--view-line elementor-widget elementor-widget-divider\" data-id=\"3b60a22\" data-element_type=\"widget\" data-widget_type=\"divider.default\">\n\t\t\t\t<div class=\"elementor-widget-container\">\n\t\t\t\t\t\t\t<div class=\"elementor-divider\">\n\t\t\t<span class=\"elementor-divider-separator\">\n\t\t\t\t\t\t<\/span>\n\t\t<\/div>\n\t\t\t\t\t\t<\/div>\n\t\t\t\t<\/div>\n\t\t\t\t<div class=\"elementor-element elementor-element-e286197 elementor-widget elementor-widget-text-editor\" data-id=\"e286197\" data-element_type=\"widget\" data-widget_type=\"text-editor.default\">\n\t\t\t\t<div class=\"elementor-widget-container\">\n\t\t\t\t\t\t\t\t\t<p>I had such a frenetic pace that I don't know how or when it came about, but I was already getting out of the car at the Beverly Hills Hotel for an interview with the production company that organized the Latin awards ceremony The Golden Eagle Awards. To dance at the award ceremony for Spanish actor Antonio Banderas.\u00a0<\/p><p>Right away, my little angel, introduce myself to Marius, singer of a rock group, from M\u00e1laga like Antonio Banderas and with all due respect, look at Antonio is a Spanish beauty, an irresistible Latin lover, but Marius had the beauty of a prince and with a smile that It left me totally upset and that's when I realized that I was starting to regain my sexual appetite.\u00a0<\/p><p>The group merged with flamenco and to take the percussion and Marius with me to the performance that we would do as a surprise for Antonio Banderas at the delivery of his award, they were perfect. Marius wasn't even going to sing, he'd just play guitar, but they didn't want to miss out on being around such influential people in the industry. Although advertising is a form of payment in Los Angeles and we would not charge the performance.\u00a0<\/p><p>I was so excited that the same afternoon in the general flamenco class, I would tell my students how happy I was, that later in our Sushi Place after class, we drank all the Sake, I got on my stage, the table I was in love with, because it was made of wood, very short and 6m square. And I only thought of Spain when I said to my family crying like a child, - Mom, can you imagine meeting Antonio Banderas? That is difficult, she told me.\u00a0<\/p><p>Well, that dream was already a reality. We had already rehearsed the two minutes for very flamenco and very rock Buler\u00edas. And I am in love with the singer, well , imagine the fire that I had inside and that I would bring out in front of thousands of people sitting each one more important. And being in the book of these awards, as Ambassador of Flamenco, would be a good step on my CV.\u00a0<\/p><p>BUT! the famous Envy comes into play.\u00a0<\/p><p>I recognize it from a distance because I have always suffered from it. From a very young age in school and at levels of bullying in the field of dance. She is always the one who is closest to you, the one who admires you the most, the one who follows you like a shadow, and when she advises you is when her Venetian mask falls off.\u00a0<\/p><p>Envy,  tarnished my glass shoe and appeared in my life, once again.\u00a0<\/p><p>When in the morning of the long-awaited day, my phone rings and it is the producer, who coldly, without hesitation and with a bug's voice but always friendly and as if she is going to give me a new schedule and it does not matter. SHe informs me that I no longer have to attend the awards ceremony that afternoon because there is another dancer who is going to do it in my place. Because she is already going to be there performing with her sister, who has a well-known group of Mexican dances and has offered to dance in your place. So that everything is more comfortable and faster for us. She also says that she does not need live musicians like you and she will do it with the recorded music of the Gypsy kings, which is what we offered you in the beginning. And that's when you told us that you were Spanish, a professional dancer and that we had saved the flight and the hotel being lucky to have you in LA and that Antonio Banderas deserved good flamenco on such a special night and that he would appreciate it. And you saw that we did not hesitate for a minute to say yes to everything.\u00a0<\/p><p>But we have decided that it will be less mess with her. I asked her if she could tell me her name and automatically the tears of rage and impotence came to my eyes and crying with all my soul I told her : \u2014and what about all the illusion, and all that we have already paid for like the rehearsals of weeks looking for schedules like crazy , the dress that I have made for the occasion, the makeup artist, etc, etc, etc. What about my family and the illusion of seeing their daughter succeeding, my proud friends supporting me. What about my illusion, with my dream about to come true.\u00a0<\/p><p>Put your hand on your heart and think carefully that this girl happens to be my student, the one who is about to betray me.\u00a0<\/p><p>She has been to rehearsals, she has heard stories every day of class about my dress, my illusion, the dinner that all the students have prepared for me to celebrate and the worst thing is that that student who studies with me 8 hours a week  which  I thought she admired me, she has hidden that she would be in these awards to be able to betray me.\u00a0<\/p><p>Tonight I am going to dance for Antonio Banderas as my name is Esther Ponce and in the end you will have to thank me. Now I am hurt and that makes me stronger! And I hung up the phone.\u00a0<\/p><p>When I arrived and saw my Mexican student in the dressing room, I was scared, she was able to come to greet me as if she had not done anything.\u00a0<\/p><p>But it was my moment and I wanted her to suffer it with her own eyes. But I kept the letter.\u00a0<\/p><p>There were only a few prizes to be handed out and Antonio Banderas personally entered the waiting room and, addressing the producer, reported aloud: - I am extremely sorry to have to give this news; They have already told me that you have been here since this morning working hard so that everything goes perfectly, but we are two hours late and as some of you know, Melany is arriving from India to the airport and I have to go pick her up.\u00a0<\/p><p>For what I am here, I have tried but unfortunately I will not be able to collect the award.\u00a0<\/p><p>At that moment, the surrealist story reappeared in my life as a real nightmare ... When I saw the faces of all the journalists looking at each other because they were left without the photo of the year, the producer who already gave everything for lost, also without his photon in his wonderful magazine for the following year, all with pale faces and not knowing what to say. My student living the happy ending of her evil plot.\u00a0<\/p><p>That suddenly without realizing it and avoiding by all means the sad end, which was haunting me and It was already my second skin.\u00a0<\/p><p>I said out loud: - Antonio !, everyone surprised , my voice was heard even in Spain and the producer was slowly approaching me along with the bodyguards getting ready just in case.\u00a0<\/p><p>You arrive late to the airport but I have traveled from Madrid just to dance for you. We have rehearsed with effort two minutes for buler\u00edas with the smell of your land, M\u00e1laga , and when you hear it and see me dance, two tears will fall and you will have something passionate  to tell your wife tonight. I'm sure Melany Griffith will understand.\u00a0<\/p><p>And to start as soon as possible, I suggest to the producer to postpone until the end the group of Mexican dances that comes now and last an eternity.\u00a0<\/p><p>When Antonio Banderas himself looked into my eyes and told me that he was not only going to stay, but that he would go on stage with us to clap his hands. I told him, smiling and with my heart pounding, that clapping better than not, that the beat was going very fast and that even some professionals couldn't keep up with my rhythm.\u00a0<\/p><p>Immediately the producer put herself at my orders, the journalists waiting for me for the photo of the year, they all wanted to be by my side, Antonio asked for the chair to sit between the guitarist and the percussion and I reminded him, that the clapping better not, because he got excited and started to clap his hands and at that rhythm if you don't do it well and with the accents, we would be fatal and on top of that recorded.\u00a0<\/p><p>To which Antonio Banderas loved my answer, he felt even more proud of the decision to stay for the award ceremony, which added with his characteristic sense of humor, \u2014Esther Ponce, your name is right? Don't forget that when we finish I'm flying away, I want to take a picture with the Spanish woman.\u00a0<\/p><p>My student was the one who did not dance in the end. They finished so late that there was no time. It also influenced the fact that I became a bit important and they listened to my suggestions ...\u00a0<\/p>\t\t\t\t\t\t\t\t<\/div>\n\t\t\t\t<\/div>\n\t\t\t\t<div class=\"elementor-element elementor-element-1bcf2be elementor-widget elementor-widget-image\" data-id=\"1bcf2be\" data-element_type=\"widget\" data-widget_type=\"image.default\">\n\t\t\t\t<div class=\"elementor-widget-container\">\n\t\t\t\t\t\t\t\t\t\t\t\t\t\t\t<img fetchpriority=\"high\" decoding=\"async\" width=\"768\" height=\"1024\" src=\"https:\/\/estherponcemagazine.com\/wp-content\/uploads\/2021\/05\/IMG-20210522-WA0000.jpg\" class=\"attachment-large size-large wp-image-9266\" alt=\"\" srcset=\"https:\/\/estherponcemagazine.com\/wp-content\/uploads\/2021\/05\/IMG-20210522-WA0000.jpg 768w, https:\/\/estherponcemagazine.com\/wp-content\/uploads\/2021\/05\/IMG-20210522-WA0000-225x300.jpg 225w, https:\/\/estherponcemagazine.com\/wp-content\/uploads\/2021\/05\/IMG-20210522-WA0000-9x12.jpg 9w, https:\/\/estherponcemagazine.com\/wp-content\/uploads\/2021\/05\/IMG-20210522-WA0000-18x24.jpg 18w, https:\/\/estherponcemagazine.com\/wp-content\/uploads\/2021\/05\/IMG-20210522-WA0000-27x36.jpg 27w, https:\/\/estherponcemagazine.com\/wp-content\/uploads\/2021\/05\/IMG-20210522-WA0000-36x48.jpg 36w\" sizes=\"(max-width: 768px) 100vw, 768px\" \/>\t\t\t\t\t\t\t\t\t\t\t\t\t\t\t<\/div>\n\t\t\t\t<\/div>\n\t\t\t\t<div class=\"elementor-element elementor-element-ac67f23 elementor-widget elementor-widget-text-editor\" data-id=\"ac67f23\" data-element_type=\"widget\" data-widget_type=\"text-editor.default\">\n\t\t\t\t<div class=\"elementor-widget-container\">\n\t\t\t\t\t\t\t\t\t<p>With Antonio Banderas after awards.<\/p>\t\t\t\t\t\t\t\t<\/div>\n\t\t\t\t<\/div>\n\t\t\t\t<div class=\"elementor-element elementor-element-b84fbf0 elementor-widget elementor-widget-image\" data-id=\"b84fbf0\" data-element_type=\"widget\" data-widget_type=\"image.default\">\n\t\t\t\t<div class=\"elementor-widget-container\">\n\t\t\t\t\t\t\t\t\t\t\t\t\t\t\t<img decoding=\"async\" width=\"800\" height=\"600\" src=\"https:\/\/estherponcemagazine.com\/wp-content\/uploads\/2021\/06\/IMG-20210619-WA0009-1.jpg\" class=\"attachment-large size-large wp-image-9567\" alt=\"\" srcset=\"https:\/\/estherponcemagazine.com\/wp-content\/uploads\/2021\/06\/IMG-20210619-WA0009-1.jpg 1024w, https:\/\/estherponcemagazine.com\/wp-content\/uploads\/2021\/06\/IMG-20210619-WA0009-1-300x225.jpg 300w, https:\/\/estherponcemagazine.com\/wp-content\/uploads\/2021\/06\/IMG-20210619-WA0009-1-768x576.jpg 768w, https:\/\/estherponcemagazine.com\/wp-content\/uploads\/2021\/06\/IMG-20210619-WA0009-1-16x12.jpg 16w, https:\/\/estherponcemagazine.com\/wp-content\/uploads\/2021\/06\/IMG-20210619-WA0009-1-24x18.jpg 24w, https:\/\/estherponcemagazine.com\/wp-content\/uploads\/2021\/06\/IMG-20210619-WA0009-1-36x27.jpg 36w, https:\/\/estherponcemagazine.com\/wp-content\/uploads\/2021\/06\/IMG-20210619-WA0009-1-48x36.jpg 48w\" sizes=\"(max-width: 800px) 100vw, 800px\" \/>\t\t\t\t\t\t\t\t\t\t\t\t\t\t\t<\/div>\n\t\t\t\t<\/div>\n\t\t\t\t<div class=\"elementor-element elementor-element-3e903d1 elementor-widget elementor-widget-image\" data-id=\"3e903d1\" data-element_type=\"widget\" data-widget_type=\"image.default\">\n\t\t\t\t<div class=\"elementor-widget-container\">\n\t\t\t\t\t\t\t\t\t\t\t\t\t\t\t<img decoding=\"async\" width=\"768\" height=\"1024\" src=\"https:\/\/estherponcemagazine.com\/wp-content\/uploads\/2021\/06\/IMG-20210619-WA0008.jpg\" class=\"attachment-large size-large wp-image-9566\" alt=\"\" srcset=\"https:\/\/estherponcemagazine.com\/wp-content\/uploads\/2021\/06\/IMG-20210619-WA0008.jpg 768w, https:\/\/estherponcemagazine.com\/wp-content\/uploads\/2021\/06\/IMG-20210619-WA0008-225x300.jpg 225w, https:\/\/estherponcemagazine.com\/wp-content\/uploads\/2021\/06\/IMG-20210619-WA0008-9x12.jpg 9w, https:\/\/estherponcemagazine.com\/wp-content\/uploads\/2021\/06\/IMG-20210619-WA0008-18x24.jpg 18w, https:\/\/estherponcemagazine.com\/wp-content\/uploads\/2021\/06\/IMG-20210619-WA0008-27x36.jpg 27w, https:\/\/estherponcemagazine.com\/wp-content\/uploads\/2021\/06\/IMG-20210619-WA0008-36x48.jpg 36w\" sizes=\"(max-width: 768px) 100vw, 768px\" \/>\t\t\t\t\t\t\t\t\t\t\t\t\t\t\t<\/div>\n\t\t\t\t<\/div>\n\t\t\t\t<div class=\"elementor-element elementor-element-60c0d9e elementor-widget elementor-widget-heading\" data-id=\"60c0d9e\" data-element_type=\"widget\" data-widget_type=\"heading.default\">\n\t\t\t\t<div class=\"elementor-widget-container\">\n\t\t\t\t\t<h2 class=\"elementor-heading-title elementor-size-default\">DON'T MISS CHAPTER 10!<\/h2>\t\t\t\t<\/div>\n\t\t\t\t<\/div>\n\t\t\t\t<div class=\"elementor-element elementor-element-db40bb5 elementor-widget elementor-widget-heading\" data-id=\"db40bb5\" data-element_type=\"widget\" data-widget_type=\"heading.default\">\n\t\t\t\t<div class=\"elementor-widget-container\">\n\t\t\t\t\t<h2 class=\"elementor-heading-title elementor-size-default\">New Years Eve, an architect builds for me a stage in his mansion in Bel Air. \n\n\n<\/h2>\t\t\t\t<\/div>\n\t\t\t\t<\/div>\n\t\t\t\t<div class=\"elementor-element elementor-element-8ceca5f elementor-widget elementor-widget-video\" data-id=\"8ceca5f\" data-element_type=\"widget\" data-settings=\"{&quot;youtube_url&quot;:&quot;https:\\\/\\\/youtu.be\\\/L7hYy0lfbsY&quot;,&quot;video_type&quot;:&quot;youtube&quot;,&quot;controls&quot;:&quot;yes&quot;}\" data-widget_type=\"video.default\">\n\t\t\t\t<div class=\"elementor-widget-container\">\n\t\t\t\t\t\t\t<div class=\"elementor-wrapper elementor-open-inline\">\n\t\t\t<div class=\"elementor-video\"><\/div>\t\t<\/div>\n\t\t\t\t\t\t<\/div>\n\t\t\t\t<\/div>\n\t\t\t\t<div class=\"elementor-element elementor-element-c5241ae elementor-widget-divider--view-line elementor-widget elementor-widget-divider\" data-id=\"c5241ae\" data-element_type=\"widget\" data-widget_type=\"divider.default\">\n\t\t\t\t<div class=\"elementor-widget-container\">\n\t\t\t\t\t\t\t<div class=\"elementor-divider\">\n\t\t\t<span class=\"elementor-divider-separator\">\n\t\t\t\t\t\t<\/span>\n\t\t<\/div>\n\t\t\t\t\t\t<\/div>\n\t\t\t\t<\/div>\n\t\t\t\t\t<\/div>\n\t\t<\/div>\n\t\t\t\t\t<\/div>\n\t\t<\/section>\n\t\t\t\t\t<\/div>\n\t\t<\/div>\n\t\t\t\t\t<\/div>\n\t\t<\/section>\n\t\t\t\t<section class=\"elementor-section elementor-top-section elementor-element elementor-element-c25adf2 elementor-section-boxed elementor-section-height-default elementor-section-height-default\" data-id=\"c25adf2\" data-element_type=\"section\" data-settings=\"{&quot;_ha_eqh_enable&quot;:false}\">\n\t\t\t\t\t\t<div class=\"elementor-container elementor-column-gap-default\">\n\t\t\t\t\t<div class=\"elementor-column elementor-col-100 elementor-top-column elementor-element elementor-element-44a01c2\" data-id=\"44a01c2\" data-element_type=\"column\">\n\t\t\t<div class=\"elementor-widget-wrap\">\n\t\t\t\t\t\t\t<\/div>\n\t\t<\/div>\n\t\t\t\t\t<\/div>\n\t\t<\/section>\n\t\t\t\t<\/div>","protected":false},"excerpt":{"rendered":"<p>LA BAILARINA Y EL DIPLOM\u00c1TICO BIOGRAF\u00cdA Tres a\u00f1os llenos de aventuras surrealistas, a un ritmo fren\u00e9tico y de \u00e9xito en Los \u00c1ngeles , California&nbsp; Cap\u00edtulo 9. Bailo Para Antonio Banderas y una alumna me traiciona\u200b Llevaba un ritmo\u00a0\u00a0tan fren\u00e9tico, que no se c\u00f3mo ni cu\u00e1ndo surgi\u00f3, pero ya estaba bajando del coche en el Beverly [&hellip;]<\/p>","protected":false},"author":1,"featured_media":38,"parent":0,"menu_order":0,"comment_status":"open","ping_status":"closed","template":"elementor_header_footer","meta":{"footnotes":""},"class_list":["post-9260","page","type-page","status-publish","has-post-thumbnail","hentry"],"_links":{"self":[{"href":"https:\/\/estherponcemagazine.com\/en\/wp-json\/wp\/v2\/pages\/9260","targetHints":{"allow":["GET"]}}],"collection":[{"href":"https:\/\/estherponcemagazine.com\/en\/wp-json\/wp\/v2\/pages"}],"about":[{"href":"https:\/\/estherponcemagazine.com\/en\/wp-json\/wp\/v2\/types\/page"}],"author":[{"embeddable":true,"href":"https:\/\/estherponcemagazine.com\/en\/wp-json\/wp\/v2\/users\/1"}],"replies":[{"embeddable":true,"href":"https:\/\/estherponcemagazine.com\/en\/wp-json\/wp\/v2\/comments?post=9260"}],"version-history":[{"count":31,"href":"https:\/\/estherponcemagazine.com\/en\/wp-json\/wp\/v2\/pages\/9260\/revisions"}],"predecessor-version":[{"id":9570,"href":"https:\/\/estherponcemagazine.com\/en\/wp-json\/wp\/v2\/pages\/9260\/revisions\/9570"}],"wp:featuredmedia":[{"embeddable":true,"href":"https:\/\/estherponcemagazine.com\/en\/wp-json\/wp\/v2\/media\/38"}],"wp:attachment":[{"href":"https:\/\/estherponcemagazine.com\/en\/wp-json\/wp\/v2\/media?parent=9260"}],"curies":[{"name":"wp","href":"https:\/\/api.w.org\/{rel}","templated":true}]}}