{"id":9012,"date":"2021-05-03T16:12:56","date_gmt":"2021-05-03T17:12:56","guid":{"rendered":"https:\/\/estherponcemagazine.com\/?page_id=9012"},"modified":"2021-05-03T18:27:50","modified_gmt":"2021-05-03T19:27:50","slug":"la-bailarina-y-el-diplomatico-capitulo-6","status":"publish","type":"page","link":"https:\/\/estherponcemagazine.com\/en\/la-bailarina-y-el-diplomatico-capitulo-6\/","title":{"rendered":"LA BAILARINA Y EL DIPLOM\u00c1TICO &#8211; CAPITULO 6"},"content":{"rendered":"<div data-elementor-type=\"wp-post\" data-elementor-id=\"9012\" class=\"elementor elementor-9012\" data-elementor-settings=\"{&quot;ha_cmc_init_switcher&quot;:&quot;no&quot;}\">\n\t\t\t\t\t\t<section class=\"elementor-section elementor-top-section elementor-element elementor-element-22afe40 elementor-section-full_width elementor-section-height-default elementor-section-height-default\" data-id=\"22afe40\" data-element_type=\"section\" data-settings=\"{&quot;background_background&quot;:&quot;classic&quot;,&quot;_ha_eqh_enable&quot;:false}\">\n\t\t\t\t\t\t<div class=\"elementor-container elementor-column-gap-default\">\n\t\t\t\t\t<div class=\"elementor-column elementor-col-100 elementor-top-column elementor-element elementor-element-b5a6a30\" data-id=\"b5a6a30\" data-element_type=\"column\" data-settings=\"{&quot;background_background&quot;:&quot;classic&quot;}\">\n\t\t\t<div class=\"elementor-widget-wrap elementor-element-populated\">\n\t\t\t\t\t\t<div class=\"elementor-element elementor-element-878d8af elementor-widget elementor-widget-heading\" data-id=\"878d8af\" data-element_type=\"widget\" data-widget_type=\"heading.default\">\n\t\t\t\t<div class=\"elementor-widget-container\">\n\t\t\t\t\t<h2 class=\"elementor-heading-title elementor-size-default\">THE DANCER AND THE DIPLOMAT<\/h2>\t\t\t\t<\/div>\n\t\t\t\t<\/div>\n\t\t\t\t\t<\/div>\n\t\t<\/div>\n\t\t\t\t\t<\/div>\n\t\t<\/section>\n\t\t\t\t<section class=\"elementor-section elementor-top-section elementor-element elementor-element-471578e elementor-section-boxed elementor-section-height-default elementor-section-height-default\" data-id=\"471578e\" data-element_type=\"section\" data-settings=\"{&quot;_ha_eqh_enable&quot;:false}\">\n\t\t\t\t\t\t<div class=\"elementor-container elementor-column-gap-default\">\n\t\t\t\t\t<div class=\"elementor-column elementor-col-100 elementor-top-column elementor-element elementor-element-78df3d7\" data-id=\"78df3d7\" data-element_type=\"column\">\n\t\t\t<div class=\"elementor-widget-wrap elementor-element-populated\">\n\t\t\t\t\t\t<div class=\"elementor-element elementor-element-89876e4 elementor-view-default elementor-widget elementor-widget-icon\" data-id=\"89876e4\" data-element_type=\"widget\" data-widget_type=\"icon.default\">\n\t\t\t\t<div class=\"elementor-widget-container\">\n\t\t\t\t\t\t\t<div class=\"elementor-icon-wrapper\">\n\t\t\t<a class=\"elementor-icon\" href=\"http:\/\/estherponcemagazine.com\/en\/a-pelo\/\">\n\t\t\t<i aria-hidden=\"true\" class=\"fas fa-arrow-alt-circle-left\"><\/i>\t\t\t<\/a>\n\t\t<\/div>\n\t\t\t\t\t\t<\/div>\n\t\t\t\t<\/div>\n\t\t\t\t<div class=\"elementor-element elementor-element-b124447 elementor-widget elementor-widget-heading\" data-id=\"b124447\" data-element_type=\"widget\" data-widget_type=\"heading.default\">\n\t\t\t\t<div class=\"elementor-widget-container\">\n\t\t\t\t\t<h2 class=\"elementor-heading-title elementor-size-default\">BIOGRAPHY<\/h2>\t\t\t\t<\/div>\n\t\t\t\t<\/div>\n\t\t\t\t<div class=\"elementor-element elementor-element-709a297 elementor-widget-divider--view-line elementor-widget elementor-widget-divider\" data-id=\"709a297\" data-element_type=\"widget\" data-widget_type=\"divider.default\">\n\t\t\t\t<div class=\"elementor-widget-container\">\n\t\t\t\t\t\t\t<div class=\"elementor-divider\">\n\t\t\t<span class=\"elementor-divider-separator\">\n\t\t\t\t\t\t<\/span>\n\t\t<\/div>\n\t\t\t\t\t\t<\/div>\n\t\t\t\t<\/div>\n\t\t\t\t<div class=\"elementor-element elementor-element-85dcdbd elementor-widget elementor-widget-heading\" data-id=\"85dcdbd\" data-element_type=\"widget\" data-widget_type=\"heading.default\">\n\t\t\t\t<div class=\"elementor-widget-container\">\n\t\t\t\t\t<h2 class=\"elementor-heading-title elementor-size-default\"><span style=\"font-weight: bold\">Three years full of surreal adventures, successfully at a frenetic  rhythm  in Los Angeles, California&nbsp;<\/span><\/h2>\t\t\t\t<\/div>\n\t\t\t\t<\/div>\n\t\t\t\t<div class=\"elementor-element elementor-element-2485e6b elementor-widget-divider--view-line elementor-widget elementor-widget-divider\" data-id=\"2485e6b\" data-element_type=\"widget\" data-widget_type=\"divider.default\">\n\t\t\t\t<div class=\"elementor-widget-container\">\n\t\t\t\t\t\t\t<div class=\"elementor-divider\">\n\t\t\t<span class=\"elementor-divider-separator\">\n\t\t\t\t\t\t<\/span>\n\t\t<\/div>\n\t\t\t\t\t\t<\/div>\n\t\t\t\t<\/div>\n\t\t\t\t<section class=\"elementor-section elementor-inner-section elementor-element elementor-element-e0a5f3b elementor-reverse-mobile elementor-section-boxed elementor-section-height-default elementor-section-height-default\" data-id=\"e0a5f3b\" data-element_type=\"section\" data-settings=\"{&quot;_ha_eqh_enable&quot;:false}\">\n\t\t\t\t\t\t<div class=\"elementor-container elementor-column-gap-default\">\n\t\t\t\t\t<div class=\"elementor-column elementor-col-50 elementor-inner-column elementor-element elementor-element-31fcf59\" data-id=\"31fcf59\" data-element_type=\"column\">\n\t\t\t<div class=\"elementor-widget-wrap elementor-element-populated\">\n\t\t\t\t\t\t<div class=\"elementor-element elementor-element-1bcf2be elementor-widget elementor-widget-image\" data-id=\"1bcf2be\" data-element_type=\"widget\" data-widget_type=\"image.default\">\n\t\t\t\t<div class=\"elementor-widget-container\">\n\t\t\t\t\t\t\t\t\t\t\t\t\t\t\t<img fetchpriority=\"high\" decoding=\"async\" width=\"800\" height=\"600\" src=\"https:\/\/estherponcemagazine.com\/wp-content\/uploads\/2021\/05\/IMG-20210501-WA0001.jpg\" class=\"attachment-large size-large wp-image-9026\" alt=\"\" srcset=\"https:\/\/estherponcemagazine.com\/wp-content\/uploads\/2021\/05\/IMG-20210501-WA0001.jpg 1024w, https:\/\/estherponcemagazine.com\/wp-content\/uploads\/2021\/05\/IMG-20210501-WA0001-300x225.jpg 300w, https:\/\/estherponcemagazine.com\/wp-content\/uploads\/2021\/05\/IMG-20210501-WA0001-768x576.jpg 768w, https:\/\/estherponcemagazine.com\/wp-content\/uploads\/2021\/05\/IMG-20210501-WA0001-16x12.jpg 16w, https:\/\/estherponcemagazine.com\/wp-content\/uploads\/2021\/05\/IMG-20210501-WA0001-24x18.jpg 24w, https:\/\/estherponcemagazine.com\/wp-content\/uploads\/2021\/05\/IMG-20210501-WA0001-36x27.jpg 36w, https:\/\/estherponcemagazine.com\/wp-content\/uploads\/2021\/05\/IMG-20210501-WA0001-48x36.jpg 48w\" sizes=\"(max-width: 800px) 100vw, 800px\" \/>\t\t\t\t\t\t\t\t\t\t\t\t\t\t\t<\/div>\n\t\t\t\t<\/div>\n\t\t\t\t<div class=\"elementor-element elementor-element-8876cc3 elementor-widget elementor-widget-heading\" data-id=\"8876cc3\" data-element_type=\"widget\" data-widget_type=\"heading.default\">\n\t\t\t\t<div class=\"elementor-widget-container\">\n\t\t\t\t\t<h2 class=\"elementor-heading-title elementor-size-default\">With my students at the Sushi Place next to the school.<\/h2>\t\t\t\t<\/div>\n\t\t\t\t<\/div>\n\t\t\t\t\t<\/div>\n\t\t<\/div>\n\t\t\t\t<div class=\"elementor-column elementor-col-50 elementor-inner-column elementor-element elementor-element-b6940ce\" data-id=\"b6940ce\" data-element_type=\"column\">\n\t\t\t<div class=\"elementor-widget-wrap elementor-element-populated\">\n\t\t\t\t\t\t<div class=\"elementor-element elementor-element-05cc50d elementor-widget elementor-widget-heading\" data-id=\"05cc50d\" data-element_type=\"widget\" data-widget_type=\"heading.default\">\n\t\t\t\t<div class=\"elementor-widget-container\">\n\t\t\t\t\t<h2 class=\"elementor-heading-title elementor-size-default\">Chapter 6. The american dream has begun<\/h2>\t\t\t\t<\/div>\n\t\t\t\t<\/div>\n\t\t\t\t<div class=\"elementor-element elementor-element-3b60a22 elementor-widget-divider--view-line elementor-widget elementor-widget-divider\" data-id=\"3b60a22\" data-element_type=\"widget\" data-widget_type=\"divider.default\">\n\t\t\t\t<div class=\"elementor-widget-container\">\n\t\t\t\t\t\t\t<div class=\"elementor-divider\">\n\t\t\t<span class=\"elementor-divider-separator\">\n\t\t\t\t\t\t<\/span>\n\t\t<\/div>\n\t\t\t\t\t\t<\/div>\n\t\t\t\t<\/div>\n\t\t\t\t<div class=\"elementor-element elementor-element-e286197 elementor-widget elementor-widget-text-editor\" data-id=\"e286197\" data-element_type=\"widget\" data-widget_type=\"text-editor.default\">\n\t\t\t\t<div class=\"elementor-widget-container\">\n\t\t\t\t\t\t\t\t\t<p><span data-tt=\"{\">We meet directly for a drink. Bertha was looking at me all the time with huge super black eyes that were popping out of her face from the excitement of having me close and trapped in LA. <\/span><\/p><p><span data-tt=\"{\">She was Afro American and I really liked that. Flamenco has always gone  rey close to them and she was also totally enraptured with me. <\/span><\/p><p><span data-tt=\"{\">She told me that flamenco was only studied in LA for an hour on Wednesdays, and very occasionally, on a Saturday. That the students waited for the courses of the teachers who came from Spain once or twice a year ... people are very busy in Los Angeles. <\/span><\/p><p><span data-tt=\"{\">She told me that she would call about 5 students and we would have a class to get to know me and see the result. <\/span><\/p><p><span data-tt=\"{\">That I was a teacher in \u201cAmor De Dios\u201d the most prestigious flamenco studies in the world, would surely help, but they didn't know me there, they didn't even know Madrid in LA! Only Barcelona and very few people <\/span><\/p><p><span data-tt=\"{\">Normally, people there don't have vacations, even 10 years go by and they have only gone a week to Cabo San Lucar, which is nearby. <\/span><\/p><p><span data-tt=\"{\">Bertha, immediately after class, took me to a dance school that had been closed for many years, because their director, a great Tap dancer, the father of the famous teacher from the FAMA series, Debbie Allen, had to be pointed out a leg due to a serious illness. <\/span><\/p><p><span data-tt=\"{\">When I enter one of the 2 huge rooms it had, and step on that plywood floor, perfect for flamenco, with a sound of roots, of purity. \nThe old grand piano with the soul of blues, the walls full of photos of Hollywood tap myths, the old mirrors speckled by quicksilver stains, full of experiences, rehearsals, art, and good time ... A sensation came through my body, so incredible!, of respect, admiration and at the same time of such great sorrow, that I already had the duty to restore joy and bring new blood. <\/span><\/p><p><span data-tt=\"{\">I closed my eyes, and for an instant I visualized everything that then really happened to me. <\/span><\/p><p><span data-tt=\"{\">Bertha informed me that during the mornings, children without economic resources between 5 and 10 years old would come to study with a teacher. <\/span><\/p><p><span data-tt=\"{\">But that they would leave me school to start teaching and that as students entered, I would already pay rent to help with the reform of the changing rooms and bathrooms. <\/span><\/p><p><span data-tt=\"{\">I did not hesitate for a minute to run away and spend the last $ 50 that I had left of the $ 100 that I brought for a year, and buy in the corner store two plants that would give life to the reception and ten lollipops for the children that would be my friends and my inspiration. <\/span><\/p><p><span data-tt=\"{\">But my biggest surprise was, when right next door I had an old fashioned shoemaker, with its tiny shop, I couldn't believe it! We would do business! <\/span><\/p><p><span data-tt=\"{\">I entered again super happy and with the spirit of a director and I said aloud to Bertha; I am going to revolutionize flamenco in LA, the students will study from Monday to Thursday from 8:30 pm to 10pm as if we were in Spain and stomped so much that the \u201cFilis\u201d on the sole would wear out and then we will do business by bringing the \u201c Filis \u201dfrom Madrid, which shoemaker will change according to what I teach him and to whom we will give a percentage. <\/span><\/p><p><span data-tt=\"{\">Within a week of starting, and solely by word of mouth, I already had 20 local students every day, in addition to 8 hours a day of private classes. Students who came from San Diego driving two hours one way and two hours back just to study with me, students each of a different nationality, we were UNICEF! <\/span><\/p><p><span data-tt=\"{\">The school was reborn and vibrated with the sound of flamenco nails. <\/span><\/p>\t\t\t\t\t\t\t\t<\/div>\n\t\t\t\t<\/div>\n\t\t\t\t<div class=\"elementor-element elementor-element-60c0d9e elementor-widget elementor-widget-heading\" data-id=\"60c0d9e\" data-element_type=\"widget\" data-widget_type=\"heading.default\">\n\t\t\t\t<div class=\"elementor-widget-container\">\n\t\t\t\t\t<h2 class=\"elementor-heading-title elementor-size-default\">DON'T MISS CHAPTER 7!<\/h2>\t\t\t\t<\/div>\n\t\t\t\t<\/div>\n\t\t\t\t<div class=\"elementor-element elementor-element-db40bb5 elementor-widget elementor-widget-heading\" data-id=\"db40bb5\" data-element_type=\"widget\" data-widget_type=\"heading.default\">\n\t\t\t\t<div class=\"elementor-widget-container\">\n\t\t\t\t\t<h2 class=\"elementor-heading-title elementor-size-default\">The Consul of Spain adds me to his guest list\n<\/h2>\t\t\t\t<\/div>\n\t\t\t\t<\/div>\n\t\t\t\t<div class=\"elementor-element elementor-element-8ceca5f elementor-widget elementor-widget-video\" data-id=\"8ceca5f\" data-element_type=\"widget\" data-settings=\"{&quot;youtube_url&quot;:&quot;https:\\\/\\\/youtu.be\\\/6-lvsS_RT2c&quot;,&quot;video_type&quot;:&quot;youtube&quot;,&quot;controls&quot;:&quot;yes&quot;}\" data-widget_type=\"video.default\">\n\t\t\t\t<div class=\"elementor-widget-container\">\n\t\t\t\t\t\t\t<div class=\"elementor-wrapper elementor-open-inline\">\n\t\t\t<div class=\"elementor-video\"><\/div>\t\t<\/div>\n\t\t\t\t\t\t<\/div>\n\t\t\t\t<\/div>\n\t\t\t\t<div class=\"elementor-element elementor-element-456c06a elementor-widget elementor-widget-text-editor\" data-id=\"456c06a\" data-element_type=\"widget\" data-widget_type=\"text-editor.default\">\n\t\t\t\t<div class=\"elementor-widget-container\">\n\t\t\t\t\t\t\t\t\t<p>Unattended dreams will breathe life<\/p><p>All my wishes will come true <br><\/p><p>And theree&#8217;ll be time for everything<\/p><p>When I get over you..<br><\/p>\t\t\t\t\t\t\t\t<\/div>\n\t\t\t\t<\/div>\n\t\t\t\t\t<\/div>\n\t\t<\/div>\n\t\t\t\t\t<\/div>\n\t\t<\/section>\n\t\t\t\t\t<\/div>\n\t\t<\/div>\n\t\t\t\t\t<\/div>\n\t\t<\/section>\n\t\t\t\t<section class=\"elementor-section elementor-top-section elementor-element elementor-element-c25adf2 elementor-section-boxed elementor-section-height-default elementor-section-height-default\" data-id=\"c25adf2\" data-element_type=\"section\" data-settings=\"{&quot;_ha_eqh_enable&quot;:false}\">\n\t\t\t\t\t\t<div class=\"elementor-container elementor-column-gap-default\">\n\t\t\t\t\t<div class=\"elementor-column elementor-col-100 elementor-top-column elementor-element elementor-element-44a01c2\" data-id=\"44a01c2\" data-element_type=\"column\">\n\t\t\t<div class=\"elementor-widget-wrap\">\n\t\t\t\t\t\t\t<\/div>\n\t\t<\/div>\n\t\t\t\t\t<\/div>\n\t\t<\/section>\n\t\t\t\t<section class=\"elementor-section elementor-top-section elementor-element elementor-element-5d93366 elementor-section-boxed elementor-section-height-default elementor-section-height-default\" data-id=\"5d93366\" data-element_type=\"section\" data-settings=\"{&quot;_ha_eqh_enable&quot;:false}\">\n\t\t\t\t\t\t<div class=\"elementor-container elementor-column-gap-default\">\n\t\t\t\t\t<div class=\"elementor-column elementor-col-100 elementor-top-column elementor-element elementor-element-e9f5213\" data-id=\"e9f5213\" data-element_type=\"column\">\n\t\t\t<div class=\"elementor-widget-wrap\">\n\t\t\t\t\t\t\t<\/div>\n\t\t<\/div>\n\t\t\t\t\t<\/div>\n\t\t<\/section>\n\t\t\t\t<\/div>","protected":false},"excerpt":{"rendered":"<p>LA BAILARINA Y EL DIPLOM\u00c1TICO BIOGRAF\u00cdA Tres a\u00f1os llenos de aventuras surrealistas, a un ritmo fren\u00e9tico y de \u00e9xito en Los \u00c1ngeles , California&nbsp; Con mis alumnos en el Sushi Place al lado de la escuela. Cap\u00edtulo 6.El sue\u00f1o americano acaba de empezar Quedamos directamente a tomar una copa. Bertha durante todo el tiempo me [&hellip;]<\/p>","protected":false},"author":1,"featured_media":38,"parent":0,"menu_order":0,"comment_status":"open","ping_status":"closed","template":"elementor_header_footer","meta":{"footnotes":""},"class_list":["post-9012","page","type-page","status-publish","has-post-thumbnail","hentry"],"_links":{"self":[{"href":"https:\/\/estherponcemagazine.com\/en\/wp-json\/wp\/v2\/pages\/9012","targetHints":{"allow":["GET"]}}],"collection":[{"href":"https:\/\/estherponcemagazine.com\/en\/wp-json\/wp\/v2\/pages"}],"about":[{"href":"https:\/\/estherponcemagazine.com\/en\/wp-json\/wp\/v2\/types\/page"}],"author":[{"embeddable":true,"href":"https:\/\/estherponcemagazine.com\/en\/wp-json\/wp\/v2\/users\/1"}],"replies":[{"embeddable":true,"href":"https:\/\/estherponcemagazine.com\/en\/wp-json\/wp\/v2\/comments?post=9012"}],"version-history":[{"count":26,"href":"https:\/\/estherponcemagazine.com\/en\/wp-json\/wp\/v2\/pages\/9012\/revisions"}],"predecessor-version":[{"id":9044,"href":"https:\/\/estherponcemagazine.com\/en\/wp-json\/wp\/v2\/pages\/9012\/revisions\/9044"}],"wp:featuredmedia":[{"embeddable":true,"href":"https:\/\/estherponcemagazine.com\/en\/wp-json\/wp\/v2\/media\/38"}],"wp:attachment":[{"href":"https:\/\/estherponcemagazine.com\/en\/wp-json\/wp\/v2\/media?parent=9012"}],"curies":[{"name":"wp","href":"https:\/\/api.w.org\/{rel}","templated":true}]}}