{"id":8894,"date":"2021-04-24T05:45:48","date_gmt":"2021-04-24T06:45:48","guid":{"rendered":"https:\/\/estherponcemagazine.com\/?page_id=8894"},"modified":"2021-04-27T06:19:21","modified_gmt":"2021-04-27T07:19:21","slug":"la-bailarina-y-el-diplomatico-capitulo-5","status":"publish","type":"page","link":"https:\/\/estherponcemagazine.com\/en\/la-bailarina-y-el-diplomatico-capitulo-5\/","title":{"rendered":"LA BAILARINA Y EL DIPLOM\u00c1TICO &#8211; CAPITULO 5"},"content":{"rendered":"<div data-elementor-type=\"wp-post\" data-elementor-id=\"8894\" class=\"elementor elementor-8894\" data-elementor-settings=\"{&quot;ha_cmc_init_switcher&quot;:&quot;no&quot;}\">\n\t\t\t\t\t\t<section class=\"elementor-section elementor-top-section elementor-element elementor-element-22afe40 elementor-section-full_width elementor-section-height-default elementor-section-height-default\" data-id=\"22afe40\" data-element_type=\"section\" data-settings=\"{&quot;background_background&quot;:&quot;classic&quot;,&quot;_ha_eqh_enable&quot;:false}\">\n\t\t\t\t\t\t<div class=\"elementor-container elementor-column-gap-default\">\n\t\t\t\t\t<div class=\"elementor-column elementor-col-100 elementor-top-column elementor-element elementor-element-b5a6a30\" data-id=\"b5a6a30\" data-element_type=\"column\" data-settings=\"{&quot;background_background&quot;:&quot;classic&quot;}\">\n\t\t\t<div class=\"elementor-widget-wrap elementor-element-populated\">\n\t\t\t\t\t\t<div class=\"elementor-element elementor-element-878d8af elementor-widget elementor-widget-heading\" data-id=\"878d8af\" data-element_type=\"widget\" data-widget_type=\"heading.default\">\n\t\t\t\t<div class=\"elementor-widget-container\">\n\t\t\t\t\t<h2 class=\"elementor-heading-title elementor-size-default\">THE DANCER AND THE DIPLOMAT<\/h2>\t\t\t\t<\/div>\n\t\t\t\t<\/div>\n\t\t\t\t\t<\/div>\n\t\t<\/div>\n\t\t\t\t\t<\/div>\n\t\t<\/section>\n\t\t\t\t<section class=\"elementor-section elementor-top-section elementor-element elementor-element-471578e elementor-section-boxed elementor-section-height-default elementor-section-height-default\" data-id=\"471578e\" data-element_type=\"section\" data-settings=\"{&quot;_ha_eqh_enable&quot;:false}\">\n\t\t\t\t\t\t<div class=\"elementor-container elementor-column-gap-default\">\n\t\t\t\t\t<div class=\"elementor-column elementor-col-100 elementor-top-column elementor-element elementor-element-78df3d7\" data-id=\"78df3d7\" data-element_type=\"column\">\n\t\t\t<div class=\"elementor-widget-wrap elementor-element-populated\">\n\t\t\t\t\t\t<div class=\"elementor-element elementor-element-89876e4 elementor-view-default elementor-widget elementor-widget-icon\" data-id=\"89876e4\" data-element_type=\"widget\" data-widget_type=\"icon.default\">\n\t\t\t\t<div class=\"elementor-widget-container\">\n\t\t\t\t\t\t\t<div class=\"elementor-icon-wrapper\">\n\t\t\t<a class=\"elementor-icon\" href=\"http:\/\/estherponcemagazine.com\/en\/a-pelo\/\">\n\t\t\t<i aria-hidden=\"true\" class=\"fas fa-arrow-alt-circle-left\"><\/i>\t\t\t<\/a>\n\t\t<\/div>\n\t\t\t\t\t\t<\/div>\n\t\t\t\t<\/div>\n\t\t\t\t<div class=\"elementor-element elementor-element-b124447 elementor-widget elementor-widget-heading\" data-id=\"b124447\" data-element_type=\"widget\" data-widget_type=\"heading.default\">\n\t\t\t\t<div class=\"elementor-widget-container\">\n\t\t\t\t\t<h2 class=\"elementor-heading-title elementor-size-default\">BIOGRAPHY<\/h2>\t\t\t\t<\/div>\n\t\t\t\t<\/div>\n\t\t\t\t<div class=\"elementor-element elementor-element-709a297 elementor-widget-divider--view-line elementor-widget elementor-widget-divider\" data-id=\"709a297\" data-element_type=\"widget\" data-widget_type=\"divider.default\">\n\t\t\t\t<div class=\"elementor-widget-container\">\n\t\t\t\t\t\t\t<div class=\"elementor-divider\">\n\t\t\t<span class=\"elementor-divider-separator\">\n\t\t\t\t\t\t<\/span>\n\t\t<\/div>\n\t\t\t\t\t\t<\/div>\n\t\t\t\t<\/div>\n\t\t\t\t<div class=\"elementor-element elementor-element-85dcdbd elementor-widget elementor-widget-heading\" data-id=\"85dcdbd\" data-element_type=\"widget\" data-widget_type=\"heading.default\">\n\t\t\t\t<div class=\"elementor-widget-container\">\n\t\t\t\t\t<h2 class=\"elementor-heading-title elementor-size-default\"><span style=\"font-weight: bold\">Three years full of surreal adventures, successfully at a frenetic  rhythm  in Los Angeles, California&nbsp;<\/span><\/h2>\t\t\t\t<\/div>\n\t\t\t\t<\/div>\n\t\t\t\t<div class=\"elementor-element elementor-element-2485e6b elementor-widget-divider--view-line elementor-widget elementor-widget-divider\" data-id=\"2485e6b\" data-element_type=\"widget\" data-widget_type=\"divider.default\">\n\t\t\t\t<div class=\"elementor-widget-container\">\n\t\t\t\t\t\t\t<div class=\"elementor-divider\">\n\t\t\t<span class=\"elementor-divider-separator\">\n\t\t\t\t\t\t<\/span>\n\t\t<\/div>\n\t\t\t\t\t\t<\/div>\n\t\t\t\t<\/div>\n\t\t\t\t<section class=\"elementor-section elementor-inner-section elementor-element elementor-element-e0a5f3b elementor-reverse-mobile elementor-section-boxed elementor-section-height-default elementor-section-height-default\" data-id=\"e0a5f3b\" data-element_type=\"section\" data-settings=\"{&quot;_ha_eqh_enable&quot;:false}\">\n\t\t\t\t\t\t<div class=\"elementor-container elementor-column-gap-default\">\n\t\t\t\t\t<div class=\"elementor-column elementor-col-50 elementor-inner-column elementor-element elementor-element-31fcf59\" data-id=\"31fcf59\" data-element_type=\"column\">\n\t\t\t<div class=\"elementor-widget-wrap elementor-element-populated\">\n\t\t\t\t\t\t<div class=\"elementor-element elementor-element-1bcf2be elementor-widget elementor-widget-image\" data-id=\"1bcf2be\" data-element_type=\"widget\" data-widget_type=\"image.default\">\n\t\t\t\t<div class=\"elementor-widget-container\">\n\t\t\t\t\t\t\t\t\t\t\t\t\t\t\t<img fetchpriority=\"high\" decoding=\"async\" width=\"491\" height=\"1024\" src=\"https:\/\/estherponcemagazine.com\/wp-content\/uploads\/2021\/03\/IMG-20210329-WA0004.jpg\" class=\"attachment-large size-large wp-image-8536\" alt=\"\" srcset=\"https:\/\/estherponcemagazine.com\/wp-content\/uploads\/2021\/03\/IMG-20210329-WA0004.jpg 491w, https:\/\/estherponcemagazine.com\/wp-content\/uploads\/2021\/03\/IMG-20210329-WA0004-144x300.jpg 144w, https:\/\/estherponcemagazine.com\/wp-content\/uploads\/2021\/03\/IMG-20210329-WA0004-6x12.jpg 6w, https:\/\/estherponcemagazine.com\/wp-content\/uploads\/2021\/03\/IMG-20210329-WA0004-12x24.jpg 12w, https:\/\/estherponcemagazine.com\/wp-content\/uploads\/2021\/03\/IMG-20210329-WA0004-17x36.jpg 17w, https:\/\/estherponcemagazine.com\/wp-content\/uploads\/2021\/03\/IMG-20210329-WA0004-23x48.jpg 23w\" sizes=\"(max-width: 491px) 100vw, 491px\" \/>\t\t\t\t\t\t\t\t\t\t\t\t\t\t\t<\/div>\n\t\t\t\t<\/div>\n\t\t\t\t<div class=\"elementor-element elementor-element-8876cc3 elementor-widget elementor-widget-heading\" data-id=\"8876cc3\" data-element_type=\"widget\" data-widget_type=\"heading.default\">\n\t\t\t\t<div class=\"elementor-widget-container\">\n\t\t\t\t\t<h2 class=\"elementor-heading-title elementor-size-default\">Postcard with mansion's picture <\/h2>\t\t\t\t<\/div>\n\t\t\t\t<\/div>\n\t\t\t\t\t<\/div>\n\t\t<\/div>\n\t\t\t\t<div class=\"elementor-column elementor-col-50 elementor-inner-column elementor-element elementor-element-b6940ce\" data-id=\"b6940ce\" data-element_type=\"column\">\n\t\t\t<div class=\"elementor-widget-wrap elementor-element-populated\">\n\t\t\t\t\t\t<div class=\"elementor-element elementor-element-05cc50d elementor-widget elementor-widget-heading\" data-id=\"05cc50d\" data-element_type=\"widget\" data-widget_type=\"heading.default\">\n\t\t\t\t<div class=\"elementor-widget-container\">\n\t\t\t\t\t<h2 class=\"elementor-heading-title elementor-size-default\">Cap\u00edtulo 5. En Beverlly Hills, con $85 para un a\u00f1o y una sola tarjeta de contacto<\/h2>\t\t\t\t<\/div>\n\t\t\t\t<\/div>\n\t\t\t\t<div class=\"elementor-element elementor-element-3b60a22 elementor-widget-divider--view-line elementor-widget elementor-widget-divider\" data-id=\"3b60a22\" data-element_type=\"widget\" data-widget_type=\"divider.default\">\n\t\t\t\t<div class=\"elementor-widget-container\">\n\t\t\t\t\t\t\t<div class=\"elementor-divider\">\n\t\t\t<span class=\"elementor-divider-separator\">\n\t\t\t\t\t\t<\/span>\n\t\t<\/div>\n\t\t\t\t\t\t<\/div>\n\t\t\t\t<\/div>\n\t\t\t\t<div class=\"elementor-element elementor-element-e286197 elementor-widget elementor-widget-text-editor\" data-id=\"e286197\" data-element_type=\"widget\" data-widget_type=\"text-editor.default\">\n\t\t\t\t<div class=\"elementor-widget-container\">\n\t\t\t\t\t\t\t\t\t<p><span data-tt=\"{\">\u00a0<\/span><span data-tt=\"{\">If I had gotten a little closer to Alex in bed and we had laid as he said; not even a quickie! He would have continued to pay for everything. But the last thing I wanted  at that moment it was a man. <\/span><\/p><p><span data-tt=\"{\">Alex warned me that I was going to suffer even crying in Beverlly Hills with $ 85 that I also couldn't spend. But that would give me the strength to call that woman and that he would pick me up at lunchtime, while giving me a hug saying with her Hollywood smile; ...and you will see how soon you will start teaching classes and finally you will pay for your cereals, your natural orange juice every morning, your donuts, your black blueberries with goat cheese, your fresh milk and your mini quail eggs placed eyes on your giant plate... <\/span><span data-tt=\"{\">Y que me hab\u00eda metido mi madre en el monedero sin yo saberlo. <\/span><\/p><p><span data-tt=\"{\">Alex warned me that I was going to suffer even crying in Beverlly Hills with $ 85 that I also couldn't spend. But that would give me the strength to call that woman and that he would pick me up at lunchtime, while giving me a hug saying with her Hollywood smile; ...and you will see how soon you will start teaching classes and finally you will pay for your cereals, your natural orange juice every morning, your donuts, your black blueberries with goat cheese, your fresh milk and your mini quail eggs placed eyes on your giant plate... <\/span><\/p><p><span data-tt=\"{\">Exactly like in a movie, with my nose stuck in the glass of a window making steam, I was freaking out with a black lace evening dress, with super thin straps with embroidered mini flowers in pastel color and that would also be adorning the 5 chiffon and silk ruffle straps form snug from hip to toe. It was a suit that would look very flamenco on me. <\/span><\/p><p><span data-tt=\"{\">When I saw the price, $ 800, and I was turning around to leave and of course with that suit on, the saleswoman came out like a Fairy Godmother and said to me; Would you like to try it on? I could not miss that opportunity even having to shed two tears knowing that I could not buy it and I decided to go in and be myself. <\/span><\/p><p><span data-tt=\"{\">\u2014 OMG! It looks beautiful on you, what a perfect body and also we have the perfect shoes and bag! A few more tears, under the glasses, escaped again. <\/span><\/p><p><span data-tt=\"{\">I took advantage and danced a little secretly, but with a huge shame, I told the clerk that I only had $ 85 for a year, but that I swore I would come back for that dress as my name is Esther Ponce. <\/span><\/p><p><span data-tt=\"{\">I got out of there very quickly, I no longer had time to waste. <\/span><\/p><p><span data-tt=\"{\">And there it was waiting for me in the corner, the typical blue cabin, taped to the wall. Nervously I took out my two quarters, crossed myself as if I was about to go on stage, and dialed the number. <\/span><\/p><p><span data-tt=\"{\">\u2014 Esther what? \u2014 Sorry! I can not hear you! ... <\/span><\/p><p><span data-tt=\"{\">\u2014 Esther Ponce, choreographer and international flamenco teacher from Madrid, I have this card but I really don't remember who, when and how it came to me. <\/span><\/p><p><span data-tt=\"{\">\u2014 Esther Ponce! My teacher from Amor De Dios studies? <\/span><\/p><p><span data-tt=\"{\">\u2014 Yes! The same !. <\/span><\/p><p><span data-tt=\"{\">\u2014 I can not believe it ! I am dreaming! How long will you stay? <\/span><\/p><p><span data-tt=\"{\">\u2014 I'm living here in LA and I don't have a return ticket ... <\/span><\/p>\t\t\t\t\t\t\t\t<\/div>\n\t\t\t\t<\/div>\n\t\t\t\t<div class=\"elementor-element elementor-element-60c0d9e elementor-widget elementor-widget-heading\" data-id=\"60c0d9e\" data-element_type=\"widget\" data-widget_type=\"heading.default\">\n\t\t\t\t<div class=\"elementor-widget-container\">\n\t\t\t\t\t<h2 class=\"elementor-heading-title elementor-size-default\">DON'T MISS CHAPTER 6!<\/h2>\t\t\t\t<\/div>\n\t\t\t\t<\/div>\n\t\t\t\t<div class=\"elementor-element elementor-element-db40bb5 elementor-widget elementor-widget-heading\" data-id=\"db40bb5\" data-element_type=\"widget\" data-widget_type=\"heading.default\">\n\t\t\t\t<div class=\"elementor-widget-container\">\n\t\t\t\t\t<h2 class=\"elementor-heading-title elementor-size-default\">The American dream had begun. \n<\/h2>\t\t\t\t<\/div>\n\t\t\t\t<\/div>\n\t\t\t\t<div class=\"elementor-element elementor-element-8ceca5f elementor-widget elementor-widget-video\" data-id=\"8ceca5f\" data-element_type=\"widget\" data-settings=\"{&quot;youtube_url&quot;:&quot;https:\\\/\\\/www.youtube.com\\\/watch?v=VjWHx6ti4hs&quot;,&quot;video_type&quot;:&quot;youtube&quot;,&quot;controls&quot;:&quot;yes&quot;}\" data-widget_type=\"video.default\">\n\t\t\t\t<div class=\"elementor-widget-container\">\n\t\t\t\t\t\t\t<div class=\"elementor-wrapper elementor-open-inline\">\n\t\t\t<div class=\"elementor-video\"><\/div>\t\t<\/div>\n\t\t\t\t\t\t<\/div>\n\t\t\t\t<\/div>\n\t\t\t\t\t<\/div>\n\t\t<\/div>\n\t\t\t\t\t<\/div>\n\t\t<\/section>\n\t\t\t\t\t<\/div>\n\t\t<\/div>\n\t\t\t\t\t<\/div>\n\t\t<\/section>\n\t\t\t\t<section class=\"elementor-section elementor-top-section elementor-element elementor-element-c25adf2 elementor-section-boxed elementor-section-height-default elementor-section-height-default\" data-id=\"c25adf2\" data-element_type=\"section\" data-settings=\"{&quot;_ha_eqh_enable&quot;:false}\">\n\t\t\t\t\t\t<div class=\"elementor-container elementor-column-gap-default\">\n\t\t\t\t\t<div class=\"elementor-column elementor-col-100 elementor-top-column elementor-element elementor-element-44a01c2\" data-id=\"44a01c2\" data-element_type=\"column\">\n\t\t\t<div class=\"elementor-widget-wrap\">\n\t\t\t\t\t\t\t<\/div>\n\t\t<\/div>\n\t\t\t\t\t<\/div>\n\t\t<\/section>\n\t\t\t\t<section class=\"elementor-section elementor-top-section elementor-element elementor-element-5d93366 elementor-section-boxed elementor-section-height-default elementor-section-height-default\" data-id=\"5d93366\" data-element_type=\"section\" data-settings=\"{&quot;_ha_eqh_enable&quot;:false}\">\n\t\t\t\t\t\t<div class=\"elementor-container elementor-column-gap-default\">\n\t\t\t\t\t<div class=\"elementor-column elementor-col-100 elementor-top-column elementor-element elementor-element-e9f5213\" data-id=\"e9f5213\" data-element_type=\"column\">\n\t\t\t<div class=\"elementor-widget-wrap elementor-element-populated\">\n\t\t\t\t\t\t\t<\/div>\n\t\t<\/div>\n\t\t\t\t\t<\/div>\n\t\t<\/section>\n\t\t\t\t<\/div>","protected":false},"excerpt":{"rendered":"<p>LA BAILARINA Y EL DIPLOM\u00c1TICO BIOGRAF\u00cdA Tres a\u00f1os llenos de aventuras surrealistas, a un ritmo fren\u00e9tico y de \u00e9xito en Los \u00c1ngeles , California&nbsp; Postal con la foto de la Mansi\u00f3n. Cap\u00edtulo 5. En Beverlly Hills, con $85 para un a\u00f1o y una sola tarjeta de contacto &nbsp;Si me hubiese arrimado un poco al lado [&hellip;]<\/p>","protected":false},"author":1,"featured_media":38,"parent":0,"menu_order":0,"comment_status":"closed","ping_status":"closed","template":"elementor_header_footer","meta":{"footnotes":""},"class_list":["post-8894","page","type-page","status-publish","has-post-thumbnail","hentry"],"_links":{"self":[{"href":"https:\/\/estherponcemagazine.com\/en\/wp-json\/wp\/v2\/pages\/8894","targetHints":{"allow":["GET"]}}],"collection":[{"href":"https:\/\/estherponcemagazine.com\/en\/wp-json\/wp\/v2\/pages"}],"about":[{"href":"https:\/\/estherponcemagazine.com\/en\/wp-json\/wp\/v2\/types\/page"}],"author":[{"embeddable":true,"href":"https:\/\/estherponcemagazine.com\/en\/wp-json\/wp\/v2\/users\/1"}],"replies":[{"embeddable":true,"href":"https:\/\/estherponcemagazine.com\/en\/wp-json\/wp\/v2\/comments?post=8894"}],"version-history":[{"count":26,"href":"https:\/\/estherponcemagazine.com\/en\/wp-json\/wp\/v2\/pages\/8894\/revisions"}],"predecessor-version":[{"id":8981,"href":"https:\/\/estherponcemagazine.com\/en\/wp-json\/wp\/v2\/pages\/8894\/revisions\/8981"}],"wp:featuredmedia":[{"embeddable":true,"href":"https:\/\/estherponcemagazine.com\/en\/wp-json\/wp\/v2\/media\/38"}],"wp:attachment":[{"href":"https:\/\/estherponcemagazine.com\/en\/wp-json\/wp\/v2\/media?parent=8894"}],"curies":[{"name":"wp","href":"https:\/\/api.w.org\/{rel}","templated":true}]}}