{"id":886,"date":"2018-03-12T14:48:41","date_gmt":"2018-03-12T14:48:41","guid":{"rendered":"https:\/\/estherponce.com\/?page_id=886"},"modified":"2018-03-12T14:48:41","modified_gmt":"2018-03-12T14:48:41","slug":"ballet-escuela-bolera","status":"publish","type":"page","link":"https:\/\/estherponcemagazine.com\/en\/ballet-escuela-bolera\/","title":{"rendered":"BALLET Y ESCUELA BOLERA"},"content":{"rendered":"<p>[av_section min_height=\u00bb min_height_px=&#8217;500px&#8217; padding=&#8217;default&#8217; shadow=&#8217;no-border-styling&#8217; bottom_border=&#8217;border-extra-diagonal&#8217; bottom_border_diagonal_color=&#8217;#ffffff&#8217; bottom_border_diagonal_direction=\u00bb bottom_border_style=\u00bb id=\u00bb color=&#8217;main_color&#8217; custom_bg=\u00bb src=\u00bb attachment=\u00bb attachment_size=\u00bb attach=&#8217;scroll&#8217; position=&#8217;top left&#8217; repeat=&#8217;no-repeat&#8217; video=\u00bb video_ratio=&#8217;16:9&#8242; overlay_opacity=&#8217;0.5&#8242; overlay_color=\u00bb overlay_pattern=\u00bb overlay_custom_pattern=\u00bb av_element_hidden_in_editor=&#8217;0&#8242;]<\/p>\n<p>[av_one_fifth first min_height=\u00bb vertical_alignment=\u00bb space=\u00bb custom_margin=\u00bb margin=&#8217;0px&#8217; padding=&#8217;0px&#8217; border=\u00bb border_color=\u00bb radius=&#8217;0px&#8217; background_color=\u00bb src=\u00bb background_position=&#8217;top left&#8217; background_repeat=&#8217;no-repeat&#8217; animation=\u00bb mobile_display=\u00bb]<\/p>\n<p>[\/av_one_fifth][av_three_fifth min_height=\u00bb vertical_alignment=\u00bb space=\u00bb custom_margin=\u00bb margin=&#8217;0px&#8217; padding=&#8217;0px&#8217; border=\u00bb border_color=\u00bb radius=&#8217;0px&#8217; background_color=\u00bb src=\u00bb background_position=&#8217;top left&#8217; background_repeat=&#8217;no-repeat&#8217; animation=\u00bb mobile_breaking=\u00bb mobile_display=\u00bb]<\/p>\n<p>[av_heading tag=&#8217;h2&#8242; padding=&#8217;40&#8217; heading=&#8217;BALLET Y ESCUELA BOLERA&#8217; color=&#8217;custom-color-heading&#8217; style=&#8217;blockquote modern-quote modern-centered&#8217; custom_font=&#8217;#000000&#8242; size=\u00bb subheading_active=\u00bb subheading_size=&#8217;15&#8217; custom_class=\u00bb admin_preview_bg=\u00bb av-desktop-hide=\u00bb av-medium-hide=\u00bb av-small-hide=\u00bb av-mini-hide=\u00bb av-medium-font-size-title=\u00bb av-small-font-size-title=\u00bb av-mini-font-size-title=\u00bb av-medium-font-size=\u00bb av-small-font-size=\u00bb av-mini-font-size=\u00bb][\/av_heading]<\/p>\n<p>[av_textblock size=\u00bb font_color=\u00bb color=\u00bb av-medium-font-size=\u00bb av-small-font-size=\u00bb av-mini-font-size=\u00bb admin_preview_bg=\u00bb]<\/p>\n<h3><strong>Ballet y Escuela bolera con Palillos ( Casta\u00f1uelas) .<\/strong><br \/>\n&#8211; A partir de los 3 a\u00f1os-<\/h3>\n<p><img fetchpriority=\"high\" decoding=\"async\" class=\"alignright wp-image-896 size-medium\" src=\"https:\/\/estherponce.com\/wp-content\/uploads\/2018\/03\/ballet-y-escuela-bolera-Esther-Ponce-214x300.jpg\" alt=\"\" width=\"214\" height=\"300\" \/>La base de la <strong>Escuela Bolera<\/strong> es el <strong>ballet<\/strong>. Una vez trabajada e incorporada la base del ballet, comenzaremos a educar el oido musical coordinando los brazos y pies con los palillos (Casta\u00f1uelas).<\/p>\n<p>El ballet fortalece el sistema respiratorio, ayuda al desarrollo del pie plano, obtienes agilidad en el movimiento, elasticidad y un gran equilibrio entre otros much\u00edsimos beneficios.<\/p>\n<p>Mientras que se practica el ballet, no solo ejercitamos el cuerpo, el cerebro est\u00e1 siendo tambi\u00e9n estimulado.<\/p>\n<p>No es posible participar de una clase sin estar totalmente concentrado.<\/p>\n<p>Las clases se enfocan a diferentes partes del cuerpo: brazos, piernas, m\u00fasculos del est\u00f3mago, pies y tobillos, que se van tornando cada vez m\u00e1s fuertes y firmes.<\/p>\n<p>Practicarlo regularmente mejora la postura y el equilibrio, nuestra figura se vuelve m\u00e1s larga, delgada y elegante.<br \/>\nLos beneficios f\u00edsicos del ballet se empezar\u00e1n a notar a las pocas semanas de asistencia regular a las clases.<\/p>\n<p>Sin embargo, la sensaci\u00f3n de bienestar de las clases ser\u00e1 visible casi inmediatamente, pues adem\u00e1s de la actividad f\u00edsica, el ballet es excelente para la salud mental.<\/p>\n<p><em>Teresa de 12 a\u00f1os est\u00e1 estudiando escuela bolera con Esther Ponce. Un reto muy alto con una gran disciplina t\u00e9cnica y coordinaci\u00f3n.<\/em><a href=\"https:\/\/estherponce.com\/wp-content\/uploads\/2018\/11\/PHOTO-2018-11-28-15-50-48.jpg\"><br \/>\n<img decoding=\"async\" class=\"wp-image-1127 aligncenter\" src=\"https:\/\/estherponce.com\/wp-content\/uploads\/2018\/11\/PHOTO-2018-11-28-15-50-48-215x300.jpg\" alt=\"\" width=\"156\" height=\"218\" \/><\/a><\/p>\n<h3><\/h3>\n<h3><strong>Clases de ballet para adultos.<\/strong><\/h3>\n<p><img decoding=\"async\" class=\"alignright wp-image-888\" src=\"https:\/\/estherponce.com\/wp-content\/uploads\/2018\/03\/Ballet-y-Escuela-bolera.jpg\" alt=\"\" width=\"226\" height=\"282\" \/><\/p>\n<p>Los beneficios de esta disciplina es que est\u00e1 dise\u00f1ada para trabajar tanto los ejercicios en la barra como en el centro con los dos pies, trabajando as\u00ed un equilibrio mental que mejorar\u00e1 sin duda nuestra memoria al mismo tiempo que alargamos la vida de nuestros huesos y mejoramos la circulaci\u00f3n.<\/p>\n<p>Adem\u00e1s eliminamos el stress acumulado en cervicales y espalda mediante estiramientos suaves y elegantes.<\/p>\n<p>Con la pr\u00e1ctica del ballet conseguimos una postura erguida con una l\u00ednea \u00f3sea fortalecida imprescindible para evitar \u00e9l envejecimiento de los huesos y las articulaciones.<\/p>\n<p>Con estas nuevas disciplinas de danza el centro sigue consolid\u00e1ndose en la ciudad de Valencia aumentando la oferta de cursos y ofreciendo en cada uno de ellos todo el arte y la experiencia de la core\u00f3grafa Esther Ponce.<\/p>\n<blockquote>\n<p style=\"text-align: center\"><strong><a href=\"https:\/\/estherponce.com\/unete\/\">!! YA PUEDES APUNTARTE !!<\/a><\/strong><br \/>\n<strong> Para m\u00e1s informaci\u00f3n, m\u00e1ndanos un e-mail a info@estherponce.com o vis\u00edtanos personalmente en el Centro.<\/strong><\/p>\n<\/blockquote>\n<p>[\/av_textblock]<\/p>\n<p>[\/av_three_fifth][av_one_fifth min_height=\u00bb vertical_alignment=\u00bb space=\u00bb custom_margin=\u00bb margin=&#8217;0px&#8217; padding=&#8217;0px&#8217; border=\u00bb border_color=\u00bb radius=&#8217;0px&#8217; background_color=\u00bb src=\u00bb background_position=&#8217;top left&#8217; background_repeat=&#8217;no-repeat&#8217; animation=\u00bb mobile_display=\u00bb]<\/p>\n<p>[\/av_one_fifth][\/av_section]<\/p>","protected":false},"excerpt":{"rendered":"<p>[av_section min_height=\u00bb min_height_px=&#8217;500px&#8217; padding=&#8217;default&#8217; shadow=&#8217;no-border-styling&#8217; bottom_border=&#8217;border-extra-diagonal&#8217; bottom_border_diagonal_color=&#8217;#ffffff&#8217; bottom_border_diagonal_direction=\u00bb bottom_border_style=\u00bb id=\u00bb color=&#8217;main_color&#8217; custom_bg=\u00bb src=\u00bb attachment=\u00bb attachment_size=\u00bb attach=&#8217;scroll&#8217; position=&#8217;top left&#8217; repeat=&#8217;no-repeat&#8217; video=\u00bb video_ratio=&#8217;16:9&#8242; overlay_opacity=&#8217;0.5&#8242; overlay_color=\u00bb overlay_pattern=\u00bb overlay_custom_pattern=\u00bb av_element_hidden_in_editor=&#8217;0&#8242;] [av_one_fifth first min_height=\u00bb vertical_alignment=\u00bb space=\u00bb custom_margin=\u00bb margin=&#8217;0px&#8217; padding=&#8217;0px&#8217; border=\u00bb border_color=\u00bb radius=&#8217;0px&#8217; background_color=\u00bb src=\u00bb background_position=&#8217;top left&#8217; background_repeat=&#8217;no-repeat&#8217; animation=\u00bb mobile_display=\u00bb] [\/av_one_fifth][av_three_fifth min_height=\u00bb vertical_alignment=\u00bb space=\u00bb custom_margin=\u00bb margin=&#8217;0px&#8217; padding=&#8217;0px&#8217; border=\u00bb border_color=\u00bb radius=&#8217;0px&#8217; background_color=\u00bb [&hellip;]<\/p>","protected":false},"author":2,"featured_media":0,"parent":0,"menu_order":0,"comment_status":"closed","ping_status":"closed","template":"","meta":{"footnotes":""},"class_list":["post-886","page","type-page","status-publish","hentry"],"_links":{"self":[{"href":"https:\/\/estherponcemagazine.com\/en\/wp-json\/wp\/v2\/pages\/886","targetHints":{"allow":["GET"]}}],"collection":[{"href":"https:\/\/estherponcemagazine.com\/en\/wp-json\/wp\/v2\/pages"}],"about":[{"href":"https:\/\/estherponcemagazine.com\/en\/wp-json\/wp\/v2\/types\/page"}],"author":[{"embeddable":true,"href":"https:\/\/estherponcemagazine.com\/en\/wp-json\/wp\/v2\/users\/2"}],"replies":[{"embeddable":true,"href":"https:\/\/estherponcemagazine.com\/en\/wp-json\/wp\/v2\/comments?post=886"}],"version-history":[{"count":0,"href":"https:\/\/estherponcemagazine.com\/en\/wp-json\/wp\/v2\/pages\/886\/revisions"}],"wp:attachment":[{"href":"https:\/\/estherponcemagazine.com\/en\/wp-json\/wp\/v2\/media?parent=886"}],"curies":[{"name":"wp","href":"https:\/\/api.w.org\/{rel}","templated":true}]}}