{"id":8649,"date":"2021-04-09T14:53:30","date_gmt":"2021-04-09T15:53:30","guid":{"rendered":"https:\/\/estherponcemagazine.com\/?page_id=8649"},"modified":"2021-05-10T09:10:43","modified_gmt":"2021-05-10T10:10:43","slug":"la-bailarina-y-el-diplomatico-cloned-8532","status":"publish","type":"page","link":"https:\/\/estherponcemagazine.com\/en\/la-bailarina-y-el-diplomatico-cloned-8532\/","title":{"rendered":"LA BAILARINA Y EL DIPLOM\u00c1TICO &#8211; CAPITULO 3"},"content":{"rendered":"<div data-elementor-type=\"wp-post\" data-elementor-id=\"8649\" class=\"elementor elementor-8649\" data-elementor-settings=\"{&quot;ha_cmc_init_switcher&quot;:&quot;no&quot;}\">\n\t\t\t\t\t\t<section class=\"elementor-section elementor-top-section elementor-element elementor-element-22afe40 elementor-section-full_width elementor-section-height-default elementor-section-height-default\" data-id=\"22afe40\" data-element_type=\"section\" data-settings=\"{&quot;background_background&quot;:&quot;classic&quot;,&quot;_ha_eqh_enable&quot;:false}\">\n\t\t\t\t\t\t<div class=\"elementor-container elementor-column-gap-default\">\n\t\t\t\t\t<div class=\"elementor-column elementor-col-100 elementor-top-column elementor-element elementor-element-b5a6a30\" data-id=\"b5a6a30\" data-element_type=\"column\" data-settings=\"{&quot;background_background&quot;:&quot;classic&quot;}\">\n\t\t\t<div class=\"elementor-widget-wrap elementor-element-populated\">\n\t\t\t\t\t\t<div class=\"elementor-element elementor-element-878d8af elementor-widget elementor-widget-heading\" data-id=\"878d8af\" data-element_type=\"widget\" data-widget_type=\"heading.default\">\n\t\t\t\t<div class=\"elementor-widget-container\">\n\t\t\t\t\t<h2 class=\"elementor-heading-title elementor-size-default\">THE DANCER AND THE DIPLOMAT<\/h2>\t\t\t\t<\/div>\n\t\t\t\t<\/div>\n\t\t\t\t\t<\/div>\n\t\t<\/div>\n\t\t\t\t\t<\/div>\n\t\t<\/section>\n\t\t\t\t<section class=\"elementor-section elementor-top-section elementor-element elementor-element-471578e elementor-section-boxed elementor-section-height-default elementor-section-height-default\" data-id=\"471578e\" data-element_type=\"section\" data-settings=\"{&quot;_ha_eqh_enable&quot;:false}\">\n\t\t\t\t\t\t<div class=\"elementor-container elementor-column-gap-default\">\n\t\t\t\t\t<div class=\"elementor-column elementor-col-100 elementor-top-column elementor-element elementor-element-78df3d7\" data-id=\"78df3d7\" data-element_type=\"column\">\n\t\t\t<div class=\"elementor-widget-wrap elementor-element-populated\">\n\t\t\t\t\t\t<div class=\"elementor-element elementor-element-89876e4 elementor-view-default elementor-widget elementor-widget-icon\" data-id=\"89876e4\" data-element_type=\"widget\" data-widget_type=\"icon.default\">\n\t\t\t\t<div class=\"elementor-widget-container\">\n\t\t\t\t\t\t\t<div class=\"elementor-icon-wrapper\">\n\t\t\t<a class=\"elementor-icon\" href=\"http:\/\/estherponcemagazine.com\/en\/a-pelo\/\">\n\t\t\t<i aria-hidden=\"true\" class=\"fas fa-arrow-alt-circle-left\"><\/i>\t\t\t<\/a>\n\t\t<\/div>\n\t\t\t\t\t\t<\/div>\n\t\t\t\t<\/div>\n\t\t\t\t<div class=\"elementor-element elementor-element-b124447 elementor-widget elementor-widget-heading\" data-id=\"b124447\" data-element_type=\"widget\" data-widget_type=\"heading.default\">\n\t\t\t\t<div class=\"elementor-widget-container\">\n\t\t\t\t\t<h2 class=\"elementor-heading-title elementor-size-default\">BIOGRAPHY<\/h2>\t\t\t\t<\/div>\n\t\t\t\t<\/div>\n\t\t\t\t<div class=\"elementor-element elementor-element-709a297 elementor-widget-divider--view-line elementor-widget elementor-widget-divider\" data-id=\"709a297\" data-element_type=\"widget\" data-widget_type=\"divider.default\">\n\t\t\t\t<div class=\"elementor-widget-container\">\n\t\t\t\t\t\t\t<div class=\"elementor-divider\">\n\t\t\t<span class=\"elementor-divider-separator\">\n\t\t\t\t\t\t<\/span>\n\t\t<\/div>\n\t\t\t\t\t\t<\/div>\n\t\t\t\t<\/div>\n\t\t\t\t<div class=\"elementor-element elementor-element-85dcdbd elementor-widget elementor-widget-heading\" data-id=\"85dcdbd\" data-element_type=\"widget\" data-widget_type=\"heading.default\">\n\t\t\t\t<div class=\"elementor-widget-container\">\n\t\t\t\t\t<h2 class=\"elementor-heading-title elementor-size-default\"><span style=\"font-weight: bold\">Three years full of surreal adventures, successfully at a frenetic  rhythm  in Los Angeles, California&nbsp;<\/span><\/h2>\t\t\t\t<\/div>\n\t\t\t\t<\/div>\n\t\t\t\t<div class=\"elementor-element elementor-element-2485e6b elementor-widget-divider--view-line elementor-widget elementor-widget-divider\" data-id=\"2485e6b\" data-element_type=\"widget\" data-widget_type=\"divider.default\">\n\t\t\t\t<div class=\"elementor-widget-container\">\n\t\t\t\t\t\t\t<div class=\"elementor-divider\">\n\t\t\t<span class=\"elementor-divider-separator\">\n\t\t\t\t\t\t<\/span>\n\t\t<\/div>\n\t\t\t\t\t\t<\/div>\n\t\t\t\t<\/div>\n\t\t\t\t<section class=\"elementor-section elementor-inner-section elementor-element elementor-element-e0a5f3b elementor-reverse-mobile elementor-section-boxed elementor-section-height-default elementor-section-height-default\" data-id=\"e0a5f3b\" data-element_type=\"section\" data-settings=\"{&quot;_ha_eqh_enable&quot;:false}\">\n\t\t\t\t\t\t<div class=\"elementor-container elementor-column-gap-default\">\n\t\t\t\t\t<div class=\"elementor-column elementor-col-50 elementor-inner-column elementor-element elementor-element-31fcf59\" data-id=\"31fcf59\" data-element_type=\"column\">\n\t\t\t<div class=\"elementor-widget-wrap elementor-element-populated\">\n\t\t\t\t\t\t<div class=\"elementor-element elementor-element-1bcf2be elementor-widget elementor-widget-image\" data-id=\"1bcf2be\" data-element_type=\"widget\" data-widget_type=\"image.default\">\n\t\t\t\t<div class=\"elementor-widget-container\">\n\t\t\t\t\t\t\t\t\t\t\t\t\t\t\t<img fetchpriority=\"high\" decoding=\"async\" width=\"491\" height=\"1024\" src=\"https:\/\/estherponcemagazine.com\/wp-content\/uploads\/2021\/03\/IMG-20210329-WA0004.jpg\" class=\"attachment-large size-large wp-image-8536\" alt=\"\" srcset=\"https:\/\/estherponcemagazine.com\/wp-content\/uploads\/2021\/03\/IMG-20210329-WA0004.jpg 491w, https:\/\/estherponcemagazine.com\/wp-content\/uploads\/2021\/03\/IMG-20210329-WA0004-144x300.jpg 144w, https:\/\/estherponcemagazine.com\/wp-content\/uploads\/2021\/03\/IMG-20210329-WA0004-6x12.jpg 6w, https:\/\/estherponcemagazine.com\/wp-content\/uploads\/2021\/03\/IMG-20210329-WA0004-12x24.jpg 12w, https:\/\/estherponcemagazine.com\/wp-content\/uploads\/2021\/03\/IMG-20210329-WA0004-17x36.jpg 17w, https:\/\/estherponcemagazine.com\/wp-content\/uploads\/2021\/03\/IMG-20210329-WA0004-23x48.jpg 23w\" sizes=\"(max-width: 491px) 100vw, 491px\" \/>\t\t\t\t\t\t\t\t\t\t\t\t\t\t\t<\/div>\n\t\t\t\t<\/div>\n\t\t\t\t<div class=\"elementor-element elementor-element-8876cc3 elementor-widget elementor-widget-heading\" data-id=\"8876cc3\" data-element_type=\"widget\" data-widget_type=\"heading.default\">\n\t\t\t\t<div class=\"elementor-widget-container\">\n\t\t\t\t\t<h2 class=\"elementor-heading-title elementor-size-default\">Postcard with mansion's picture <\/h2>\t\t\t\t<\/div>\n\t\t\t\t<\/div>\n\t\t\t\t\t<\/div>\n\t\t<\/div>\n\t\t\t\t<div class=\"elementor-column elementor-col-50 elementor-inner-column elementor-element elementor-element-b6940ce\" data-id=\"b6940ce\" data-element_type=\"column\">\n\t\t\t<div class=\"elementor-widget-wrap elementor-element-populated\">\n\t\t\t\t\t\t<div class=\"elementor-element elementor-element-05cc50d elementor-widget elementor-widget-heading\" data-id=\"05cc50d\" data-element_type=\"widget\" data-widget_type=\"heading.default\">\n\t\t\t\t<div class=\"elementor-widget-container\">\n\t\t\t\t\t<h2 class=\"elementor-heading-title elementor-size-default\">Chapter 3. The 9\/11 Terrorist Attack wakes us all Up! \n\n<\/h2>\t\t\t\t<\/div>\n\t\t\t\t<\/div>\n\t\t\t\t<div class=\"elementor-element elementor-element-3b60a22 elementor-widget-divider--view-line elementor-widget elementor-widget-divider\" data-id=\"3b60a22\" data-element_type=\"widget\" data-widget_type=\"divider.default\">\n\t\t\t\t<div class=\"elementor-widget-container\">\n\t\t\t\t\t\t\t<div class=\"elementor-divider\">\n\t\t\t<span class=\"elementor-divider-separator\">\n\t\t\t\t\t\t<\/span>\n\t\t<\/div>\n\t\t\t\t\t\t<\/div>\n\t\t\t\t<\/div>\n\t\t\t\t<div class=\"elementor-element elementor-element-e286197 elementor-widget elementor-widget-text-editor\" data-id=\"e286197\" data-element_type=\"widget\" data-widget_type=\"text-editor.default\">\n\t\t\t\t<div class=\"elementor-widget-container\">\n\t\t\t\t\t\t\t\t\t<p>It was not even 6 in the morning since in NY they are 3 hours ahead, when we heard incessant hysterical screams coming from the room next door and of great pain, while our room was filled with all the inhabitants of the mansion that they screamed; Turn on the tv !!!, Call momm !!! she supposed to be traveling from NY an hour ago !!! It is assumed that the mother of the toy boy with whom I stayed after the party eating donuts until a couple of hours ago we went to sleep, worked in the Twin Towers and had to travel that day from NY to LA.\u00a0<\/p><p>At that time I only thought that what was happening was a dream under the influence of the weed that made it super realistic, a full-blown American movie and I just wanted to focus on what outfit I would wear for the Grammy celebration of that same night since it was the main theme in the Jacuzzi and of course it was not held.\u00a0<\/p><p>They turned on the TV to hear the worst news in the world: Two American Airlines planes have been hijacked and one of them has crashed at the World Trade Center in NY!<\/p><p>The screams of pain in the room continued when we heard the announcer say FUCK !!! \nwe are in rigorous direct witnessing how a second plane crashes in the South Tower! People jump out of the building's windows! What a horror! ... Alex was sitting on his side of the bed nervous with his cell phone trying to contact his mother who lived in NY.\u00a0<\/p><p>For a moment the wailing stopped, while everyone focused on calling out to the pool where the Hollywood letters were also sad since they all had family or friends in NY, New Jersey, Washington, Boston, and S. Francisco, Right from where the hijacked flights were coming.\u00a0<\/p><p>I started rubbing my hands and legs because I saw that they were shaking and that's when I realized it wasn't a dream. I would not have paper to write down all the sensations and everything that crossed my mind just arrived from Spain looking for a change of life. I quickly saw the bed surrounded by bags, my briefcases full of clothes and even a mirror that I brought from Spain carved in silver and gold with turquoise stones and that of course I was afraid to even look in it.\u00a0<\/p><p>As I could, I connected my mobile and called the airport, ignorant of me, to change my ticket and return to Spain. When they told me; ma'am, are you watching the news? The airports of the world have been closed for an hour to the USA and it will surely continue this way for a long time.\u00a0<\/p><p>If or if fate wanted me to stay and live in the new LA, in a country that would never be the same again and in a mansion where the adventures had started out strong and that, thank God, the boy toy\u2019s mother had become on the road Just half an hour before the terrorist attack, as well as the rest of the colleagues who found their families safe. <\/p>\t\t\t\t\t\t\t\t<\/div>\n\t\t\t\t<\/div>\n\t\t\t\t<div class=\"elementor-element elementor-element-60c0d9e elementor-widget elementor-widget-heading\" data-id=\"60c0d9e\" data-element_type=\"widget\" data-widget_type=\"heading.default\">\n\t\t\t\t<div class=\"elementor-widget-container\">\n\t\t\t\t\t<h2 class=\"elementor-heading-title elementor-size-default\">DON'T MISS CHAPTER 4!<\/h2>\t\t\t\t<\/div>\n\t\t\t\t<\/div>\n\t\t\t\t<div class=\"elementor-element elementor-element-db40bb5 elementor-widget elementor-widget-heading\" data-id=\"db40bb5\" data-element_type=\"widget\" data-widget_type=\"heading.default\">\n\t\t\t\t<div class=\"elementor-widget-container\">\n\t\t\t\t\t<h2 class=\"elementor-heading-title elementor-size-default\">My first earthquake, about to fall down the ravine !.<\/h2>\t\t\t\t<\/div>\n\t\t\t\t<\/div>\n\t\t\t\t<div class=\"elementor-element elementor-element-60a6e2d elementor-widget elementor-widget-video\" data-id=\"60a6e2d\" data-element_type=\"widget\" data-settings=\"{&quot;youtube_url&quot;:&quot;https:\\\/\\\/youtu.be\\\/EUrUfJW1JGk&quot;,&quot;video_type&quot;:&quot;youtube&quot;,&quot;controls&quot;:&quot;yes&quot;}\" data-widget_type=\"video.default\">\n\t\t\t\t<div class=\"elementor-widget-container\">\n\t\t\t\t\t\t\t<div class=\"elementor-wrapper elementor-open-inline\">\n\t\t\t<div class=\"elementor-video\"><\/div>\t\t<\/div>\n\t\t\t\t\t\t<\/div>\n\t\t\t\t<\/div>\n\t\t\t\t<div class=\"elementor-element elementor-element-67a71b3 elementor-widget elementor-widget-text-editor\" data-id=\"67a71b3\" data-element_type=\"widget\" data-widget_type=\"text-editor.default\">\n\t\t\t\t<div class=\"elementor-widget-container\">\n\t\t\t\t\t\t\t\t\t<p>Start spreading the news<\/p><p>I&#8217;m leaving today<\/p><p>I want to be a part of it<\/p><p>New York, New York<\/p>\t\t\t\t\t\t\t\t<\/div>\n\t\t\t\t<\/div>\n\t\t\t\t\t<\/div>\n\t\t<\/div>\n\t\t\t\t\t<\/div>\n\t\t<\/section>\n\t\t\t\t\t<\/div>\n\t\t<\/div>\n\t\t\t\t\t<\/div>\n\t\t<\/section>\n\t\t\t\t<\/div>","protected":false},"excerpt":{"rendered":"<p>LA BAILARINA Y EL DIPLOM\u00c1TICO BIOGRAF\u00cdA Tres a\u00f1os llenos de aventuras surrealistas, a un ritmo fren\u00e9tico y de \u00e9xito en Los \u00c1ngeles , California&nbsp; Postal con la foto de la Mansi\u00f3n. Cap\u00edtulo 3. El Atentado Terrorista 11-S \u00a1nos despierta a todos! No eran ni siquiera las 6 de la ma\u00f1ana ya que en NY van [&hellip;]<\/p>","protected":false},"author":1,"featured_media":38,"parent":0,"menu_order":0,"comment_status":"closed","ping_status":"closed","template":"elementor_header_footer","meta":{"footnotes":""},"class_list":["post-8649","page","type-page","status-publish","has-post-thumbnail","hentry"],"_links":{"self":[{"href":"https:\/\/estherponcemagazine.com\/en\/wp-json\/wp\/v2\/pages\/8649","targetHints":{"allow":["GET"]}}],"collection":[{"href":"https:\/\/estherponcemagazine.com\/en\/wp-json\/wp\/v2\/pages"}],"about":[{"href":"https:\/\/estherponcemagazine.com\/en\/wp-json\/wp\/v2\/types\/page"}],"author":[{"embeddable":true,"href":"https:\/\/estherponcemagazine.com\/en\/wp-json\/wp\/v2\/users\/1"}],"replies":[{"embeddable":true,"href":"https:\/\/estherponcemagazine.com\/en\/wp-json\/wp\/v2\/comments?post=8649"}],"version-history":[{"count":27,"href":"https:\/\/estherponcemagazine.com\/en\/wp-json\/wp\/v2\/pages\/8649\/revisions"}],"predecessor-version":[{"id":9188,"href":"https:\/\/estherponcemagazine.com\/en\/wp-json\/wp\/v2\/pages\/8649\/revisions\/9188"}],"wp:featuredmedia":[{"embeddable":true,"href":"https:\/\/estherponcemagazine.com\/en\/wp-json\/wp\/v2\/media\/38"}],"wp:attachment":[{"href":"https:\/\/estherponcemagazine.com\/en\/wp-json\/wp\/v2\/media?parent=8649"}],"curies":[{"name":"wp","href":"https:\/\/api.w.org\/{rel}","templated":true}]}}