{"id":6113,"date":"2021-02-27T16:13:26","date_gmt":"2021-02-27T17:13:26","guid":{"rendered":"http:\/\/34.65.102.236.xip.io\/?page_id=6113"},"modified":"2024-10-18T16:18:23","modified_gmt":"2024-10-18T17:18:23","slug":"la-bailarina-y-el-diplomatico","status":"publish","type":"page","link":"https:\/\/estherponcemagazine.com\/en\/la-bailarina-y-el-diplomatico\/","title":{"rendered":"La Bailarina y el Diplom\u00e1tico. &#8211; Capitulo -1"},"content":{"rendered":"<div data-elementor-type=\"wp-post\" data-elementor-id=\"6113\" class=\"elementor elementor-6113\" data-elementor-settings=\"{&quot;ha_cmc_init_switcher&quot;:&quot;no&quot;}\">\n\t\t\t\t\t\t<section class=\"elementor-section elementor-top-section elementor-element elementor-element-22afe40 elementor-section-full_width elementor-section-height-default elementor-section-height-default\" data-id=\"22afe40\" data-element_type=\"section\" data-settings=\"{&quot;background_background&quot;:&quot;classic&quot;,&quot;_ha_eqh_enable&quot;:false}\">\n\t\t\t\t\t\t<div class=\"elementor-container elementor-column-gap-default\">\n\t\t\t\t\t<div class=\"elementor-column elementor-col-100 elementor-top-column elementor-element elementor-element-b5a6a30\" data-id=\"b5a6a30\" data-element_type=\"column\" data-settings=\"{&quot;background_background&quot;:&quot;classic&quot;}\">\n\t\t\t<div class=\"elementor-widget-wrap elementor-element-populated\">\n\t\t\t\t\t\t\t<\/div>\n\t\t<\/div>\n\t\t\t\t\t<\/div>\n\t\t<\/section>\n\t\t\t\t<section class=\"elementor-section elementor-top-section elementor-element elementor-element-471578e elementor-section-boxed elementor-section-height-default elementor-section-height-default\" data-id=\"471578e\" data-element_type=\"section\" data-settings=\"{&quot;_ha_eqh_enable&quot;:false}\">\n\t\t\t\t\t\t<div class=\"elementor-container elementor-column-gap-default\">\n\t\t\t\t\t<div class=\"elementor-column elementor-col-100 elementor-top-column elementor-element elementor-element-78df3d7\" data-id=\"78df3d7\" data-element_type=\"column\">\n\t\t\t<div class=\"elementor-widget-wrap elementor-element-populated\">\n\t\t\t\t\t\t<div class=\"elementor-element elementor-element-89876e4 elementor-view-default elementor-widget elementor-widget-icon\" data-id=\"89876e4\" data-element_type=\"widget\" data-widget_type=\"icon.default\">\n\t\t\t\t<div class=\"elementor-widget-container\">\n\t\t\t\t\t\t\t<div class=\"elementor-icon-wrapper\">\n\t\t\t<a class=\"elementor-icon\" href=\"http:\/\/estherponcemagazine.com\/en\/a-pelo\/\">\n\t\t\t<i aria-hidden=\"true\" class=\"fas fa-arrow-alt-circle-left\"><\/i>\t\t\t<\/a>\n\t\t<\/div>\n\t\t\t\t\t\t<\/div>\n\t\t\t\t<\/div>\n\t\t\t\t<div class=\"elementor-element elementor-element-b124447 elementor-widget elementor-widget-heading\" data-id=\"b124447\" data-element_type=\"widget\" data-widget_type=\"heading.default\">\n\t\t\t\t<div class=\"elementor-widget-container\">\n\t\t\t\t\t<h2 class=\"elementor-heading-title elementor-size-default\">BIOGRAPHY<\/h2>\t\t\t\t<\/div>\n\t\t\t\t<\/div>\n\t\t\t\t<div class=\"elementor-element elementor-element-709a297 elementor-widget-divider--view-line elementor-widget elementor-widget-divider\" data-id=\"709a297\" data-element_type=\"widget\" data-widget_type=\"divider.default\">\n\t\t\t\t<div class=\"elementor-widget-container\">\n\t\t\t\t\t\t\t<div class=\"elementor-divider\">\n\t\t\t<span class=\"elementor-divider-separator\">\n\t\t\t\t\t\t<\/span>\n\t\t<\/div>\n\t\t\t\t\t\t<\/div>\n\t\t\t\t<\/div>\n\t\t\t\t<div class=\"elementor-element elementor-element-85dcdbd elementor-widget elementor-widget-heading\" data-id=\"85dcdbd\" data-element_type=\"widget\" data-widget_type=\"heading.default\">\n\t\t\t\t<div class=\"elementor-widget-container\">\n\t\t\t\t\t<h2 class=\"elementor-heading-title elementor-size-default\"><span style=\"font-weight: bold\">Three years full of surreal adventures, successfully at a frenetic  rhythm  in Los Angeles, California<\/span><\/h2>\t\t\t\t<\/div>\n\t\t\t\t<\/div>\n\t\t\t\t<div class=\"elementor-element elementor-element-2485e6b elementor-widget-divider--view-line elementor-widget elementor-widget-divider\" data-id=\"2485e6b\" data-element_type=\"widget\" data-widget_type=\"divider.default\">\n\t\t\t\t<div class=\"elementor-widget-container\">\n\t\t\t\t\t\t\t<div class=\"elementor-divider\">\n\t\t\t<span class=\"elementor-divider-separator\">\n\t\t\t\t\t\t<\/span>\n\t\t<\/div>\n\t\t\t\t\t\t<\/div>\n\t\t\t\t<\/div>\n\t\t\t\t<section class=\"elementor-section elementor-inner-section elementor-element elementor-element-e0a5f3b elementor-section-boxed elementor-section-height-default elementor-section-height-default\" data-id=\"e0a5f3b\" data-element_type=\"section\" data-settings=\"{&quot;_ha_eqh_enable&quot;:false}\">\n\t\t\t\t\t\t<div class=\"elementor-container elementor-column-gap-default\">\n\t\t\t\t\t<div class=\"elementor-column elementor-col-50 elementor-inner-column elementor-element elementor-element-31fcf59\" data-id=\"31fcf59\" data-element_type=\"column\">\n\t\t\t<div class=\"elementor-widget-wrap elementor-element-populated\">\n\t\t\t\t\t\t<div class=\"elementor-element elementor-element-1bcf2be elementor-widget elementor-widget-image\" data-id=\"1bcf2be\" data-element_type=\"widget\" data-widget_type=\"image.default\">\n\t\t\t\t<div class=\"elementor-widget-container\">\n\t\t\t\t\t\t\t\t\t\t\t\t\t\t\t<img fetchpriority=\"high\" decoding=\"async\" width=\"768\" height=\"1024\" src=\"https:\/\/estherponcemagazine.com\/wp-content\/uploads\/2021\/02\/IMG-20210227-WA0033.jpg\" class=\"attachment-large size-large wp-image-6205\" alt=\"\" srcset=\"https:\/\/estherponcemagazine.com\/wp-content\/uploads\/2021\/02\/IMG-20210227-WA0033.jpg 768w, https:\/\/estherponcemagazine.com\/wp-content\/uploads\/2021\/02\/IMG-20210227-WA0033-225x300.jpg 225w, https:\/\/estherponcemagazine.com\/wp-content\/uploads\/2021\/02\/IMG-20210227-WA0033-9x12.jpg 9w\" sizes=\"(max-width: 768px) 100vw, 768px\" \/>\t\t\t\t\t\t\t\t\t\t\t\t\t\t\t<\/div>\n\t\t\t\t<\/div>\n\t\t\t\t\t<\/div>\n\t\t<\/div>\n\t\t\t\t<div class=\"elementor-column elementor-col-50 elementor-inner-column elementor-element elementor-element-b6940ce\" data-id=\"b6940ce\" data-element_type=\"column\">\n\t\t\t<div class=\"elementor-widget-wrap elementor-element-populated\">\n\t\t\t\t\t\t<div class=\"elementor-element elementor-element-05cc50d elementor-widget elementor-widget-heading\" data-id=\"05cc50d\" data-element_type=\"widget\" data-widget_type=\"heading.default\">\n\t\t\t\t<div class=\"elementor-widget-container\">\n\t\t\t\t\t<h2 class=\"elementor-heading-title elementor-size-default\">Chapter 1.<span style=\"font-weight: bold\"> My dramatic and emotional farewell at Madrid airport.&nbsp;<\/span><\/h2>\t\t\t\t<\/div>\n\t\t\t\t<\/div>\n\t\t\t\t<div class=\"elementor-element elementor-element-3b60a22 elementor-widget-divider--view-line elementor-widget elementor-widget-divider\" data-id=\"3b60a22\" data-element_type=\"widget\" data-widget_type=\"divider.default\">\n\t\t\t\t<div class=\"elementor-widget-container\">\n\t\t\t\t\t\t\t<div class=\"elementor-divider\">\n\t\t\t<span class=\"elementor-divider-separator\">\n\t\t\t\t\t\t<\/span>\n\t\t<\/div>\n\t\t\t\t\t\t<\/div>\n\t\t\t\t<\/div>\n\t\t\t\t<div class=\"elementor-element elementor-element-e286197 elementor-widget elementor-widget-text-editor\" data-id=\"e286197\" data-element_type=\"widget\" data-widget_type=\"text-editor.default\">\n\t\t\t\t<div class=\"elementor-widget-container\">\n\t\t\t\t\t\t\t\t\t<p>Make the decision to accept my brother's Christmas gift through a note that said; worth a trip to Los Angeles. Think about it! It took me a year, but I managed to escape from a very toxic relationship of 10 years and free my family from the torture they were going through.<\/p><p>Aeropuerto de Barajas, Septiembre del 2001,\u00a0\u00a06 am.\u00a0<\/p><p>For me airports were my second home, I had a very intense life of tours, performances and dance courses around the world. So, I was not afraid to cross the pond one more time, but I was hurt and afraid to start a completely new life leaving everything behind.\u00a0<\/p><p>It was when you could travel with three suitcases of 36kg each, a trolley and a handbag, water, food and everything that could fit without limits in your trunk above your seat. I also check in my trunk of rehearsal clothes and my makeup bag.\u00a0<\/p><p>Family members could also accompany you to the security checkpoint . And of course this time all accompanied me .\u00a0<\/p><p>My mother with her eyes filled with tears of love and with her words that I will never forget of encouragement and strength and without losing for a single moment her trust in her daughter's born fighter, who at that time was a woman in pain, with desire to change my life, still sad and vulnerable. She hugged me for 5 minutes giving me all its powers while I cried like a little girl for the last time until I saw the Virgin of the Helpless who hung around my neck while saying; Caress her whenever you need her and she will help you  so my moon made me smile.\u00a0<\/p><p>My father waited as always next to us, serious, wise, elegant, my Paul Newman. But this time it was different, he took out a $ 100 bill from his wallet and gave it to me and told me; First show yourself who you are and what you are capable of in a country like the USA and then the rest will come alone.\u00a0<\/p><p>My older brother, the culprit of my trip to LA told me; Learn English well and for that do not get together with Spaniards, recycle yourself, which is the only thing you need, eat the world as you have been doing since you were 15 years old and convert 100 $ into 100,000 $.\u00a0<\/p><p>My little brother hugged me crying because he was the one who had been closest to me in the last hard years saying; You have not hurried to return, hold the pull as you know and I will wait  for you as always , full of success and adventures to tell . And with his conqueror smile he reminded me to buy his new balance.<\/p><p>Mean while Gleasie, the slightly older Nani from Philippines that I grew up with, my confidant, hairdresser, seamstress, sorceress, cook and secretary, gave me a chic bag with my hand-embroidered initials that she sewed herself to put into my Mega bag with all the Saints and virgins that my aunts gave me and that for them all are miraculous. Gleasie called my aunts with my huge mobile who were anxiously waiting for a minute of silence to pray our Father and a Hail Mary for me with more hope than ever and that worked.\u00a0<\/p><p>And to finish the sanctuary, the triptych of the 11th century of the Virgin of Perpetual Help from my grandmother Do\u00f1a Carmen who always traveled with me and presided over my dressing rooms.\u00a0<\/p><p>As I could not miss, my poodles Lola and Chungy also came to say goodbye.They  were in my arms the whole time and it hurt my soul to leave them exactly like the rest of the family.\u00a0<\/p><p>That day the duty free was cloudy, unlike other times when I bought everything, that's when I came across reality and I said to myself; Esther, take it easy because you only have $ 100 and a one-way ticket.\u00a0<\/p><p>As always wait until the last to enter and hopefully take three vacant seats and sleep the 12-hour flight.\u00a0<\/p><p>With my huge glasses and my cap, I camouflaged myself on the plane.\u00a0<\/p><p>I went to introduce myself to the hostesses who would end up being my admires and who would provide me with food and drink galore.\u00a0<\/p><p>Luckily I was able to rest with my blankets, pillows, eye mask, earplugs ... because the queue at immigration lasted an interminable hour and a half where everyone was smoking and I was thinking; Will they let me in with so many suitcases? My God , maybe  they see the huge trunk and think that I come to perform without permission, without credit cards and not even a bank account. I definitely will not say that I am a dancer or artist, or a teacher, I will say that I come on vacation.\u00a0<\/p><p>Luckily, they didn't require a return ticket before. When I showed the police the paper with the address of where I would stay and that I had not cared or needed until that moment and I read the Hollywood Hills, a chill went through my body and I had the feeling of the American dream had just begun.\u00a0<\/p><p>The police officer woke me up with a take off your glasses and cap and look at the camera! Can you imagine the face in the photo? Right there I realized that I wasn\u2019t wearing any makeup and that Alex, my American brother , was coming to pick me up. 1.90 tall, dark hair , green eyes, full lips, model and actor and  always in love with me.\u00a0<\/p>\t\t\t\t\t\t\t\t<\/div>\n\t\t\t\t<\/div>\n\t\t\t\t<div class=\"elementor-element elementor-element-60c0d9e elementor-widget elementor-widget-heading\" data-id=\"60c0d9e\" data-element_type=\"widget\" data-widget_type=\"heading.default\">\n\t\t\t\t<div class=\"elementor-widget-container\">\n\t\t\t\t\t<h2 class=\"elementor-heading-title elementor-size-default\">DON'T MISS CHAPTER 2<\/h2>\t\t\t\t<\/div>\n\t\t\t\t<\/div>\n\t\t\t\t<div class=\"elementor-element elementor-element-db40bb5 elementor-widget elementor-widget-heading\" data-id=\"db40bb5\" data-element_type=\"widget\" data-widget_type=\"heading.default\">\n\t\t\t\t<div class=\"elementor-widget-container\">\n\t\t\t\t\t<h2 class=\"elementor-heading-title elementor-size-default\">What awaited Me upon arrival at the Mansion<\/h2>\t\t\t\t<\/div>\n\t\t\t\t<\/div>\n\t\t\t\t\t<\/div>\n\t\t<\/div>\n\t\t\t\t\t<\/div>\n\t\t<\/section>\n\t\t\t\t\t<\/div>\n\t\t<\/div>\n\t\t\t\t\t<\/div>\n\t\t<\/section>\n\t\t\t\t<\/div>","protected":false},"excerpt":{"rendered":"<p>BIOGRAF\u00cdA Tres a\u00f1os llenos de aventuras surrealistas, a un ritmo fren\u00e9tico y de \u00e9xito en Los \u00c1ngeles , California CAP\u00cdTULO 1. Mi dram\u00e1tica y emotiva despedida en el aeropuerto de Madrid.&nbsp; Tomar la decisi\u00f3n de aceptar el regalo de Navidad de mi hermano mediante una nota que dec\u00eda; vale por un viaje a Los \u00c1ngeles. [&hellip;]<\/p>","protected":false},"author":1,"featured_media":38,"parent":0,"menu_order":0,"comment_status":"closed","ping_status":"closed","template":"elementor_header_footer","meta":{"footnotes":""},"class_list":["post-6113","page","type-page","status-publish","has-post-thumbnail","hentry"],"_links":{"self":[{"href":"https:\/\/estherponcemagazine.com\/en\/wp-json\/wp\/v2\/pages\/6113","targetHints":{"allow":["GET"]}}],"collection":[{"href":"https:\/\/estherponcemagazine.com\/en\/wp-json\/wp\/v2\/pages"}],"about":[{"href":"https:\/\/estherponcemagazine.com\/en\/wp-json\/wp\/v2\/types\/page"}],"author":[{"embeddable":true,"href":"https:\/\/estherponcemagazine.com\/en\/wp-json\/wp\/v2\/users\/1"}],"replies":[{"embeddable":true,"href":"https:\/\/estherponcemagazine.com\/en\/wp-json\/wp\/v2\/comments?post=6113"}],"version-history":[{"count":68,"href":"https:\/\/estherponcemagazine.com\/en\/wp-json\/wp\/v2\/pages\/6113\/revisions"}],"predecessor-version":[{"id":12849,"href":"https:\/\/estherponcemagazine.com\/en\/wp-json\/wp\/v2\/pages\/6113\/revisions\/12849"}],"wp:featuredmedia":[{"embeddable":true,"href":"https:\/\/estherponcemagazine.com\/en\/wp-json\/wp\/v2\/media\/38"}],"wp:attachment":[{"href":"https:\/\/estherponcemagazine.com\/en\/wp-json\/wp\/v2\/media?parent=6113"}],"curies":[{"name":"wp","href":"https:\/\/api.w.org\/{rel}","templated":true}]}}