{"id":3260,"date":"2021-02-14T09:12:42","date_gmt":"2021-02-14T10:12:42","guid":{"rendered":"http:\/\/34.65.102.236.xip.io\/?page_id=3260"},"modified":"2024-10-02T08:59:27","modified_gmt":"2024-10-02T09:59:27","slug":"contacto-1","status":"publish","type":"page","link":"https:\/\/estherponcemagazine.com\/en\/contacto-1\/","title":{"rendered":"CONTACT"},"content":{"rendered":"<div data-elementor-type=\"wp-page\" data-elementor-id=\"3260\" class=\"elementor elementor-3260\" data-elementor-settings=\"{&quot;ha_cmc_init_switcher&quot;:&quot;no&quot;}\">\n\t\t\t\t\t\t<section class=\"elementor-section elementor-top-section elementor-element elementor-element-757b53d elementor-section-full_width elementor-section-height-default elementor-section-height-default\" data-id=\"757b53d\" data-element_type=\"section\" data-settings=\"{&quot;background_background&quot;:&quot;classic&quot;}\">\n\t\t\t\t\t\t<div class=\"elementor-container elementor-column-gap-default\">\n\t\t\t\t\t<div class=\"elementor-column elementor-col-100 elementor-top-column elementor-element elementor-element-c207418\" data-id=\"c207418\" data-element_type=\"column\" data-settings=\"{&quot;background_background&quot;:&quot;classic&quot;}\">\n\t\t\t<div class=\"elementor-widget-wrap elementor-element-populated\">\n\t\t\t\t\t\t\t<\/div>\n\t\t<\/div>\n\t\t\t\t\t<\/div>\n\t\t<\/section>\n\t\t\t\t<section class=\"elementor-section elementor-top-section elementor-element elementor-element-8fe01c1 elementor-section-boxed elementor-section-height-default elementor-section-height-default\" data-id=\"8fe01c1\" data-element_type=\"section\" data-settings=\"{&quot;background_background&quot;:&quot;classic&quot;,&quot;_ha_eqh_enable&quot;:false}\">\n\t\t\t\t\t\t<div class=\"elementor-container elementor-column-gap-default\">\n\t\t\t\t\t<div class=\"elementor-column elementor-col-100 elementor-top-column elementor-element elementor-element-45be572\" data-id=\"45be572\" data-element_type=\"column\" data-settings=\"{&quot;background_background&quot;:&quot;classic&quot;}\">\n\t\t\t<div class=\"elementor-widget-wrap elementor-element-populated\">\n\t\t\t\t\t\t<div class=\"elementor-element elementor-element-b126e4f elementor-button-align-center elementor-widget elementor-widget-form\" data-id=\"b126e4f\" data-element_type=\"widget\" data-settings=\"{&quot;step_next_label&quot;:&quot;Next&quot;,&quot;step_previous_label&quot;:&quot;Previous&quot;,&quot;step_type&quot;:&quot;icon_text&quot;,&quot;button_width&quot;:&quot;100&quot;,&quot;step_icon_shape&quot;:&quot;circle&quot;}\" data-widget_type=\"form.default\">\n\t\t\t\t<div class=\"elementor-widget-container\">\n\t\t\t\t\t\t\t<form class=\"elementor-form\" method=\"post\" id=\"Conctacto-1\" name=\"NEWSLETTER\" action=\"\">\n\t\t\t<input type=\"hidden\" name=\"post_id\" value=\"3260\"\/>\n\t\t\t<input type=\"hidden\" name=\"form_id\" value=\"b126e4f\"\/>\n\n\t\t\t\n\t\t\t<div class=\"elementor-form-fields-wrapper elementor-labels-above\">\n\t\t\t\t\t\t\t\t<div class=\"elementor-field-type-text elementor-field-group elementor-column elementor-field-group-name elementor-col-100 elementor-field-required\">\n\t\t\t\t\t<label for=\"form-field-name\" class=\"elementor-field-label\">NAME<\/label><input size=\"1\" type=\"text\" name=\"form_fields[name]\" id=\"form-field-name\" class=\"elementor-field elementor-size-sm  elementor-field-textual\" placeholder=\"NAME\" required=\"required\" aria-required=\"true\">\t\t\t\t<\/div>\n\t\t\t\t\t\t\t\t<div class=\"elementor-field-type-email elementor-field-group elementor-column elementor-field-group-email elementor-col-100 elementor-field-required\">\n\t\t\t\t\t<label for=\"form-field-email\" class=\"elementor-field-label\">EMAIL<\/label><input size=\"1\" type=\"email\" name=\"form_fields[email]\" id=\"form-field-email\" class=\"elementor-field elementor-size-sm  elementor-field-textual\" placeholder=\"EMAIL\" required=\"required\" aria-required=\"true\">\t\t\t\t<\/div>\n\t\t\t\t\t\t\t\t<div class=\"elementor-field-type-textarea elementor-field-group elementor-column elementor-field-group-field_49bea4a elementor-col-100 elementor-field-required\">\n\t\t\t\t\t<label for=\"form-field-field_49bea4a\" class=\"elementor-field-label\">LEAVE US YUOR MESSAGE<\/label><textarea class=\"elementor-field-textual elementor-field  elementor-size-sm\" name=\"form_fields[field_49bea4a]\" id=\"form-field-field_49bea4a\" rows=\"3\" required=\"required\" aria-required=\"true\"><\/textarea>\t\t\t\t<\/div>\n\t\t\t\t\t\t\t\t<div class=\"elementor-field-type-checkbox elementor-field-group elementor-column elementor-field-group-field_d8f7e61 elementor-col-100\">\n\t\t\t\t\t<label for=\"form-field-field_d8f7e61\" class=\"elementor-field-label\">I ACCEPT RECEIVE NEWS BY EMAIL<\/label><div class=\"elementor-field-subgroup\"><span class=\"elementor-field-option\"><input type=\"checkbox\" value=\"SI\" id=\"form-field-field_d8f7e61-0\" name=\"form_fields[field_d8f7e61]\"> <label for=\"form-field-field_d8f7e61-0\">YES<\/label><\/span><\/div>\t\t\t\t<\/div>\n\t\t\t\t\t\t\t\t<div class=\"elementor-field-type-select elementor-field-group elementor-column elementor-field-group-field_5eb55af elementor-col-100\">\n\t\t\t\t\t<label for=\"form-field-field_5eb55af\" class=\"elementor-field-label\">COUNTRY<\/label>\t\t<div class=\"elementor-field elementor-select-wrapper\">\n\t\t\t<select name=\"form_fields[field_5eb55af]\" id=\"form-field-field_5eb55af\" class=\"elementor-field-textual elementor-size-sm\">\n\t\t\t\t<option value=\" Seleccione pais\">SELECCIONE PAIS <\/option><option value=\"Afghanistan \t\">Afganist\u00e1n <\/option><option value=\"Albania \">Albania \t<\/option><option value=\"Alemania \">Alemania \t<\/option><option value=\"Andorra \t\">Andorra \t<\/option><option value=\" Angola\">Angola \t<\/option><option value=\"Anguila \">Anguila \t<\/option><option value=\"Ant\u00e1rtida\">Ant\u00e1rtida <\/option><option value=\"Antigua y Barbuda\">Antigua y Barbuda \t<\/option><option value=\"Arabia Saudita \t\">Arabia Saudita \t<\/option><option value=\"Argelia \">Argelia \t<\/option><option value=\"Argentina\">Argentina <\/option><option value=\"Armenia \t\">Armenia \t<\/option><option value=\"Aruba \t\">Aruba \t<\/option><option value=\"Australia \t\">Australia \t<\/option><option value=\"Austria \t\">Austria \t<\/option><option value=\"Azerbaiy\u00e1n\">Azerbaiy\u00e1n <\/option><option value=\"B\u00e9lgica\">B\u00e9lgica \t<\/option><option value=\" Bahamas\">Bahamas <\/option><option value=\" Bahrein\">Bahrein \t<\/option><option value=\"Bangladesh\">Bangladesh <\/option><option value=\"Barbados \">Barbados \t<\/option><option value=\"Belice \t\">Belice \t<\/option><option value=\"Ben\u00edn\">Ben\u00edn \t<\/option><option value=\"Bhut\u00e1n \">Bhut\u00e1n \t<\/option><option value=\"Bielorrusia \t\">Bielorrusia \t<\/option><option value=\"Birmania \t\">Birmania \t<\/option><option value=\"Bolivia \t\">Bolivia \t<\/option><option value=\"Bosnia y Herzegovina\">Bosnia y Herzegovina <\/option><option value=\"Botsuana \t\">Botsuana \t<\/option><option value=\"Brasil \t\">Brasil \t<\/option><option value=\"Brun\u00e9i \">Brun\u00e9i \t<\/option><option value=\"Bulgaria\">Bulgaria <\/option><option value=\" Burkina Faso\">Burkina Faso <\/option><option value=\" Burundi\">Burundi <\/option><option value=\"Cabo Verde \">Cabo Verde <\/option><option value=\"Camboya \t\">Camboya \t<\/option><option value=\"Camer\u00fan \">Camer\u00fan <\/option><option value=\"Canad\u00e1 \">Canad\u00e1 \t<\/option><option value=\"Chad \t\">Chad \t<\/option><option value=\"Chile \t\">Chile \t<\/option><option value=\"China \">China \t<\/option><option value=\"Chipre \t\">Chipre \t<\/option><option value=\"Ciudad del Vaticano \">Ciudad del Vaticano <\/option><option value=\"Colombia\">Colombia <\/option><option value=\"Comoras \t\">Comoras \t<\/option><option value=\"Rep\u00fablica del Congo\">Rep\u00fablica del Congo <\/option><option value=\"Corea del Norte\">Corea del Norte \t<\/option><option value=\"Corea del Sur\">Corea del Sur <\/option><option value=\"Costa de Marfil \">Costa de Marfil <\/option><option value=\"Costa Rica \t\">Costa Rica \t<\/option><option value=\"Croacia \">Croacia \t <\/option><option value=\"Cuba \t\">Cuba \t<\/option><option value=\"Curazao \t\">Curazao \t<\/option><option value=\"Dinamarca\">Dinamarca \t<\/option><option value=\"Dominica \t\">Dominica \t<\/option><option value=\"Ecuador\">Ecuador \t<\/option><option value=\"Egipto \t\">Egipto \t<\/option><option value=\"El Salvador\">El Salvador \t<\/option><option value=\"Emiratos \u00c1rabes Unidos\">Emiratos \u00c1rabes Unidos <\/option><option value=\"Eritrea \t\">Eritrea \t<\/option><option value=\"Eslovaquia\">Eslovaquia <\/option><option value=\"Eslovenia \t\">Eslovenia \t<\/option><option value=\"Espa\u00f1a\">Espa\u00f1a \t<\/option><option value=\"Estados Unidos de Am\u00e9rica\">Estados Unidos de Am\u00e9rica \t<\/option><option value=\"Estonia\">Estonia \t<\/option><option value=\"Etiop\u00eda \t\">Etiop\u00eda \t<\/option><option value=\"Filipinas \t\">Filipinas \t<\/option><option value=\"Finlandia\">Finlandia \t<\/option><option value=\"Fiyi \t\">Fiyi \t<\/option><option value=\"Francia\">Francia \t<\/option><option value=\"Gab\u00f3n \">Gab\u00f3n \t<\/option><option value=\"Gambia \t\">Gambia \t<\/option><option value=\"Georgia \t\">Georgia \t<\/option><option value=\"Ghana\">Ghana \t<\/option><option value=\"Gibraltar \t\">Gibraltar \t<\/option><option value=\"Grecia \">Grecia \t<\/option><option value=\"Groenlandia \">Groenlandia \t<\/option><option value=\"Guadalupe\">Guadalupe \t<\/option><option value=\"Guam \">Guam \t<\/option><option value=\"Guatemala\">Guatemala \t<\/option><option value=\"Guayana Francesa \t\">Guayana Francesa \t<\/option><option value=\"Guinea \tGuinea \">Guinea \tGuinea \t<\/option><option value=\"Guinea Ecuatorial \">Guinea Ecuatorial \t<\/option><option value=\"Guinea-Bissau \t\">Guinea-Bissau \t<\/option><option value=\"Guyana\">Guyana \t<\/option><option value=\"Hait\u00ed \t\">Hait\u00ed \t<\/option><option value=\"Honduras \t\">Honduras \t<\/option><option value=\"Hong kong \t\">Hong kong \t<\/option><option value=\"Hungr\u00eda \t\">Hungr\u00eda \t<\/option><option value=\"India \t\">India \t<\/option><option value=\"Indonesia \">Indonesia \t<\/option><option value=\"Ir\u00e1n\">Ir\u00e1n \t<\/option><option value=\"Irak \t\">Irak \t<\/option><option value=\"Irlanda\">Irlanda \t<\/option><option value=\"Isla Bouvet\">Isla Bouvet \t<\/option><option value=\"Isla de Man\">Isla de Man \t<\/option><option value=\"Isla de Navidad\">Isla de Navidad \t<\/option><option value=\"Isla Norfolk\">Isla Norfolk \t<\/option><option value=\"Islandia \t\">Islandia \t<\/option><option value=\"Islas Bermudas\">Islas Bermudas \t<\/option><option value=\"Islas Caim\u00e1n \t\">Islas Caim\u00e1n \t<\/option><option value=\"Islas Cocos (Keeling)\">Islas Cocos (Keeling) \t<\/option><option value=\"Islas Cook \t\">Islas Cook \t\t<\/option><option value=\"Islas de \u00c5land \">Islas de \u00c5land <\/option><option value=\"Islas Feroe \t\">Islas Feroe \t \t<\/option><option value=\"\">Islas Georgias del Sur y Sandwich del Sur \t<\/option><option value=\"\">Islas Heard y McDonald \t<\/option><option value=\"\">Islas Maldivas \t<\/option><option value=\"\">Islas Malvinas \t<\/option><option value=\"\">Islas Marianas del Norte \t<\/option><option value=\"\">Islas Marshall \t<\/option><option value=\"\">Islas Pitcairn \t<\/option><option value=\"\">Islas Salom\u00f3n \t<\/option><option value=\"\">Islas Turcas y Caicos \t<\/option><option value=\"\">Islas Ultramarinas Menores de Estados Unidos \t<\/option><option value=\" Islas V\u00edrgenes Brit\u00e1nicas \">Islas V\u00edrgenes Brit\u00e1nicas \t<\/option><option value=\"Islas V\u00edrgenes de los Estados Unidos \">Islas V\u00edrgenes de los Estados Unidos \t<\/option><option value=\"Israel \">Israel \t<\/option><option value=\"Italia\">Italia \t<\/option><option value=\"Jamaica \t\">Jamaica \t<\/option><option value=\"Jap\u00f3n \t\">Jap\u00f3n \t<\/option><option value=\"Jersey \t\">Jersey \t<\/option><option value=\"Jordania\">Jordania \t<\/option><option value=\"Kazajist\u00e1n \t\">Kazajist\u00e1n \t<\/option><option value=\"Kenia \t\">Kenia \t<\/option><option value=\"Kirguist\u00e1n\">Kirguist\u00e1n \t<\/option><option value=\"Kiribati\">Kiribati \t<\/option><option value=\"Kuwait\">Kuwait <\/option><option value=\"L\u00edbano \">L\u00edbano \t<\/option><option value=\"Laos \t\">Laos \t<\/option><option value=\"Lesoto\">Lesoto \t<\/option><option value=\"Letonia\">Letonia \t<\/option><option value=\"Liberia\">Liberia \t<\/option><option value=\"Libia \t\">Libia \t<\/option><option value=\"Liechtenstein \t\">Liechtenstein \t<\/option><option value=\"Lituania \t\">Lituania \t<\/option><option value=\"Luxemburgo \t\">Luxemburgo \t<\/option><option value=\"M\u00e9xico\">M\u00e9xico \t<\/option><option value=\"M\u00f3naco \t\">M\u00f3naco \t<\/option><option value=\"Macao \">Macao \t<\/option><option value=\"Maced\u00f4nia \">Maced\u00f4nia \t<\/option><option value=\"Madagascar \t\">Madagascar \t<\/option><option value=\"Malasia \t\">Malasia \t<\/option><option value=\"Malawi \t\">Malawi \t<\/option><option value=\"Mali\">Mali \t<\/option><option value=\"Malta\">Malta \t<\/option><option value=\"Marruecos \">Marruecos \t<\/option><option value=\"Martinica \t\">Martinica \t<\/option><option value=\"Mauricio\">Mauricio \t<\/option><option value=\"Mauritania\">Mauritania \t<\/option><option value=\"Mayotte \t\">Mayotte \t<\/option><option value=\"Micronesia \">Micronesia \t<\/option><option value=\"Moldavia\">Moldavia \t<\/option><option value=\"Mongolia \t\">Mongolia \t<\/option><option value=\"Montenegro\">Montenegro \t<\/option><option value=\"Montserrat\">Montserrat \t<\/option><option value=\"Mozambique\">Mozambique \t<\/option><option value=\"Namibia \">Namibia \t<\/option><option value=\"Nauru\">Nauru \t<\/option><option value=\"Nepal \">Nepal \t<\/option><option value=\"Nicaragua\">Nicaragua \t<\/option><option value=\"Niger \t\">Niger \t<\/option><option value=\"Nigeria \">Nigeria \t<\/option><option value=\"Niue \">Niue \t<\/option><option value=\"Noruega \t\">Noruega \t<\/option><option value=\"Nueva Caledonia\">Nueva Caledonia \t<\/option><option value=\"Nueva Zelanda \">Nueva Zelanda \t<\/option><option value=\"Om\u00e1n\">Om\u00e1n \t<\/option><option value=\"Pa\u00edses Bajos \t\">Pa\u00edses Bajos \t<\/option><option value=\"Pakist\u00e1n \t\">Pakist\u00e1n \t<\/option><option value=\"Palau \t\">Palau \t \t<\/option><option value=\"Palestina\">Palestina \t<\/option><option value=\"Panam\u00e1 \t\">Panam\u00e1 \t<\/option><option value=\"Pap\u00faa Nueva Guinea\">Pap\u00faa Nueva Guinea \t<\/option><option value=\"Paraguay \t\">Paraguay \t<\/option><option value=\"Per\u00fa \t\">Per\u00fa \t<\/option><option value=\"Polinesia Francesa \t\">Polinesia Francesa \t<\/option><option value=\"Polonia\">Polonia \t<\/option><option value=\"Portugal \t\">Portugal \t<\/option><option value=\"Puerto Rico\">Puerto Rico \t<\/option><option value=\"Qatar\">Qatar \t<\/option><option value=\"Reino Unido\">Reino Unido<\/option><option value=\" Rep\u00fablica Centroafricana\">Rep\u00fablica Centroafricana \t<\/option><option value=\" Rep\u00fablica Checa\">Rep\u00fablica Checa \t<\/option><option value=\" Rep\u00fablica Dominicana\">Rep\u00fablica Dominicana \t<\/option><option value=\" Rep\u00fablica de Sud\u00e1n del Sur \t\">Rep\u00fablica de Sud\u00e1n del Sur \t<\/option><option value=\"Reuni\u00f3n \t\">Reuni\u00f3n \t<\/option><option value=\"Ruanda \t\">Ruanda \t<\/option><option value=\"Ruman\u00eda \t\">Ruman\u00eda \t<\/option><option value=\"Rusia \t\">Rusia \t<\/option><option value=\"Sahara Occidental\">Sahara Occidental \t<\/option><option value=\"Samoa\">Samoa \t<\/option><option value=\"Samoa Americana \">Samoa Americana \t<\/option><option value=\" San Bartolom\u00e9\">San Bartolom\u00e9 \t<\/option><option value=\" San Crist\u00f3bal y Nieves\">San Crist\u00f3bal y Nieves \t<\/option><option value=\" San Marino\">San Marino \t<\/option><option value=\" San Mart\u00edn (Francia)\">San Mart\u00edn (Francia) \t<\/option><option value=\" San Pedro y Miquel\u00f3n \t\">San Pedro y Miquel\u00f3n \t<\/option><option value=\" San Vicente y las Granadinas\">San Vicente y las Granadinas \t<\/option><option value=\" Santa Elena \tAscensi\u00f3n y Trist\u00e1n de Acu\u00f1a \t\">Santa Elena \tAscensi\u00f3n y Trist\u00e1n de Acu\u00f1a \t<\/option><option value=\" Santa Luc\u00eda\">Santa Luc\u00eda \t<\/option><option value=\" Santo Tom\u00e9 y Pr\u00edncipe \t\">Santo Tom\u00e9 y Pr\u00edncipe \t<\/option><option value=\" Senegal \t\">Senegal \t<\/option><option value=\" Serbia \t\">Serbia \t<\/option><option value=\" Seychelles\">Seychelles \t<\/option><option value=\" Sierra Leona\">Sierra Leona \t<\/option><option value=\" Singapur\">Singapur \t<\/option><option value=\" Sint Maarten\">Sint Maarten \t<\/option><option value=\" Siria \t\">Siria \t<\/option><option value=\" Somalia \t\">Somalia \t<\/option><option value=\" Sri lanka \">Sri lanka \t<\/option><option value=\" Sud\u00e1frica \t\">Sud\u00e1frica \t<\/option><option value=\" Sud\u00e1n \t\">Sud\u00e1n \t<\/option><option value=\" Suecia\">Suecia \t<\/option><option value=\" Suiza \t\">Suiza \t<\/option><option value=\" Surin\u00e1m \t\">Surin\u00e1m \t<\/option><option value=\"Svalbard y Jan Mayen\">Svalbard y Jan Mayen <\/option><option value=\" Swazilandia\">Swazilandia \t<\/option><option value=\" Tayikist\u00e1n \">Tayikist\u00e1n \t<\/option><option value=\" Tailandia \t\">Tailandia \t<\/option><option value=\"Taiw\u00e1n\">Taiw\u00e1n <\/option><option value=\"Tanzania \t\">Tanzania \t<\/option><option value=\"Territorio Brit\u00e1nico del Oc\u00e9ano \u00cdndico \t\">Territorio Brit\u00e1nico del Oc\u00e9ano \u00cdndico \t<\/option><option value=\"\"><\/option><option value=\" Timor Oriental \">Timor Oriental \t<\/option><option value=\" Togo \">Togo \t<\/option><option value=\" Tokelau\">Tokelau \t<\/option><option value=\" Tonga \">Tonga \t<\/option><option value=\" Trinidad y Tobago\">Trinidad y Tobago <\/option><option value=\" Tunez \t\">Tunez \t<\/option><option value=\" Turkmenist\u00e1n\">Turkmenist\u00e1n <\/option><option value=\" Turqu\u00eda\">Turqu\u00eda \t<\/option><option value=\" Tuvalu \">Tuvalu \t<\/option><option value=\" Ucrania\">Ucrania \t<\/option><option value=\" Uganda\">Uganda \t<\/option><option value=\" Uruguay\">Uruguay \t<\/option><option value=\" Uzbekist\u00e1n\t\">Uzbekist\u00e1n \t<\/option><option value=\"Vanuatu \t\">Vanuatu \t<\/option><option value=\" Venezuela \">Venezuela \t<\/option><option value=\"Vietnam \t\">Vietnam \t<\/option><option value=\" Wallis y Futuna \t\">Wallis y Futuna \t \t<\/option><option value=\"Yemen\">Yemen \t<\/option><option value=\"Yibuti \">Yibuti \t<\/option><option value=\"Zambia\">Zambia \t<\/option><option value=\" Zimbabue \t\">Zimbabue \t<\/option>\t\t\t<\/select>\n\t\t<\/div>\n\t\t\t\t\t\t<\/div>\n\t\t\t\t\t\t\t\t<div class=\"elementor-field-group elementor-column elementor-field-type-submit elementor-col-100 e-form__buttons\">\n\t\t\t\t\t<button type=\"submit\" class=\"elementor-button elementor-size-sm\">\n\t\t\t\t\t\t<span >\n\t\t\t\t\t\t\t\t\t\t\t\t\t\t\t<span class=\"elementor-button-icon\">\n\t\t\t\t\t\t\t\t\t\t\t\t\t\t\t\t\t\t\t\t\t\t\t\t\t\t<\/span>\n\t\t\t\t\t\t\t\t\t\t\t\t\t\t\t\t\t\t\t\t\t\t<span class=\"elementor-button-text\">JOIN US<\/span>\n\t\t\t\t\t\t\t\t\t\t\t\t\t<\/span>\n\t\t\t\t\t<\/button>\n\t\t\t\t<\/div>\n\t\t\t<\/div>\n\t\t<input type=\"hidden\" name=\"trp-form-language\" value=\"en\"\/><\/form>\n\t\t\t\t\t\t<\/div>\n\t\t\t\t<\/div>\n\t\t\t\t\t<\/div>\n\t\t<\/div>\n\t\t\t\t\t<\/div>\n\t\t<\/section>\n\t\t\t\t<\/div>","protected":false},"excerpt":{"rendered":"","protected":false},"author":1,"featured_media":0,"parent":0,"menu_order":0,"comment_status":"closed","ping_status":"closed","template":"elementor_header_footer","meta":{"footnotes":""},"class_list":["post-3260","page","type-page","status-publish","hentry"],"_links":{"self":[{"href":"https:\/\/estherponcemagazine.com\/en\/wp-json\/wp\/v2\/pages\/3260","targetHints":{"allow":["GET"]}}],"collection":[{"href":"https:\/\/estherponcemagazine.com\/en\/wp-json\/wp\/v2\/pages"}],"about":[{"href":"https:\/\/estherponcemagazine.com\/en\/wp-json\/wp\/v2\/types\/page"}],"author":[{"embeddable":true,"href":"https:\/\/estherponcemagazine.com\/en\/wp-json\/wp\/v2\/users\/1"}],"replies":[{"embeddable":true,"href":"https:\/\/estherponcemagazine.com\/en\/wp-json\/wp\/v2\/comments?post=3260"}],"version-history":[{"count":97,"href":"https:\/\/estherponcemagazine.com\/en\/wp-json\/wp\/v2\/pages\/3260\/revisions"}],"predecessor-version":[{"id":12846,"href":"https:\/\/estherponcemagazine.com\/en\/wp-json\/wp\/v2\/pages\/3260\/revisions\/12846"}],"wp:attachment":[{"href":"https:\/\/estherponcemagazine.com\/en\/wp-json\/wp\/v2\/media?parent=3260"}],"curies":[{"name":"wp","href":"https:\/\/api.w.org\/{rel}","templated":true}]}}