{"id":264,"date":"2017-07-13T08:24:41","date_gmt":"2017-07-13T08:24:41","guid":{"rendered":"https:\/\/estherponce.com\/?page_id=264"},"modified":"2017-07-13T08:24:41","modified_gmt":"2017-07-13T08:24:41","slug":"mi-maestro","status":"publish","type":"page","link":"https:\/\/estherponcemagazine.com\/en\/mi-maestro\/","title":{"rendered":"Mi Maestro"},"content":{"rendered":"<p>[av_one_full first min_height=\u00bb vertical_alignment=\u00bb space=\u00bb custom_margin=\u00bb margin=&#8217;0px&#8217; padding=&#8217;0px&#8217; border=\u00bb border_color=\u00bb radius=&#8217;0px&#8217; background_color=\u00bb src=\u00bb background_position=&#8217;top left&#8217; background_repeat=&#8217;no-repeat&#8217; animation=\u00bb mobile_breaking=\u00bb mobile_display=\u00bb]<br \/>\n[av_heading heading=&#8217;Mi Maestro&#8217; tag=&#8217;h1&#8242; style=&#8217;blockquote modern-quote modern-centered&#8217; size=\u00bb subheading_active=\u00bb subheading_size=&#8217;15&#8217; padding=&#8217;10&#8217; color=\u00bb custom_font=\u00bb av-medium-font-size-title=\u00bb av-small-font-size-title=\u00bb av-mini-font-size-title=\u00bb av-medium-font-size=\u00bb av-small-font-size=\u00bb av-mini-font-size=\u00bb admin_preview_bg=\u00bb][\/av_heading]<br \/>\n[\/av_one_full]<\/p>\n<p>[av_section min_height=\u00bb min_height_px=&#8217;500px&#8217; padding=&#8217;default&#8217; shadow=&#8217;no-border-styling&#8217; bottom_border=&#8217;no-border-styling&#8217; bottom_border_diagonal_color=&#8217;#333333&#8242; bottom_border_diagonal_direction=\u00bb bottom_border_style=\u00bb id=\u00bb color=&#8217;main_color&#8217; custom_bg=&#8217;#f4f4f4&#8242; src=\u00bb attachment=\u00bb attachment_size=\u00bb attach=&#8217;scroll&#8217; position=&#8217;top left&#8217; repeat=&#8217;no-repeat&#8217; video=\u00bb video_ratio=&#8217;16:9&#8242; overlay_opacity=&#8217;0.5&#8242; overlay_color=\u00bb overlay_pattern=\u00bb overlay_custom_pattern=\u00bb av_element_hidden_in_editor=&#8217;0&#8242;]<\/p>\n<p>[av_one_half first min_height=\u00bb vertical_alignment=&#8217;av-align-top&#8217; space=\u00bb margin=&#8217;0px&#8217; margin_sync=&#8217;true&#8217; padding=&#8217;7%,0px,0px,0px&#8217; border=\u00bb border_color=\u00bb radius=&#8217;0px&#8217; radius_sync=&#8217;true&#8217; background_color=\u00bb src=\u00bb attachment=\u00bb attachment_size=\u00bb background_position=&#8217;top left&#8217; background_repeat=&#8217;no-repeat&#8217; animation=\u00bb mobile_breaking=\u00bb mobile_display=\u00bb]<\/p>\n<p>[av_textblock size=\u00bb font_color=\u00bb color=\u00bb av-medium-font-size=\u00bb av-small-font-size=\u00bb av-mini-font-size=\u00bb admin_preview_bg=\u00bb]<br \/>\nQueridos Alumnos : \u00abHace un a\u00f1o PACO ROMERO NOS DIJO ADI\u00d3S\u00bb Maestro de maestros de la Danza espa\u00f1ola.<br \/>\nEstoy s\u00faper orgullosa y agradecida que con tan solo 16 a\u00f1os TU ME ELEGISTE PACO para ser tu primera bailarina, pusiste mi nombre art\u00edstico y bailamos juntos por escenarios de todo el mundo, con todo los privilegios que eso conlleva y que fueron el mejor principio que una bailarina joven puede desear. Si esto no era suficiente ya como para recordarte&#8230;Te fuiste EL D\u00cdA DE MI CUMPLEA\u00d1OS!! &#8230; Mis palillos suenan mejor ahora&#8230;<\/p>\n<p>(En la foto Paco Romero y Esther Ponce, paso a dos del Amor Brujo, teatro Conde Duque de Madrid).<br \/>\n[\/av_textblock]<\/p>\n<p>[\/av_one_half][av_one_half min_height=\u00bb vertical_alignment=\u00bb space=\u00bb custom_margin=\u00bb margin=&#8217;0px&#8217; padding=&#8217;0px&#8217; border=\u00bb border_color=\u00bb radius=&#8217;0px&#8217; background_color=\u00bb src=\u00bb background_position=&#8217;top left&#8217; background_repeat=&#8217;no-repeat&#8217; animation=\u00bb mobile_breaking=\u00bb mobile_display=\u00bb]<\/p>\n<p>[av_gallery ids=&#8217;268,266,267,649,652,650,651&#8242; style=&#8217;big_thumb&#8217; preview_size=&#8217;portfolio&#8217; crop_big_preview_thumbnail=&#8217;avia-gallery-big-crop-thumb&#8217; thumb_size=&#8217;portfolio&#8217; columns=&#8217;5&#8242; imagelink=&#8217;lightbox&#8217; lazyload=&#8217;avia_lazyload&#8217; admin_preview_bg=\u00bb]<\/p>\n<p>[\/av_one_half][\/av_section]<\/p>","protected":false},"excerpt":{"rendered":"<p>[av_one_full first min_height=\u00bb vertical_alignment=\u00bb space=\u00bb custom_margin=\u00bb margin=&#8217;0px&#8217; padding=&#8217;0px&#8217; border=\u00bb border_color=\u00bb radius=&#8217;0px&#8217; background_color=\u00bb src=\u00bb background_position=&#8217;top left&#8217; background_repeat=&#8217;no-repeat&#8217; animation=\u00bb mobile_breaking=\u00bb mobile_display=\u00bb] [av_heading heading=&#8217;Mi Maestro&#8217; tag=&#8217;h1&#8242; style=&#8217;blockquote modern-quote modern-centered&#8217; size=\u00bb subheading_active=\u00bb subheading_size=&#8217;15&#8217; padding=&#8217;10&#8217; color=\u00bb custom_font=\u00bb av-medium-font-size-title=\u00bb av-small-font-size-title=\u00bb av-mini-font-size-title=\u00bb av-medium-font-size=\u00bb av-small-font-size=\u00bb av-mini-font-size=\u00bb admin_preview_bg=\u00bb][\/av_heading] [\/av_one_full] [av_section min_height=\u00bb min_height_px=&#8217;500px&#8217; padding=&#8217;default&#8217; shadow=&#8217;no-border-styling&#8217; bottom_border=&#8217;no-border-styling&#8217; bottom_border_diagonal_color=&#8217;#333333&#8242; bottom_border_diagonal_direction=\u00bb bottom_border_style=\u00bb id=\u00bb color=&#8217;main_color&#8217; custom_bg=&#8217;#f4f4f4&#8242; src=\u00bb attachment=\u00bb attachment_size=\u00bb [&hellip;]<\/p>","protected":false},"author":2,"featured_media":0,"parent":0,"menu_order":0,"comment_status":"closed","ping_status":"closed","template":"","meta":{"footnotes":""},"class_list":["post-264","page","type-page","status-publish","hentry"],"_links":{"self":[{"href":"https:\/\/estherponcemagazine.com\/en\/wp-json\/wp\/v2\/pages\/264","targetHints":{"allow":["GET"]}}],"collection":[{"href":"https:\/\/estherponcemagazine.com\/en\/wp-json\/wp\/v2\/pages"}],"about":[{"href":"https:\/\/estherponcemagazine.com\/en\/wp-json\/wp\/v2\/types\/page"}],"author":[{"embeddable":true,"href":"https:\/\/estherponcemagazine.com\/en\/wp-json\/wp\/v2\/users\/2"}],"replies":[{"embeddable":true,"href":"https:\/\/estherponcemagazine.com\/en\/wp-json\/wp\/v2\/comments?post=264"}],"version-history":[{"count":0,"href":"https:\/\/estherponcemagazine.com\/en\/wp-json\/wp\/v2\/pages\/264\/revisions"}],"wp:attachment":[{"href":"https:\/\/estherponcemagazine.com\/en\/wp-json\/wp\/v2\/media?parent=264"}],"curies":[{"name":"wp","href":"https:\/\/api.w.org\/{rel}","templated":true}]}}