{"id":1927,"date":"2017-09-18T09:24:55","date_gmt":"2017-09-18T09:24:55","guid":{"rendered":"https:\/\/estherponce.com\/?page_id=619"},"modified":"2017-09-18T09:24:55","modified_gmt":"2017-09-18T09:24:55","slug":"en-italia","status":"publish","type":"page","link":"https:\/\/estherponcemagazine.com\/en\/en-italia\/","title":{"rendered":"En Italia"},"content":{"rendered":"<p>[av_one_full first min_height=\u00bb vertical_alignment=\u00bb space=\u00bb custom_margin=\u00bb margin=&#8217;0px&#8217; padding=&#8217;0px&#8217; border=\u00bb border_color=\u00bb radius=&#8217;0px&#8217; background_color=\u00bb src=\u00bb background_position=&#8217;top left&#8217; background_repeat=&#8217;no-repeat&#8217; animation=\u00bb mobile_breaking=\u00bb mobile_display=\u00bb]<br \/>\n[av_heading heading=&#8217;En Italia&#8217; tag=&#8217;h1&#8242; style=&#8217;blockquote modern-quote modern-centered&#8217; size=\u00bb subheading_active=\u00bb subheading_size=&#8217;15&#8217; padding=&#8217;10&#8217; color=\u00bb custom_font=\u00bb av-medium-font-size-title=\u00bb av-small-font-size-title=\u00bb av-mini-font-size-title=\u00bb av-medium-font-size=\u00bb av-small-font-size=\u00bb av-mini-font-size=\u00bb admin_preview_bg=\u00bb][\/av_heading]<br \/>\n[\/av_one_full]<\/p>\n<p>[av_section min_height=\u00bb min_height_px=&#8217;500px&#8217; padding=&#8217;default&#8217; shadow=&#8217;no-border-styling&#8217; bottom_border=&#8217;no-border-styling&#8217; bottom_border_diagonal_color=&#8217;#333333&#8242; bottom_border_diagonal_direction=\u00bb bottom_border_style=\u00bb id=\u00bb color=&#8217;main_color&#8217; custom_bg=&#8217;#f2f2f2&#8242; src=\u00bb attachment=\u00bb attachment_size=\u00bb attach=&#8217;scroll&#8217; position=&#8217;top left&#8217; repeat=&#8217;no-repeat&#8217; video=\u00bb video_ratio=&#8217;16:9&#8242; overlay_opacity=&#8217;0.5&#8242; overlay_color=\u00bb overlay_pattern=\u00bb overlay_custom_pattern=\u00bb av_element_hidden_in_editor=&#8217;0&#8242;]<\/p>\n<p>[av_one_half first min_height=\u00bb vertical_alignment=\u00bb space=\u00bb custom_margin=\u00bb margin=&#8217;0px&#8217; padding=&#8217;0px&#8217; border=\u00bb border_color=\u00bb radius=&#8217;0px&#8217; background_color=\u00bb src=\u00bb background_position=&#8217;top left&#8217; background_repeat=&#8217;no-repeat&#8217; animation=\u00bb mobile_breaking=\u00bb mobile_display=\u00bb]<\/p>\n<p>[av_textblock size=\u00bb font_color=\u00bb color=\u00bb av-medium-font-size=\u00bb av-small-font-size=\u00bb av-mini-font-size=\u00bb admin_preview_bg=\u00bb]<\/p>\n<div>\n<div dir=\"auto\">\n<div>\n<div><b>El core\u00f3grafo Don Luis Davila Luisillo<\/b>, contrat\u00f3 a Esther Ponce en varias ocasiones como bailarina solista de su compa\u00f1\u00eda de danza con tan solo 16 a\u00f1os, a el famoso teatro de Macerata, \u00a0interpretando la \u00f3pera La Traviata y la \u00f3pera Manon Lescaut. Haciendo una gira por toda la costa italiana con un gran \u00e9xito.<\/div>\n<\/div>\n<\/div>\n<\/div>\n<div>\n<div dir=\"auto\">\n<div>\n<div><\/div>\n<div>&#8230;.. Luisillo fue un gran maestro y me ense\u00f1\u00f3 con mucho tes\u00f3n c\u00f3mo crear una coreograf\u00eda. Se sentaba conmigo en el estudio y me pon\u00eda a escuchar la m\u00fasica que iba a bailar e interpretar y me dec\u00eda que hasta que no me supiese de memoria hasta la \u00faltima nota de la composici\u00f3n musical no me ense\u00f1ar\u00eda ning\u00fan paso de baile. De este modo aunque se me olvidase alg\u00fan paso, siempre podr\u00eda seguir improvisando en el escenario.<\/div>\n<div><\/div>\n<div><b>Con el core\u00f3grafo y director Rafael Aguilar<\/b>\u00a0viaj\u00f3 en gira por todas las ciudades importantes de italia con 17 a\u00f1os como bailarina solista con su espect\u00e1culo Rango y Bolero como en el Teatro Duomo de Mil\u00e1n, en Roma, Pisa, Florencia etc. Y es donde comparti\u00f3 escenario con artistas importantes del mundo de la danza como Joaqu\u00edn Cort\u00e9s, Lola Greco, Aida G\u00f3mez o Antonio Canales.<\/div>\n<div><\/div>\n<div>&#8230; Rafael Aguilar me llamaba \u00bb Pispireta!\u00bb Dec\u00eda que era la alegr\u00eda andante y que radiaba una energ\u00eda llena de belleza, poder\u00edo y seguridad. Me quer\u00eda mucho!.<\/div>\n<div><\/div>\n<div><\/div>\n<div><b>Con su propia compa\u00f1\u00eda en el Festival de\u00a0Flamenco\u00a0de Salerno.\u00a0<\/b><\/div>\n<div>Compartiendo cartel con su propia compa\u00f1\u00eda de danza con el que fuera primer bailar\u00edn del Ballet Nacional de Espa\u00f1a , Antonio M\u00e1rquez. Impartiendo tres meses cursos de flamenco\u00a0durante el montaje del Amor Brujo de\u00a0Manuel de Falla.<\/div>\n<div><\/div>\n<div>&#8230;. Fue una experiencia muy interesante ensayar y compartir con actores y cantantes de \u00f3pera que no conoc\u00edan la danza flamenca.<\/div>\n<div><\/div>\n<\/div>\n<\/div>\n<\/div>\n<div>\n<div dir=\"auto\">\n<div>\n<div>Ha impartido cursos en varias ocasiones en Roma, Venecia, Mil\u00e1n etc.<\/div>\n<\/div>\n<\/div>\n<\/div>\n<p>[\/av_textblock]<\/p>\n<p>[\/av_one_half][av_one_half min_height=\u00bb vertical_alignment=\u00bb space=\u00bb custom_margin=\u00bb margin=&#8217;0px&#8217; padding=&#8217;0px&#8217; border=\u00bb border_color=\u00bb radius=&#8217;0px&#8217; background_color=\u00bb src=\u00bb background_position=&#8217;top left&#8217; background_repeat=&#8217;no-repeat&#8217; animation=\u00bb mobile_breaking=\u00bb mobile_display=\u00bb]<\/p>\n<p>[av_gallery ids=&#8217;624,626,627,628,629,630,528&#8242; style=&#8217;big_thumb&#8217; preview_size=&#8217;portfolio&#8217; crop_big_preview_thumbnail=&#8217;avia-gallery-big-crop-thumb&#8217; thumb_size=&#8217;portfolio&#8217; columns=&#8217;5&#8242; imagelink=&#8217;lightbox&#8217; lazyload=&#8217;avia_lazyload&#8217; admin_preview_bg=\u00bb]<\/p>\n<p>[\/av_one_half][\/av_section]<\/p>","protected":false},"excerpt":{"rendered":"<p>[av_one_full first min_height=\u00bb vertical_alignment=\u00bb space=\u00bb custom_margin=\u00bb margin=&#8217;0px&#8217; padding=&#8217;0px&#8217; border=\u00bb border_color=\u00bb radius=&#8217;0px&#8217; background_color=\u00bb src=\u00bb background_position=&#8217;top left&#8217; background_repeat=&#8217;no-repeat&#8217; animation=\u00bb mobile_breaking=\u00bb mobile_display=\u00bb] [av_heading heading=&#8217;En Italia&#8217; tag=&#8217;h1&#8242; style=&#8217;blockquote modern-quote modern-centered&#8217; size=\u00bb subheading_active=\u00bb subheading_size=&#8217;15&#8217; padding=&#8217;10&#8217; color=\u00bb custom_font=\u00bb av-medium-font-size-title=\u00bb av-small-font-size-title=\u00bb av-mini-font-size-title=\u00bb av-medium-font-size=\u00bb av-small-font-size=\u00bb av-mini-font-size=\u00bb admin_preview_bg=\u00bb][\/av_heading] [\/av_one_full] [av_section min_height=\u00bb min_height_px=&#8217;500px&#8217; padding=&#8217;default&#8217; shadow=&#8217;no-border-styling&#8217; bottom_border=&#8217;no-border-styling&#8217; bottom_border_diagonal_color=&#8217;#333333&#8242; bottom_border_diagonal_direction=\u00bb bottom_border_style=\u00bb id=\u00bb color=&#8217;main_color&#8217; custom_bg=&#8217;#f2f2f2&#8242; src=\u00bb attachment=\u00bb attachment_size=\u00bb [&hellip;]<\/p>","protected":false},"author":2,"featured_media":0,"parent":0,"menu_order":0,"comment_status":"closed","ping_status":"closed","template":"","meta":{"footnotes":""},"class_list":["post-1927","page","type-page","status-publish","hentry"],"_links":{"self":[{"href":"https:\/\/estherponcemagazine.com\/en\/wp-json\/wp\/v2\/pages\/1927","targetHints":{"allow":["GET"]}}],"collection":[{"href":"https:\/\/estherponcemagazine.com\/en\/wp-json\/wp\/v2\/pages"}],"about":[{"href":"https:\/\/estherponcemagazine.com\/en\/wp-json\/wp\/v2\/types\/page"}],"author":[{"embeddable":true,"href":"https:\/\/estherponcemagazine.com\/en\/wp-json\/wp\/v2\/users\/2"}],"replies":[{"embeddable":true,"href":"https:\/\/estherponcemagazine.com\/en\/wp-json\/wp\/v2\/comments?post=1927"}],"version-history":[{"count":0,"href":"https:\/\/estherponcemagazine.com\/en\/wp-json\/wp\/v2\/pages\/1927\/revisions"}],"wp:attachment":[{"href":"https:\/\/estherponcemagazine.com\/en\/wp-json\/wp\/v2\/media?parent=1927"}],"curies":[{"name":"wp","href":"https:\/\/api.w.org\/{rel}","templated":true}]}}