{"id":1922,"date":"2017-08-29T10:12:12","date_gmt":"2017-08-29T10:12:12","guid":{"rendered":"https:\/\/estherponce.com\/?page_id=391"},"modified":"2017-08-29T10:12:12","modified_gmt":"2017-08-29T10:12:12","slug":"en-miami","status":"publish","type":"page","link":"https:\/\/estherponcemagazine.com\/en\/en-miami\/","title":{"rendered":"En Miami"},"content":{"rendered":"<p>[av_one_full first min_height=\u00bb vertical_alignment=\u00bb space=\u00bb custom_margin=\u00bb margin=&#8217;0px&#8217; padding=&#8217;0px&#8217; border=\u00bb border_color=\u00bb radius=&#8217;0px&#8217; background_color=\u00bb src=\u00bb background_position=&#8217;top left&#8217; background_repeat=&#8217;no-repeat&#8217; animation=\u00bb mobile_breaking=\u00bb mobile_display=\u00bb]<br \/>\n[av_heading heading=&#8217;En Miami&#8217; tag=&#8217;h1&#8242; style=&#8217;blockquote modern-quote modern-centered&#8217; size=\u00bb subheading_active=\u00bb subheading_size=&#8217;15&#8217; padding=&#8217;10&#8217; color=\u00bb custom_font=\u00bb av-medium-font-size-title=\u00bb av-small-font-size-title=\u00bb av-mini-font-size-title=\u00bb av-medium-font-size=\u00bb av-small-font-size=\u00bb av-mini-font-size=\u00bb admin_preview_bg=\u00bb][\/av_heading]<br \/>\n[\/av_one_full]<\/p>\n<p>[av_section min_height=\u00bb min_height_px=&#8217;500px&#8217; padding=&#8217;default&#8217; shadow=&#8217;no-border-styling&#8217; bottom_border=&#8217;no-border-styling&#8217; bottom_border_diagonal_color=&#8217;#333333&#8242; bottom_border_diagonal_direction=\u00bb bottom_border_style=\u00bb id=\u00bb color=&#8217;main_color&#8217; custom_bg=&#8217;#f2f2f2&#8242; src=\u00bb attachment=\u00bb attachment_size=\u00bb attach=&#8217;scroll&#8217; position=&#8217;top left&#8217; repeat=&#8217;no-repeat&#8217; video=\u00bb video_ratio=&#8217;16:9&#8242; overlay_opacity=&#8217;0.5&#8242; overlay_color=\u00bb overlay_pattern=\u00bb overlay_custom_pattern=\u00bb av_element_hidden_in_editor=&#8217;0&#8242;]<\/p>\n<p>[av_one_half first min_height=\u00bb vertical_alignment=\u00bb space=\u00bb custom_margin=\u00bb margin=&#8217;0px&#8217; padding=&#8217;0px&#8217; border=\u00bb border_color=\u00bb radius=&#8217;0px&#8217; background_color=\u00bb src=\u00bb background_position=&#8217;top left&#8217; background_repeat=&#8217;no-repeat&#8217; animation=\u00bb mobile_breaking=\u00bb mobile_display=\u00bb]<\/p>\n<p>[av_textblock size=\u00bb font_color=\u00bb color=\u00bb av-medium-font-size=\u00bb av-small-font-size=\u00bb av-mini-font-size=\u00bb admin_preview_bg=\u00bb]<br \/>\nViaja por primera vez a Miami a los 18 a\u00f1os de edad con la compa\u00f1ia de Raphael, como cantante y bailaora solista. Ciudad donde el cantante comienza una de sus giras por Sudamerica que durara 6 meses.<\/p>\n<p>Ha impartido clases generales y particulares de <strong>Flamenco<\/strong> en repetidas ocasiones.<\/p>\n<p>El pasado Diciembre 2016 es invitada a <strong>Miami<\/strong> por su gran amiga de mas de 10 a\u00f1os la conocida decoradora de interiores, <span style=\"color: #800000\">Tessy Garcia<\/span>, al 95 cumplea\u00f1os de su mama y donde tiene el placer de volver a bailar para el veterano y atractivo actor de Hollywood <strong>Andy Garcia<\/strong>, quien ya bail\u00f3 anteriormente en pettit comite para el actor en Madrid durante la promoci\u00f3n de la pel\u00edcula que protagoniza y dirige , <span style=\"color: #800000\">La Ciudad perdida.<\/span><\/p>\n<p><em>\u00bb Andy es mi actor favorito y tiene una sensibilidad para la musica muy especial en concreto para la percusion. las veces que he coincidido con el siempre ha tocado la percusion. En Madrid se atrevio con los flamencos y su critica hacia mi despues de bailar no se me olvidara nunca. y en Miami tocando las congas en su salsa con el grupito cubano, todos en familia\u00bb<\/em><\/p>\n<p>junto con sus peque\u00f1as alumnas de la familia Garcia, deleitaron a la se\u00f1ora Amelie Garcia con una coreografia de la maestra, quienes la conocen gracias a la manager Tessy, como,<strong> !La Espa\u00f1ola llego!<\/strong><br \/>\n[\/av_textblock]<\/p>\n<p>[\/av_one_half][av_one_half min_height=\u00bb vertical_alignment=\u00bb space=\u00bb custom_margin=\u00bb margin=&#8217;0px&#8217; padding=&#8217;0px&#8217; border=\u00bb border_color=\u00bb radius=&#8217;0px&#8217; background_color=\u00bb src=\u00bb background_position=&#8217;top left&#8217; background_repeat=&#8217;no-repeat&#8217; animation=\u00bb mobile_breaking=\u00bb mobile_display=\u00bb]<\/p>\n<p>[av_gallery ids=&#8217;448,447,449&#8242; style=&#8217;big_thumb&#8217; preview_size=&#8217;portfolio&#8217; crop_big_preview_thumbnail=&#8217;avia-gallery-big-crop-thumb&#8217; thumb_size=&#8217;portfolio&#8217; columns=&#8217;5&#8242; imagelink=&#8217;lightbox&#8217; lazyload=&#8217;avia_lazyload&#8217; admin_preview_bg=\u00bb]<\/p>\n<p>[\/av_one_half][\/av_section]<\/p>","protected":false},"excerpt":{"rendered":"<p>[av_one_full first min_height=\u00bb vertical_alignment=\u00bb space=\u00bb custom_margin=\u00bb margin=&#8217;0px&#8217; padding=&#8217;0px&#8217; border=\u00bb border_color=\u00bb radius=&#8217;0px&#8217; background_color=\u00bb src=\u00bb background_position=&#8217;top left&#8217; background_repeat=&#8217;no-repeat&#8217; animation=\u00bb mobile_breaking=\u00bb mobile_display=\u00bb] [av_heading heading=&#8217;En Miami&#8217; tag=&#8217;h1&#8242; style=&#8217;blockquote modern-quote modern-centered&#8217; size=\u00bb subheading_active=\u00bb subheading_size=&#8217;15&#8217; padding=&#8217;10&#8217; color=\u00bb custom_font=\u00bb av-medium-font-size-title=\u00bb av-small-font-size-title=\u00bb av-mini-font-size-title=\u00bb av-medium-font-size=\u00bb av-small-font-size=\u00bb av-mini-font-size=\u00bb admin_preview_bg=\u00bb][\/av_heading] [\/av_one_full] [av_section min_height=\u00bb min_height_px=&#8217;500px&#8217; padding=&#8217;default&#8217; shadow=&#8217;no-border-styling&#8217; bottom_border=&#8217;no-border-styling&#8217; bottom_border_diagonal_color=&#8217;#333333&#8242; bottom_border_diagonal_direction=\u00bb bottom_border_style=\u00bb id=\u00bb color=&#8217;main_color&#8217; custom_bg=&#8217;#f2f2f2&#8242; src=\u00bb attachment=\u00bb attachment_size=\u00bb [&hellip;]<\/p>","protected":false},"author":2,"featured_media":0,"parent":0,"menu_order":0,"comment_status":"closed","ping_status":"closed","template":"","meta":{"footnotes":""},"class_list":["post-1922","page","type-page","status-publish","hentry"],"_links":{"self":[{"href":"https:\/\/estherponcemagazine.com\/en\/wp-json\/wp\/v2\/pages\/1922","targetHints":{"allow":["GET"]}}],"collection":[{"href":"https:\/\/estherponcemagazine.com\/en\/wp-json\/wp\/v2\/pages"}],"about":[{"href":"https:\/\/estherponcemagazine.com\/en\/wp-json\/wp\/v2\/types\/page"}],"author":[{"embeddable":true,"href":"https:\/\/estherponcemagazine.com\/en\/wp-json\/wp\/v2\/users\/2"}],"replies":[{"embeddable":true,"href":"https:\/\/estherponcemagazine.com\/en\/wp-json\/wp\/v2\/comments?post=1922"}],"version-history":[{"count":0,"href":"https:\/\/estherponcemagazine.com\/en\/wp-json\/wp\/v2\/pages\/1922\/revisions"}],"wp:attachment":[{"href":"https:\/\/estherponcemagazine.com\/en\/wp-json\/wp\/v2\/media?parent=1922"}],"curies":[{"name":"wp","href":"https:\/\/api.w.org\/{rel}","templated":true}]}}