{"id":1391,"date":"2019-03-08T09:41:49","date_gmt":"2019-03-08T09:41:49","guid":{"rendered":"https:\/\/estherponce.com\/?page_id=1391"},"modified":"2019-03-08T09:41:49","modified_gmt":"2019-03-08T09:41:49","slug":"art-and-culture","status":"publish","type":"page","link":"https:\/\/estherponcemagazine.com\/en\/art-and-culture\/","title":{"rendered":"Art and culture"},"content":{"rendered":"<p>[av_one_full first min_height=\u00bb vertical_alignment=\u00bb space=\u00bb custom_margin=\u00bb margin=&#8217;0px&#8217; padding=&#8217;0px&#8217; border=\u00bb border_color=\u00bb radius=&#8217;0px&#8217; background_color=\u00bb src=\u00bb background_position=&#8217;top left&#8217; background_repeat=&#8217;no-repeat&#8217; animation=\u00bb mobile_display=\u00bb]<br \/>\n[av_heading heading=&#8217;Art and culture&#8217; tag=&#8217;h1&#8242; style=&#8217;blockquote modern-quote modern-centered&#8217; size=\u00bb subheading_active=\u00bb subheading_size=&#8217;15&#8217; padding=&#8217;0&#8242; color=\u00bb custom_font=\u00bb av-medium-font-size-title=\u00bb av-small-font-size-title=\u00bb av-mini-font-size-title=\u00bb av-medium-font-size=\u00bb av-small-font-size=\u00bb av-mini-font-size=\u00bb admin_preview_bg=\u00bb][\/av_heading]<br \/>\n[\/av_one_full]<\/p>\n<p>[av_section min_height=&#8217;50&#8217; min_height_px=&#8217;500px&#8217; padding=&#8217;default&#8217; shadow=&#8217;no-shadow&#8217; bottom_border=&#8217;no-border-styling&#8217; bottom_border_diagonal_color=&#8217;#333333&#8242; bottom_border_diagonal_direction=\u00bb bottom_border_style=\u00bb id=\u00bb color=&#8217;main_color&#8217; custom_bg=\u00bb src=\u00bb attachment=\u00bb attachment_size=\u00bb attach=&#8217;scroll&#8217; position=&#8217;center center&#8217; repeat=&#8217;stretch&#8217; video=\u00bb video_ratio=&#8217;16:9&#8242; overlay_enable=&#8217;aviaTBoverlay_enable&#8217; overlay_opacity=&#8217;0.8&#8242; overlay_color=&#8217;#ffffff&#8217; overlay_pattern=\u00bb overlay_custom_pattern=\u00bb av_element_hidden_in_editor=&#8217;0&#8242;]<br \/>\n[av_one_half first min_height=\u00bb vertical_alignment=\u00bb space=\u00bb custom_margin=\u00bb margin=&#8217;0px&#8217; padding=&#8217;0px&#8217; border=\u00bb border_color=\u00bb radius=&#8217;0px&#8217; background_color=\u00bb src=\u00bb background_position=&#8217;top left&#8217; background_repeat=&#8217;no-repeat&#8217; animation=\u00bb mobile_display=\u00bb]<\/p>\n<p>[av_video src=&#8217;https:\/\/www.youtube.com\/watch?v=8JtVDiPDbrw&#8217; format=&#8217;16-9&#8242; width=&#8217;16&#8217; height=&#8217;9&#8242;]<\/p>\n<p>[\/av_one_half][av_one_half min_height=\u00bb vertical_alignment=\u00bb space=\u00bb custom_margin=\u00bb margin=&#8217;0px&#8217; padding=&#8217;0px&#8217; border=\u00bb border_color=\u00bb radius=&#8217;0px&#8217; background_color=\u00bb src=\u00bb background_position=&#8217;top left&#8217; background_repeat=&#8217;no-repeat&#8217; animation=\u00bb mobile_display=\u00bb]<\/p>\n<p>[av_textblock size=\u00bb font_color=\u00bb color=\u00bb av-medium-font-size=\u00bb av-small-font-size=\u00bb av-mini-font-size=\u00bb admin_preview_bg=\u00bb]<\/p>\n<ul>\n<li><strong><u> JULIO PRIETO NESPEREIRA. Ourense 1896- 1991. \u00a0<\/u><\/strong><\/li>\n<\/ul>\n<p>Galician insigne and universal engraving art figure. With a mastery of the impressive technique, etchings printed in one or two colors through a single print is one of the best examples of the Galician artist&#8217;s virtuosity.<\/p>\n<p>He is perhaps the only artist in the history of graphic art in Spain who brings together original prints and plates. Renewable bite-free waterbuilder achieves excessively precise compositions.<\/p>\n<p><strong>\u00abStates of Soul\u00bb<\/strong><\/p>\n<p>The print of Julio Prieto is full of voices and beats, puts the soul in his prints. Homesickness and dreamy, light water, moved air, breathing landscapes, large houses behind whose walls swell hits the inner life, sometimes clean sometimes brava river and sea. (Juana de Ibarbourou, Montevideo, 1947).<br \/>\n[\/av_textblock]<\/p>\n<p>[\/av_one_half]<br \/>\n[\/av_section]<\/p>\n<p>[av_section min_height=&#8217;50&#8217; min_height_px=&#8217;500px&#8217; padding=&#8217;default&#8217; shadow=&#8217;no-shadow&#8217; bottom_border=&#8217;no-border-styling&#8217; bottom_border_diagonal_color=&#8217;#333333&#8242; bottom_border_diagonal_direction=\u00bb bottom_border_style=\u00bb id=\u00bb color=&#8217;main_color&#8217; custom_bg=\u00bb src=&#8217;https:\/\/estherponce.com\/wp-content\/uploads\/2017\/07\/IMG_0126.jpg&#8217; attachment=&#8217;192&#8242; attachment_size=&#8217;full&#8217; attach=&#8217;scroll&#8217; position=&#8217;center center&#8217; repeat=&#8217;stretch&#8217; video=\u00bb video_ratio=&#8217;16:9&#8242; overlay_enable=&#8217;aviaTBoverlay_enable&#8217; overlay_opacity=&#8217;0.8&#8242; overlay_color=&#8217;#ffffff&#8217; overlay_pattern=\u00bb overlay_custom_pattern=\u00bb av_element_hidden_in_editor=&#8217;0&#8242;]<br \/>\n[av_two_third first min_height=\u00bb vertical_alignment=\u00bb space=\u00bb custom_margin=\u00bb margin=&#8217;0px&#8217; padding=&#8217;0px&#8217; border=\u00bb border_color=\u00bb radius=&#8217;0px&#8217; background_color=\u00bb src=\u00bb background_position=&#8217;top left&#8217; background_repeat=&#8217;no-repeat&#8217; animation=\u00bb mobile_display=\u00bb]<\/p>\n<p>[av_textblock size=\u00bb font_color=\u00bb color=\u00bb av-medium-font-size=\u00bb av-small-font-size=\u00bb av-mini-font-size=\u00bb admin_preview_bg=\u00bb]<br \/>\n<em>Queridos Alumnos:<\/em> \u00bb <strong>LAS LINEAS EN LA DANZA<\/strong>\u00bb Te dan estabilidad, seguridad y elegancia. F\u00edjate bien en el arte de como est\u00e1n cortados estos \u00e1rboles en Par\u00eds. \u00a1La perspectiva es impresionante!&#8230;cuando hagas una <strong>VUELTA FLAMENCA<\/strong> tus rodillas deben de estar totalmente estiradas formando una linea perfecta con tu espalda y tu cuello. \u00a1 Como en estos \u00e1rboles! ( <em>Palais Royal, Febrero 2015. Paris<\/em>)<\/p>\n<p>[av_hr class=&#8217;default&#8217; height=&#8217;50&#8217; shadow=&#8217;no-shadow&#8217; position=&#8217;center&#8217; custom_border=&#8217;av-border-thin&#8217; custom_width=&#8217;50px&#8217; custom_border_color=\u00bb custom_margin_top=&#8217;30px&#8217; custom_margin_bottom=&#8217;30px&#8217; icon_select=&#8217;yes&#8217; custom_icon_color=\u00bb icon=&#8217;ue808&#8242; font=&#8217;entypo-fontello&#8217; admin_preview_bg=\u00bb]<\/p>\n<p><em>\u00a0Dear Students :<\/em> \u00bb <strong>LINES IN DANCE<\/strong>\u00bb Give you stability, security and elegance. look carefully the art of how these trees are cut in Paris. Perspective is awesome!&#8230;When you do a F<strong>LAMENCO TURN<\/strong> Your knees should be fully stretched forming a perfect line with your back and neck. As these trees! ( <em>Palais Royal, February 2015. Paris<\/em>)<br \/>\n[\/av_textblock]<\/p>\n<p>[\/av_two_third][av_one_third min_height=\u00bb vertical_alignment=\u00bb space=\u00bb custom_margin=\u00bb margin=&#8217;0px&#8217; padding=&#8217;0px&#8217; border=\u00bb border_color=\u00bb radius=&#8217;0px&#8217; background_color=\u00bb src=\u00bb background_position=&#8217;top left&#8217; background_repeat=&#8217;no-repeat&#8217; animation=\u00bb mobile_display=\u00bb]<\/p>\n<p>[av_image src=&#8217;https:\/\/estherponce.com\/wp-content\/uploads\/2017\/07\/image1.jpeg&#8217; attachment=&#8217;486&#8242; attachment_size=&#8217;full&#8217; align=&#8217;center&#8217; styling=\u00bb hover=\u00bb link=\u00bb target=\u00bb caption=\u00bb font_size=\u00bb appearance=\u00bb overlay_opacity=&#8217;0.4&#8242; overlay_color=&#8217;#000000&#8242; overlay_text_color=&#8217;#ffffff&#8217; animation=&#8217;no-animation&#8217; admin_preview_bg=\u00bb][\/av_image]<\/p>\n<p>[\/av_one_third]<br \/>\n[\/av_section]<\/p>","protected":false},"excerpt":{"rendered":"<p>[av_one_full first min_height=\u00bb vertical_alignment=\u00bb space=\u00bb custom_margin=\u00bb margin=&#8217;0px&#8217; padding=&#8217;0px&#8217; border=\u00bb border_color=\u00bb radius=&#8217;0px&#8217; background_color=\u00bb src=\u00bb background_position=&#8217;top left&#8217; background_repeat=&#8217;no-repeat&#8217; animation=\u00bb mobile_display=\u00bb] [av_heading heading=&#8217;Art and culture&#8217; tag=&#8217;h1&#8242; style=&#8217;blockquote modern-quote modern-centered&#8217; size=\u00bb subheading_active=\u00bb subheading_size=&#8217;15&#8217; padding=&#8217;0&#8242; color=\u00bb custom_font=\u00bb av-medium-font-size-title=\u00bb av-small-font-size-title=\u00bb av-mini-font-size-title=\u00bb av-medium-font-size=\u00bb av-small-font-size=\u00bb av-mini-font-size=\u00bb admin_preview_bg=\u00bb][\/av_heading] [\/av_one_full] [av_section min_height=&#8217;50&#8217; min_height_px=&#8217;500px&#8217; padding=&#8217;default&#8217; shadow=&#8217;no-shadow&#8217; bottom_border=&#8217;no-border-styling&#8217; bottom_border_diagonal_color=&#8217;#333333&#8242; bottom_border_diagonal_direction=\u00bb bottom_border_style=\u00bb id=\u00bb color=&#8217;main_color&#8217; custom_bg=\u00bb src=\u00bb attachment=\u00bb attachment_size=\u00bb [&hellip;]<\/p>","protected":false},"author":4,"featured_media":0,"parent":0,"menu_order":0,"comment_status":"closed","ping_status":"closed","template":"","meta":{"footnotes":""},"class_list":["post-1391","page","type-page","status-publish","hentry"],"_links":{"self":[{"href":"https:\/\/estherponcemagazine.com\/en\/wp-json\/wp\/v2\/pages\/1391","targetHints":{"allow":["GET"]}}],"collection":[{"href":"https:\/\/estherponcemagazine.com\/en\/wp-json\/wp\/v2\/pages"}],"about":[{"href":"https:\/\/estherponcemagazine.com\/en\/wp-json\/wp\/v2\/types\/page"}],"author":[{"embeddable":true,"href":"https:\/\/estherponcemagazine.com\/en\/wp-json\/wp\/v2\/users\/4"}],"replies":[{"embeddable":true,"href":"https:\/\/estherponcemagazine.com\/en\/wp-json\/wp\/v2\/comments?post=1391"}],"version-history":[{"count":0,"href":"https:\/\/estherponcemagazine.com\/en\/wp-json\/wp\/v2\/pages\/1391\/revisions"}],"wp:attachment":[{"href":"https:\/\/estherponcemagazine.com\/en\/wp-json\/wp\/v2\/media?parent=1391"}],"curies":[{"name":"wp","href":"https:\/\/api.w.org\/{rel}","templated":true}]}}