{"id":132,"date":"2017-07-10T09:05:50","date_gmt":"2017-07-10T09:05:50","guid":{"rendered":"https:\/\/estherponce.com\/?page_id=132"},"modified":"2017-07-10T09:05:50","modified_gmt":"2017-07-10T09:05:50","slug":"clases-de-manana","status":"publish","type":"page","link":"https:\/\/estherponcemagazine.com\/en\/clases-de-manana\/","title":{"rendered":"Clases de ma\u00f1ana"},"content":{"rendered":"<p>[av_one_full first min_height=\u00bb vertical_alignment=\u00bb space=\u00bb custom_margin=\u00bb margin=&#8217;0px&#8217; padding=&#8217;0px&#8217; border=\u00bb border_color=\u00bb radius=&#8217;0px&#8217; background_color=\u00bb src=\u00bb background_position=&#8217;top left&#8217; background_repeat=&#8217;no-repeat&#8217; animation=\u00bb mobile_display=\u00bb]<br \/>\n[av_heading heading=&#8217;Morning Lessons&#8217; tag=&#8217;h1&#8242; style=&#8217;blockquote modern-quote modern-centered&#8217; size=\u00bb subheading_active=\u00bb subheading_size=&#8217;15&#8217; padding=&#8217;0&#8242; color=\u00bb custom_font=\u00bb admin_preview_bg=\u00bb][\/av_heading]<br \/>\n[\/av_one_full]<\/p>\n<p>[av_section min_height=&#8217;75&#8217; min_height_px=&#8217;500px&#8217; padding=&#8217;default&#8217; shadow=&#8217;no-border-styling&#8217; bottom_border=&#8217;no-border-styling&#8217; bottom_border_diagonal_color=&#8217;#ffffff&#8217; bottom_border_diagonal_direction=\u00bb bottom_border_style=\u00bb id=\u00bb color=&#8217;main_color&#8217; custom_bg=&#8217;#f2f2f2&#8242; src=&#8217;https:\/\/estherponce.com\/wp-content\/uploads\/2017\/07\/IMG_0367.jpg&#8217; attachment=&#8217;189&#8242; attachment_size=&#8217;full&#8217; attach=&#8217;scroll&#8217; position=&#8217;center center&#8217; repeat=&#8217;stretch&#8217; video=\u00bb video_ratio=&#8217;16:9&#8242; overlay_enable=&#8217;aviaTBoverlay_enable&#8217; overlay_opacity=&#8217;0.8&#8242; overlay_color=&#8217;#ffffff&#8217; overlay_pattern=\u00bb overlay_custom_pattern=\u00bb av_element_hidden_in_editor=&#8217;0&#8242;]<\/p>\n<p>[av_one_fifth first min_height=\u00bb vertical_alignment=\u00bb space=\u00bb custom_margin=\u00bb margin=&#8217;0px&#8217; padding=&#8217;0px&#8217; border=\u00bb border_color=\u00bb radius=&#8217;0px&#8217; background_color=\u00bb src=\u00bb background_position=&#8217;top left&#8217; background_repeat=&#8217;no-repeat&#8217; animation=\u00bb mobile_breaking=\u00bb mobile_display=\u00bb]<\/p>\n<p>[\/av_one_fifth][av_three_fifth min_height=\u00bb vertical_alignment=\u00bb space=\u00bb custom_margin=\u00bb margin=&#8217;0px&#8217; padding=&#8217;0px&#8217; border=\u00bb border_color=\u00bb radius=&#8217;0px&#8217; background_color=\u00bb src=\u00bb background_position=&#8217;top left&#8217; background_repeat=&#8217;no-repeat&#8217; animation=\u00bb mobile_display=\u00bb]<\/p>\n<p>[av_textblock size=\u00bb font_color=\u00bb color=\u00bb av-medium-font-size=\u00bb av-small-font-size=\u00bb av-mini-font-size=\u00bb admin_preview_bg=\u00bb]<br \/>\n<strong>MORNING LESSONS &#8211; CLASES DE MA\u00d1ANA: SALA GENERAL\u00a0<\/strong><strong>PONCE.<\/strong><\/p>\n<p><strong>De 10:00 a 11:00.<\/strong><\/p>\n<p><strong>Clases de estiramientos: Impartidas por Esther Ponce.<\/strong><br \/>\n&#8211; Grupo A Lunes y Mi\u00e9rcoles<br \/>\n&#8211; Grupo B Martes y Jueves<\/p>\n<p>Por las ma\u00f1anas le hacemos culto a la danza como deporte comenzando el d\u00eda con unos estiramientos basados en la relajaci\u00f3n de los m\u00fasculos y\u00a0sus articulaciones mejorando la elasticidad, fortaleciendo los huesos,\u00a0evitando as\u00ed la p\u00e9rdida de col\u00e1geno y mejorando la calidad de vida.<\/p>\n<p><strong>De 12:30 A 13:30. Clases de sevillanas profesionales flamencas.\u00a0<\/strong><strong>Impartidas por Esther Ponce.<\/strong><\/p>\n<p>&#8211; Grupo A Lunes y Mi\u00e9rcoles<br \/>\n&#8211; Grupo B Martes y Jueves<br \/>\nTrabajo personalizado por parejas, con falda, brazos y giros para las se\u00f1oras y zapateado y brazos para los caballeros.<br \/>\nClases privadas disponibles con casta\u00f1uelas. Inscripci\u00f3n abierta a partir\u00a0de Octubre 2017, para el viaje Flamenco Cultural Valencia &#8211; Feria de\u00a0Abril.<\/p>\n<p><strong>De 11:30 a 12:30 T\u00e9cnica y coreograf\u00eda de flamenco estilizado.<\/strong>\u00a0En construcci\u00f3n. Iremos informando.<\/p>\n<p><strong>VIERNES Y S\u00c1BADO FLAMENCO EXPERIMENTAL:<\/strong> Reservar con dos\u00a0semanas de antelaci\u00f3n en productions@estherponce.com.<\/p>\n<p><strong>VESTUARIOS: Disponibles 15 minutos antes y 15 minutos despu\u00e9s de\u00a0cada clase. Fuera de ese horario no se podr\u00e1 acceder a ellos.<\/strong><\/p>\n<p><strong>SALA MI TORITO.<\/strong><\/p>\n<p><strong>De Lunes a Jueves.<\/strong><\/p>\n<p>\u2013 Clases generales de Guitarra: EN CONSTRUCCI\u00d3N.<br \/>\n\u2013 Clases privadas de Cante Flamenco, Viol\u00edn Flamenco, Flauta Flamenca,<br \/>\nPiano Flamenco, etc. Para m\u00e1s informaci\u00f3n preguntar personalmente\u00a0en Recepci\u00f3n.<\/p>\n<p><strong>VIERNES Y S\u00c1BADO FLAMENCO EXPERIMENTAL:<\/strong>\u00a0Reservar con dos\u00a0semanas de antelaci\u00f3n en productions@estherponce.com.<\/p>\n<p><strong>VESTUARIOS: Disponibles 15 minutos antes y 15 minutos despu\u00e9s de\u00a0cada clase. Fuera de ese horario no se podr\u00e1 acceder a ellos.<\/strong><\/p>\n<blockquote><p><a href=\"https:\/\/estherponce.com\/unete\/\">!! YA PUEDES APUNTARTE !!<\/a><br \/>\nPara m\u00e1s informaci\u00f3n, m\u00e1ndanos un e-mail a info@estherponce.com o vis\u00edtanos personalmente en el Centro.<\/p><\/blockquote>\n<p>[\/av_textblock]<\/p>\n<p>[\/av_three_fifth][av_one_fifth min_height=\u00bb vertical_alignment=\u00bb space=\u00bb custom_margin=\u00bb margin=&#8217;0px&#8217; padding=&#8217;0px&#8217; border=\u00bb border_color=\u00bb radius=&#8217;0px&#8217; background_color=\u00bb src=\u00bb background_position=&#8217;top left&#8217; background_repeat=&#8217;no-repeat&#8217; animation=\u00bb mobile_breaking=\u00bb mobile_display=\u00bb]<\/p>\n<p>[\/av_one_fifth][\/av_section][av_section min_height=\u00bb min_height_px=&#8217;500px&#8217; padding=&#8217;default&#8217; shadow=&#8217;no-shadow&#8217; bottom_border=&#8217;no-border-styling&#8217; bottom_border_diagonal_color=&#8217;#333333&#8242; bottom_border_diagonal_direction=&#8217;scroll&#8217; bottom_border_style=&#8217;scroll&#8217; scroll_down=\u00bb id=\u00bb color=&#8217;main_color&#8217; custom_bg=\u00bb src=\u00bb attach=&#8217;scroll&#8217; position=&#8217;top left&#8217; repeat=&#8217;no-repeat&#8217; video=\u00bb video_ratio=&#8217;16:9&#8242; video_mobile_disabled=\u00bb overlay_enable=\u00bb overlay_opacity=&#8217;0.5&#8242; overlay_color=\u00bb overlay_pattern=\u00bb overlay_custom_pattern=\u00bb av-desktop-hide=\u00bb av-medium-hide=\u00bb av-small-hide=\u00bb av-mini-hide=\u00bb av_element_hidden_in_editor=&#8217;0&#8242;]<br \/>\n[av_button label=&#8217;CLASES. LESSONS. HORARIOS.&#8217; link=&#8217;page,377&#8242; link_target=\u00bb size=&#8217;medium&#8217; position=&#8217;center&#8217; icon_select=&#8217;yes&#8217; icon=&#8217;ue81f&#8217; font=&#8217;entypo-fontello&#8217; color=&#8217;theme-color&#8217; custom_bg=&#8217;#444444&#8242; custom_font=&#8217;#ffffff&#8217; admin_preview_bg=\u00bb]<br \/>\n[\/av_section]<\/p>","protected":false},"excerpt":{"rendered":"<p>[av_one_full first min_height=\u00bb vertical_alignment=\u00bb space=\u00bb custom_margin=\u00bb margin=&#8217;0px&#8217; padding=&#8217;0px&#8217; border=\u00bb border_color=\u00bb radius=&#8217;0px&#8217; background_color=\u00bb src=\u00bb background_position=&#8217;top left&#8217; background_repeat=&#8217;no-repeat&#8217; animation=\u00bb mobile_display=\u00bb] [av_heading heading=&#8217;Morning Lessons&#8217; tag=&#8217;h1&#8242; style=&#8217;blockquote modern-quote modern-centered&#8217; size=\u00bb subheading_active=\u00bb subheading_size=&#8217;15&#8217; padding=&#8217;0&#8242; color=\u00bb custom_font=\u00bb admin_preview_bg=\u00bb][\/av_heading] [\/av_one_full] [av_section min_height=&#8217;75&#8217; min_height_px=&#8217;500px&#8217; padding=&#8217;default&#8217; shadow=&#8217;no-border-styling&#8217; bottom_border=&#8217;no-border-styling&#8217; bottom_border_diagonal_color=&#8217;#ffffff&#8217; bottom_border_diagonal_direction=\u00bb bottom_border_style=\u00bb id=\u00bb color=&#8217;main_color&#8217; custom_bg=&#8217;#f2f2f2&#8242; src=&#8217;https:\/\/estherponce.com\/wp-content\/uploads\/2017\/07\/IMG_0367.jpg&#8217; attachment=&#8217;189&#8242; attachment_size=&#8217;full&#8217; attach=&#8217;scroll&#8217; position=&#8217;center center&#8217; repeat=&#8217;stretch&#8217; video=\u00bb video_ratio=&#8217;16:9&#8242; overlay_enable=&#8217;aviaTBoverlay_enable&#8217; [&hellip;]<\/p>","protected":false},"author":2,"featured_media":0,"parent":0,"menu_order":0,"comment_status":"closed","ping_status":"closed","template":"","meta":{"footnotes":""},"class_list":["post-132","page","type-page","status-publish","hentry"],"_links":{"self":[{"href":"https:\/\/estherponcemagazine.com\/en\/wp-json\/wp\/v2\/pages\/132","targetHints":{"allow":["GET"]}}],"collection":[{"href":"https:\/\/estherponcemagazine.com\/en\/wp-json\/wp\/v2\/pages"}],"about":[{"href":"https:\/\/estherponcemagazine.com\/en\/wp-json\/wp\/v2\/types\/page"}],"author":[{"embeddable":true,"href":"https:\/\/estherponcemagazine.com\/en\/wp-json\/wp\/v2\/users\/2"}],"replies":[{"embeddable":true,"href":"https:\/\/estherponcemagazine.com\/en\/wp-json\/wp\/v2\/comments?post=132"}],"version-history":[{"count":0,"href":"https:\/\/estherponcemagazine.com\/en\/wp-json\/wp\/v2\/pages\/132\/revisions"}],"wp:attachment":[{"href":"https:\/\/estherponcemagazine.com\/en\/wp-json\/wp\/v2\/media?parent=132"}],"curies":[{"name":"wp","href":"https:\/\/api.w.org\/{rel}","templated":true}]}}