{"id":127,"date":"2017-07-10T09:00:58","date_gmt":"2017-07-10T09:00:58","guid":{"rendered":"https:\/\/estherponce.com\/?page_id=127"},"modified":"2017-07-10T09:00:58","modified_gmt":"2017-07-10T09:00:58","slug":"clases-de-tarde","status":"publish","type":"page","link":"https:\/\/estherponcemagazine.com\/en\/clases-de-tarde\/","title":{"rendered":"Clases de tarde"},"content":{"rendered":"<p>[av_one_full first min_height=\u00bb vertical_alignment=\u00bb space=\u00bb custom_margin=\u00bb margin=&#8217;0px&#8217; padding=&#8217;0px&#8217; border=\u00bb border_color=\u00bb radius=&#8217;0px&#8217; background_color=\u00bb src=\u00bb background_position=&#8217;top left&#8217; background_repeat=&#8217;no-repeat&#8217; animation=\u00bb mobile_display=\u00bb]<br \/>\n[av_heading heading=&#8217;Afternoon Lessons&#8217; tag=&#8217;h1&#8242; style=&#8217;blockquote modern-quote modern-centered&#8217; size=\u00bb subheading_active=\u00bb subheading_size=&#8217;15&#8217; padding=&#8217;0&#8242; color=\u00bb custom_font=\u00bb admin_preview_bg=\u00bb][\/av_heading]<br \/>\n[\/av_one_full]<\/p>\n<p>[av_section min_height=&#8217;75&#8217; min_height_px=&#8217;500px&#8217; padding=&#8217;default&#8217; shadow=&#8217;no-border-styling&#8217; bottom_border=&#8217;border-extra-diagonal&#8217; bottom_border_diagonal_color=&#8217;#ffffff&#8217; bottom_border_diagonal_direction=&#8217;border-extra-diagonal-inverse&#8217; bottom_border_style=\u00bb id=\u00bb color=&#8217;main_color&#8217; custom_bg=&#8217;#eaeaea&#8217; src=&#8217;https:\/\/estherponce.com\/wp-content\/uploads\/2017\/07\/MG_1081.jpg&#8217; attachment=&#8217;186&#8242; attachment_size=&#8217;full&#8217; attach=&#8217;scroll&#8217; position=&#8217;center center&#8217; repeat=&#8217;stretch&#8217; video=\u00bb video_ratio=&#8217;16:9&#8242; overlay_enable=&#8217;aviaTBoverlay_enable&#8217; overlay_opacity=&#8217;0.8&#8242; overlay_color=&#8217;#ffffff&#8217; overlay_pattern=\u00bb overlay_custom_pattern=\u00bb av_element_hidden_in_editor=&#8217;0&#8242;]<\/p>\n<p>[av_one_fifth first min_height=\u00bb vertical_alignment=\u00bb space=\u00bb custom_margin=\u00bb margin=&#8217;0px&#8217; padding=&#8217;0px&#8217; border=\u00bb border_color=\u00bb radius=&#8217;0px&#8217; background_color=\u00bb src=\u00bb background_position=&#8217;top left&#8217; background_repeat=&#8217;no-repeat&#8217; animation=\u00bb mobile_display=\u00bb]<\/p>\n<p>[\/av_one_fifth][av_three_fifth min_height=\u00bb vertical_alignment=\u00bb space=\u00bb custom_margin=\u00bb margin=&#8217;0px&#8217; padding=&#8217;0px&#8217; border=\u00bb border_color=\u00bb radius=&#8217;0px&#8217; background_color=\u00bb src=\u00bb background_position=&#8217;top left&#8217; background_repeat=&#8217;no-repeat&#8217; animation=\u00bb mobile_display=\u00bb]<\/p>\n<p>[av_textblock size=\u00bb font_color=\u00bb color=\u00bb av-medium-font-size=\u00bb av-small-font-size=\u00bb av-mini-font-size=\u00bb admin_preview_bg=\u00bb]<br \/>\n<strong>CLASES DE TARDE &#8211; AFTERNOON LESSONS<\/strong><\/p>\n<p>De <strong>Lunes a Jueves<\/strong> de <strong>17:00 a 22:00<\/strong><\/p>\n<p>Para profesionales y\/o alumnos que est\u00e9n preparando la carrera de <strong>Danza Espa\u00f1ola<\/strong> y quieran reforzar la t\u00e9cnica y la coreograf\u00eda del\u00a0flamenco de Madrid. Tambi\u00e9n para alumnos de 5 a 15 a\u00f1os de edad que\u00a0comienzan en el mundo de la t\u00e9cnica del <em><strong>ballet cl\u00e1sico<\/strong><\/em>, que fusionado\u00a0con la t\u00e9cnica del flamenco, se crea el <em><strong>Flamenco Estilizado<\/strong><\/em>.\u00a0Dirigido igualmente a los adultos a los que les gusta el flamenco y ahora\u00a0quieren experimentar y conocer la elegancia y la expresi\u00f3n del Flamenco Estilizado teatral y personalizado.<\/p>\n<p>Imprescindible traer para todos los grupos de la tarde y de la<br \/>\nma\u00f1ana:<\/p>\n<ul>\n<li>Falda de ensayo larga con vuelo.<\/li>\n<li>Zapatos de flamenco profesional (deben llevar filis y clavos en la punta del zapato y en el tac\u00f3n)<\/li>\n<li>Calentadores de ballet de lana o ropa de ch\u00e1ndal para calentar el m\u00fasculo. &#8211; Pelo recogido.<\/li>\n<li>Agua.<\/li>\n<li>Actitud y muchas ganas de aprender ingl\u00e9s mientras\u00a0aprendes<\/li>\n<\/ul>\n<p><strong>Flamenco Estilizado:<\/strong><br \/>\nLa falda de ensayo y los zapatos lo puedes solicitar en nuestro shopping\u00a0del Centro: Madrid &#8211; Los Angeles &#8211; Valencia.<\/p>\n<p><strong>Flamenco Cultural:<\/strong><\/p>\n<ul>\n<li><strong>Roma &#8211; Florencia:<\/strong> Para alumnos con clases en horario de <strong>17:15, 18:30 Y 19:45<\/strong>.<\/li>\n<li><strong>Valencia &#8211; Feria de Abril:<\/strong> Para alumnos en horario de <strong>13:30 y de 21:00<\/strong>. <strong><em>Inscripci\u00f3n abierta durante los meses de Octubre y Noviembre 2017.<\/em><\/strong><\/li>\n<\/ul>\n<p><strong>HORARIOS TARDES: SALA GENERAL PONCE.<\/strong><\/p>\n<p><strong>De 17:15 a 18:15. Ballet y Escuela Bolera.<\/strong><br \/>\n&#8211; Grupo A los Lunes y Mi\u00e9rcoles<br \/>\n&#8211; Grupo B los Martes y Jueves<\/p>\n<p><strong>De 18:15 a 19:15. Sevillanas<\/strong><strong>.<\/strong><\/p>\n<p>&#8211; Grupo C los Lunes y Mi\u00e9rcoles<br \/>\n&#8211; Grupo D los Martes y Jueves.<\/p>\n<p><strong>De 19:30 a 20:30. De lunes a Jueves.<\/strong><\/p>\n<p>Refuerzo de la T\u00e9cnica y Coreograf\u00eda de Flamenco.<br \/>\nPerfeccionamiento del baile flamenco enfocado a alumnos que cursan la<br \/>\ncarrera de Danza Espa\u00f1ola. M\u00ednimo dos semanas. Inscripci\u00f3n abierta para el viaje FLAMENCO CULTURAL: Valencia &#8211; Roma &#8211; Florencia<\/p>\n<p><strong>De 20:00 a 21:00 Flamenco adultos.<\/strong><\/p>\n<p><strong>T\u00e9cnica y coreograf\u00eda.<\/strong><br \/>\n&#8211; Grupo A Lunes y Mi\u00e9rcoles<br \/>\n&#8211; Grupo B Martes y Jueves<\/p>\n<p><strong>SALA MI TORITO.<\/strong><\/p>\n<p><strong>De Lunes a Jueves.<\/strong><\/p>\n<p>\u2013 Clases generales de Guitarra: EN CONSTRUCCI\u00d3N.<br \/>\n\u2013 Clases privadas de Cante Flamenco, Viol\u00edn Flamenco, Flauta Flamenca,<br \/>\nPiano Flamenco, etc. Para m\u00e1s informaci\u00f3n preguntar personalmente\u00a0en Recepci\u00f3n.<\/p>\n<p><strong>VIERNES Y S\u00c1BADO FLAMENCO EXPERIMENTAL:<\/strong>\u00a0Reservar con dos\u00a0semanas de antelaci\u00f3n en productions@estherponce.com.<\/p>\n<p><strong>VESTUARIOS: Disponibles 15 minutos antes y 15 minutos despu\u00e9s de\u00a0cada clase. Fuera de ese horario no se podr\u00e1 acceder a ellos.<\/strong><\/p>\n<blockquote><p><a href=\"https:\/\/estherponce.com\/unete\/\">!! YA PUEDES APUNTARTE !!<\/a><br \/>\nPara m\u00e1s informaci\u00f3n, m\u00e1ndanos un e-mail a info@estherponce.com o vis\u00edtanos personalmente en el Centro.<\/p><\/blockquote>\n<p>[\/av_textblock]<\/p>\n<p>[\/av_three_fifth][av_one_fifth min_height=\u00bb vertical_alignment=\u00bb space=\u00bb custom_margin=\u00bb margin=&#8217;0px&#8217; padding=&#8217;0px&#8217; border=\u00bb border_color=\u00bb radius=&#8217;0px&#8217; background_color=\u00bb src=\u00bb background_position=&#8217;top left&#8217; background_repeat=&#8217;no-repeat&#8217; animation=\u00bb mobile_display=\u00bb]<\/p>\n<p>[\/av_one_fifth][\/av_section][av_section min_height=\u00bb min_height_px=&#8217;500px&#8217; padding=&#8217;default&#8217; shadow=&#8217;no-shadow&#8217; bottom_border=&#8217;no-border-styling&#8217; bottom_border_diagonal_color=&#8217;#333333&#8242; bottom_border_diagonal_direction=&#8217;scroll&#8217; bottom_border_style=&#8217;scroll&#8217; scroll_down=\u00bb id=\u00bb color=&#8217;main_color&#8217; custom_bg=\u00bb src=\u00bb attach=&#8217;scroll&#8217; position=&#8217;top left&#8217; repeat=&#8217;no-repeat&#8217; video=\u00bb video_ratio=&#8217;16:9&#8242; video_mobile_disabled=\u00bb overlay_enable=\u00bb overlay_opacity=&#8217;0.5&#8242; overlay_color=\u00bb overlay_pattern=\u00bb overlay_custom_pattern=\u00bb av-desktop-hide=\u00bb av-medium-hide=\u00bb av-small-hide=\u00bb av-mini-hide=\u00bb av_element_hidden_in_editor=&#8217;0&#8242;]<br \/>\n[av_button label=&#8217;CLASES. LESSONS. HORARIOS.&#8217; link=&#8217;page,377&#8242; link_target=\u00bb size=&#8217;medium&#8217; position=&#8217;center&#8217; icon_select=&#8217;yes&#8217; icon=&#8217;ue81f&#8217; font=&#8217;entypo-fontello&#8217; color=&#8217;theme-color&#8217; custom_bg=&#8217;#444444&#8242; custom_font=&#8217;#ffffff&#8217; admin_preview_bg=\u00bb]<br \/>\n[\/av_section]<\/p>","protected":false},"excerpt":{"rendered":"<p>[av_one_full first min_height=\u00bb vertical_alignment=\u00bb space=\u00bb custom_margin=\u00bb margin=&#8217;0px&#8217; padding=&#8217;0px&#8217; border=\u00bb border_color=\u00bb radius=&#8217;0px&#8217; background_color=\u00bb src=\u00bb background_position=&#8217;top left&#8217; background_repeat=&#8217;no-repeat&#8217; animation=\u00bb mobile_display=\u00bb] [av_heading heading=&#8217;Afternoon Lessons&#8217; tag=&#8217;h1&#8242; style=&#8217;blockquote modern-quote modern-centered&#8217; size=\u00bb subheading_active=\u00bb subheading_size=&#8217;15&#8217; padding=&#8217;0&#8242; color=\u00bb custom_font=\u00bb admin_preview_bg=\u00bb][\/av_heading] [\/av_one_full] [av_section min_height=&#8217;75&#8217; min_height_px=&#8217;500px&#8217; padding=&#8217;default&#8217; shadow=&#8217;no-border-styling&#8217; bottom_border=&#8217;border-extra-diagonal&#8217; bottom_border_diagonal_color=&#8217;#ffffff&#8217; bottom_border_diagonal_direction=&#8217;border-extra-diagonal-inverse&#8217; bottom_border_style=\u00bb id=\u00bb color=&#8217;main_color&#8217; custom_bg=&#8217;#eaeaea&#8217; src=&#8217;https:\/\/estherponce.com\/wp-content\/uploads\/2017\/07\/MG_1081.jpg&#8217; attachment=&#8217;186&#8242; attachment_size=&#8217;full&#8217; attach=&#8217;scroll&#8217; position=&#8217;center center&#8217; repeat=&#8217;stretch&#8217; video=\u00bb video_ratio=&#8217;16:9&#8242; overlay_enable=&#8217;aviaTBoverlay_enable&#8217; [&hellip;]<\/p>","protected":false},"author":2,"featured_media":0,"parent":0,"menu_order":0,"comment_status":"closed","ping_status":"closed","template":"","meta":{"footnotes":""},"class_list":["post-127","page","type-page","status-publish","hentry"],"_links":{"self":[{"href":"https:\/\/estherponcemagazine.com\/en\/wp-json\/wp\/v2\/pages\/127","targetHints":{"allow":["GET"]}}],"collection":[{"href":"https:\/\/estherponcemagazine.com\/en\/wp-json\/wp\/v2\/pages"}],"about":[{"href":"https:\/\/estherponcemagazine.com\/en\/wp-json\/wp\/v2\/types\/page"}],"author":[{"embeddable":true,"href":"https:\/\/estherponcemagazine.com\/en\/wp-json\/wp\/v2\/users\/2"}],"replies":[{"embeddable":true,"href":"https:\/\/estherponcemagazine.com\/en\/wp-json\/wp\/v2\/comments?post=127"}],"version-history":[{"count":0,"href":"https:\/\/estherponcemagazine.com\/en\/wp-json\/wp\/v2\/pages\/127\/revisions"}],"wp:attachment":[{"href":"https:\/\/estherponcemagazine.com\/en\/wp-json\/wp\/v2\/media?parent=127"}],"curies":[{"name":"wp","href":"https:\/\/api.w.org\/{rel}","templated":true}]}}