{"id":11319,"date":"2022-07-16T10:37:24","date_gmt":"2022-07-16T11:37:24","guid":{"rendered":"https:\/\/estherponcemagazine.com\/?page_id=11319"},"modified":"2022-07-16T11:08:17","modified_gmt":"2022-07-16T12:08:17","slug":"xana-historia-ribadesella","status":"publish","type":"page","link":"https:\/\/estherponcemagazine.com\/en\/xana-historia-ribadesella\/","title":{"rendered":"XANA &#8211; HISTORIA RIBADESELLA"},"content":{"rendered":"<div data-elementor-type=\"wp-post\" data-elementor-id=\"11319\" class=\"elementor elementor-11319\" data-elementor-settings=\"{&quot;ha_cmc_init_switcher&quot;:&quot;no&quot;}\">\n\t\t\t\t\t\t<section class=\"elementor-section elementor-top-section elementor-element elementor-element-22afe40 elementor-section-full_width elementor-section-height-default elementor-section-height-default\" data-id=\"22afe40\" data-element_type=\"section\" data-settings=\"{&quot;background_background&quot;:&quot;classic&quot;,&quot;_ha_eqh_enable&quot;:false}\">\n\t\t\t\t\t\t<div class=\"elementor-container elementor-column-gap-default\">\n\t\t\t\t\t<div class=\"elementor-column elementor-col-100 elementor-top-column elementor-element elementor-element-b5a6a30\" data-id=\"b5a6a30\" data-element_type=\"column\" data-settings=\"{&quot;background_background&quot;:&quot;classic&quot;}\">\n\t\t\t<div class=\"elementor-widget-wrap elementor-element-populated\">\n\t\t\t\t\t\t<div class=\"elementor-element elementor-element-878d8af elementor-widget elementor-widget-heading\" data-id=\"878d8af\" data-element_type=\"widget\" data-widget_type=\"heading.default\">\n\t\t\t\t<div class=\"elementor-widget-container\">\n\t\t\t\t\t<h2 class=\"elementor-heading-title elementor-size-default\">RIBADESELLA LA BELLA<\/h2>\t\t\t\t<\/div>\n\t\t\t\t<\/div>\n\t\t\t\t\t<\/div>\n\t\t<\/div>\n\t\t\t\t\t<\/div>\n\t\t<\/section>\n\t\t\t\t<section class=\"elementor-section elementor-top-section elementor-element elementor-element-471578e elementor-section-boxed elementor-section-height-default elementor-section-height-default\" data-id=\"471578e\" data-element_type=\"section\" data-settings=\"{&quot;_ha_eqh_enable&quot;:false}\">\n\t\t\t\t\t\t<div class=\"elementor-container elementor-column-gap-default\">\n\t\t\t\t\t<div class=\"elementor-column elementor-col-100 elementor-top-column elementor-element elementor-element-78df3d7\" data-id=\"78df3d7\" data-element_type=\"column\">\n\t\t\t<div class=\"elementor-widget-wrap elementor-element-populated\">\n\t\t\t\t\t\t<div class=\"elementor-element elementor-element-89876e4 elementor-view-default elementor-widget elementor-widget-icon\" data-id=\"89876e4\" data-element_type=\"widget\" data-widget_type=\"icon.default\">\n\t\t\t\t<div class=\"elementor-widget-container\">\n\t\t\t\t\t\t\t<div class=\"elementor-icon-wrapper\">\n\t\t\t<a class=\"elementor-icon\" href=\"http:\/\/estherponcemagazine.com\/en\/a-pelo\/\">\n\t\t\t<i aria-hidden=\"true\" class=\"fas fa-arrow-alt-circle-left\"><\/i>\t\t\t<\/a>\n\t\t<\/div>\n\t\t\t\t\t\t<\/div>\n\t\t\t\t<\/div>\n\t\t\t\t<section class=\"elementor-section elementor-inner-section elementor-element elementor-element-e0a5f3b elementor-reverse-mobile elementor-section-boxed elementor-section-height-default elementor-section-height-default\" data-id=\"e0a5f3b\" data-element_type=\"section\" data-settings=\"{&quot;_ha_eqh_enable&quot;:false}\">\n\t\t\t\t\t\t<div class=\"elementor-container elementor-column-gap-default\">\n\t\t\t\t\t<div class=\"elementor-column elementor-col-100 elementor-inner-column elementor-element elementor-element-b6940ce\" data-id=\"b6940ce\" data-element_type=\"column\">\n\t\t\t<div class=\"elementor-widget-wrap elementor-element-populated\">\n\t\t\t\t\t\t<div class=\"elementor-element elementor-element-a95faa8 elementor-widget elementor-widget-image\" data-id=\"a95faa8\" data-element_type=\"widget\" data-widget_type=\"image.default\">\n\t\t\t\t<div class=\"elementor-widget-container\">\n\t\t\t\t\t\t\t\t\t\t\t\t\t\t\t<img fetchpriority=\"high\" decoding=\"async\" width=\"551\" height=\"1024\" src=\"https:\/\/estherponcemagazine.com\/wp-content\/uploads\/2021\/02\/IMG-20210227-WA0029.jpg\" class=\"attachment-large size-large wp-image-6125\" alt=\"\" srcset=\"https:\/\/estherponcemagazine.com\/wp-content\/uploads\/2021\/02\/IMG-20210227-WA0029.jpg 551w, https:\/\/estherponcemagazine.com\/wp-content\/uploads\/2021\/02\/IMG-20210227-WA0029-161x300.jpg 161w, https:\/\/estherponcemagazine.com\/wp-content\/uploads\/2021\/02\/IMG-20210227-WA0029-6x12.jpg 6w\" sizes=\"(max-width: 551px) 100vw, 551px\" \/>\t\t\t\t\t\t\t\t\t\t\t\t\t\t\t<\/div>\n\t\t\t\t<\/div>\n\t\t\t\t<div class=\"elementor-element elementor-element-709a297 elementor-widget-divider--view-line elementor-widget elementor-widget-divider\" data-id=\"709a297\" data-element_type=\"widget\" data-widget_type=\"divider.default\">\n\t\t\t\t<div class=\"elementor-widget-container\">\n\t\t\t\t\t\t\t<div class=\"elementor-divider\">\n\t\t\t<span class=\"elementor-divider-separator\">\n\t\t\t\t\t\t<\/span>\n\t\t<\/div>\n\t\t\t\t\t\t<\/div>\n\t\t\t\t<\/div>\n\t\t\t\t<div class=\"elementor-element elementor-element-e286197 elementor-widget elementor-widget-text-editor\" data-id=\"e286197\" data-element_type=\"widget\" data-widget_type=\"text-editor.default\">\n\t\t\t\t<div class=\"elementor-widget-container\">\n\t\t\t\t\t\t\t\t\t<div class=\"adM\"><div>A week just before pandemic Covid 19 she was diagnosed with a deadly disease.  Only a year and a half more at her side?  That scratched my soul and I had no time to lose.  I began to write, create and design\u00a0<a href=\"http:\/\/estherponcemagazine.com\/en\/\" target=\"_blank\" rel=\"noopener\" data-saferedirecturl=\"https:\/\/www.google.com\/url?q=http:\/\/estherponcemagazine.com&amp;source=gmail&amp;ust=1658057751169000&amp;usg=AOvVaw02el36kLUhkkL6ffqqcQT2\">estherponcemagazine.com<\/a>\u00a0so that she would see it, so that she would give me her blessing, so that she would leave all her love and admiration in each one of the photos, in each one of the texts that she read, her mark indelible.  As she told me her favorite phrase that helped me so much throughout my life;  \u2014Nena, how much are you worth daughter, what a fighter you have always been and what a complete artist you are.  Then with her Asturian sense of humor and in the old way she said \u2014 I wish a millionaire notices you and knows how to see and appreciate the professional work that goes into everything you do and gets you a sponsor for estherponcemagazine.\u00a0<\/div><div>\u00a0<\/div><div>July 30, 2021.<\/div><div>\u00a0<\/div><div>It was 12 o'clock in the morning and I was wracked with pain, already in bed after the hardest day of my life for 10 years.  My mother had already left, never to return.  The emptiness that she had left in me cannot be explained, the anguish of not seeing her again made me feel small and defenseless as if the world stopped and I urgently needed to be with her again\u00a0<\/div><div>Before she died she promised me that she would give me a sign from heaven and that of course and this time together with my grandmother, who had been doing it for forty years.  She would continue to guide and support me exactly the same as on earth.  Crying with love and missing her so much to the point of going crazy, I was suddenly extremely curious to know how long it would take my mother to get to heaven.  I never thought that she could be found on the internet but there it was, between 36 and 48 hours you reach seventh heaven.  I began to calculate the time of his death at three in the morning of July 28, 2021, at three in the morning of the 29th it would be twenty-four hours, so at three in the afternoon, it would be thirty-five six hours and I urgently needed to know if she had already arrived from her long trip to heaven to keep me calm.\u00a0<\/div><div>How I would find out in the silence of my room at just three in the morning without thinking to myself that I wasn't freaking out?  Well, I armed myself with courage, prayed the Our Father, which is how I connect with God, and asked the question that I was afraid to ask myself in case I didn't receive an answer.  \"Mom, are you there?\"  Please, mom, I need to know that you've arrived safely, that you're with grandma and that you're seeing me, give me a sign, mom, do you hear me, mom?  It was the first time that my lovebird, who had been totally asleep for several hours, covered with his blanket and in another room, said clearly and only one YES.  Between the doubt that it was pure chance, I waited a while in case the bird continued talking but he was sleeping and quiet as before.  My lovebirds, which are two because that's why they are called the love birds or the inseparable ones, only said my son's name with a whistle, Maiki!  and the name of the first lovebird we had, \u00a1Patito ! .  And when they start talking, they have long conversations making sounds but without definite words and they have never said such a clear YES before.  So I repeated the question to my mother this time already fully connected, concentrated and scared at the same time because of the specialness of such a delicate moment... when I heard again clearly in the silence of the night and from the other room to my lovebird say YES!  My face changed, my tears became pure water of hope, I felt an inner peace like a balm that calmed my pain and I quickly got out of bed.  My mom was already with me again...<\/div><div>\u00a0<\/div><div>I took my laptop and started writing this impressive and emotional event to put it as the missing text in the photo of Ribadesella la Bella, a section that I created just for her and that for a year and a half, was incomplete.  And so to remember it every July 28\u2026the number eight also had to appear again in my life.\u00a0<\/div><div>Be sure to read <a href=\"https:\/\/estherponcemagazine.com\/en\/xana-introduccion\/\">XANA\u2026a True Story <\/a>.\u00a0<\/div><div class=\"yj6qo\">\u00a0<\/div><div class=\"adL\">\u00a0<\/div><\/div>\t\t\t\t\t\t\t\t<\/div>\n\t\t\t\t<\/div>\n\t\t\t\t<div class=\"elementor-element elementor-element-6e62493 elementor-widget-divider--view-line elementor-widget elementor-widget-divider\" data-id=\"6e62493\" data-element_type=\"widget\" data-widget_type=\"divider.default\">\n\t\t\t\t<div class=\"elementor-widget-container\">\n\t\t\t\t\t\t\t<div class=\"elementor-divider\">\n\t\t\t<span class=\"elementor-divider-separator\">\n\t\t\t\t\t\t<\/span>\n\t\t<\/div>\n\t\t\t\t\t\t<\/div>\n\t\t\t\t<\/div>\n\t\t\t\t<div class=\"elementor-element elementor-element-c5241ae elementor-widget-divider--view-line elementor-widget elementor-widget-divider\" data-id=\"c5241ae\" data-element_type=\"widget\" data-widget_type=\"divider.default\">\n\t\t\t\t<div class=\"elementor-widget-container\">\n\t\t\t\t\t\t\t<div class=\"elementor-divider\">\n\t\t\t<span class=\"elementor-divider-separator\">\n\t\t\t\t\t\t<\/span>\n\t\t<\/div>\n\t\t\t\t\t\t<\/div>\n\t\t\t\t<\/div>\n\t\t\t\t\t<\/div>\n\t\t<\/div>\n\t\t\t\t\t<\/div>\n\t\t<\/section>\n\t\t\t\t\t<\/div>\n\t\t<\/div>\n\t\t\t\t\t<\/div>\n\t\t<\/section>\n\t\t\t\t<\/div>","protected":false},"excerpt":{"rendered":"<p>RIBADESELLA LA BELLA Una semana justo antes del toque de queda por Covid 19,\u00a0 la diagnosticaron de una enfermedad mortal. \u00bf Solamente un a\u00f1o y medio m\u00e1s a su lado? Eso me ara\u00f1aba el alma y no ten\u00eda tiempo que perder.\u00a0 Empece a escribir, a crear y a dise\u00f1ar\u00a0estherponcemagazine.com\u00a0para que ella lo viera, para que [&hellip;]<\/p>","protected":false},"author":1,"featured_media":10491,"parent":0,"menu_order":0,"comment_status":"open","ping_status":"closed","template":"elementor_header_footer","meta":{"footnotes":""},"class_list":["post-11319","page","type-page","status-publish","has-post-thumbnail","hentry"],"_links":{"self":[{"href":"https:\/\/estherponcemagazine.com\/en\/wp-json\/wp\/v2\/pages\/11319","targetHints":{"allow":["GET"]}}],"collection":[{"href":"https:\/\/estherponcemagazine.com\/en\/wp-json\/wp\/v2\/pages"}],"about":[{"href":"https:\/\/estherponcemagazine.com\/en\/wp-json\/wp\/v2\/types\/page"}],"author":[{"embeddable":true,"href":"https:\/\/estherponcemagazine.com\/en\/wp-json\/wp\/v2\/users\/1"}],"replies":[{"embeddable":true,"href":"https:\/\/estherponcemagazine.com\/en\/wp-json\/wp\/v2\/comments?post=11319"}],"version-history":[{"count":25,"href":"https:\/\/estherponcemagazine.com\/en\/wp-json\/wp\/v2\/pages\/11319\/revisions"}],"predecessor-version":[{"id":11348,"href":"https:\/\/estherponcemagazine.com\/en\/wp-json\/wp\/v2\/pages\/11319\/revisions\/11348"}],"wp:featuredmedia":[{"embeddable":true,"href":"https:\/\/estherponcemagazine.com\/en\/wp-json\/wp\/v2\/media\/10491"}],"wp:attachment":[{"href":"https:\/\/estherponcemagazine.com\/en\/wp-json\/wp\/v2\/media?parent=11319"}],"curies":[{"name":"wp","href":"https:\/\/api.w.org\/{rel}","templated":true}]}}