{"id":10654,"date":"2022-01-25T04:44:10","date_gmt":"2022-01-25T05:44:10","guid":{"rendered":"https:\/\/estherponcemagazine.com\/?page_id=10654"},"modified":"2022-12-08T08:04:20","modified_gmt":"2022-12-08T09:04:20","slug":"xana-introduccion","status":"publish","type":"page","link":"https:\/\/estherponcemagazine.com\/en\/xana-introduccion\/","title":{"rendered":"XANA &#8211; Introduccion"},"content":{"rendered":"<div data-elementor-type=\"wp-post\" data-elementor-id=\"10654\" class=\"elementor elementor-10654\" data-elementor-settings=\"{&quot;ha_cmc_init_switcher&quot;:&quot;no&quot;}\">\n\t\t\t\t\t\t<section class=\"elementor-section elementor-top-section elementor-element elementor-element-22afe40 elementor-section-full_width elementor-section-height-default elementor-section-height-default\" data-id=\"22afe40\" data-element_type=\"section\" data-settings=\"{&quot;background_background&quot;:&quot;classic&quot;,&quot;_ha_eqh_enable&quot;:false}\">\n\t\t\t\t\t\t<div class=\"elementor-container elementor-column-gap-default\">\n\t\t\t\t\t<div class=\"elementor-column elementor-col-100 elementor-top-column elementor-element elementor-element-b5a6a30\" data-id=\"b5a6a30\" data-element_type=\"column\" data-settings=\"{&quot;background_background&quot;:&quot;classic&quot;}\">\n\t\t\t<div class=\"elementor-widget-wrap elementor-element-populated\">\n\t\t\t\t\t\t<div class=\"elementor-element elementor-element-878d8af elementor-widget elementor-widget-heading\" data-id=\"878d8af\" data-element_type=\"widget\" data-widget_type=\"heading.default\">\n\t\t\t\t<div class=\"elementor-widget-container\">\n\t\t\t\t\t<h2 class=\"elementor-heading-title elementor-size-default\">XANA<\/h2>\t\t\t\t<\/div>\n\t\t\t\t<\/div>\n\t\t\t\t\t<\/div>\n\t\t<\/div>\n\t\t\t\t\t<\/div>\n\t\t<\/section>\n\t\t\t\t<section class=\"elementor-section elementor-top-section elementor-element elementor-element-471578e elementor-section-boxed elementor-section-height-default elementor-section-height-default\" data-id=\"471578e\" data-element_type=\"section\" data-settings=\"{&quot;_ha_eqh_enable&quot;:false}\">\n\t\t\t\t\t\t<div class=\"elementor-container elementor-column-gap-default\">\n\t\t\t\t\t<div class=\"elementor-column elementor-col-100 elementor-top-column elementor-element elementor-element-78df3d7\" data-id=\"78df3d7\" data-element_type=\"column\">\n\t\t\t<div class=\"elementor-widget-wrap elementor-element-populated\">\n\t\t\t\t\t\t<div class=\"elementor-element elementor-element-89876e4 elementor-view-default elementor-widget elementor-widget-icon\" data-id=\"89876e4\" data-element_type=\"widget\" data-widget_type=\"icon.default\">\n\t\t\t\t<div class=\"elementor-widget-container\">\n\t\t\t\t\t\t\t<div class=\"elementor-icon-wrapper\">\n\t\t\t<a class=\"elementor-icon\" href=\"http:\/\/estherponcemagazine.com\/en\/a-pelo\/\">\n\t\t\t<i aria-hidden=\"true\" class=\"fas fa-arrow-alt-circle-left\"><\/i>\t\t\t<\/a>\n\t\t<\/div>\n\t\t\t\t\t\t<\/div>\n\t\t\t\t<\/div>\n\t\t\t\t<div class=\"elementor-element elementor-element-aa609bf elementor-widget elementor-widget-text-editor\" data-id=\"aa609bf\" data-element_type=\"widget\" data-widget_type=\"text-editor.default\">\n\t\t\t\t<div class=\"elementor-widget-container\">\n\t\t\t\t\t\t\t\t\t<p>But XANA was different from her 3 sisters, since the day she was born in the Nal\u00f3n estuary while her mother washed, she was already blessed to foresee the future throughout her life and save lives...<\/p>\t\t\t\t\t\t\t\t<\/div>\n\t\t\t\t<\/div>\n\t\t\t\t<div class=\"elementor-element elementor-element-796b65b elementor-widget elementor-widget-image\" data-id=\"796b65b\" data-element_type=\"widget\" data-widget_type=\"image.default\">\n\t\t\t\t<div class=\"elementor-widget-container\">\n\t\t\t\t\t\t\t\t\t\t\t\t\t\t\t<img fetchpriority=\"high\" decoding=\"async\" width=\"669\" height=\"1024\" src=\"https:\/\/estherponcemagazine.com\/wp-content\/uploads\/2022\/01\/WhatsApp-Image-2022-01-26-at-18.52.22.jpeg\" class=\"attachment-large size-large wp-image-10666\" alt=\"\" srcset=\"https:\/\/estherponcemagazine.com\/wp-content\/uploads\/2022\/01\/WhatsApp-Image-2022-01-26-at-18.52.22.jpeg 669w, https:\/\/estherponcemagazine.com\/wp-content\/uploads\/2022\/01\/WhatsApp-Image-2022-01-26-at-18.52.22-196x300.jpeg 196w, https:\/\/estherponcemagazine.com\/wp-content\/uploads\/2022\/01\/WhatsApp-Image-2022-01-26-at-18.52.22-8x12.jpeg 8w, https:\/\/estherponcemagazine.com\/wp-content\/uploads\/2022\/01\/WhatsApp-Image-2022-01-26-at-18.52.22-16x24.jpeg 16w, https:\/\/estherponcemagazine.com\/wp-content\/uploads\/2022\/01\/WhatsApp-Image-2022-01-26-at-18.52.22-24x36.jpeg 24w, https:\/\/estherponcemagazine.com\/wp-content\/uploads\/2022\/01\/WhatsApp-Image-2022-01-26-at-18.52.22-31x48.jpeg 31w\" sizes=\"(max-width: 669px) 100vw, 669px\" \/>\t\t\t\t\t\t\t\t\t\t\t\t\t\t\t<\/div>\n\t\t\t\t<\/div>\n\t\t\t\t<div class=\"elementor-element elementor-element-709a297 elementor-widget-divider--view-line elementor-widget elementor-widget-divider\" data-id=\"709a297\" data-element_type=\"widget\" data-widget_type=\"divider.default\">\n\t\t\t\t<div class=\"elementor-widget-container\">\n\t\t\t\t\t\t\t<div class=\"elementor-divider\">\n\t\t\t<span class=\"elementor-divider-separator\">\n\t\t\t\t\t\t<\/span>\n\t\t<\/div>\n\t\t\t\t\t\t<\/div>\n\t\t\t\t<\/div>\n\t\t\t\t<div class=\"elementor-element elementor-element-85dcdbd elementor-widget elementor-widget-heading\" data-id=\"85dcdbd\" data-element_type=\"widget\" data-widget_type=\"heading.default\">\n\t\t\t\t<div class=\"elementor-widget-container\">\n\t\t\t\t\t<h2 class=\"elementor-heading-title elementor-size-default\"><b>Introduction<\/b><\/h2>\t\t\t\t<\/div>\n\t\t\t\t<\/div>\n\t\t\t\t<div class=\"elementor-element elementor-element-2485e6b elementor-widget-divider--view-line elementor-widget elementor-widget-divider\" data-id=\"2485e6b\" data-element_type=\"widget\" data-widget_type=\"divider.default\">\n\t\t\t\t<div class=\"elementor-widget-container\">\n\t\t\t\t\t\t\t<div class=\"elementor-divider\">\n\t\t\t<span class=\"elementor-divider-separator\">\n\t\t\t\t\t\t<\/span>\n\t\t<\/div>\n\t\t\t\t\t\t<\/div>\n\t\t\t\t<\/div>\n\t\t\t\t<section class=\"elementor-section elementor-inner-section elementor-element elementor-element-1e79202 elementor-section-boxed elementor-section-height-default elementor-section-height-default\" data-id=\"1e79202\" data-element_type=\"section\" data-settings=\"{&quot;_ha_eqh_enable&quot;:false}\">\n\t\t\t\t\t\t<div class=\"elementor-container elementor-column-gap-default\">\n\t\t\t\t\t<div class=\"elementor-column elementor-col-100 elementor-inner-column elementor-element elementor-element-9b4374d\" data-id=\"9b4374d\" data-element_type=\"column\">\n\t\t\t<div class=\"elementor-widget-wrap elementor-element-populated\">\n\t\t\t\t\t\t<div class=\"elementor-element elementor-element-0fe54cd ha-has-bg-overlay elementor-widget elementor-widget-heading\" data-id=\"0fe54cd\" data-element_type=\"widget\" data-widget_type=\"heading.default\">\n\t\t\t\t<div class=\"elementor-widget-container\">\n\t\t\t\t\t<h3 class=\"elementor-heading-title elementor-size-default\"><h5 class=\"elementor-heading-title elementor-size-default\" style=\"margin: 0px;font-family: Titulars, sans-serif;font-weight: 500;line-height: 0;color:;font-size:125px;padding: 0px;letter-spacing: normal;text-align: right;text-indent: 0px;text-transform: none;white-space: normal;);initial\">\u201d<\/h5><\/h3>\t\t\t\t<\/div>\n\t\t\t\t<\/div>\n\t\t\t\t<div class=\"elementor-element elementor-element-e6584a7 ha-has-bg-overlay elementor-widget elementor-widget-text-editor\" data-id=\"e6584a7\" data-element_type=\"widget\" data-widget_type=\"text-editor.default\">\n\t\t\t\t<div class=\"elementor-widget-container\">\n\t\t\t\t\t\t\t\t\t<p>Esta sublime historia que os voy\u00a0 contar, es un hecho real. Si no eres creyente te va a costar m\u00e1s entenderlo y tendr\u00e1s que utilizar tu lado m\u00e1s espiritual e intentar conectarte con el encanto de un pueblo de pescadores de Asturias del 1866 y descubrir por ti mismo el mundo fascinante y la vida de pel\u00edcula de XANA\u2026\u00a0 La que trae la luz desde Dios , la que protege el amor y castiga la infidelidad de los amantes. Hadas de las aguas, y de enorme belleza.<\/p>\t\t\t\t\t\t\t\t<\/div>\n\t\t\t\t<\/div>\n\t\t\t\t\t<\/div>\n\t\t<\/div>\n\t\t\t\t\t<\/div>\n\t\t<\/section>\n\t\t\t\t<section class=\"elementor-section elementor-inner-section elementor-element elementor-element-e0a5f3b elementor-reverse-mobile elementor-section-boxed elementor-section-height-default elementor-section-height-default\" data-id=\"e0a5f3b\" data-element_type=\"section\" data-settings=\"{&quot;_ha_eqh_enable&quot;:false}\">\n\t\t\t\t\t\t<div class=\"elementor-container elementor-column-gap-default\">\n\t\t\t\t\t<div class=\"elementor-column elementor-col-100 elementor-inner-column elementor-element elementor-element-b6940ce\" data-id=\"b6940ce\" data-element_type=\"column\">\n\t\t\t<div class=\"elementor-widget-wrap elementor-element-populated\">\n\t\t\t\t\t\t<div class=\"elementor-element elementor-element-6e62493 elementor-widget-divider--view-line elementor-widget elementor-widget-divider\" data-id=\"6e62493\" data-element_type=\"widget\" data-widget_type=\"divider.default\">\n\t\t\t\t<div class=\"elementor-widget-container\">\n\t\t\t\t\t\t\t<div class=\"elementor-divider\">\n\t\t\t<span class=\"elementor-divider-separator\">\n\t\t\t\t\t\t<\/span>\n\t\t<\/div>\n\t\t\t\t\t\t<\/div>\n\t\t\t\t<\/div>\n\t\t\t\t<div class=\"elementor-element elementor-element-f7e0239 elementor-widget elementor-widget-video\" data-id=\"f7e0239\" data-element_type=\"widget\" data-settings=\"{&quot;youtube_url&quot;:&quot;https:\\\/\\\/youtu.be\\\/B2O26ThEeo4&quot;,&quot;video_type&quot;:&quot;youtube&quot;,&quot;controls&quot;:&quot;yes&quot;}\" data-widget_type=\"video.default\">\n\t\t\t\t<div class=\"elementor-widget-container\">\n\t\t\t\t\t\t\t<div class=\"elementor-wrapper elementor-open-inline\">\n\t\t\t<div class=\"elementor-video\"><\/div>\t\t<\/div>\n\t\t\t\t\t\t<\/div>\n\t\t\t\t<\/div>\n\t\t\t\t<div class=\"elementor-element elementor-element-c5241ae elementor-widget-divider--view-line elementor-widget elementor-widget-divider\" data-id=\"c5241ae\" data-element_type=\"widget\" data-widget_type=\"divider.default\">\n\t\t\t\t<div class=\"elementor-widget-container\">\n\t\t\t\t\t\t\t<div class=\"elementor-divider\">\n\t\t\t<span class=\"elementor-divider-separator\">\n\t\t\t\t\t\t<\/span>\n\t\t<\/div>\n\t\t\t\t\t\t<\/div>\n\t\t\t\t<\/div>\n\t\t\t\t\t<\/div>\n\t\t<\/div>\n\t\t\t\t\t<\/div>\n\t\t<\/section>\n\t\t\t\t\t<\/div>\n\t\t<\/div>\n\t\t\t\t\t<\/div>\n\t\t<\/section>\n\t\t\t\t<section class=\"elementor-section elementor-top-section elementor-element elementor-element-7fd0a09 elementor-section-boxed elementor-section-height-default elementor-section-height-default\" data-id=\"7fd0a09\" data-element_type=\"section\" data-settings=\"{&quot;_ha_eqh_enable&quot;:false}\">\n\t\t\t\t\t\t<div class=\"elementor-container elementor-column-gap-default\">\n\t\t\t\t\t<div class=\"elementor-column elementor-col-100 elementor-top-column elementor-element elementor-element-836707c\" data-id=\"836707c\" data-element_type=\"column\">\n\t\t\t<div class=\"elementor-widget-wrap\">\n\t\t\t\t\t\t\t<\/div>\n\t\t<\/div>\n\t\t\t\t\t<\/div>\n\t\t<\/section>\n\t\t\t\t<\/div>","protected":false},"excerpt":{"rendered":"<p>XANA \u2026Pero XANA era diferente a sus 3 hermanas, desde el d\u00eda\u00a0 que naci\u00f3 en la ria del Nal\u00f3n mientras su madre lavaba,\u00a0 ya estaba bendecida para presentir durante toda su vida el futuro y salvar vidas\u2026 Introducci\u00f3n \u201d Esta sublime historia que os voy\u00a0 contar, es un hecho real. Si no eres creyente te [&hellip;]<\/p>","protected":false},"author":1,"featured_media":10491,"parent":0,"menu_order":0,"comment_status":"open","ping_status":"closed","template":"elementor_header_footer","meta":{"footnotes":""},"class_list":["post-10654","page","type-page","status-publish","has-post-thumbnail","hentry"],"_links":{"self":[{"href":"https:\/\/estherponcemagazine.com\/en\/wp-json\/wp\/v2\/pages\/10654","targetHints":{"allow":["GET"]}}],"collection":[{"href":"https:\/\/estherponcemagazine.com\/en\/wp-json\/wp\/v2\/pages"}],"about":[{"href":"https:\/\/estherponcemagazine.com\/en\/wp-json\/wp\/v2\/types\/page"}],"author":[{"embeddable":true,"href":"https:\/\/estherponcemagazine.com\/en\/wp-json\/wp\/v2\/users\/1"}],"replies":[{"embeddable":true,"href":"https:\/\/estherponcemagazine.com\/en\/wp-json\/wp\/v2\/comments?post=10654"}],"version-history":[{"count":31,"href":"https:\/\/estherponcemagazine.com\/en\/wp-json\/wp\/v2\/pages\/10654\/revisions"}],"predecessor-version":[{"id":12073,"href":"https:\/\/estherponcemagazine.com\/en\/wp-json\/wp\/v2\/pages\/10654\/revisions\/12073"}],"wp:featuredmedia":[{"embeddable":true,"href":"https:\/\/estherponcemagazine.com\/en\/wp-json\/wp\/v2\/media\/10491"}],"wp:attachment":[{"href":"https:\/\/estherponcemagazine.com\/en\/wp-json\/wp\/v2\/media?parent=10654"}],"curies":[{"name":"wp","href":"https:\/\/api.w.org\/{rel}","templated":true}]}}