{"id":10545,"date":"2021-11-15T18:22:52","date_gmt":"2021-11-15T19:22:52","guid":{"rendered":"https:\/\/estherponcemagazine.com\/?page_id=10545"},"modified":"2021-11-15T18:42:19","modified_gmt":"2021-11-15T19:42:19","slug":"la-bailarina-y-el-diplomatico-capitulo-33","status":"publish","type":"page","link":"https:\/\/estherponcemagazine.com\/en\/la-bailarina-y-el-diplomatico-capitulo-33\/","title":{"rendered":"LA BAILARINA Y EL DIPLOM\u00c1TICO &#8211; CAPITULO 33"},"content":{"rendered":"<div data-elementor-type=\"wp-post\" data-elementor-id=\"10545\" class=\"elementor elementor-10545\" data-elementor-settings=\"{&quot;ha_cmc_init_switcher&quot;:&quot;no&quot;}\">\n\t\t\t\t\t\t<section class=\"elementor-section elementor-top-section elementor-element elementor-element-22afe40 elementor-section-full_width elementor-section-height-default elementor-section-height-default\" data-id=\"22afe40\" data-element_type=\"section\" data-settings=\"{&quot;background_background&quot;:&quot;classic&quot;,&quot;_ha_eqh_enable&quot;:false}\">\n\t\t\t\t\t\t<div class=\"elementor-container elementor-column-gap-default\">\n\t\t\t\t\t<div class=\"elementor-column elementor-col-100 elementor-top-column elementor-element elementor-element-b5a6a30\" data-id=\"b5a6a30\" data-element_type=\"column\" data-settings=\"{&quot;background_background&quot;:&quot;classic&quot;}\">\n\t\t\t<div class=\"elementor-widget-wrap elementor-element-populated\">\n\t\t\t\t\t\t<div class=\"elementor-element elementor-element-878d8af elementor-widget elementor-widget-heading\" data-id=\"878d8af\" data-element_type=\"widget\" data-widget_type=\"heading.default\">\n\t\t\t\t<div class=\"elementor-widget-container\">\n\t\t\t\t\t<h2 class=\"elementor-heading-title elementor-size-default\">THE DANCER AND THE DIPLOMAT<\/h2>\t\t\t\t<\/div>\n\t\t\t\t<\/div>\n\t\t\t\t\t<\/div>\n\t\t<\/div>\n\t\t\t\t\t<\/div>\n\t\t<\/section>\n\t\t\t\t<section class=\"elementor-section elementor-top-section elementor-element elementor-element-471578e elementor-section-boxed elementor-section-height-default elementor-section-height-default\" data-id=\"471578e\" data-element_type=\"section\" data-settings=\"{&quot;_ha_eqh_enable&quot;:false}\">\n\t\t\t\t\t\t<div class=\"elementor-container elementor-column-gap-default\">\n\t\t\t\t\t<div class=\"elementor-column elementor-col-100 elementor-top-column elementor-element elementor-element-78df3d7\" data-id=\"78df3d7\" data-element_type=\"column\">\n\t\t\t<div class=\"elementor-widget-wrap elementor-element-populated\">\n\t\t\t\t\t\t<div class=\"elementor-element elementor-element-89876e4 elementor-view-default elementor-widget elementor-widget-icon\" data-id=\"89876e4\" data-element_type=\"widget\" data-widget_type=\"icon.default\">\n\t\t\t\t<div class=\"elementor-widget-container\">\n\t\t\t\t\t\t\t<div class=\"elementor-icon-wrapper\">\n\t\t\t<a class=\"elementor-icon\" href=\"http:\/\/estherponcemagazine.com\/en\/a-pelo\/\">\n\t\t\t<i aria-hidden=\"true\" class=\"fas fa-arrow-alt-circle-left\"><\/i>\t\t\t<\/a>\n\t\t<\/div>\n\t\t\t\t\t\t<\/div>\n\t\t\t\t<\/div>\n\t\t\t\t<div class=\"elementor-element elementor-element-b124447 elementor-widget elementor-widget-heading\" data-id=\"b124447\" data-element_type=\"widget\" data-widget_type=\"heading.default\">\n\t\t\t\t<div class=\"elementor-widget-container\">\n\t\t\t\t\t<h2 class=\"elementor-heading-title elementor-size-default\">AUTOBIOGRAPHY<\/h2>\t\t\t\t<\/div>\n\t\t\t\t<\/div>\n\t\t\t\t<div class=\"elementor-element elementor-element-709a297 elementor-widget-divider--view-line elementor-widget elementor-widget-divider\" data-id=\"709a297\" data-element_type=\"widget\" data-widget_type=\"divider.default\">\n\t\t\t\t<div class=\"elementor-widget-container\">\n\t\t\t\t\t\t\t<div class=\"elementor-divider\">\n\t\t\t<span class=\"elementor-divider-separator\">\n\t\t\t\t\t\t<\/span>\n\t\t<\/div>\n\t\t\t\t\t\t<\/div>\n\t\t\t\t<\/div>\n\t\t\t\t<div class=\"elementor-element elementor-element-85dcdbd elementor-widget elementor-widget-heading\" data-id=\"85dcdbd\" data-element_type=\"widget\" data-widget_type=\"heading.default\">\n\t\t\t\t<div class=\"elementor-widget-container\">\n\t\t\t\t\t<h2 class=\"elementor-heading-title elementor-size-default\"><span style=\"font-weight: bold\">Three years full of surreal adventures, successfully at a frenetic  rhythm  in Los Angeles, California&nbsp;<\/span><\/h2>\t\t\t\t<\/div>\n\t\t\t\t<\/div>\n\t\t\t\t<div class=\"elementor-element elementor-element-2485e6b elementor-widget-divider--view-line elementor-widget elementor-widget-divider\" data-id=\"2485e6b\" data-element_type=\"widget\" data-widget_type=\"divider.default\">\n\t\t\t\t<div class=\"elementor-widget-container\">\n\t\t\t\t\t\t\t<div class=\"elementor-divider\">\n\t\t\t<span class=\"elementor-divider-separator\">\n\t\t\t\t\t\t<\/span>\n\t\t<\/div>\n\t\t\t\t\t\t<\/div>\n\t\t\t\t<\/div>\n\t\t\t\t<section class=\"elementor-section elementor-inner-section elementor-element elementor-element-e0a5f3b elementor-reverse-mobile elementor-section-boxed elementor-section-height-default elementor-section-height-default\" data-id=\"e0a5f3b\" data-element_type=\"section\" data-settings=\"{&quot;_ha_eqh_enable&quot;:false}\">\n\t\t\t\t\t\t<div class=\"elementor-container elementor-column-gap-default\">\n\t\t\t\t\t<div class=\"elementor-column elementor-col-100 elementor-inner-column elementor-element elementor-element-b6940ce\" data-id=\"b6940ce\" data-element_type=\"column\">\n\t\t\t<div class=\"elementor-widget-wrap elementor-element-populated\">\n\t\t\t\t\t\t<div class=\"elementor-element elementor-element-05cc50d elementor-widget elementor-widget-heading\" data-id=\"05cc50d\" data-element_type=\"widget\" data-widget_type=\"heading.default\">\n\t\t\t\t<div class=\"elementor-widget-container\">\n\t\t\t\t\t<h2 class=\"elementor-heading-title elementor-size-default\">Last chapter 33. \"  THE DIPLOMAT\u201d First part.<\/h2>\t\t\t\t<\/div>\n\t\t\t\t<\/div>\n\t\t\t\t<div class=\"elementor-element elementor-element-3b60a22 elementor-widget-divider--view-line elementor-widget elementor-widget-divider\" data-id=\"3b60a22\" data-element_type=\"widget\" data-widget_type=\"divider.default\">\n\t\t\t\t<div class=\"elementor-widget-container\">\n\t\t\t\t\t\t\t<div class=\"elementor-divider\">\n\t\t\t<span class=\"elementor-divider-separator\">\n\t\t\t\t\t\t<\/span>\n\t\t<\/div>\n\t\t\t\t\t\t<\/div>\n\t\t\t\t<\/div>\n\t\t\t\t<div class=\"elementor-element elementor-element-e286197 elementor-widget elementor-widget-text-editor\" data-id=\"e286197\" data-element_type=\"widget\" data-widget_type=\"text-editor.default\">\n\t\t\t\t<div class=\"elementor-widget-container\">\n\t\t\t\t\t\t\t\t\t<p>The advice that my father gave me at the Barajas airport in Madrid before changing my life and traveling for the first time to Los Angeles, California, was more than fulfilled;  \u2014Daughter, first show yourself who you are and what you are capable of in a country like the USA and then the rest will come alone\u2026 he said.\nwhat more could I ask for?  My American dream fulfilled, friends that I would keep forever, moments and experiences that I will never forget.  The virgin of the helpless that my mother hung around my neck and that I still wore, never left me\u2026 LA was already like my second home.<\/p><p>When I stop teaching  the general flamenco classes, we no longer went to our favorite bar The Dime, but that day was Tuesday, we wanted to remember old times and I met Sof\u00eda to tell her all the news about my last trip to Madrid.  As always we order some apple cocktails.  Sof\u00eda was getting more and more excited about my stories and as soon as I told her about the invitation to the designer's birthday, she didn't hesitate for a minute, and she wasn't thinking about anything other than getting her plane ticket to Madrid.<br \/>As the apple cocktail ran through our veins, a guy came to our table, and since the bar was very small, dark and cozy, he very politely asked us to sit with us, while he waited for his friend, whom we had not yet seen. He was at the bar ordering his drinks.  He was a physiotherapist and very nice, actually quite handsome for a Japanese.  But I wanted to continue alone with Sof\u00eda planning the blowout party that we were going to have in Madrid.  Until his friend came to the table and I almost gave me a heart attack!  If I was already 34 years old, he would be 25\u2026 I have definitely always been a fatal attraction for boy toys \u2026 I no longer felt like talking about Madrid.  Tall, dark with green eyes, strong but natural, not from a gym and dressed just like it drives me crazy;  In a tight white cotton short-sleeved T-shirt, and a Levis 501. The first thing he did when we were introduced was to ask me if I was Jewish, I remind you that we were in a bar where 90 percent of the customers are Jewish.  Then he asked me if I would let him touch my hair.  His name was Izan, when he put his long fingers like those of a pianist inside my curls and approached me telling me in my ear that he loved the softness and smell of my hair, I looked at Sof\u00eda and without speaking to each other we already knew the end of the story and we were ready to start the script that we had played so many times and that we loved.  This time he was not a Malibu surfer, Izan was a screenwriter for Paramount Pictures and lived very close to the bar.  Sof\u00eda had to work the next day and my intuition told me to stay and enjoy LA while I was there , which was less and less.<\/p><p>On the way to his house, we bought take out beers with some slices of pizza with delicious spicy salami that they made right next door.<br \/>The apartment was pure Japanese style.  They had moved a few days ago, so it was practically empty and full of boxes.  Izan and I shared pizza as he excitedly told me all about the Paramount movie that was about to come out;  Collateral, starring Tom Cruise and written by his cousin Stuart Beattie, who became super famous for writing the 2003 script for Pirates of the Caribbean ... when by chance we heard the door of the Japanese room close.  There was only one chair in one corner of the living room where Izan sat, who did not even let me pass in front of him, and grabbing me tightly around the waist as if I was going to escape, he turned me around and sat me on top of him. He grab my hair tightly, we look into each other's eyes with such passion that just remembering it makes my stomach tickle ... we kiss like two savages who can't be separated and that's when Izan told me;  - You want to see what I got?\u2026 We hugged and loved each other until dawn in that chair that I will never forget, it was incredible !.<\/p><p>I was looking forward to telling Sof\u00eda about my night of passion and the famous erotic phrase that nobody told me before and that we still remember and laugh today.  But we had to wait a week for Sof\u00eda to finish a very important trial.<br \/>Meanwhile, I was preparing the outfits that I would take to Madrid and I was also super happy because my period was about to come  and that way I would be in Madrid in a better mood, free from having to be in the bathroom all the time and carrying a bigger bag with everything the survival kit.<br \/>But the days passed and the \"Tomaka Cow\" as I called it, never come . I was a week late and I was punctual as the clock on the Puerta del Sol chimes for the New Year.  I started to get quite nervous, everything was going through my head;  What if I was pregnant?  That was impossible because we had been careful, but it was all so wild that ... I had to urgently buy a test at the pharmacy.  What if it tested positive?  I did not want to give izan my phone number because I would fall madly in love with him  and it was not in my plans, but ... how was I going to notify him ?  Should I let him know?<br \/>I didn't want to say anything to Sof\u00eda until I could see her in person.  We met at The Grove, in the bar of the restaurant that is right in front of the mythical fountain, with its colored lights, in front of the cinema that reminded me even more of the screenwriter, and on top of it a lot of children screaming and running.<br \/>To make matters worse, the first thing Sof\u00eda said to me as soon as she saw me was;  -\u201cHow nice, Monty!\"  in the end you bought the Victoria's Secret augmentation bra that you talked so much about.  It looks great on you and you have increased one or two sizes as you wanted\u2026 when I told her that I was wearing the same bra as always and she saw my scared face, she quickly called the waiter saying that we urgently needed an attitude adjustment.  But when the Strawberry Vodka shots arrived, she rectified and very delicately brought mine to her side and asked me for a Coke just in case.<br \/>I was afraid to take the test and face reality, but I couldn't wait much longer.  The only thing that was clear to me was that if I was pregnant I would move on.  That week I had a lot of time to think about what really scared me, being pregnant or gaining weight and stopping dancing.  Luckily Sof\u00eda reminded me that the physiotherapist, when telling him  that I was a dancer, had given me a card in case I needed him, so when the time came I could locate Izan.  We went to the pharmacy to buy the pregnancy test that I would make when I got home at night and I was calm and alone.<\/p><p>I was meeting the Consul for dinner.  It had been a long time since we saw each other, I didn't really want to go, but  it was the third time I canceled and a little distraction would not hurt before I knew the result.  Throughout dinner, the Consul kept repeating to me that he had been thinking that at his age, he must have already been a father and what it would be like to have a daughter with me, that she would be called Esthercita and that she would be very beautiful, that we would improve the species and that would surely come out with blue eyes.  I immediately thought of Izan's big green eyes and for a moment I imagined a blonde girl with golden curls, naughty and actress ... That conversation was leaving me amazed.  It seemed like a joke of fate, or was motherhood knocking on my door?  That was the last time I met the Consul.<\/p><p>The designer's birthday was very full, and I had not been happier in my life with the menstrual kit in my bag, this time it did not even change my mood.  Going to the bathroom was wonderful and the \"Tomaka Cow\" was my best ally.  The party was in the basement, where formerly the offices of a bank had been and the guests were all VIPs.  We were having a great time, but Sof\u00eda was only thinking about going to the El Cardamomo bar to continue the party with the Flamencos.  But something inside me, told me to wait a little longer, that the night was long and that the flamencos  never left.  To go to the bathroom, I had to go up to the restaurant and the queue was huge, even so I told Sof\u00eda that I preferred to go to that bathroom, which would be cleaner and would take a while.  I told her to order another drink and then we would go to Calle Echegaray.  It was impossible for Sof\u00eda to be alone for a single minute, her American beauty attracted a lot of attention.  When I came downstairs, she was talking to two boys, one was Venezuelan and totally drunk, it was that kind of unpresentable Madrid nightlife characters, who at a certain time would not let him enter anywhere and the other was a not very tall boy with one eye a little clearer than another, North American, very scandalous and super nice, he spoke Spanish very well, but he still had the typical accent of \"guiri\" when saying Torero .  Sof\u00eda, who had studied at the University of Salamanca, had no accent, in fact, she often pretended to be Spanish.  We spent some time chatting super nice, the American's name was William and I liked him a lot.  It is true that a sense of humor is the best weapon to flirt with, but that boy's sympathy was natural and I would have stayed longer talking to him, but I had promised to take Sof\u00eda to a flamenco party, for her it was a dream come true every time that I presented her to famous artists and much more to finish in private parties where without me it would be difficult to access.  Then when we said goodbye, William gave me his card and told me to call him because he would like to invite me to a party that he would give at his house. He could have given the card to Sof\u00eda, but it is seen that he preferred the Spanish ones.  He had been living in Madrid for two years, he was a diplomat and worked at the American Embassy, \u200b\u200bwhere some time ago we had lived one of the most surreal experiences of my life with the musicians of Flamenco Dreams for the visa application.<br \/>We ended up partying at El Candela, a shabby bar in the Lavapies neighborhood with a lot of history due to the number of flamenco artists that passed by.  It had some caves where the best parties that I have ever seen were formed and to which you could only go down if you were a man or if they knew you well.  Dawn gave us singing and dancing through Buler\u00edas with artists from Jerez de la Frontera, the dancer  Joaquin Grillo fell in love with me and he wouldn't let me leave\u2026 we really enjoyed listening to the singer Maria Toledo who was so high.<\/p><p>It was the day of the William party but I had decided not to go, I did not know anyone, Sof\u00eda had returned to LA and surely he would be aware of all his guests or he would not even remember me.<br \/>That same afternoon a boy called me that I had met at the FITUR tourism fair at the meal given by the President of Galicia Mr Manuel Fraga Iribarne, who was a neighbor of my godmother at her vacation home in Pontedeume and a close friend of the family. Since himself inaugurated the Museum of my godfather Mr Julio Prieto Nespereira in Ourense.  To invite me to have a drink at the Pacha nightclub where he was going to meet with various art dealers.  At lunch he gave me a VIP card to enter Pacha's Heaven, which was on the top floor and where personalities from the jet set went.  Few people had that card and it was like credit cards but black with silver letters and when I presented it at the door, the doorman called the manager, looked me up and down and let me pass.  I had not returned to Pacha since I was a super young girl who went with my friends from school and the doorman Arturo, I sneaked in without paying and the \u201cMoco Band \u201cwas famous, there I met Luismi, my first boyfriend.<br \/>Finally I reached the fourth floor, to Heaven, and there he was at the bar waiting for me, the \"Baralloca\" a word in Galician that is called a person who talks a lot but only says nonsense.  He asked me for a drink and introduced me to Isabelle Sartorius who didn't even look at me, the former girlfriend of Prince Felipe VI, she was gorgeous, but she was very nervous, people commented that she was waiting for her mother's drug dealer who was addicted to cocaine.  Also there was super high, Arantxa de Benito, the wife of the Real Madrid foot ball player  Guti, who apparently were always arguing.  El Baralloca told me that he was going to introduce me to Alvaro de Marichalar, brother-in-law of the daughter of the King of Spain, Infanta Do\u00f1a Elena.  He was sitting on a couch surrounded by girls.  He seemed very nice to me and he gave me his personal card.  He was recounting his great feat, that he had been the first person to cross the Atlantic Ocean on a jet ski, explaining how he traveled 5,200 nautical miles and in the conditions in which he arrived at the Marina, Miami's port from the Bahamas.  I stood listening to the fantastic story, until suddenly the aristocrat of almost two meters tall stood up, grabbed my arm tightly, threw me on the sofa and put a hand on my leg very close to my intimate parts and the other arm around my neck that hurt me.  I jumped to my feet, smacking him with my elbow, called him disgusting, and ran out of that corrupt and dark environment before they came to arrest me.  I also smacked just before leaving with all my desire in the face of the Galician for looking at me and not defending me.<\/p><p><br \/>Already in the taxi, I looked at the time and thought of William and I regretted not having gone to the party, but I was passing by Calle de Serrano that was catching me on my way home and I plucked up my courage and called him on the phone thinking about That he wouldn't answer me, but his unpresentable friend answered, telling me that the party was ending but that he was going to look for William, after a few minutes William came on and told me that he was waiting for me at the door so I wouldn't go up alone.  When I saw him, he made my heart skip a beat, I don't know if it was because I was super sensitive about everything that had happened to me, but I was happy to have gone even late.  There were only a few guests left who were already leaving and the typical friend who waits until the end to stay with William, but I screw up her plan.  That detail was a sign that he preferred to be talking to me because we both knew that nothing else was going to happen.  The house in the heart of the Salamanca district was spectacular, for him just super big, even with a separate guest room where the Embassy sometimes hosted other diplomats for a few days.<\/p><p>We were left alone sitting in the living room on a super large and comfortable black leather sofa, watching and listening to a Sting concert in the background, without stopping to tell each other anecdotes, when in one of them we leaned back and the sofa turned around and we fell to the ground ... we were laughing for an hour, my destiny was changing, the connection between the two was wonderful but ...<\/p>\t\t\t\t\t\t\t\t<\/div>\n\t\t\t\t<\/div>\n\t\t\t\t<div class=\"elementor-element elementor-element-60c0d9e elementor-widget elementor-widget-heading\" data-id=\"60c0d9e\" data-element_type=\"widget\" data-widget_type=\"heading.default\">\n\t\t\t\t<div class=\"elementor-widget-container\">\n\t\t\t\t\t<h2 class=\"elementor-heading-title elementor-size-default\">Don't miss the last chapter 33.<\/h2>\t\t\t\t<\/div>\n\t\t\t\t<\/div>\n\t\t\t\t<div class=\"elementor-element elementor-element-db40bb5 elementor-widget elementor-widget-heading\" data-id=\"db40bb5\" data-element_type=\"widget\" data-widget_type=\"heading.default\">\n\t\t\t\t<div class=\"elementor-widget-container\">\n\t\t\t\t\t<h2 class=\"elementor-heading-title elementor-size-default\">\"THE DIPLOMAT\u201d Second part. \n<\/h2>\t\t\t\t<\/div>\n\t\t\t\t<\/div>\n\t\t\t\t<div class=\"elementor-element elementor-element-6e62493 elementor-widget-divider--view-line elementor-widget elementor-widget-divider\" data-id=\"6e62493\" data-element_type=\"widget\" data-widget_type=\"divider.default\">\n\t\t\t\t<div class=\"elementor-widget-container\">\n\t\t\t\t\t\t\t<div class=\"elementor-divider\">\n\t\t\t<span class=\"elementor-divider-separator\">\n\t\t\t\t\t\t<\/span>\n\t\t<\/div>\n\t\t\t\t\t\t<\/div>\n\t\t\t\t<\/div>\n\t\t\t\t<div class=\"elementor-element elementor-element-6d716a4 elementor-widget elementor-widget-video\" data-id=\"6d716a4\" data-element_type=\"widget\" data-settings=\"{&quot;video_type&quot;:&quot;hosted&quot;,&quot;controls&quot;:&quot;yes&quot;}\" data-widget_type=\"video.default\">\n\t\t\t\t<div class=\"elementor-widget-container\">\n\t\t\t\t\t\t\t<div class=\"e-hosted-video elementor-wrapper elementor-open-inline\">\n\t\t\t\t\t<video class=\"elementor-video\" src=\"http:\/\/estherponcemagazine.com\/wp-content\/uploads\/2021\/11\/Julio-Prieto-Nespereira.mp4\" controls=\"\" preload=\"metadata\" controlslist=\"nodownload\"><\/video>\n\t\t\t\t<\/div>\n\t\t\t\t\t\t<\/div>\n\t\t\t\t<\/div>\n\t\t\t\t<div class=\"elementor-element elementor-element-c5241ae elementor-widget-divider--view-line elementor-widget elementor-widget-divider\" data-id=\"c5241ae\" data-element_type=\"widget\" data-widget_type=\"divider.default\">\n\t\t\t\t<div class=\"elementor-widget-container\">\n\t\t\t\t\t\t\t<div class=\"elementor-divider\">\n\t\t\t<span class=\"elementor-divider-separator\">\n\t\t\t\t\t\t<\/span>\n\t\t<\/div>\n\t\t\t\t\t\t<\/div>\n\t\t\t\t<\/div>\n\t\t\t\t\t<\/div>\n\t\t<\/div>\n\t\t\t\t\t<\/div>\n\t\t<\/section>\n\t\t\t\t\t<\/div>\n\t\t<\/div>\n\t\t\t\t\t<\/div>\n\t\t<\/section>\n\t\t\t\t<section class=\"elementor-section elementor-top-section elementor-element elementor-element-7fd0a09 elementor-section-boxed elementor-section-height-default elementor-section-height-default\" data-id=\"7fd0a09\" data-element_type=\"section\" data-settings=\"{&quot;_ha_eqh_enable&quot;:false}\">\n\t\t\t\t\t\t<div class=\"elementor-container elementor-column-gap-default\">\n\t\t\t\t\t<div class=\"elementor-column elementor-col-100 elementor-top-column elementor-element elementor-element-836707c\" data-id=\"836707c\" data-element_type=\"column\">\n\t\t\t<div class=\"elementor-widget-wrap\">\n\t\t\t\t\t\t\t<\/div>\n\t\t<\/div>\n\t\t\t\t\t<\/div>\n\t\t<\/section>\n\t\t\t\t<\/div>","protected":false},"excerpt":{"rendered":"<p>LA BAILARINA Y EL DIPLOM\u00c1TICO AUTOBIOGRAF\u00cdA Tres a\u00f1os llenos de aventuras surrealistas, a un ritmo fren\u00e9tico y de \u00e9xito en Los \u00c1ngeles , California&nbsp; \u201d EL DIPLOMATICO\u201d Primera parte. El consejo que me dio mi padre en el aeropuerto de Barajas de Madrid antes de cambiar de vida y viajar por primera vez a Los [&hellip;]<\/p>","protected":false},"author":1,"featured_media":10491,"parent":0,"menu_order":0,"comment_status":"open","ping_status":"closed","template":"elementor_header_footer","meta":{"footnotes":""},"class_list":["post-10545","page","type-page","status-publish","has-post-thumbnail","hentry"],"_links":{"self":[{"href":"https:\/\/estherponcemagazine.com\/en\/wp-json\/wp\/v2\/pages\/10545","targetHints":{"allow":["GET"]}}],"collection":[{"href":"https:\/\/estherponcemagazine.com\/en\/wp-json\/wp\/v2\/pages"}],"about":[{"href":"https:\/\/estherponcemagazine.com\/en\/wp-json\/wp\/v2\/types\/page"}],"author":[{"embeddable":true,"href":"https:\/\/estherponcemagazine.com\/en\/wp-json\/wp\/v2\/users\/1"}],"replies":[{"embeddable":true,"href":"https:\/\/estherponcemagazine.com\/en\/wp-json\/wp\/v2\/comments?post=10545"}],"version-history":[{"count":13,"href":"https:\/\/estherponcemagazine.com\/en\/wp-json\/wp\/v2\/pages\/10545\/revisions"}],"predecessor-version":[{"id":10559,"href":"https:\/\/estherponcemagazine.com\/en\/wp-json\/wp\/v2\/pages\/10545\/revisions\/10559"}],"wp:featuredmedia":[{"embeddable":true,"href":"https:\/\/estherponcemagazine.com\/en\/wp-json\/wp\/v2\/media\/10491"}],"wp:attachment":[{"href":"https:\/\/estherponcemagazine.com\/en\/wp-json\/wp\/v2\/media?parent=10545"}],"curies":[{"name":"wp","href":"https:\/\/api.w.org\/{rel}","templated":true}]}}