{"id":10487,"date":"2021-11-08T09:40:00","date_gmt":"2021-11-08T10:40:00","guid":{"rendered":"https:\/\/estherponcemagazine.com\/?page_id=10487"},"modified":"2021-11-09T16:58:56","modified_gmt":"2021-11-09T17:58:56","slug":"la-bailarina-y-el-diplomatico-capitulo-32","status":"publish","type":"page","link":"https:\/\/estherponcemagazine.com\/en\/la-bailarina-y-el-diplomatico-capitulo-32\/","title":{"rendered":"LA BAILARINA Y EL DIPLOM\u00c1TICO &#8211; CAPITULO 32"},"content":{"rendered":"<div data-elementor-type=\"wp-post\" data-elementor-id=\"10487\" class=\"elementor elementor-10487\" data-elementor-settings=\"{&quot;ha_cmc_init_switcher&quot;:&quot;no&quot;}\">\n\t\t\t\t\t\t<section class=\"elementor-section elementor-top-section elementor-element elementor-element-22afe40 elementor-section-full_width elementor-section-height-default elementor-section-height-default\" data-id=\"22afe40\" data-element_type=\"section\" data-settings=\"{&quot;background_background&quot;:&quot;classic&quot;,&quot;_ha_eqh_enable&quot;:false}\">\n\t\t\t\t\t\t<div class=\"elementor-container elementor-column-gap-default\">\n\t\t\t\t\t<div class=\"elementor-column elementor-col-100 elementor-top-column elementor-element elementor-element-b5a6a30\" data-id=\"b5a6a30\" data-element_type=\"column\" data-settings=\"{&quot;background_background&quot;:&quot;classic&quot;}\">\n\t\t\t<div class=\"elementor-widget-wrap elementor-element-populated\">\n\t\t\t\t\t\t<div class=\"elementor-element elementor-element-878d8af elementor-widget elementor-widget-heading\" data-id=\"878d8af\" data-element_type=\"widget\" data-widget_type=\"heading.default\">\n\t\t\t\t<div class=\"elementor-widget-container\">\n\t\t\t\t\t<h2 class=\"elementor-heading-title elementor-size-default\">THE DANCER AND THE DIPLOMAT<\/h2>\t\t\t\t<\/div>\n\t\t\t\t<\/div>\n\t\t\t\t\t<\/div>\n\t\t<\/div>\n\t\t\t\t\t<\/div>\n\t\t<\/section>\n\t\t\t\t<section class=\"elementor-section elementor-top-section elementor-element elementor-element-471578e elementor-section-boxed elementor-section-height-default elementor-section-height-default\" data-id=\"471578e\" data-element_type=\"section\" data-settings=\"{&quot;_ha_eqh_enable&quot;:false}\">\n\t\t\t\t\t\t<div class=\"elementor-container elementor-column-gap-default\">\n\t\t\t\t\t<div class=\"elementor-column elementor-col-100 elementor-top-column elementor-element elementor-element-78df3d7\" data-id=\"78df3d7\" data-element_type=\"column\">\n\t\t\t<div class=\"elementor-widget-wrap elementor-element-populated\">\n\t\t\t\t\t\t<div class=\"elementor-element elementor-element-89876e4 elementor-view-default elementor-widget elementor-widget-icon\" data-id=\"89876e4\" data-element_type=\"widget\" data-widget_type=\"icon.default\">\n\t\t\t\t<div class=\"elementor-widget-container\">\n\t\t\t\t\t\t\t<div class=\"elementor-icon-wrapper\">\n\t\t\t<a class=\"elementor-icon\" href=\"http:\/\/estherponcemagazine.com\/en\/a-pelo\/\">\n\t\t\t<i aria-hidden=\"true\" class=\"fas fa-arrow-alt-circle-left\"><\/i>\t\t\t<\/a>\n\t\t<\/div>\n\t\t\t\t\t\t<\/div>\n\t\t\t\t<\/div>\n\t\t\t\t<div class=\"elementor-element elementor-element-b124447 elementor-widget elementor-widget-heading\" data-id=\"b124447\" data-element_type=\"widget\" data-widget_type=\"heading.default\">\n\t\t\t\t<div class=\"elementor-widget-container\">\n\t\t\t\t\t<h2 class=\"elementor-heading-title elementor-size-default\">AUTOBIOGRAPHY<\/h2>\t\t\t\t<\/div>\n\t\t\t\t<\/div>\n\t\t\t\t<div class=\"elementor-element elementor-element-709a297 elementor-widget-divider--view-line elementor-widget elementor-widget-divider\" data-id=\"709a297\" data-element_type=\"widget\" data-widget_type=\"divider.default\">\n\t\t\t\t<div class=\"elementor-widget-container\">\n\t\t\t\t\t\t\t<div class=\"elementor-divider\">\n\t\t\t<span class=\"elementor-divider-separator\">\n\t\t\t\t\t\t<\/span>\n\t\t<\/div>\n\t\t\t\t\t\t<\/div>\n\t\t\t\t<\/div>\n\t\t\t\t<div class=\"elementor-element elementor-element-85dcdbd elementor-widget elementor-widget-heading\" data-id=\"85dcdbd\" data-element_type=\"widget\" data-widget_type=\"heading.default\">\n\t\t\t\t<div class=\"elementor-widget-container\">\n\t\t\t\t\t<h2 class=\"elementor-heading-title elementor-size-default\"><span style=\"font-weight: bold\">Three years full of surreal adventures, successfully at a frenetic  rhythm  in Los Angeles, California&nbsp;<\/span><\/h2>\t\t\t\t<\/div>\n\t\t\t\t<\/div>\n\t\t\t\t<div class=\"elementor-element elementor-element-2485e6b elementor-widget-divider--view-line elementor-widget elementor-widget-divider\" data-id=\"2485e6b\" data-element_type=\"widget\" data-widget_type=\"divider.default\">\n\t\t\t\t<div class=\"elementor-widget-container\">\n\t\t\t\t\t\t\t<div class=\"elementor-divider\">\n\t\t\t<span class=\"elementor-divider-separator\">\n\t\t\t\t\t\t<\/span>\n\t\t<\/div>\n\t\t\t\t\t\t<\/div>\n\t\t\t\t<\/div>\n\t\t\t\t<section class=\"elementor-section elementor-inner-section elementor-element elementor-element-e0a5f3b elementor-reverse-mobile elementor-section-boxed elementor-section-height-default elementor-section-height-default\" data-id=\"e0a5f3b\" data-element_type=\"section\" data-settings=\"{&quot;_ha_eqh_enable&quot;:false}\">\n\t\t\t\t\t\t<div class=\"elementor-container elementor-column-gap-default\">\n\t\t\t\t\t<div class=\"elementor-column elementor-col-100 elementor-inner-column elementor-element elementor-element-b6940ce\" data-id=\"b6940ce\" data-element_type=\"column\">\n\t\t\t<div class=\"elementor-widget-wrap elementor-element-populated\">\n\t\t\t\t\t\t<div class=\"elementor-element elementor-element-05cc50d elementor-widget elementor-widget-heading\" data-id=\"05cc50d\" data-element_type=\"widget\" data-widget_type=\"heading.default\">\n\t\t\t\t<div class=\"elementor-widget-container\">\n\t\t\t\t\t<h2 class=\"elementor-heading-title elementor-size-default\">'Partying in L.A. with Rafael Amargo remembering old times\u2026 the news that awaited me would change my life. ' <\/h2>\t\t\t\t<\/div>\n\t\t\t\t<\/div>\n\t\t\t\t<div class=\"elementor-element elementor-element-3b60a22 elementor-widget-divider--view-line elementor-widget elementor-widget-divider\" data-id=\"3b60a22\" data-element_type=\"widget\" data-widget_type=\"divider.default\">\n\t\t\t\t<div class=\"elementor-widget-container\">\n\t\t\t\t\t\t\t<div class=\"elementor-divider\">\n\t\t\t<span class=\"elementor-divider-separator\">\n\t\t\t\t\t\t<\/span>\n\t\t<\/div>\n\t\t\t\t\t\t<\/div>\n\t\t\t\t<\/div>\n\t\t\t\t<div class=\"elementor-element elementor-element-e286197 elementor-widget elementor-widget-text-editor\" data-id=\"e286197\" data-element_type=\"widget\" data-widget_type=\"text-editor.default\">\n\t\t\t\t<div class=\"elementor-widget-container\">\n\t\t\t\t\t\t\t\t\t<div dir=\"ltr\"><p>On my last trip to Spain, I invited Mar\u00eda , who happened to be in Madrid too, to the Music Awards held at the Teatro Real.\u00a0 I had two tickets that the journalist Alfonso Eduardo Perez Orozco gave me.\u00a0 Once again, Mar\u00eda showed that she was envious of me, when in the elevator in which the journalist, his friend, and the two of us were going, she made the comment loud and clear that the dress I was wearing t was the I wore at dinner offered by the President of the Government Jos\u00e9 Maria Aznar in Los Angeles.\u00a0 She couldn't wait to tell me in private because envy prevented her and Alfonso, who noticed, said that it was so beautiful and that it fit me so well that it was normal for me to wear it more than once. Since I already knew her did not affect me much and as my mother said;\u00a0 -There is no greater contempt do not appreciate.\u00a0\nAfter the awards ceremony, the guests went on to the cocktail they offered on the terrace of the Falla room, with spectacular views of the Royal Palace and the gardens of the Plaza de Oriente.\u00a0 Although I grew up in La Piovera, an urbanization next to the Conde de Orgaz Park, the Royal Palace was part of my childhood, since every Sunday I went to spend the day with my cousins \u200b\u200bat the home of my father's brother and my aunt, who lived right across the street.\u00a0 The best moment was when I met Bebo Vald\u00e9s in person, I was looking at him and listening to him totally amazed and just at that moment I met again after many years with the dancer Rafael Amargo, who the first thing he told me was that I looked like a Russian princess and that he had found out that I lived in Los Angeles. He asked for my phone number because in a week he would travel to LA\u00a0 for a photo session and he wanted to invite me.<\/p><p>I had finished a private class with a student who had been studying with me since my arrival in LA and it was incredible to see the level so high that she already had and it was also perfect for me, because we could warm up together at a professional pace ... when the mobile rang, and it was Rafael Amargo who was already in LA, and wanted to meet up that night for dinner. <br \/>Between the preparation of the Festival and with so much travel, I had to leave the classes and when I wanted to put together again the general class, it was no longer the same.  They were so many years in a row and so intense of private classes, that my students had already acquired such a perfect technique with me, that they could not study with any teacher, because they knew more than they did.  For this reason, almost all of them stopped taking classes, some moved to another city, others started a family and some began to teach classes with the Esther Ponce technique.  So I only taught private classes that allowed me more flexible schedules.  At the time I was teaching Toni Basil, a singer who became very famous in LA with the song Hi Mickey!  She was super fun and she loved flamenco.  She would be about 60 years old, although she said that she was 50 and she always wore a turban where the gossips said, that is where she hid the scars from her surgical operations.\u00a0<\/p><p>I met with Rafael  in a restaurant near the hairdresser of a friend of him , he was Spanish, very handsome, gay and a stylist for many celebrities.  As soon as he saw me, he started to touch my hair and told me that with so much bun, my hair would not breathe, that I lacked hydration in my curls and wanted to do blonde highlights to change my look.  Rafa did not remember that I was Mariliendres, and that I  fell in love with gays knowing that I had nothing to do and he began to laugh saying that I had not changed anything and that the success of LA make me felt divine.  The stylist, whom we no longer paid any attention to, left and Rafa and I began to remember how we met in Madrid\u2026 Rafael Hernandez, who was his name, arrived in Madrid from Granada, his native land, without knowing practically anyone.  And how all Andalusians who want to make their way into the world of flamenco have to study in the mythical flamenco studios of Amor de Dios.  Although I was only 5 years older than Rafael, I had already been dedicated to dance from a very young age, had worked in the best flamenco companies and traveled a lot of the world.  And in those moments I was a teacher in Amor de Dios.  That day I had brought a round wicker carrycot with me to the studios with two of the puppies that my poodle \u201cLola\u201d had given birth to and I was very sorry to leave them at home.  They were beautiful, \"Farruco\" gray and \"Chungi\" white.  Rafael was looking for teachers to study with and when he saw me leave the study with the carrycot on my hip, he said to me: - Did you know that you have a star painted on your forehead?  And he was no longer separated from me all day.  That night he even stayed to sleep at my house, he was as we say in Spain a climber and he was very special to people and my nanny, the Filipina who worked at my house, prepared him the best  dinner and his favorite breakfast.<\/p><p>And so he found out about my whole life;  that I was working with the company of the choreographer and dancer Antonio Canales , that I had been a finalist in the Benidorm Song Festival and the work I was preparing to present me at the Choreography Contest at the Alb\u00e9niz theater in Madrid, which was called Dark alley.  It was about a woman who is abused in front of her young daughter by her husband because of his addition to heroine.  And I offered Rafael to play my husband, although he would have to study and rehearse a lot to be up to the task, but he succeeded.  And that's how, thanks to me, he got on stage for the first time as a professional dancer in the capital of Spain ...<\/p><p>Rafael had already become very famous and he was very grateful to me for the opportunity I gave him and he wanted to make it up to me.  He was preparing a program for Spanish TV in which he would be the presenter and invite important dance figures and he offered me to dance with the singer Jose Soto El Sorderita, and then join Fin de Fiesta with the bailaor Antonio Canales, the one that I myself present to him years ago .  I would also be super famous if I had prostituted myself and followed in Rafael's footsteps, but thank God I didn't need it. <br \/>We finished all the sushi and all the Sapporo, my favorite beer, and we went to a party of those that better not tell the details because we would all go to jail. <br \/>Rafael disappeared for a long time and when he returned he was another person, he was like floating, surrounded by children of famous people from the jet set and his pupils were popping out of his eyes.  I told him that I was going to leave, that it was already 5 in the morning, but he told me please to wait that he wanted to say goodbye to a very special friend with whom he was madly in love, but that it was not reciprocated and he was suffering a lot.  The stylist looked at me and said: - Princess, come with me to my house that gives me time to even do the highlights, because if Rafael has traveled to LA with the excuse of the photos and just to see him, he will wait for him until the end of the world.  So I went to the stylist's house.  He had the entrance mat, the bed sheets, the curtains, the duvet, the suitcases, and all his Louis Vuitton clothes.  I laughed a lot!  I did not do the highlights, but he chased me like a madwoman throughout the house with the silver foil ... in the end Rafael Amargo arrived bitter at 7 in the morning and without seeing his lover.<\/p><p>\"Again to Spain!\"  My mother exclaimed when I told her about the TV show.  Since the Flamenco Festival, I had been super thin and nothing better than food from Spain to recover.  Addicted to 5 jotas Iberian ham, and every time I wanted to be more in my land and next to my family and it seems that fate wanted it that way.  It was already official, I lived between Madrid and LA.<\/p><p>Everything was already prepared on the Spanish TV set, the program was called Carta Blanca.  Rafael was in the dressing room applying makeup and his wife was helping him with the production. <br \/>There I met the best belly dancer, son of a famous politician.  He was a beauty, super tall, with a body of scandal.  He worked in Las Vegas at the Circo del Sol and of course I fell in love with him.  My mother, who was the best manager, accompanied me to the set and while we were filming she met someone interesting as always.  In this case, she was apparently a well-known jewelry designer and she was also public relations of a well-known restaurant on Diego de Le\u00f3n street, where she was going to celebrate her birthday to which we were invited.  She told my mommy that after dinner, we would go down to the basement which is where the party would be held and that previously had been the offices of a bank.  Which was super fashionable, because from time to time the Prince of Spain Felipe VI of Bourbon dined there.<\/p><p>My turn had come, I was wearing a two-piece off-white wild silk suit, the top one was a strapless bodice with lace and the long skirt to the feet adjusted to the body, which is not very normal for me to dance , since I always use a lot of flight, because the movement of the skirt is part of my personality as a dancer, with three large chiffon ruffles that turned with me and very flamenca. Dancing the cante por Sole\u00e1 por Buler\u00edas del Sorderita totally improvised, these are the typical things of Amargo, which helps you but makes you have a hard time.  That puts the red carpet for you to walk on a path of thorns and not roses.  Rafael knew my artistic quality very well and he put me in front of the bull without warning.  He didn't tell El Sorderita that I was going out and when he started singing and saw me\u2026 his surprised face of him is in the video, but also his face of enjoying until the end.  When we finished, Jos\u00e9 Soto El Sorderita congratulated me and told me that the girl he had known many years ago was not expected to have become such a beautiful woman and such a good dancer, \u2014Ole!  And Ole!  He told me several times ..<\/p><p>After the recording that lasted all day, we all went to dinner in the Salamanca district at my favorite Thai restaurant, the Thai Garden, a true paradise.  I had to sit next to the jewelry designer and I got to know her a little better.  We hit it off super well and she was fascinated with the skirt I was wearing and that I had designed myself, telling me that it would be the inspiration for her next jewel and that she was waiting for me on her birthday ... If I had known that that birthday would change my life forever ...<\/p><\/div>\t\t\t\t\t\t\t\t<\/div>\n\t\t\t\t<\/div>\n\t\t\t\t<div class=\"elementor-element elementor-element-60c0d9e elementor-widget elementor-widget-heading\" data-id=\"60c0d9e\" data-element_type=\"widget\" data-widget_type=\"heading.default\">\n\t\t\t\t<div class=\"elementor-widget-container\">\n\t\t\t\t\t<h2 class=\"elementor-heading-title elementor-size-default\">DON'T MISS THE LAST CHAPTER!  CHAP.  33 <\/h2>\t\t\t\t<\/div>\n\t\t\t\t<\/div>\n\t\t\t\t<div class=\"elementor-element elementor-element-db40bb5 elementor-widget elementor-widget-heading\" data-id=\"db40bb5\" data-element_type=\"widget\" data-widget_type=\"heading.default\">\n\t\t\t\t<div class=\"elementor-widget-container\">\n\t\t\t\t\t<h2 class=\"elementor-heading-title elementor-size-default\">'THE DIPLOMAT' \n<\/h2>\t\t\t\t<\/div>\n\t\t\t\t<\/div>\n\t\t\t\t<div class=\"elementor-element elementor-element-6e62493 elementor-widget-divider--view-line elementor-widget elementor-widget-divider\" data-id=\"6e62493\" data-element_type=\"widget\" data-widget_type=\"divider.default\">\n\t\t\t\t<div class=\"elementor-widget-container\">\n\t\t\t\t\t\t\t<div class=\"elementor-divider\">\n\t\t\t<span class=\"elementor-divider-separator\">\n\t\t\t\t\t\t<\/span>\n\t\t<\/div>\n\t\t\t\t\t\t<\/div>\n\t\t\t\t<\/div>\n\t\t\t\t<div class=\"elementor-element elementor-element-cf4669a elementor-widget elementor-widget-image\" data-id=\"cf4669a\" data-element_type=\"widget\" data-widget_type=\"image.default\">\n\t\t\t\t<div class=\"elementor-widget-container\">\n\t\t\t\t\t\t\t\t\t\t\t\t\t\t\t<img fetchpriority=\"high\" decoding=\"async\" width=\"783\" height=\"1024\" src=\"https:\/\/estherponcemagazine.com\/wp-content\/uploads\/2021\/11\/IMG-20211108-WA0026.jpg\" class=\"attachment-large size-large wp-image-10491\" alt=\"\" srcset=\"https:\/\/estherponcemagazine.com\/wp-content\/uploads\/2021\/11\/IMG-20211108-WA0026.jpg 783w, https:\/\/estherponcemagazine.com\/wp-content\/uploads\/2021\/11\/IMG-20211108-WA0026-229x300.jpg 229w, https:\/\/estherponcemagazine.com\/wp-content\/uploads\/2021\/11\/IMG-20211108-WA0026-768x1004.jpg 768w, https:\/\/estherponcemagazine.com\/wp-content\/uploads\/2021\/11\/IMG-20211108-WA0026-9x12.jpg 9w, https:\/\/estherponcemagazine.com\/wp-content\/uploads\/2021\/11\/IMG-20211108-WA0026-18x24.jpg 18w, https:\/\/estherponcemagazine.com\/wp-content\/uploads\/2021\/11\/IMG-20211108-WA0026-28x36.jpg 28w, https:\/\/estherponcemagazine.com\/wp-content\/uploads\/2021\/11\/IMG-20211108-WA0026-37x48.jpg 37w\" sizes=\"(max-width: 783px) 100vw, 783px\" \/>\t\t\t\t\t\t\t\t\t\t\t\t\t\t\t<\/div>\n\t\t\t\t<\/div>\n\t\t\t\t<div class=\"elementor-element elementor-element-38490d8 elementor-widget elementor-widget-text-editor\" data-id=\"38490d8\" data-element_type=\"widget\" data-widget_type=\"text-editor.default\">\n\t\t\t\t<div class=\"elementor-widget-container\">\n\t\t\t\t\t\t\t\t\t<p>Albeniz Theater in Madrid. Choreography Contest 'Callej\u00f3n oscuro'<\/p>\t\t\t\t\t\t\t\t<\/div>\n\t\t\t\t<\/div>\n\t\t\t\t<div class=\"elementor-element elementor-element-6d716a4 elementor-widget elementor-widget-video\" data-id=\"6d716a4\" data-element_type=\"widget\" data-settings=\"{&quot;youtube_url&quot;:&quot;https:\\\/\\\/youtu.be\\\/lTFt_5CjkYs&quot;,&quot;video_type&quot;:&quot;youtube&quot;,&quot;controls&quot;:&quot;yes&quot;}\" data-widget_type=\"video.default\">\n\t\t\t\t<div class=\"elementor-widget-container\">\n\t\t\t\t\t\t\t<div class=\"elementor-wrapper elementor-open-inline\">\n\t\t\t<div class=\"elementor-video\"><\/div>\t\t<\/div>\n\t\t\t\t\t\t<\/div>\n\t\t\t\t<\/div>\n\t\t\t\t<div class=\"elementor-element elementor-element-c5241ae elementor-widget-divider--view-line elementor-widget elementor-widget-divider\" data-id=\"c5241ae\" data-element_type=\"widget\" data-widget_type=\"divider.default\">\n\t\t\t\t<div class=\"elementor-widget-container\">\n\t\t\t\t\t\t\t<div class=\"elementor-divider\">\n\t\t\t<span class=\"elementor-divider-separator\">\n\t\t\t\t\t\t<\/span>\n\t\t<\/div>\n\t\t\t\t\t\t<\/div>\n\t\t\t\t<\/div>\n\t\t\t\t<div class=\"elementor-element elementor-element-19a6d7c elementor-widget elementor-widget-text-editor\" data-id=\"19a6d7c\" data-element_type=\"widget\" data-widget_type=\"text-editor.default\">\n\t\t\t\t<div class=\"elementor-widget-container\">\n\t\t\t\t\t\t\t\t\t<div><div><div><div>Mira lo que es la ignorancia,<\/div><div>que esa flamenquita viene y me cuenta lo que le pasa&#8230;.<\/div><\/div><div>\u00a0<\/div><\/div><\/div>\t\t\t\t\t\t\t\t<\/div>\n\t\t\t\t<\/div>\n\t\t\t\t\t<\/div>\n\t\t<\/div>\n\t\t\t\t\t<\/div>\n\t\t<\/section>\n\t\t\t\t\t<\/div>\n\t\t<\/div>\n\t\t\t\t\t<\/div>\n\t\t<\/section>\n\t\t\t\t<section class=\"elementor-section elementor-top-section elementor-element elementor-element-7fd0a09 elementor-section-boxed elementor-section-height-default elementor-section-height-default\" data-id=\"7fd0a09\" data-element_type=\"section\" data-settings=\"{&quot;_ha_eqh_enable&quot;:false}\">\n\t\t\t\t\t\t<div class=\"elementor-container elementor-column-gap-default\">\n\t\t\t\t\t<div class=\"elementor-column elementor-col-100 elementor-top-column elementor-element elementor-element-836707c\" data-id=\"836707c\" data-element_type=\"column\">\n\t\t\t<div class=\"elementor-widget-wrap elementor-element-populated\">\n\t\t\t\t\t\t\t<\/div>\n\t\t<\/div>\n\t\t\t\t\t<\/div>\n\t\t<\/section>\n\t\t\t\t<\/div>","protected":false},"excerpt":{"rendered":"<p>LA BAILARINA Y EL DIPLOM\u00c1TICO AUTOBIOGRAF\u00cdA Tres a\u00f1os llenos de aventuras surrealistas, a un ritmo fren\u00e9tico y de \u00e9xito en Los \u00c1ngeles , California&nbsp; \u201cDe fiesta por L.A. con Rafael Amargo recordando viejos tiempos\u2026la noticia que me esperaba cambiar\u00eda mi vida. \u201d En mi \u00faltimo viaje a Espa\u00f1a, invit\u00e9 a Mar\u00eda que coincidi\u00f3 que tambi\u00e9n [&hellip;]<\/p>","protected":false},"author":1,"featured_media":10491,"parent":0,"menu_order":0,"comment_status":"open","ping_status":"closed","template":"elementor_header_footer","meta":{"footnotes":""},"class_list":["post-10487","page","type-page","status-publish","has-post-thumbnail","hentry"],"_links":{"self":[{"href":"https:\/\/estherponcemagazine.com\/en\/wp-json\/wp\/v2\/pages\/10487","targetHints":{"allow":["GET"]}}],"collection":[{"href":"https:\/\/estherponcemagazine.com\/en\/wp-json\/wp\/v2\/pages"}],"about":[{"href":"https:\/\/estherponcemagazine.com\/en\/wp-json\/wp\/v2\/types\/page"}],"author":[{"embeddable":true,"href":"https:\/\/estherponcemagazine.com\/en\/wp-json\/wp\/v2\/users\/1"}],"replies":[{"embeddable":true,"href":"https:\/\/estherponcemagazine.com\/en\/wp-json\/wp\/v2\/comments?post=10487"}],"version-history":[{"count":44,"href":"https:\/\/estherponcemagazine.com\/en\/wp-json\/wp\/v2\/pages\/10487\/revisions"}],"predecessor-version":[{"id":10536,"href":"https:\/\/estherponcemagazine.com\/en\/wp-json\/wp\/v2\/pages\/10487\/revisions\/10536"}],"wp:featuredmedia":[{"embeddable":true,"href":"https:\/\/estherponcemagazine.com\/en\/wp-json\/wp\/v2\/media\/10491"}],"wp:attachment":[{"href":"https:\/\/estherponcemagazine.com\/en\/wp-json\/wp\/v2\/media?parent=10487"}],"curies":[{"name":"wp","href":"https:\/\/api.w.org\/{rel}","templated":true}]}}