{"id":10377,"date":"2021-10-18T06:43:47","date_gmt":"2021-10-18T07:43:47","guid":{"rendered":"https:\/\/estherponcemagazine.com\/?page_id=10377"},"modified":"2021-11-08T02:10:59","modified_gmt":"2021-11-08T03:10:59","slug":"la-bailarina-y-el-diplomatico-capitulo-29","status":"publish","type":"page","link":"https:\/\/estherponcemagazine.com\/en\/la-bailarina-y-el-diplomatico-capitulo-29\/","title":{"rendered":"LA BAILARINA Y EL DIPLOM\u00c1TICO &#8211; CAPITULO 29"},"content":{"rendered":"<div data-elementor-type=\"wp-post\" data-elementor-id=\"10377\" class=\"elementor elementor-10377\" data-elementor-settings=\"{&quot;ha_cmc_init_switcher&quot;:&quot;no&quot;}\">\n\t\t\t\t\t\t<section class=\"elementor-section elementor-top-section elementor-element elementor-element-22afe40 elementor-section-full_width elementor-section-height-default elementor-section-height-default\" data-id=\"22afe40\" data-element_type=\"section\" data-settings=\"{&quot;background_background&quot;:&quot;classic&quot;,&quot;_ha_eqh_enable&quot;:false}\">\n\t\t\t\t\t\t<div class=\"elementor-container elementor-column-gap-default\">\n\t\t\t\t\t<div class=\"elementor-column elementor-col-100 elementor-top-column elementor-element elementor-element-b5a6a30\" data-id=\"b5a6a30\" data-element_type=\"column\" data-settings=\"{&quot;background_background&quot;:&quot;classic&quot;}\">\n\t\t\t<div class=\"elementor-widget-wrap elementor-element-populated\">\n\t\t\t\t\t\t<div class=\"elementor-element elementor-element-878d8af elementor-widget elementor-widget-heading\" data-id=\"878d8af\" data-element_type=\"widget\" data-widget_type=\"heading.default\">\n\t\t\t\t<div class=\"elementor-widget-container\">\n\t\t\t\t\t<h2 class=\"elementor-heading-title elementor-size-default\">THE DANCER AND THE DIPLOMAT<\/h2>\t\t\t\t<\/div>\n\t\t\t\t<\/div>\n\t\t\t\t\t<\/div>\n\t\t<\/div>\n\t\t\t\t\t<\/div>\n\t\t<\/section>\n\t\t\t\t<section class=\"elementor-section elementor-top-section elementor-element elementor-element-471578e elementor-section-boxed elementor-section-height-default elementor-section-height-default\" data-id=\"471578e\" data-element_type=\"section\" data-settings=\"{&quot;_ha_eqh_enable&quot;:false}\">\n\t\t\t\t\t\t<div class=\"elementor-container elementor-column-gap-default\">\n\t\t\t\t\t<div class=\"elementor-column elementor-col-100 elementor-top-column elementor-element elementor-element-78df3d7\" data-id=\"78df3d7\" data-element_type=\"column\">\n\t\t\t<div class=\"elementor-widget-wrap elementor-element-populated\">\n\t\t\t\t\t\t<div class=\"elementor-element elementor-element-89876e4 elementor-view-default elementor-widget elementor-widget-icon\" data-id=\"89876e4\" data-element_type=\"widget\" data-widget_type=\"icon.default\">\n\t\t\t\t<div class=\"elementor-widget-container\">\n\t\t\t\t\t\t\t<div class=\"elementor-icon-wrapper\">\n\t\t\t<a class=\"elementor-icon\" href=\"http:\/\/estherponcemagazine.com\/en\/a-pelo\/\">\n\t\t\t<i aria-hidden=\"true\" class=\"fas fa-arrow-alt-circle-left\"><\/i>\t\t\t<\/a>\n\t\t<\/div>\n\t\t\t\t\t\t<\/div>\n\t\t\t\t<\/div>\n\t\t\t\t<div class=\"elementor-element elementor-element-b124447 elementor-widget elementor-widget-heading\" data-id=\"b124447\" data-element_type=\"widget\" data-widget_type=\"heading.default\">\n\t\t\t\t<div class=\"elementor-widget-container\">\n\t\t\t\t\t<h2 class=\"elementor-heading-title elementor-size-default\">AUTOBIOGRAPHY<\/h2>\t\t\t\t<\/div>\n\t\t\t\t<\/div>\n\t\t\t\t<div class=\"elementor-element elementor-element-709a297 elementor-widget-divider--view-line elementor-widget elementor-widget-divider\" data-id=\"709a297\" data-element_type=\"widget\" data-widget_type=\"divider.default\">\n\t\t\t\t<div class=\"elementor-widget-container\">\n\t\t\t\t\t\t\t<div class=\"elementor-divider\">\n\t\t\t<span class=\"elementor-divider-separator\">\n\t\t\t\t\t\t<\/span>\n\t\t<\/div>\n\t\t\t\t\t\t<\/div>\n\t\t\t\t<\/div>\n\t\t\t\t<div class=\"elementor-element elementor-element-85dcdbd elementor-widget elementor-widget-heading\" data-id=\"85dcdbd\" data-element_type=\"widget\" data-widget_type=\"heading.default\">\n\t\t\t\t<div class=\"elementor-widget-container\">\n\t\t\t\t\t<h2 class=\"elementor-heading-title elementor-size-default\"><span style=\"font-weight: bold\">Three years full of surreal adventures, successfully at a frenetic  rhythm  in Los Angeles, California&nbsp;<\/span><\/h2>\t\t\t\t<\/div>\n\t\t\t\t<\/div>\n\t\t\t\t<div class=\"elementor-element elementor-element-2485e6b elementor-widget-divider--view-line elementor-widget elementor-widget-divider\" data-id=\"2485e6b\" data-element_type=\"widget\" data-widget_type=\"divider.default\">\n\t\t\t\t<div class=\"elementor-widget-container\">\n\t\t\t\t\t\t\t<div class=\"elementor-divider\">\n\t\t\t<span class=\"elementor-divider-separator\">\n\t\t\t\t\t\t<\/span>\n\t\t<\/div>\n\t\t\t\t\t\t<\/div>\n\t\t\t\t<\/div>\n\t\t\t\t<section class=\"elementor-section elementor-inner-section elementor-element elementor-element-e0a5f3b elementor-reverse-mobile elementor-section-boxed elementor-section-height-default elementor-section-height-default\" data-id=\"e0a5f3b\" data-element_type=\"section\" data-settings=\"{&quot;_ha_eqh_enable&quot;:false}\">\n\t\t\t\t\t\t<div class=\"elementor-container elementor-column-gap-default\">\n\t\t\t\t\t<div class=\"elementor-column elementor-col-100 elementor-inner-column elementor-element elementor-element-b6940ce\" data-id=\"b6940ce\" data-element_type=\"column\">\n\t\t\t<div class=\"elementor-widget-wrap elementor-element-populated\">\n\t\t\t\t\t\t<div class=\"elementor-element elementor-element-05cc50d elementor-widget elementor-widget-heading\" data-id=\"05cc50d\" data-element_type=\"widget\" data-widget_type=\"heading.default\">\n\t\t\t\t<div class=\"elementor-widget-container\">\n\t\t\t\t\t<h2 class=\"elementor-heading-title elementor-size-default\">'Business dinner for three, with the Director of Canal plus Jos\u00e9 Manuel Lorenzo Torres and my cousin at the luxury restaurant 'Bice'\u00a1 in Madrid'<\/h2>\t\t\t\t<\/div>\n\t\t\t\t<\/div>\n\t\t\t\t<div class=\"elementor-element elementor-element-3b60a22 elementor-widget-divider--view-line elementor-widget elementor-widget-divider\" data-id=\"3b60a22\" data-element_type=\"widget\" data-widget_type=\"divider.default\">\n\t\t\t\t<div class=\"elementor-widget-container\">\n\t\t\t\t\t\t\t<div class=\"elementor-divider\">\n\t\t\t<span class=\"elementor-divider-separator\">\n\t\t\t\t\t\t<\/span>\n\t\t<\/div>\n\t\t\t\t\t\t<\/div>\n\t\t\t\t<\/div>\n\t\t\t\t<div class=\"elementor-element elementor-element-e286197 elementor-widget elementor-widget-text-editor\" data-id=\"e286197\" data-element_type=\"widget\" data-widget_type=\"text-editor.default\">\n\t\t\t\t<div class=\"elementor-widget-container\">\n\t\t\t\t\t\t\t\t\t<p>In LA, Sof\u00eda was left negotiating the clauses of the contract with PIMP, just the fact that the name of the company meant pimp of prostitutes, it had to have been enough to distrust, but even so, we continued forward.  There was a lot of money involved and we had a lot of progress, we were closer to the Second Festival and it seemed that everything was going well.  Diego el Cigala and his manager had already received the contract and we only had to wait for the signature.\u00a0<\/p><p>While in Madrid I continued with my plans and with my schedule.  I called Jordi Moll\u00e1 and we met in a very tiny bar in the Chueca neighborhood, we were sitting at a high table with two stools, we were talking about Ferdy and we also remembered the night I was born again at that party.  Being in front of Jordi was amazing, those eyes, my God!  It's hard for me to get nervous but with that actor succeeded, and I think he realized it because he told me that he was going to go up to his house to get something and if I wanted to go up or wait for him at the bar.  After the experience with the toupee, I was not very fond of the questions where I had to choose, but it seems that it was something normal, although I was obsessing over it.  After five minutes he came down and showed me a Chinese woman smiling with a crooked face, but not exactly from Taiwan, it would be from Morocco ... when it fell to the ground and I remember that we were looking for it for a long time.  It was an unforgettable experience spending that little time with him, super nice and super close, I would have gone up to his house with him, I would have had dinner with him and I would not have separated from him ... but I already had to leave because that night I had arranged to meet with the Director of the TV Plus channel Jos\u00e9 Manuel Lorenzo Torres.  It was Ferdy who also put me in contact, in reality they were all part of the same circle of friends from the film industry and maybe he was interested in the Flamenco Dreams DVD.\u00a0<\/p><p>When I confirmed the appointment with Lorenzo Torres, and following Ferdy's advice, I immediately called my first cousin to come from Valencia to have dinner with us.  Ferdy told me that the best way to put Lorenzo Torres in my pocket was first of all to go to dinner in a chic and reserved place where he could talk quietly and much better if I bring a beautiful friend.  The truth is that I didn't trust the Spanish women, I had suffered from envy since I was very young and I knew perfectly well that it could happen again and screw everything up.  But between families that is more difficult to happen.  My cousin Coral, not only was  pretty, she was a dark, white-skinned beauty with freckles, long hair, with heart-stopping green eyes, an advertisement body, and very intelligent.  Besides being a doctor, that also gave me some peace of mind.  Coral had been with me helping me in the rehearsals for Flamenco Dreams with the artists and she was up to date on everything.  She got into her super Audi A4 and in 3 hours she showed up in Madrid, just as long as it took me to get home and fix myself.\u00a0<\/p><p>We met at the Bice restaurant on Almagro street, an upscale Italian, with soft, romantic lighting and impeccable service.  They sat us at a table away from everyone, in my opinion a little small for how big the plates were, but it seems that the only one that mattered was me, because my cousin and Torres were delighted to be so close to each other and I was happy to see that everything was going to go well.\u00a0<\/p><p>I started talking as always about the fantastic story of how Flamenco Dreams was born from the day I had the dream with Gilda.  What made me feel super proud to tell it, is that everyone was immediately fascinated and interested, and much more such important characters in the film industry.  I already imagined the film and that with the President of Atl\u00e9tico de Madrid it could not be.  Lorenzo Torres apparently was a client of Bice and he advised us which pasta dish to order while my cousin was only looking at the desserts and that way we did not advance ... \u2014You are very brave Esther Ponce, the Director of Canal Plus told me, - what have you done achieved in such a short time and in such a difficult country, it is worth admiring, and even more so, having the temperament and patience to direct so many flamenco artists and who are not at all easy to deal with!  From the way he spoke, I realized that more than one flamenco party he had  held and that he knew the world of the night well.  The next step to follow after dinner, which Ferdy advised me, was to take Lorenzo Torres to have a few drinks to a place where there were many beautiful women and that when he was very comfortable, then I would tell him that the next day I would stop by his office to leave him the DVD ... what an obsession with beautiful women! I was already beginning to annoy that only that mattered and not the product I had in my hands.  That women to achieve something had to have the male happy and with the ego through the roof, super happy surrounded by our beauty and exposing ourselves to others like dolls, regardless of intelligence, effort, sacrifice and the daily struggle to be recognized and accepted in a society where men still rule.  But it was not necessary to continue with the plan because already at dessert Lorenzo asked us if we wanted to go have a few drinks but that he would choose the place since they knew him in many places and they would not let him be calm.  My cousin and I looked at each other and thought the same thing\u2026 he would be married and he didn't want to be seen partying with two warrior women.\u00a0\u00a0<\/p><p>The doorman already had the Audi in front of the restaurant ready with the keys in hand and the three of us got on.  Lorenzo Torres got in front to direct Coral who did not know Madrid well and thus take us to a rather shabby bar that did not match anything with our clothes, we were super neat and as soon as we entered we knew that we would have to drink standing up and we did not like the idea , because the objective was to make the Director happy by following Ferdy's plan and we did not know how long that would take to happen.<\/p><p>\u00a0Until something totally unexpected happened that I will never forget.  Lorenzo was left asking at the bar that was super dirty, with some horrible blue lights where all the imperfections of the makeup could be seen and Coral and I took the opportunity to go to the bathroom. which was mission impossible to be able to support the bag anywhere without filling with water, much less using the toilet, so it took a long time to get out.\u00a0<\/p><p>My cousin, that same morning she had been to the dentist to extract her wisdom tooth and she did not comply with the protocol to follow, especially not drinking alcohol, it was impossible to resist the exquisite Chianti wine that they served us at dinner, so that his jaw started to hurt a little, thank goodness that the Gin tonic anesthetized her a little to hold on.  Lorenzo was the only one who was sitting on a kind of bench full of people around him, when he suddenly took my arm and delicately brought me closer to him, saying in my ear;  - Why don't you invite me and so we enjoy the three of us?  I was amazed not knowing what to answer while I thought about what he was referring to.  Invite him to my house?  Buy him a drink if he already had one in hand?  then?  ... - Yes Esther Ponce, don't make that face, you've been in the bathroom for a long time and I want to too.  At that moment I realized that what he wanted was Cocaine but we were not carrying substances of any kind and I told him that he was wrong and that taking a long time in the bathroom did not mean what he was thinking.  He told me that my cousin moved her jaw a lot and that he was not stupid.  Of course he was not stupid, in my opinion he was hooked because the bar looked like a place for the drug dealer and that way of reacting and asking was not very normal.  I told him that my cousin had been to the dentist and that her jaw hurt and that\u2019 s why she was uncomfortable. But he did not believe me and immediately his face changed, the short, nice man with the face of a good person transformed into a rude, demanding and nervous man.  When I told my cousin, she started laughing and told me to forget about that guy, not to let what happened affect me, that I was worth a lot and that it was time to go home and leave him lying there. It is what he deserved and it is what we did ...<\/p><p>It was clear that all of Ferdy's powerful friends were cut from the same pattern. I would no longer waste time or energy with meetings and would continue fighting as usual without having to put up with anyone's impertinences.\u00a0<\/p>\t\t\t\t\t\t\t\t<\/div>\n\t\t\t\t<\/div>\n\t\t\t\t<div class=\"elementor-element elementor-element-60c0d9e elementor-widget elementor-widget-heading\" data-id=\"60c0d9e\" data-element_type=\"widget\" data-widget_type=\"heading.default\">\n\t\t\t\t<div class=\"elementor-widget-container\">\n\t\t\t\t\t<h2 class=\"elementor-heading-title elementor-size-default\">DON'T MISS CHAPTER 30!<\/h2>\t\t\t\t<\/div>\n\t\t\t\t<\/div>\n\t\t\t\t<div class=\"elementor-element elementor-element-db40bb5 elementor-widget elementor-widget-heading\" data-id=\"db40bb5\" data-element_type=\"widget\" data-widget_type=\"heading.default\">\n\t\t\t\t<div class=\"elementor-widget-container\">\n\t\t\t\t\t<h2 class=\"elementor-heading-title elementor-size-default\">'Paco de Lucia almost missed the Malaga-Madrid flight because of me ... after the concert we went to a tablao and I didn't want to let go of his hand so that he could transmit his art to me'<\/h2>\t\t\t\t<\/div>\n\t\t\t\t<\/div>\n\t\t\t\t<div class=\"elementor-element elementor-element-6e62493 elementor-widget-divider--view-line elementor-widget elementor-widget-divider\" data-id=\"6e62493\" data-element_type=\"widget\" data-widget_type=\"divider.default\">\n\t\t\t\t<div class=\"elementor-widget-container\">\n\t\t\t\t\t\t\t<div class=\"elementor-divider\">\n\t\t\t<span class=\"elementor-divider-separator\">\n\t\t\t\t\t\t<\/span>\n\t\t<\/div>\n\t\t\t\t\t\t<\/div>\n\t\t\t\t<\/div>\n\t\t\t\t<div class=\"elementor-element elementor-element-cf4669a elementor-widget elementor-widget-image\" data-id=\"cf4669a\" data-element_type=\"widget\" data-widget_type=\"image.default\">\n\t\t\t\t<div class=\"elementor-widget-container\">\n\t\t\t\t\t\t\t\t\t\t\t\t\t\t\t<img fetchpriority=\"high\" decoding=\"async\" width=\"473\" height=\"637\" src=\"https:\/\/estherponcemagazine.com\/wp-content\/uploads\/2021\/10\/IMG-20211017-WA0000-e1634543403202.jpg\" class=\"attachment-large size-large wp-image-10382\" alt=\"\" srcset=\"https:\/\/estherponcemagazine.com\/wp-content\/uploads\/2021\/10\/IMG-20211017-WA0000-e1634543403202.jpg 473w, https:\/\/estherponcemagazine.com\/wp-content\/uploads\/2021\/10\/IMG-20211017-WA0000-e1634543403202-223x300.jpg 223w, https:\/\/estherponcemagazine.com\/wp-content\/uploads\/2021\/10\/IMG-20211017-WA0000-e1634543403202-9x12.jpg 9w, https:\/\/estherponcemagazine.com\/wp-content\/uploads\/2021\/10\/IMG-20211017-WA0000-e1634543403202-18x24.jpg 18w, https:\/\/estherponcemagazine.com\/wp-content\/uploads\/2021\/10\/IMG-20211017-WA0000-e1634543403202-27x36.jpg 27w, https:\/\/estherponcemagazine.com\/wp-content\/uploads\/2021\/10\/IMG-20211017-WA0000-e1634543403202-36x48.jpg 36w\" sizes=\"(max-width: 473px) 100vw, 473px\" \/>\t\t\t\t\t\t\t\t\t\t\t\t\t\t\t<\/div>\n\t\t\t\t<\/div>\n\t\t\t\t<div class=\"elementor-element elementor-element-38490d8 elementor-widget elementor-widget-text-editor\" data-id=\"38490d8\" data-element_type=\"widget\" data-widget_type=\"text-editor.default\">\n\t\t\t\t<div class=\"elementor-widget-container\">\n\t\t\t\t\t\t\t\t\t<div class=\"gs\"><div class=\"\"><div id=\":1px\" class=\"ii gt\"><div id=\":1py\" class=\"a3s aiL\"><div class=\"yj6qo\">The Prada shoes that I wore to dinner at 'Bice'. From the first floor the Director of Canal Plus looked like a gnome :).<\/div><div class=\"adL\">\u00a0<\/div><\/div><\/div><div class=\"hi\">\u00a0<\/div><\/div><\/div>\t\t\t\t\t\t\t\t<\/div>\n\t\t\t\t<\/div>\n\t\t\t\t<div class=\"elementor-element elementor-element-6775b16 elementor-widget elementor-widget-video\" data-id=\"6775b16\" data-element_type=\"widget\" data-settings=\"{&quot;youtube_url&quot;:&quot;https:\\\/\\\/www.youtube.com\\\/watch?v=ARt9HV9T0w8&quot;,&quot;video_type&quot;:&quot;youtube&quot;,&quot;controls&quot;:&quot;yes&quot;}\" data-widget_type=\"video.default\">\n\t\t\t\t<div class=\"elementor-widget-container\">\n\t\t\t\t\t\t\t<div class=\"elementor-wrapper elementor-open-inline\">\n\t\t\t<div class=\"elementor-video\"><\/div>\t\t<\/div>\n\t\t\t\t\t\t<\/div>\n\t\t\t\t<\/div>\n\t\t\t\t<div class=\"elementor-element elementor-element-c5241ae elementor-widget-divider--view-line elementor-widget elementor-widget-divider\" data-id=\"c5241ae\" data-element_type=\"widget\" data-widget_type=\"divider.default\">\n\t\t\t\t<div class=\"elementor-widget-container\">\n\t\t\t\t\t\t\t<div class=\"elementor-divider\">\n\t\t\t<span class=\"elementor-divider-separator\">\n\t\t\t\t\t\t<\/span>\n\t\t<\/div>\n\t\t\t\t\t\t<\/div>\n\t\t\t\t<\/div>\n\t\t\t\t<div class=\"elementor-element elementor-element-19a6d7c elementor-widget elementor-widget-text-editor\" data-id=\"19a6d7c\" data-element_type=\"widget\" data-widget_type=\"text-editor.default\">\n\t\t\t\t<div class=\"elementor-widget-container\">\n\t\t\t\t\t\t\t\t\t<div><div><div><div><div>At first I was afraid, I was petrified <br \/>Kept thinking I could never live without you by my side <br \/>But then I spent so many nights thinking how you did me wrong <br \/>And I grew strong\u2026<\/div><div>\u00a0<\/div><\/div><\/div><div>\u00a0<\/div><\/div><\/div>\t\t\t\t\t\t\t\t<\/div>\n\t\t\t\t<\/div>\n\t\t\t\t\t<\/div>\n\t\t<\/div>\n\t\t\t\t\t<\/div>\n\t\t<\/section>\n\t\t\t\t\t<\/div>\n\t\t<\/div>\n\t\t\t\t\t<\/div>\n\t\t<\/section>\n\t\t\t\t<section class=\"elementor-section elementor-top-section elementor-element elementor-element-7fd0a09 elementor-section-boxed elementor-section-height-default elementor-section-height-default\" data-id=\"7fd0a09\" data-element_type=\"section\" data-settings=\"{&quot;_ha_eqh_enable&quot;:false}\">\n\t\t\t\t\t\t<div class=\"elementor-container elementor-column-gap-default\">\n\t\t\t\t\t<div class=\"elementor-column elementor-col-100 elementor-top-column elementor-element elementor-element-836707c\" data-id=\"836707c\" data-element_type=\"column\">\n\t\t\t<div class=\"elementor-widget-wrap elementor-element-populated\">\n\t\t\t\t\t\t\t<\/div>\n\t\t<\/div>\n\t\t\t\t\t<\/div>\n\t\t<\/section>\n\t\t\t\t<\/div>","protected":false},"excerpt":{"rendered":"<p>LA BAILARINA Y EL DIPLOM\u00c1TICO AUTOBIOGRAF\u00cdA Tres a\u00f1os llenos de aventuras surrealistas, a un ritmo fren\u00e9tico y de \u00e9xito en Los \u00c1ngeles , California&nbsp; \u201c Cena de negocios para tres, con el Director del Canal plus Jos\u00e9 Manuel Lorenzo Torres y mi prima en el restaurante de lujo \u201cBice\u201d de Madrid \u201c En LA, Sof\u00eda [&hellip;]<\/p>","protected":false},"author":1,"featured_media":38,"parent":0,"menu_order":0,"comment_status":"open","ping_status":"closed","template":"elementor_header_footer","meta":{"footnotes":""},"class_list":["post-10377","page","type-page","status-publish","has-post-thumbnail","hentry"],"_links":{"self":[{"href":"https:\/\/estherponcemagazine.com\/en\/wp-json\/wp\/v2\/pages\/10377","targetHints":{"allow":["GET"]}}],"collection":[{"href":"https:\/\/estherponcemagazine.com\/en\/wp-json\/wp\/v2\/pages"}],"about":[{"href":"https:\/\/estherponcemagazine.com\/en\/wp-json\/wp\/v2\/types\/page"}],"author":[{"embeddable":true,"href":"https:\/\/estherponcemagazine.com\/en\/wp-json\/wp\/v2\/users\/1"}],"replies":[{"embeddable":true,"href":"https:\/\/estherponcemagazine.com\/en\/wp-json\/wp\/v2\/comments?post=10377"}],"version-history":[{"count":20,"href":"https:\/\/estherponcemagazine.com\/en\/wp-json\/wp\/v2\/pages\/10377\/revisions"}],"predecessor-version":[{"id":10484,"href":"https:\/\/estherponcemagazine.com\/en\/wp-json\/wp\/v2\/pages\/10377\/revisions\/10484"}],"wp:featuredmedia":[{"embeddable":true,"href":"https:\/\/estherponcemagazine.com\/en\/wp-json\/wp\/v2\/media\/38"}],"wp:attachment":[{"href":"https:\/\/estherponcemagazine.com\/en\/wp-json\/wp\/v2\/media?parent=10377"}],"curies":[{"name":"wp","href":"https:\/\/api.w.org\/{rel}","templated":true}]}}