{"id":10362,"date":"2021-10-12T07:38:24","date_gmt":"2021-10-12T08:38:24","guid":{"rendered":"https:\/\/estherponcemagazine.com\/?page_id=10362"},"modified":"2022-07-21T10:03:39","modified_gmt":"2022-07-21T11:03:39","slug":"la-bailarina-y-el-diplomatico-capitulo-28","status":"publish","type":"page","link":"https:\/\/estherponcemagazine.com\/en\/la-bailarina-y-el-diplomatico-capitulo-28\/","title":{"rendered":"LA BAILARINA Y EL DIPLOM\u00c1TICO &#8211; CAPITULO 28"},"content":{"rendered":"<div data-elementor-type=\"wp-post\" data-elementor-id=\"10362\" class=\"elementor elementor-10362\" data-elementor-settings=\"{&quot;ha_cmc_init_switcher&quot;:&quot;no&quot;}\">\n\t\t\t\t\t\t<section class=\"elementor-section elementor-top-section elementor-element elementor-element-22afe40 elementor-section-full_width elementor-section-height-default elementor-section-height-default\" data-id=\"22afe40\" data-element_type=\"section\" data-settings=\"{&quot;background_background&quot;:&quot;classic&quot;,&quot;_ha_eqh_enable&quot;:false}\">\n\t\t\t\t\t\t<div class=\"elementor-container elementor-column-gap-default\">\n\t\t\t\t\t<div class=\"elementor-column elementor-col-100 elementor-top-column elementor-element elementor-element-b5a6a30\" data-id=\"b5a6a30\" data-element_type=\"column\" data-settings=\"{&quot;background_background&quot;:&quot;classic&quot;}\">\n\t\t\t<div class=\"elementor-widget-wrap elementor-element-populated\">\n\t\t\t\t\t\t<div class=\"elementor-element elementor-element-878d8af elementor-widget elementor-widget-heading\" data-id=\"878d8af\" data-element_type=\"widget\" data-widget_type=\"heading.default\">\n\t\t\t\t<div class=\"elementor-widget-container\">\n\t\t\t\t\t<h2 class=\"elementor-heading-title elementor-size-default\">THE DANCER AND THE DIPLOMAT<\/h2>\t\t\t\t<\/div>\n\t\t\t\t<\/div>\n\t\t\t\t\t<\/div>\n\t\t<\/div>\n\t\t\t\t\t<\/div>\n\t\t<\/section>\n\t\t\t\t<section class=\"elementor-section elementor-top-section elementor-element elementor-element-471578e elementor-section-boxed elementor-section-height-default elementor-section-height-default\" data-id=\"471578e\" data-element_type=\"section\" data-settings=\"{&quot;_ha_eqh_enable&quot;:false}\">\n\t\t\t\t\t\t<div class=\"elementor-container elementor-column-gap-default\">\n\t\t\t\t\t<div class=\"elementor-column elementor-col-100 elementor-top-column elementor-element elementor-element-78df3d7\" data-id=\"78df3d7\" data-element_type=\"column\">\n\t\t\t<div class=\"elementor-widget-wrap elementor-element-populated\">\n\t\t\t\t\t\t<div class=\"elementor-element elementor-element-89876e4 elementor-view-default elementor-widget elementor-widget-icon\" data-id=\"89876e4\" data-element_type=\"widget\" data-widget_type=\"icon.default\">\n\t\t\t\t<div class=\"elementor-widget-container\">\n\t\t\t\t\t\t\t<div class=\"elementor-icon-wrapper\">\n\t\t\t<a class=\"elementor-icon\" href=\"http:\/\/estherponcemagazine.com\/en\/a-pelo\/\">\n\t\t\t<i aria-hidden=\"true\" class=\"fas fa-arrow-alt-circle-left\"><\/i>\t\t\t<\/a>\n\t\t<\/div>\n\t\t\t\t\t\t<\/div>\n\t\t\t\t<\/div>\n\t\t\t\t<div class=\"elementor-element elementor-element-b124447 elementor-widget elementor-widget-heading\" data-id=\"b124447\" data-element_type=\"widget\" data-widget_type=\"heading.default\">\n\t\t\t\t<div class=\"elementor-widget-container\">\n\t\t\t\t\t<h2 class=\"elementor-heading-title elementor-size-default\">AUTOBIOGRAPHY<\/h2>\t\t\t\t<\/div>\n\t\t\t\t<\/div>\n\t\t\t\t<div class=\"elementor-element elementor-element-709a297 elementor-widget-divider--view-line elementor-widget elementor-widget-divider\" data-id=\"709a297\" data-element_type=\"widget\" data-widget_type=\"divider.default\">\n\t\t\t\t<div class=\"elementor-widget-container\">\n\t\t\t\t\t\t\t<div class=\"elementor-divider\">\n\t\t\t<span class=\"elementor-divider-separator\">\n\t\t\t\t\t\t<\/span>\n\t\t<\/div>\n\t\t\t\t\t\t<\/div>\n\t\t\t\t<\/div>\n\t\t\t\t<div class=\"elementor-element elementor-element-85dcdbd elementor-widget elementor-widget-heading\" data-id=\"85dcdbd\" data-element_type=\"widget\" data-widget_type=\"heading.default\">\n\t\t\t\t<div class=\"elementor-widget-container\">\n\t\t\t\t\t<h2 class=\"elementor-heading-title elementor-size-default\"><span style=\"font-weight: bold\">Three years full of surreal adventures, successfully at a frenetic  rhythm  in Los Angeles, California&nbsp;<\/span><\/h2>\t\t\t\t<\/div>\n\t\t\t\t<\/div>\n\t\t\t\t<div class=\"elementor-element elementor-element-2485e6b elementor-widget-divider--view-line elementor-widget elementor-widget-divider\" data-id=\"2485e6b\" data-element_type=\"widget\" data-widget_type=\"divider.default\">\n\t\t\t\t<div class=\"elementor-widget-container\">\n\t\t\t\t\t\t\t<div class=\"elementor-divider\">\n\t\t\t<span class=\"elementor-divider-separator\">\n\t\t\t\t\t\t<\/span>\n\t\t<\/div>\n\t\t\t\t\t\t<\/div>\n\t\t\t\t<\/div>\n\t\t\t\t<section class=\"elementor-section elementor-inner-section elementor-element elementor-element-e0a5f3b elementor-reverse-mobile elementor-section-boxed elementor-section-height-default elementor-section-height-default\" data-id=\"e0a5f3b\" data-element_type=\"section\" data-settings=\"{&quot;_ha_eqh_enable&quot;:false}\">\n\t\t\t\t\t\t<div class=\"elementor-container elementor-column-gap-default\">\n\t\t\t\t\t<div class=\"elementor-column elementor-col-100 elementor-inner-column elementor-element elementor-element-b6940ce\" data-id=\"b6940ce\" data-element_type=\"column\">\n\t\t\t<div class=\"elementor-widget-wrap elementor-element-populated\">\n\t\t\t\t\t\t<div class=\"elementor-element elementor-element-05cc50d elementor-widget elementor-widget-heading\" data-id=\"05cc50d\" data-element_type=\"widget\" data-widget_type=\"heading.default\">\n\t\t\t\t<div class=\"elementor-widget-container\">\n\t\t\t\t\t<h2 class=\"elementor-heading-title elementor-size-default\">'The President of Atletico de Madrid Enrique Cerezo, invites me to be his companion at the premiere of Will Smith's film in Madrid, but the night ends like \u00a1El Rosario de la Aurora!  '<\/h2>\t\t\t\t<\/div>\n\t\t\t\t<\/div>\n\t\t\t\t<div class=\"elementor-element elementor-element-3b60a22 elementor-widget-divider--view-line elementor-widget elementor-widget-divider\" data-id=\"3b60a22\" data-element_type=\"widget\" data-widget_type=\"divider.default\">\n\t\t\t\t<div class=\"elementor-widget-container\">\n\t\t\t\t\t\t\t<div class=\"elementor-divider\">\n\t\t\t<span class=\"elementor-divider-separator\">\n\t\t\t\t\t\t<\/span>\n\t\t<\/div>\n\t\t\t\t\t\t<\/div>\n\t\t\t\t<\/div>\n\t\t\t\t<div class=\"elementor-element elementor-element-e286197 elementor-widget elementor-widget-text-editor\" data-id=\"e286197\" data-element_type=\"widget\" data-widget_type=\"text-editor.default\">\n\t\t\t\t<div class=\"elementor-widget-container\">\n\t\t\t\t\t\t\t\t\t<p>Ferdy had returned from Santo Domingo where he was building the mansion of his dreams, and I was looking forward to seeing him again to tell him all the news about the Flamenco Dreams DVD and about my trip to Madrid and, as always, ask him for advice.<br>Ferdy invited me to dinner at his house, this time will be just two of us. Since the party where I almost lost my life because of tequila, I hadn't come back, but I had to get over it and accept.<br>As soon as I entered the living room, it was super strange, because I remembered a scene that I had never remembered before in which all the guests looked at me, some with faces of joy for having been born again, others with amazement, most of them talking to each other and a very special and beautiful one who looked very much like the famous Spanish actor Jordi Moll\u00e1, who shook my hand and accompanied me to sit on the sofa while telling me that I had won the lottery ... when Ferdy slapped me hard in front of my nose so that I would return to the reality of the moment and accompany him to the kitchen.  Ferdy's way of cooking was like himself, always thinking of pleasing women with a spicy and sensual touch.  Everything was delicious and he said that the woman always had to add the final touch to the sauce with the spice.  That was the moment he liked the most, he would put the spoon in your mouth, and almost at the same time he would kiss you to try it together.  And the truth is that that taste on the lips was unforgettable.  Despite not being really handsome, he always managed to have all women by his side because of his sweetness and his enormous wisdom about life.  Ferdy used to called me the blonde gypsy and I freed myself from his clutches by reminding him that being flamenco and Catholic, he had to respect me.  But the real reason why I didn't want anything with him was that he had no hair and that for me was essential in a man.<\/p>\n<p>As Ferdy always liked to play jokes and after dinner, he offered me a tequila, seeing my face, he assured me that at my age it was impossible to stop drinking good tequila and that I just had to learn the lesson and never confuse it with water again. He told me very excited that his neighbor Jordi Moll\u00e1, who just left his house, had given him that bottle that he bought when he was filming in Tijuana.  So the scene I remembered when I entered was not a vision and Jordi Moll\u00e1 was really at that party.  What's more, he gave me his phone number and he told me that he was going to Madrid to shoot and to call him when he was in Madrid.  It seemed like a dream because Jordi's blue eyes were surreal, the big screen did not do him justice and it was only in person that you could truly appreciate the intense blue full of light and water, it was like looking at a piece of ocean on a stormy night, illuminated by the full moon.<br>Getting fully into the subject of the DVD, Ferdy advised me to have a meeting at the film production company with the film director Enrique Cerezo, who had just been appointed President of Atl\u00e9tico de Madrid just a few months ago.  They were super friends and knew each other from the film industry.  Enrique Cerezo, every time he traveled to Los Angeles, he stayed at his house because he said that there he ate wonderfully and there were always beautiful girls.  Ferdy did not travel much to Spain and when he did, he did not move in the field of offices and did not suffer the envy or the impediments that the secretariats of the powerful put you.  I told him that it seemed like a wonderful idea to me but that giving me the phone number was not enough, because the secretary would have me for days or months, time that I did not have, waiting to find a hole in the President's agenda and that finally he would put me on a Very credible excuse and I would never have that meeting.  Felix the Cat, who was what I called him affectionately, listened to me attentively and immediately asked me to bring him the phone that was in his bedroom, while he made some Margaritas and nervously touched his shiny and hydrated buddy bald head; \u2014In Spain it is now noon and he  will be about to leave the office so I am going to call and tell him that the beautiful Spanish artist and queen of flamenco will visit , that listen to you and take a look to the DVD that I film.\nThey were talking for a long time and I took the opportunity to gossip about his agenda and see how many famous people he knew and with whom he had a very good friendship.<\/p>\n<p>Enrique Cerezo producciones was on the outskirts of Madrid in the City of the Image and from my house in La Piovera, it took me a long time to arrive, but I was punctual as I learned to be in LA.<br>La secretaria sali\u00f3 a recibirme y me invit\u00f3 a sentarme en el sof\u00e1 que hay justo debajo de la escalera y desde donde se pod\u00eda ver perfectamente a todos los empleados en el primer piso yendo de un lugar a otro por un pasillo interminable, entrando y saliendo de las oficinas hablando en voz alta y por supuesto observ\u00e1ndome con gran curiosidad. Hasta que se asom\u00f3 por la barandilla un hombre bajito de unos 55 a\u00f1os, con mucho pelo peinado hacia un lado y al verme me sonri\u00f3 como si me conociera de toda la vida y bajo a buscarme. Siempre me qued\u00e9 con la duda de saber si esa sonrisa fue provocada por algo que le dijera Ferdy o porque le gust\u00e9 y quer\u00eda ser simp\u00e1tico. Ya en su despacho y con el DVD de Flamenco Dreams en la mano, me dijo que le parec\u00eda muy interesante haberme conocido y que iba a valorar el producir una pel\u00edcula sobre la historia que yo le hab\u00eda contado de c\u00f3mo por culpa de Enrique Morente y Diego el Cigala en una noche de juerga, nace Flamenco Dreams. \u2014\u00a1Del Rastro de Madrid a Hollywood! Le dije yo toda emocionada.<br>He asked me if I had plans for that late night, because he wanted to invite me to the presentation of the movie \"Bad Boys II\" by Hollywood actor Will Smith, where Jordi Moll\u00e1 played a cunning drug dealer ...<br>As I was close to Majadahonda, I had already arranged to eat at my godmother's house and she liked to do a long after-lunch talking about art and painting, fairies and angel sharks and then playing the piano, so I would finish quite late and the idea of going  home, choosing clothes to wear, and getting ready quickly didn't feel like much.  But while I was thinking all that, Enrique Cerezo called his secretary to give her the address of my house since himself would pick me up and we would arrive together to the presentation.  Getting out of the same car as the President of Atl\u00e9tico de Madrid made me think of Ferdy and his advice, so I reacted immediately and accepted the invitation.<br>My best dresses were in LA and I didn't have time to go shopping, thank goodness I remembered a Dolce and Gabana dress that I wore at the party where I danced for the actor Andy Garcia, who was in Madrid to promote his latest movie and it was still at the cleaners.<\/p>\n<p>Todos est\u00e1bamos esperando a que llegaran los actores, especialmente Will Smith, mientras tanto los camareros no paraban de pasar bandejas con canap\u00e9s que parec\u00edan estar riqu\u00edsimos pero yo estaba llen\u00edsima de la comilona que me hab\u00eda dado con mi madrina. Muchas personas no dejaban de mirarme, una mujer bella de 30 a\u00f1os al lado de un poderoso&nbsp; 25 a\u00f1os mayor\u2026esta claro que con la mentalidad espa\u00f1ola , no pensar\u00edan nada bueno. Hasta que llegaron los paparazzi a entrevistar a Cerezo y yo que estaba a su lado, saldr\u00eda en la TV. Al instante son\u00f3 mi m\u00f3vil y era mi hermano que es forofo del f\u00fatbol y que me estaba viendo en las noticias, para advertirme que tuviese cuidado. Si le hubiese hecho caso a mi madre y me hubiese desmayado delante de la prensa, ahora mismo no estar\u00eda escribiendo este cap\u00edtulo porque ser\u00eda famosa.<br>Despu\u00e9s de recibir a los actores, los invitados pasar\u00edamos a ver la pel\u00edcula. Enrique Cerezo me pregunt\u00f3 que quer\u00eda hacer, si irme a cenar con \u00e9l o pasar juntos a ver la pel\u00edcula, despu\u00e9s de la advertencia de mi hermano y de lo&nbsp; que mi intuici\u00f3n femenina me dec\u00eda, decid\u00ed err\u00f3neamente quedarme a ver la pel\u00edcula, por lo que Cerezo llam\u00f3 a su chofer para que se marchara y que le llamar\u00eda al finalizar, o sea tres horas m\u00e1s tarde. La pel\u00edcula empez\u00f3 con un tiroteo que dur\u00f3 m\u00e1s de 25 minutos hasta que pronunciaron la primera palabra y los o\u00eddos me iban a estallar. Me estaba sintiendo incomoda , ese tipo de pel\u00edcula no me gustaba y me estaban sonando las tripas de hambre. Le dije al oido al Presidente que prefer\u00eda irme a cenar, pero \u00e9l no se lo tom\u00f3 muy bien y me dijo que ya le hab\u00eda dicho al chofer que se fuera y que no pod\u00edamos irnos. En ese momento, la Diva se apoder\u00f3 de m\u00ed y le dije en ingl\u00e9s que no soportaba los tiros, que me dol\u00eda la cabeza , que tenia mucha hambre , que me dol\u00edan los pies de los tacones , que ten\u00eda fr\u00edo y que iba a salir a pedir un ibuprofen y pedir que bajaran el aire acondicionado.<\/p>\n<p>Ya no volv\u00ed a entrar y esper\u00e9 a que salieran todos. La pregunta de \u00bfque hubiese pasado si hubiese aceptado ir cenar con \u00e9l ? me estaba torturando y me sent\u00eda fatal. Como buena luchadora , el DVD ten\u00eda que llegar lo m\u00e1s lejos posible y esa pel\u00edcula hubiese sido crucial en mi carrera, pero mi dignidad era m\u00e1s importante .<br>I did not want to call a taxi and go alone because in the President's car, I had left a beautiful wild silk shawl that I was very fond of as a gift from my mother and a Louis Vuitton document bag full of important material that surely after all , I would never see again.<\/p>\n<p>Enrique Cerezo left a little before the rest of the guests and found me outside the venue, he approached me and told me that the driver would arrive soon and that they would leave me at home first.<br>Ser\u00edan casi las dos de la madrugada, para&nbsp; llegar a la Piovera hay que pasar por la Calle Vel\u00e1zquez y Justo al pasar por delante del VIPS, no pude evitarlo y le dije al chofer como si fuese m\u00edo el coche, que parase que necesitaba comer algo porque me iba a desmayar, que pena que ese desmayo no lo ver\u00eda nadie, y Enrique Cerezo por la amistad que nos un\u00eda con Ferdy tuvo que doblegar.<br>Entramos en el VIPS y solamente cen\u00e9 yo, cuando le pregunt\u00e9 que porque \u00e9l no cenaba, me contest\u00f3 que \u00e9l nunca cenaba, \u00bfentonces? \u00bfPorqu\u00e9 me hab\u00eda invitado antes a cenar ? \u00bfSolo hubiese cenado yo ?&nbsp; y mientras yo cenaba , \u00bf \u00e9l que har\u00eda?<br>Para fastidiarle un poco, ped\u00ed bastante comida y las famosas tortitas de postre que tardaron unos 20 minutos en salir reci\u00e9n hechas. Finalmente me dejaron en casa pero dos calles m\u00e1s abajo porque no quer\u00eda que supieran exactamente donde viv\u00eda.<\/p>\n<p><br><\/p>\t\t\t\t\t\t\t\t<\/div>\n\t\t\t\t<\/div>\n\t\t\t\t<div class=\"elementor-element elementor-element-60c0d9e elementor-widget elementor-widget-heading\" data-id=\"60c0d9e\" data-element_type=\"widget\" data-widget_type=\"heading.default\">\n\t\t\t\t<div class=\"elementor-widget-container\">\n\t\t\t\t\t<h2 class=\"elementor-heading-title elementor-size-default\">DON'T MISS CHAPTER 29!<\/h2>\t\t\t\t<\/div>\n\t\t\t\t<\/div>\n\t\t\t\t<div class=\"elementor-element elementor-element-db40bb5 elementor-widget elementor-widget-heading\" data-id=\"db40bb5\" data-element_type=\"widget\" data-widget_type=\"heading.default\">\n\t\t\t\t<div class=\"elementor-widget-container\">\n\t\t\t\t\t<h2 class=\"elementor-heading-title elementor-size-default\">'Business dinner for three, with the Director of Canal plus Jose Manuel Lorenzo Torres and my cousin at the luxury restaurant\" Bice \"in Madrid'\n<\/h2>\t\t\t\t<\/div>\n\t\t\t\t<\/div>\n\t\t\t\t<div class=\"elementor-element elementor-element-6e62493 elementor-widget-divider--view-line elementor-widget elementor-widget-divider\" data-id=\"6e62493\" data-element_type=\"widget\" data-widget_type=\"divider.default\">\n\t\t\t\t<div class=\"elementor-widget-container\">\n\t\t\t\t\t\t\t<div class=\"elementor-divider\">\n\t\t\t<span class=\"elementor-divider-separator\">\n\t\t\t\t\t\t<\/span>\n\t\t<\/div>\n\t\t\t\t\t\t<\/div>\n\t\t\t\t<\/div>\n\t\t\t\t<div class=\"elementor-element elementor-element-cf4669a elementor-widget elementor-widget-image\" data-id=\"cf4669a\" data-element_type=\"widget\" data-widget_type=\"image.default\">\n\t\t\t\t<div class=\"elementor-widget-container\">\n\t\t\t\t\t\t\t\t\t\t\t\t\t\t\t<img fetchpriority=\"high\" decoding=\"async\" width=\"768\" height=\"1024\" src=\"https:\/\/estherponcemagazine.com\/wp-content\/uploads\/2021\/10\/IMG-20211011-WA0000.jpg\" class=\"attachment-large size-large wp-image-10364\" alt=\"\" srcset=\"https:\/\/estherponcemagazine.com\/wp-content\/uploads\/2021\/10\/IMG-20211011-WA0000.jpg 768w, https:\/\/estherponcemagazine.com\/wp-content\/uploads\/2021\/10\/IMG-20211011-WA0000-225x300.jpg 225w, https:\/\/estherponcemagazine.com\/wp-content\/uploads\/2021\/10\/IMG-20211011-WA0000-9x12.jpg 9w, https:\/\/estherponcemagazine.com\/wp-content\/uploads\/2021\/10\/IMG-20211011-WA0000-18x24.jpg 18w, https:\/\/estherponcemagazine.com\/wp-content\/uploads\/2021\/10\/IMG-20211011-WA0000-27x36.jpg 27w, https:\/\/estherponcemagazine.com\/wp-content\/uploads\/2021\/10\/IMG-20211011-WA0000-36x48.jpg 36w\" sizes=\"(max-width: 768px) 100vw, 768px\" \/>\t\t\t\t\t\t\t\t\t\t\t\t\t\t\t<\/div>\n\t\t\t\t<\/div>\n\t\t\t\t<div class=\"elementor-element elementor-element-38490d8 elementor-widget elementor-widget-text-editor\" data-id=\"38490d8\" data-element_type=\"widget\" data-widget_type=\"text-editor.default\">\n\t\t\t\t<div class=\"elementor-widget-container\">\n\t\t\t\t\t\t\t\t\t<div class=\"gs\"><div class=\"\"><div id=\":1px\" class=\"ii gt\"><div id=\":1py\" class=\"a3s aiL\"><div class=\"yj6qo\">La Opini\u00f3n de Los Angeles  Newspaper<\/div><div class=\"adL\">\u00a0<\/div><\/div><\/div><div class=\"hi\">\u00a0<\/div><\/div><\/div>\t\t\t\t\t\t\t\t<\/div>\n\t\t\t\t<\/div>\n\t\t\t\t<div class=\"elementor-element elementor-element-6775b16 elementor-widget elementor-widget-video\" data-id=\"6775b16\" data-element_type=\"widget\" data-settings=\"{&quot;youtube_url&quot;:&quot;https:\\\/\\\/youtu.be\\\/d9TYtTLtNCw&quot;,&quot;video_type&quot;:&quot;youtube&quot;,&quot;controls&quot;:&quot;yes&quot;}\" data-widget_type=\"video.default\">\n\t\t\t\t<div class=\"elementor-widget-container\">\n\t\t\t\t\t\t\t<div class=\"elementor-wrapper elementor-open-inline\">\n\t\t\t<div class=\"elementor-video\"><\/div>\t\t<\/div>\n\t\t\t\t\t\t<\/div>\n\t\t\t\t<\/div>\n\t\t\t\t<div class=\"elementor-element elementor-element-c5241ae elementor-widget-divider--view-line elementor-widget elementor-widget-divider\" data-id=\"c5241ae\" data-element_type=\"widget\" data-widget_type=\"divider.default\">\n\t\t\t\t<div class=\"elementor-widget-container\">\n\t\t\t\t\t\t\t<div class=\"elementor-divider\">\n\t\t\t<span class=\"elementor-divider-separator\">\n\t\t\t\t\t\t<\/span>\n\t\t<\/div>\n\t\t\t\t\t\t<\/div>\n\t\t\t\t<\/div>\n\t\t\t\t<div class=\"elementor-element elementor-element-19a6d7c elementor-widget elementor-widget-text-editor\" data-id=\"19a6d7c\" data-element_type=\"widget\" data-widget_type=\"text-editor.default\">\n\t\t\t\t<div class=\"elementor-widget-container\">\n\t\t\t\t\t\t\t\t\t<div><div><div><div><div><div dir=\"auto\">Solamente necesito que me digas<\/div><div dir=\"auto\">Que lo que siento no es locura<\/div><div dir=\"auto\">Que t\u00fa lo sientes cuando me miras<\/div><div dir=\"auto\">\u00a0<\/div><div dir=\"auto\">Agua de una fuente misteriosa<\/div><div dir=\"auto\">Bebieron mis labios de tu boca<\/div><\/div><div>\u00a0<\/div><\/div><\/div><div>\u00a0<\/div><\/div><\/div>\t\t\t\t\t\t\t\t<\/div>\n\t\t\t\t<\/div>\n\t\t\t\t\t<\/div>\n\t\t<\/div>\n\t\t\t\t\t<\/div>\n\t\t<\/section>\n\t\t\t\t\t<\/div>\n\t\t<\/div>\n\t\t\t\t\t<\/div>\n\t\t<\/section>\n\t\t\t\t<section class=\"elementor-section elementor-top-section elementor-element elementor-element-7fd0a09 elementor-section-boxed elementor-section-height-default elementor-section-height-default\" data-id=\"7fd0a09\" data-element_type=\"section\" data-settings=\"{&quot;_ha_eqh_enable&quot;:false}\">\n\t\t\t\t\t\t<div class=\"elementor-container elementor-column-gap-default\">\n\t\t\t\t\t<div class=\"elementor-column elementor-col-100 elementor-top-column elementor-element elementor-element-836707c\" data-id=\"836707c\" data-element_type=\"column\">\n\t\t\t<div class=\"elementor-widget-wrap elementor-element-populated\">\n\t\t\t\t\t\t\t<\/div>\n\t\t<\/div>\n\t\t\t\t\t<\/div>\n\t\t<\/section>\n\t\t\t\t<\/div>","protected":false},"excerpt":{"rendered":"<p>LA BAILARINA Y EL DIPLOM\u00c1TICO AUTOBIOGRAF\u00cdA Tres a\u00f1os llenos de aventuras surrealistas, a un ritmo fren\u00e9tico y de \u00e9xito en Los \u00c1ngeles , California&nbsp; \u00abEl Presidente del Atletico de Madrid Enrique Cerezo, me invita a ser su acompa\u00f1ante en el estreno de la pel\u00edcula de Will Smith en Madrid, pero la noche termina \u00a1como el [&hellip;]<\/p>","protected":false},"author":1,"featured_media":38,"parent":0,"menu_order":0,"comment_status":"open","ping_status":"closed","template":"elementor_header_footer","meta":{"footnotes":""},"class_list":["post-10362","page","type-page","status-publish","has-post-thumbnail","hentry"],"_links":{"self":[{"href":"https:\/\/estherponcemagazine.com\/en\/wp-json\/wp\/v2\/pages\/10362","targetHints":{"allow":["GET"]}}],"collection":[{"href":"https:\/\/estherponcemagazine.com\/en\/wp-json\/wp\/v2\/pages"}],"about":[{"href":"https:\/\/estherponcemagazine.com\/en\/wp-json\/wp\/v2\/types\/page"}],"author":[{"embeddable":true,"href":"https:\/\/estherponcemagazine.com\/en\/wp-json\/wp\/v2\/users\/1"}],"replies":[{"embeddable":true,"href":"https:\/\/estherponcemagazine.com\/en\/wp-json\/wp\/v2\/comments?post=10362"}],"version-history":[{"count":31,"href":"https:\/\/estherponcemagazine.com\/en\/wp-json\/wp\/v2\/pages\/10362\/revisions"}],"predecessor-version":[{"id":11390,"href":"https:\/\/estherponcemagazine.com\/en\/wp-json\/wp\/v2\/pages\/10362\/revisions\/11390"}],"wp:featuredmedia":[{"embeddable":true,"href":"https:\/\/estherponcemagazine.com\/en\/wp-json\/wp\/v2\/media\/38"}],"wp:attachment":[{"href":"https:\/\/estherponcemagazine.com\/en\/wp-json\/wp\/v2\/media?parent=10362"}],"curies":[{"name":"wp","href":"https:\/\/api.w.org\/{rel}","templated":true}]}}