{"id":10316,"date":"2021-10-04T09:01:09","date_gmt":"2021-10-04T10:01:09","guid":{"rendered":"https:\/\/estherponcemagazine.com\/?page_id=10316"},"modified":"2021-10-04T10:01:04","modified_gmt":"2021-10-04T11:01:04","slug":"la-bailarina-y-el-diplomatico-capitulo-27","status":"publish","type":"page","link":"https:\/\/estherponcemagazine.com\/en\/la-bailarina-y-el-diplomatico-capitulo-27\/","title":{"rendered":"LA BAILARINA Y EL DIPLOM\u00c1TICO &#8211; CAPITULO 27"},"content":{"rendered":"<div data-elementor-type=\"wp-post\" data-elementor-id=\"10316\" class=\"elementor elementor-10316\" data-elementor-settings=\"{&quot;ha_cmc_init_switcher&quot;:&quot;no&quot;}\">\n\t\t\t\t\t\t<section class=\"elementor-section elementor-top-section elementor-element elementor-element-22afe40 elementor-section-full_width elementor-section-height-default elementor-section-height-default\" data-id=\"22afe40\" data-element_type=\"section\" data-settings=\"{&quot;background_background&quot;:&quot;classic&quot;,&quot;_ha_eqh_enable&quot;:false}\">\n\t\t\t\t\t\t<div class=\"elementor-container elementor-column-gap-default\">\n\t\t\t\t\t<div class=\"elementor-column elementor-col-100 elementor-top-column elementor-element elementor-element-b5a6a30\" data-id=\"b5a6a30\" data-element_type=\"column\" data-settings=\"{&quot;background_background&quot;:&quot;classic&quot;}\">\n\t\t\t<div class=\"elementor-widget-wrap elementor-element-populated\">\n\t\t\t\t\t\t<div class=\"elementor-element elementor-element-878d8af elementor-widget elementor-widget-heading\" data-id=\"878d8af\" data-element_type=\"widget\" data-widget_type=\"heading.default\">\n\t\t\t\t<div class=\"elementor-widget-container\">\n\t\t\t\t\t<h2 class=\"elementor-heading-title elementor-size-default\">THE DANCER AND THE DIPLOMAT<\/h2>\t\t\t\t<\/div>\n\t\t\t\t<\/div>\n\t\t\t\t\t<\/div>\n\t\t<\/div>\n\t\t\t\t\t<\/div>\n\t\t<\/section>\n\t\t\t\t<section class=\"elementor-section elementor-top-section elementor-element elementor-element-471578e elementor-section-boxed elementor-section-height-default elementor-section-height-default\" data-id=\"471578e\" data-element_type=\"section\" data-settings=\"{&quot;_ha_eqh_enable&quot;:false}\">\n\t\t\t\t\t\t<div class=\"elementor-container elementor-column-gap-default\">\n\t\t\t\t\t<div class=\"elementor-column elementor-col-100 elementor-top-column elementor-element elementor-element-78df3d7\" data-id=\"78df3d7\" data-element_type=\"column\">\n\t\t\t<div class=\"elementor-widget-wrap elementor-element-populated\">\n\t\t\t\t\t\t<div class=\"elementor-element elementor-element-89876e4 elementor-view-default elementor-widget elementor-widget-icon\" data-id=\"89876e4\" data-element_type=\"widget\" data-widget_type=\"icon.default\">\n\t\t\t\t<div class=\"elementor-widget-container\">\n\t\t\t\t\t\t\t<div class=\"elementor-icon-wrapper\">\n\t\t\t<a class=\"elementor-icon\" href=\"http:\/\/estherponcemagazine.com\/en\/a-pelo\/\">\n\t\t\t<i aria-hidden=\"true\" class=\"fas fa-arrow-alt-circle-left\"><\/i>\t\t\t<\/a>\n\t\t<\/div>\n\t\t\t\t\t\t<\/div>\n\t\t\t\t<\/div>\n\t\t\t\t<div class=\"elementor-element elementor-element-b124447 elementor-widget elementor-widget-heading\" data-id=\"b124447\" data-element_type=\"widget\" data-widget_type=\"heading.default\">\n\t\t\t\t<div class=\"elementor-widget-container\">\n\t\t\t\t\t<h2 class=\"elementor-heading-title elementor-size-default\">AUTOBIOGRAPHY<\/h2>\t\t\t\t<\/div>\n\t\t\t\t<\/div>\n\t\t\t\t<div class=\"elementor-element elementor-element-709a297 elementor-widget-divider--view-line elementor-widget elementor-widget-divider\" data-id=\"709a297\" data-element_type=\"widget\" data-widget_type=\"divider.default\">\n\t\t\t\t<div class=\"elementor-widget-container\">\n\t\t\t\t\t\t\t<div class=\"elementor-divider\">\n\t\t\t<span class=\"elementor-divider-separator\">\n\t\t\t\t\t\t<\/span>\n\t\t<\/div>\n\t\t\t\t\t\t<\/div>\n\t\t\t\t<\/div>\n\t\t\t\t<div class=\"elementor-element elementor-element-85dcdbd elementor-widget elementor-widget-heading\" data-id=\"85dcdbd\" data-element_type=\"widget\" data-widget_type=\"heading.default\">\n\t\t\t\t<div class=\"elementor-widget-container\">\n\t\t\t\t\t<h2 class=\"elementor-heading-title elementor-size-default\"><span style=\"font-weight: bold\">Three years full of surreal adventures, successfully at a frenetic  rhythm  in Los Angeles, California&nbsp;<\/span><\/h2>\t\t\t\t<\/div>\n\t\t\t\t<\/div>\n\t\t\t\t<div class=\"elementor-element elementor-element-2485e6b elementor-widget-divider--view-line elementor-widget elementor-widget-divider\" data-id=\"2485e6b\" data-element_type=\"widget\" data-widget_type=\"divider.default\">\n\t\t\t\t<div class=\"elementor-widget-container\">\n\t\t\t\t\t\t\t<div class=\"elementor-divider\">\n\t\t\t<span class=\"elementor-divider-separator\">\n\t\t\t\t\t\t<\/span>\n\t\t<\/div>\n\t\t\t\t\t\t<\/div>\n\t\t\t\t<\/div>\n\t\t\t\t<section class=\"elementor-section elementor-inner-section elementor-element elementor-element-e0a5f3b elementor-reverse-mobile elementor-section-boxed elementor-section-height-default elementor-section-height-default\" data-id=\"e0a5f3b\" data-element_type=\"section\" data-settings=\"{&quot;_ha_eqh_enable&quot;:false}\">\n\t\t\t\t\t\t<div class=\"elementor-container elementor-column-gap-default\">\n\t\t\t\t\t<div class=\"elementor-column elementor-col-100 elementor-inner-column elementor-element elementor-element-b6940ce\" data-id=\"b6940ce\" data-element_type=\"column\">\n\t\t\t<div class=\"elementor-widget-wrap elementor-element-populated\">\n\t\t\t\t\t\t<div class=\"elementor-element elementor-element-05cc50d elementor-widget elementor-widget-heading\" data-id=\"05cc50d\" data-element_type=\"widget\" data-widget_type=\"heading.default\">\n\t\t\t\t<div class=\"elementor-widget-container\">\n\t\t\t\t\t<h2 class=\"elementor-heading-title elementor-size-default\">'The Director of Tourism sends me from L.A. to Andalusia for a week, to attend the 2nd Marketing meeting of Flamenco with E.P.  Productions'<\/h2>\t\t\t\t<\/div>\n\t\t\t\t<\/div>\n\t\t\t\t<div class=\"elementor-element elementor-element-3b60a22 elementor-widget-divider--view-line elementor-widget elementor-widget-divider\" data-id=\"3b60a22\" data-element_type=\"widget\" data-widget_type=\"divider.default\">\n\t\t\t\t<div class=\"elementor-widget-container\">\n\t\t\t\t\t\t\t<div class=\"elementor-divider\">\n\t\t\t<span class=\"elementor-divider-separator\">\n\t\t\t\t\t\t<\/span>\n\t\t<\/div>\n\t\t\t\t\t\t<\/div>\n\t\t\t\t<\/div>\n\t\t\t\t<div class=\"elementor-element elementor-element-e286197 elementor-widget elementor-widget-text-editor\" data-id=\"e286197\" data-element_type=\"widget\" data-widget_type=\"text-editor.default\">\n\t\t\t\t<div class=\"elementor-widget-container\">\n\t\t\t\t\t\t\t\t\t<p>Paul kept in contact almost daily with the Director of the famous Latin newspaper, Juan Rodriguez Flores, even though he put a limousine at my disposal to take Diego el Cigala to tour LA, I could not forget the theft of the box office in the Festival.  And neither could I understand why Paul, with how bad we had it and the fortune we lost, continued to collaborate with them.  They were all Mexican and they understood each other wonderfully.  But something was wrong and my intuition told me that there was a cat locked up.  The box office was probably planned by all of them and they kept the truth from me.<\/p><p>Since I knew that I  would travel to Spain sent by the Tourist Office, the visits to the mountain\u2019 house were more and more constant.  We had two super interesting topics to talk about;  the marketing meeting of Flamenco  organized by the Junta de Andaluc\u00eda, and of the sponsor we were looking for \u201cThe Second Annual Los Angeles Flamenco Festival\u201d and be able to invite Diego el Cigala to participate.<br \/>So at one of our fun parties, Nando and Alberto invited me to stay at their house for a while in a beautiful and bright room that they had in the basement next to the gym.<\/p><p>One day I was woken up by a call from Paul saying that he had great news to give me and that he would come to pick me up to go eat at Spago, one of my favorite restaurants in Beverly Hills. We had to wait a long time to be able to sit on the terrace, but I did not care since I was watching Steven Spielberg himself enjoying a dessert with shorts, a short-sleeved T-shirt, sandals and a cap.  Unlike in Europe, the way you dress in a five-star restaurant is not the main thing, what matters to them in LA is that you have money to pay.  While we were having a wine at the bar at the entrance, Paul gave me the long-awaited news.  We already had a company run by a Filipino couple who were willing to put all the money for the second festival and of course, Rodr\u00edguez Flores had found them.  I was very excited but something inside me told me to be very careful with that panchito.  I had to urgently call Sofia and quickly get to thinking about the terms of the contract.<br \/>The only downside to Spago was the three pieces of Trotolle the size of a macaron next to a piece of Paccheri that served as the main dish in the center of a round XL size bowl, accompanied by an exquisite sauce, which took a minute to eat and it cost one egg and part of the other, as we say in Spain.<\/p><p>It was very strange for me to travel to Spain without having bought the ticket myself, without carrying my flamenco shoes and rehearsal clothes in my suitcase and not seeing my family, but I liked the idea of \u200b\u200bgoing on business with Iberia Airlines like Director of Esther Ponce Productions.<br \/>The second Flamenco Tourism Recruitment Exchange was organized by the Department of Tourism, Commerce and Sports of the Junta de Andaluc\u00eda.<br \/>\u00a0Upon arriving in Seville, we had our first business lunch in a beautiful restaurant next to the hotel to meet all the participating companies from all over the world, with whom we would travel for a week throughout Andalusia and where they would give us a pretty folder large and heavy navy blue leather with the entire itinerary of the trip.<br \/>We went to rest from the long trip and stayed for dinner in a tablao where we would be introduced to the Director of \"Andalucia there is only one\" who would also travel with us.<\/p><p>All the participants came to hire flamenco shows, flamenco events, flamenco classes, etc.  Nobody knew that I was dedicated to flamenco professionally, until the Director, Mr. Manuel Macias, a true Andalusian, realized the moment he was introduced to me and told me;  \u2014Correct me if I'm wrong, but your perfect body and your lovely long curly hair\u2026you have to be an amazing professional dancer !<br \/>Getting fully into the subject of the DVD, Ferdy advised me to have a meeting at the film production company with the film director Enrique Cerezo, who had just been appointed President of Atl\u00e9tico de Madrid just a few months ago.  They were super friends and knew each other from the film industry.  Enrique Cerezo, every time he traveled to Los Angeles, he stayed at his house because he said that there he ate wonderfully and there were always beautiful girls.  Ferdy did not travel much to Spain and when he did, he did not move in the field of offices and did not suffer the envy or the impediments that the secretariats of the powerful put you.  I told him that it seemed like a wonderful idea to me but that giving me the phone number was not enough, because the secretary would have me for days or months, time that I did not have, waiting to find a hole in the President's agenda and that finally he would put me on a Very credible excuse and I would never have that meeting.  Felix the Cat, who was what I called him affectionately, listened to me attentively and immediately asked me to bring him the phone that was in his bedroom, while he made some Margaritas and nervously touched his shiny and hydrated buddy bald head; \u2014In Spain it is now noon and he  will be about to leave the office so I am going to call and tell him that the beautiful Spanish artist and queen of flamenco will visit , that listen to you and take a look to the DVD that I film.\nThey were talking for a long time and I took the opportunity to gossip about his agenda and see how many famous people he knew and with whom he had a very good friendship.<\/p><p>It was already 3 in the morning and the artists were going to finish the party at a flamenco \u201c Pe\u00f1a\u201d  where they would be partying until dawn.<br \/>The participants of the Stock Market did not go because the next day we were traveling to Jerez de la Frontera.  But when I was saying goodbye to the cantaor Arcangel, the most handsome in the tablao, and whom I have not stopped looking at since he arrived, he said to me in a low voice, very sweet and in my ear;  - You have to come with us because I am going to sing you lyrics for tangos that you will never forget.  After his words I no longer dared to look him in the eye and thank goodness that the Director who was watching me and who had noticed everything, he told me that he too was going for a while and that he would call a taxi.  D. Manuel did not separate from me and wanted to make sure that the next day I would get on the bus with everyone, but I just wanted to look at the intense black eyes of that gypsy while he sang and that he was driving me crazy.<br \/>The \u201cpe\u00f1a \u201c was very small and they were all at the bar when suddenly I was surrounded and Jos\u00e9 Merce began to sing buler\u00edas and look at me, which means that he was inviting me to dance, I was trapped and did not know how to get out of the circle that they had done.  I had never been very good at dancing in pettit committee, I like to dance in the theater, with my long dress , to be separated from the public, and to have my moment of concentration without alcohol in the body.  But those moments of party are unique, they are from the heart, without rehearsals, improvised and the most difficult where you give it all in just a few minutes.<\/p><p>I was like frozen and stuck to the ground while I thought ... My God, a cantaor of that category is singing to me and it is a great responsibility, with what I have drunk since dinner I will not be able to give my flamenco turns, because surely with heels so high that I carry I will fall into the arms of Arcangel, but I have to catch that bus .<br \/>the output of the lyrics had already finished and it was time to get in the center, to stand up, to listen and feel the lyrics, to raise my arms very slowly as if the air were heavy and prevented me from raising them, to mark the beat with my feet and my hips with great delicacy and little by little to increase the intensity while looking for the gaze of my gypsy, who just met mine at the perfect moment to finish my dance with strength, elegance and passion.<\/p><p>In Jerez de la Frontera we stayed in a spectacular five-star hotel that was inside a golf course and where I was able to sleep for a few hours and gather strength to visit the Baja\u00f1i route, which in the Romani language of the gypsies, means Guitar. .  It was very interesting to see how a flamenco guitar is made.  I was looking forward to the night to listen to older people singing and dancing through Buler\u00edas, which is the style ( palo) that is played the most in Jerez.<br \/>Every day we traveled to a different city, the hotels were all luxurious and allowed us to rest well.  In the mornings we would do a flamenco route, a meal in a typical flamenco place and a dinner with a show in a tablao.  Without a doubt, where I enjoyed the most was in C\u00e1diz, on the Camar\u00f3n de la Isla route in San Fernando.  We visit the museum house where the best flamenco singer in history was born, at number 29 Calle del Carmen, in the Callejuelas neighborhood.  It was fascinating to see the metal forge where his father worked.  I couldn't resist taking the old hammer and hitting the Yunque, which was the first instrument used to accompany the cante por Martinete.  Later this compass was joined by the guitar and that is when the seguirilla was born.  We were able to see the room where the eight brothers slept and that I will never forget.  As an obligatory visit to eat, we went to the mythical Venta de Vargas and at night by the sea we listened to Alegr\u00edas from very young cantaores who weren't even artists but who are born with that typical party beat from the island.<\/p><p>One of the best experiences was ending and we returned to Seville to attend the pavilion throughout the day where concerts, conferences, painting and photography exhibitions, and documentaries were held on the occasion of the thirteenth edition of the Flamenco Biennal. At night and as a farewell, we had a box at the Lope de Vega Theater where I was able to listen closely to my gypsy Arc\u00e1ngel, who announced the mysteries of God with his heavenly voice.<\/p>\t\t\t\t\t\t\t\t<\/div>\n\t\t\t\t<\/div>\n\t\t\t\t<div class=\"elementor-element elementor-element-60c0d9e elementor-widget elementor-widget-heading\" data-id=\"60c0d9e\" data-element_type=\"widget\" data-widget_type=\"heading.default\">\n\t\t\t\t<div class=\"elementor-widget-container\">\n\t\t\t\t\t<h2 class=\"elementor-heading-title elementor-size-default\">DON'T MISS CHAPTER 28!<\/h2>\t\t\t\t<\/div>\n\t\t\t\t<\/div>\n\t\t\t\t<div class=\"elementor-element elementor-element-db40bb5 elementor-widget elementor-widget-heading\" data-id=\"db40bb5\" data-element_type=\"widget\" data-widget_type=\"heading.default\">\n\t\t\t\t<div class=\"elementor-widget-container\">\n\t\t\t\t\t<h2 class=\"elementor-heading-title elementor-size-default\">'The President of Atletico de Madrid Enrique Cerezo, invites me to be his companion at the premiere of Will Smith's film in Madrid, but the night ends like \u00a1El Rosario de la Aurora!  '\n<\/h2>\t\t\t\t<\/div>\n\t\t\t\t<\/div>\n\t\t\t\t<div class=\"elementor-element elementor-element-6e62493 elementor-widget-divider--view-line elementor-widget elementor-widget-divider\" data-id=\"6e62493\" data-element_type=\"widget\" data-widget_type=\"divider.default\">\n\t\t\t\t<div class=\"elementor-widget-container\">\n\t\t\t\t\t\t\t<div class=\"elementor-divider\">\n\t\t\t<span class=\"elementor-divider-separator\">\n\t\t\t\t\t\t<\/span>\n\t\t<\/div>\n\t\t\t\t\t\t<\/div>\n\t\t\t\t<\/div>\n\t\t\t\t<div class=\"elementor-element elementor-element-1f246d5 elementor-widget elementor-widget-image\" data-id=\"1f246d5\" data-element_type=\"widget\" data-widget_type=\"image.default\">\n\t\t\t\t<div class=\"elementor-widget-container\">\n\t\t\t\t\t\t\t\t\t\t\t\t\t\t\t<img fetchpriority=\"high\" decoding=\"async\" width=\"473\" height=\"707\" src=\"https:\/\/estherponcemagazine.com\/wp-content\/uploads\/2021\/10\/IMG-20211003-WA0000.jpg\" class=\"attachment-large size-large wp-image-10330\" alt=\"\" srcset=\"https:\/\/estherponcemagazine.com\/wp-content\/uploads\/2021\/10\/IMG-20211003-WA0000.jpg 473w, https:\/\/estherponcemagazine.com\/wp-content\/uploads\/2021\/10\/IMG-20211003-WA0000-201x300.jpg 201w, https:\/\/estherponcemagazine.com\/wp-content\/uploads\/2021\/10\/IMG-20211003-WA0000-8x12.jpg 8w, https:\/\/estherponcemagazine.com\/wp-content\/uploads\/2021\/10\/IMG-20211003-WA0000-16x24.jpg 16w, https:\/\/estherponcemagazine.com\/wp-content\/uploads\/2021\/10\/IMG-20211003-WA0000-24x36.jpg 24w, https:\/\/estherponcemagazine.com\/wp-content\/uploads\/2021\/10\/IMG-20211003-WA0000-32x48.jpg 32w\" sizes=\"(max-width: 473px) 100vw, 473px\" \/>\t\t\t\t\t\t\t\t\t\t\t\t\t\t\t<\/div>\n\t\t\t\t<\/div>\n\t\t\t\t<div class=\"elementor-element elementor-element-e3479de elementor-widget elementor-widget-image\" data-id=\"e3479de\" data-element_type=\"widget\" data-widget_type=\"image.default\">\n\t\t\t\t<div class=\"elementor-widget-container\">\n\t\t\t\t\t\t\t\t\t\t\t\t\t\t\t<img decoding=\"async\" width=\"800\" height=\"1019\" src=\"https:\/\/estherponcemagazine.com\/wp-content\/uploads\/2021\/10\/IMG-20211003-WA0001.jpg\" class=\"attachment-large size-large wp-image-10331\" alt=\"\" srcset=\"https:\/\/estherponcemagazine.com\/wp-content\/uploads\/2021\/10\/IMG-20211003-WA0001.jpg 804w, https:\/\/estherponcemagazine.com\/wp-content\/uploads\/2021\/10\/IMG-20211003-WA0001-236x300.jpg 236w, https:\/\/estherponcemagazine.com\/wp-content\/uploads\/2021\/10\/IMG-20211003-WA0001-768x978.jpg 768w, https:\/\/estherponcemagazine.com\/wp-content\/uploads\/2021\/10\/IMG-20211003-WA0001-9x12.jpg 9w, https:\/\/estherponcemagazine.com\/wp-content\/uploads\/2021\/10\/IMG-20211003-WA0001-19x24.jpg 19w, https:\/\/estherponcemagazine.com\/wp-content\/uploads\/2021\/10\/IMG-20211003-WA0001-28x36.jpg 28w, https:\/\/estherponcemagazine.com\/wp-content\/uploads\/2021\/10\/IMG-20211003-WA0001-38x48.jpg 38w\" sizes=\"(max-width: 800px) 100vw, 800px\" \/>\t\t\t\t\t\t\t\t\t\t\t\t\t\t\t<\/div>\n\t\t\t\t<\/div>\n\t\t\t\t<div class=\"elementor-element elementor-element-096b97b elementor-widget elementor-widget-text-editor\" data-id=\"096b97b\" data-element_type=\"widget\" data-widget_type=\"text-editor.default\">\n\t\t\t\t<div class=\"elementor-widget-container\">\n\t\t\t\t\t\t\t\t\t<div class=\"gs\"><div class=\"\"><div id=\":1px\" class=\"ii gt\"><div id=\":1py\" class=\"a3s aiL\"><div class=\"yj6qo\">My gipsy Arcangel.<\/div><div class=\"adL\">\u00a0<\/div><\/div><\/div><div class=\"hi\">\u00a0<\/div><\/div><\/div>\t\t\t\t\t\t\t\t<\/div>\n\t\t\t\t<\/div>\n\t\t\t\t<div class=\"elementor-element elementor-element-cf4669a elementor-widget elementor-widget-image\" data-id=\"cf4669a\" data-element_type=\"widget\" data-widget_type=\"image.default\">\n\t\t\t\t<div class=\"elementor-widget-container\">\n\t\t\t\t\t\t\t\t\t\t\t\t\t\t\t<img decoding=\"async\" width=\"800\" height=\"592\" src=\"https:\/\/estherponcemagazine.com\/wp-content\/uploads\/2021\/10\/IMG-20211003-WA0002.jpg\" class=\"attachment-large size-large wp-image-10332\" alt=\"\" srcset=\"https:\/\/estherponcemagazine.com\/wp-content\/uploads\/2021\/10\/IMG-20211003-WA0002.jpg 1024w, https:\/\/estherponcemagazine.com\/wp-content\/uploads\/2021\/10\/IMG-20211003-WA0002-300x222.jpg 300w, https:\/\/estherponcemagazine.com\/wp-content\/uploads\/2021\/10\/IMG-20211003-WA0002-768x569.jpg 768w, https:\/\/estherponcemagazine.com\/wp-content\/uploads\/2021\/10\/IMG-20211003-WA0002-16x12.jpg 16w, https:\/\/estherponcemagazine.com\/wp-content\/uploads\/2021\/10\/IMG-20211003-WA0002-24x18.jpg 24w, https:\/\/estherponcemagazine.com\/wp-content\/uploads\/2021\/10\/IMG-20211003-WA0002-36x27.jpg 36w, https:\/\/estherponcemagazine.com\/wp-content\/uploads\/2021\/10\/IMG-20211003-WA0002-48x36.jpg 48w\" sizes=\"(max-width: 800px) 100vw, 800px\" \/>\t\t\t\t\t\t\t\t\t\t\t\t\t\t\t<\/div>\n\t\t\t\t<\/div>\n\t\t\t\t<div class=\"elementor-element elementor-element-38490d8 elementor-widget elementor-widget-text-editor\" data-id=\"38490d8\" data-element_type=\"widget\" data-widget_type=\"text-editor.default\">\n\t\t\t\t<div class=\"elementor-widget-container\">\n\t\t\t\t\t\t\t\t\t<div class=\"gs\"><div class=\"\"><div id=\":1px\" class=\"ii gt\"><div id=\":1py\" class=\"a3s aiL\"><div class=\"yj6qo\">Invitation's letter from La Junta De Andaluc\u00eda. <\/div><div class=\"adL\">\u00a0<\/div><\/div><\/div><div class=\"hi\">\u00a0<\/div><\/div><\/div>\t\t\t\t\t\t\t\t<\/div>\n\t\t\t\t<\/div>\n\t\t\t\t<div class=\"elementor-element elementor-element-6775b16 elementor-widget elementor-widget-video\" data-id=\"6775b16\" data-element_type=\"widget\" data-settings=\"{&quot;youtube_url&quot;:&quot;https:\\\/\\\/youtu.be\\\/DR8WP3aRdRU&quot;,&quot;video_type&quot;:&quot;youtube&quot;,&quot;controls&quot;:&quot;yes&quot;}\" data-widget_type=\"video.default\">\n\t\t\t\t<div class=\"elementor-widget-container\">\n\t\t\t\t\t\t\t<div class=\"elementor-wrapper elementor-open-inline\">\n\t\t\t<div class=\"elementor-video\"><\/div>\t\t<\/div>\n\t\t\t\t\t\t<\/div>\n\t\t\t\t<\/div>\n\t\t\t\t<div class=\"elementor-element elementor-element-c5241ae elementor-widget-divider--view-line elementor-widget elementor-widget-divider\" data-id=\"c5241ae\" data-element_type=\"widget\" data-widget_type=\"divider.default\">\n\t\t\t\t<div class=\"elementor-widget-container\">\n\t\t\t\t\t\t\t<div class=\"elementor-divider\">\n\t\t\t<span class=\"elementor-divider-separator\">\n\t\t\t\t\t\t<\/span>\n\t\t<\/div>\n\t\t\t\t\t\t<\/div>\n\t\t\t\t<\/div>\n\t\t\t\t\t<\/div>\n\t\t<\/div>\n\t\t\t\t\t<\/div>\n\t\t<\/section>\n\t\t\t\t\t<\/div>\n\t\t<\/div>\n\t\t\t\t\t<\/div>\n\t\t<\/section>\n\t\t\t\t<section class=\"elementor-section elementor-top-section elementor-element elementor-element-7fd0a09 elementor-section-boxed elementor-section-height-default elementor-section-height-default\" data-id=\"7fd0a09\" data-element_type=\"section\" data-settings=\"{&quot;_ha_eqh_enable&quot;:false}\">\n\t\t\t\t\t\t<div class=\"elementor-container elementor-column-gap-default\">\n\t\t\t\t\t<div class=\"elementor-column elementor-col-100 elementor-top-column elementor-element elementor-element-836707c\" data-id=\"836707c\" data-element_type=\"column\">\n\t\t\t<div class=\"elementor-widget-wrap elementor-element-populated\">\n\t\t\t\t\t\t\t<\/div>\n\t\t<\/div>\n\t\t\t\t\t<\/div>\n\t\t<\/section>\n\t\t\t\t<\/div>","protected":false},"excerpt":{"rendered":"<p>LA BAILARINA Y EL DIPLOM\u00c1TICO AUTOBIOGRAF\u00cdA Tres a\u00f1os llenos de aventuras surrealistas, a un ritmo fren\u00e9tico y de \u00e9xito en Los \u00c1ngeles , California&nbsp; \u201c El Director de Turismo me env\u00eda desde L.A. a Andaluc\u00eda por una semana, para asistir a la 2\u00aa Bolsa de Contrataci\u00f3n de Flamenco con E.P. Productions\u201d. Paul segu\u00eda en contacto [&hellip;]<\/p>","protected":false},"author":1,"featured_media":38,"parent":0,"menu_order":0,"comment_status":"open","ping_status":"closed","template":"elementor_header_footer","meta":{"footnotes":""},"class_list":["post-10316","page","type-page","status-publish","has-post-thumbnail","hentry"],"_links":{"self":[{"href":"https:\/\/estherponcemagazine.com\/en\/wp-json\/wp\/v2\/pages\/10316","targetHints":{"allow":["GET"]}}],"collection":[{"href":"https:\/\/estherponcemagazine.com\/en\/wp-json\/wp\/v2\/pages"}],"about":[{"href":"https:\/\/estherponcemagazine.com\/en\/wp-json\/wp\/v2\/types\/page"}],"author":[{"embeddable":true,"href":"https:\/\/estherponcemagazine.com\/en\/wp-json\/wp\/v2\/users\/1"}],"replies":[{"embeddable":true,"href":"https:\/\/estherponcemagazine.com\/en\/wp-json\/wp\/v2\/comments?post=10316"}],"version-history":[{"count":31,"href":"https:\/\/estherponcemagazine.com\/en\/wp-json\/wp\/v2\/pages\/10316\/revisions"}],"predecessor-version":[{"id":10353,"href":"https:\/\/estherponcemagazine.com\/en\/wp-json\/wp\/v2\/pages\/10316\/revisions\/10353"}],"wp:featuredmedia":[{"embeddable":true,"href":"https:\/\/estherponcemagazine.com\/en\/wp-json\/wp\/v2\/media\/38"}],"wp:attachment":[{"href":"https:\/\/estherponcemagazine.com\/en\/wp-json\/wp\/v2\/media?parent=10316"}],"curies":[{"name":"wp","href":"https:\/\/api.w.org\/{rel}","templated":true}]}}