{"id":10273,"date":"2021-09-27T07:05:33","date_gmt":"2021-09-27T08:05:33","guid":{"rendered":"https:\/\/estherponcemagazine.com\/?page_id=10273"},"modified":"2021-10-04T09:30:26","modified_gmt":"2021-10-04T10:30:26","slug":"la-bailarina-y-el-diplomatico-capitulo-26","status":"publish","type":"page","link":"https:\/\/estherponcemagazine.com\/en\/la-bailarina-y-el-diplomatico-capitulo-26\/","title":{"rendered":"LA BAILARINA Y EL DIPLOM\u00c1TICO &#8211; CAPITULO 26"},"content":{"rendered":"<div data-elementor-type=\"wp-post\" data-elementor-id=\"10273\" class=\"elementor elementor-10273\" data-elementor-settings=\"{&quot;ha_cmc_init_switcher&quot;:&quot;no&quot;}\">\n\t\t\t\t\t\t<section class=\"elementor-section elementor-top-section elementor-element elementor-element-22afe40 elementor-section-full_width elementor-section-height-default elementor-section-height-default\" data-id=\"22afe40\" data-element_type=\"section\" data-settings=\"{&quot;background_background&quot;:&quot;classic&quot;,&quot;_ha_eqh_enable&quot;:false}\">\n\t\t\t\t\t\t<div class=\"elementor-container elementor-column-gap-default\">\n\t\t\t\t\t<div class=\"elementor-column elementor-col-100 elementor-top-column elementor-element elementor-element-b5a6a30\" data-id=\"b5a6a30\" data-element_type=\"column\" data-settings=\"{&quot;background_background&quot;:&quot;classic&quot;}\">\n\t\t\t<div class=\"elementor-widget-wrap elementor-element-populated\">\n\t\t\t\t\t\t<div class=\"elementor-element elementor-element-878d8af elementor-widget elementor-widget-heading\" data-id=\"878d8af\" data-element_type=\"widget\" data-widget_type=\"heading.default\">\n\t\t\t\t<div class=\"elementor-widget-container\">\n\t\t\t\t\t<h2 class=\"elementor-heading-title elementor-size-default\">THE DANCER AND THE DIPLOMAT<\/h2>\t\t\t\t<\/div>\n\t\t\t\t<\/div>\n\t\t\t\t\t<\/div>\n\t\t<\/div>\n\t\t\t\t\t<\/div>\n\t\t<\/section>\n\t\t\t\t<section class=\"elementor-section elementor-top-section elementor-element elementor-element-471578e elementor-section-boxed elementor-section-height-default elementor-section-height-default\" data-id=\"471578e\" data-element_type=\"section\" data-settings=\"{&quot;_ha_eqh_enable&quot;:false}\">\n\t\t\t\t\t\t<div class=\"elementor-container elementor-column-gap-default\">\n\t\t\t\t\t<div class=\"elementor-column elementor-col-100 elementor-top-column elementor-element elementor-element-78df3d7\" data-id=\"78df3d7\" data-element_type=\"column\">\n\t\t\t<div class=\"elementor-widget-wrap elementor-element-populated\">\n\t\t\t\t\t\t<div class=\"elementor-element elementor-element-89876e4 elementor-view-default elementor-widget elementor-widget-icon\" data-id=\"89876e4\" data-element_type=\"widget\" data-widget_type=\"icon.default\">\n\t\t\t\t<div class=\"elementor-widget-container\">\n\t\t\t\t\t\t\t<div class=\"elementor-icon-wrapper\">\n\t\t\t<a class=\"elementor-icon\" href=\"http:\/\/estherponcemagazine.com\/en\/a-pelo\/\">\n\t\t\t<i aria-hidden=\"true\" class=\"fas fa-arrow-alt-circle-left\"><\/i>\t\t\t<\/a>\n\t\t<\/div>\n\t\t\t\t\t\t<\/div>\n\t\t\t\t<\/div>\n\t\t\t\t<div class=\"elementor-element elementor-element-b124447 elementor-widget elementor-widget-heading\" data-id=\"b124447\" data-element_type=\"widget\" data-widget_type=\"heading.default\">\n\t\t\t\t<div class=\"elementor-widget-container\">\n\t\t\t\t\t<h2 class=\"elementor-heading-title elementor-size-default\">AUTOBIOGRAPHY<\/h2>\t\t\t\t<\/div>\n\t\t\t\t<\/div>\n\t\t\t\t<div class=\"elementor-element elementor-element-709a297 elementor-widget-divider--view-line elementor-widget elementor-widget-divider\" data-id=\"709a297\" data-element_type=\"widget\" data-widget_type=\"divider.default\">\n\t\t\t\t<div class=\"elementor-widget-container\">\n\t\t\t\t\t\t\t<div class=\"elementor-divider\">\n\t\t\t<span class=\"elementor-divider-separator\">\n\t\t\t\t\t\t<\/span>\n\t\t<\/div>\n\t\t\t\t\t\t<\/div>\n\t\t\t\t<\/div>\n\t\t\t\t<div class=\"elementor-element elementor-element-85dcdbd elementor-widget elementor-widget-heading\" data-id=\"85dcdbd\" data-element_type=\"widget\" data-widget_type=\"heading.default\">\n\t\t\t\t<div class=\"elementor-widget-container\">\n\t\t\t\t\t<h2 class=\"elementor-heading-title elementor-size-default\"><span style=\"font-weight: bold\">Three years full of surreal adventures, successfully at a frenetic  rhythm  in Los Angeles, California&nbsp;<\/span><\/h2>\t\t\t\t<\/div>\n\t\t\t\t<\/div>\n\t\t\t\t<div class=\"elementor-element elementor-element-2485e6b elementor-widget-divider--view-line elementor-widget elementor-widget-divider\" data-id=\"2485e6b\" data-element_type=\"widget\" data-widget_type=\"divider.default\">\n\t\t\t\t<div class=\"elementor-widget-container\">\n\t\t\t\t\t\t\t<div class=\"elementor-divider\">\n\t\t\t<span class=\"elementor-divider-separator\">\n\t\t\t\t\t\t<\/span>\n\t\t<\/div>\n\t\t\t\t\t\t<\/div>\n\t\t\t\t<\/div>\n\t\t\t\t<section class=\"elementor-section elementor-inner-section elementor-element elementor-element-e0a5f3b elementor-reverse-mobile elementor-section-boxed elementor-section-height-default elementor-section-height-default\" data-id=\"e0a5f3b\" data-element_type=\"section\" data-settings=\"{&quot;_ha_eqh_enable&quot;:false}\">\n\t\t\t\t\t\t<div class=\"elementor-container elementor-column-gap-default\">\n\t\t\t\t\t<div class=\"elementor-column elementor-col-100 elementor-inner-column elementor-element elementor-element-b6940ce\" data-id=\"b6940ce\" data-element_type=\"column\">\n\t\t\t<div class=\"elementor-widget-wrap elementor-element-populated\">\n\t\t\t\t\t\t<div class=\"elementor-element elementor-element-05cc50d elementor-widget elementor-widget-heading\" data-id=\"05cc50d\" data-element_type=\"widget\" data-widget_type=\"heading.default\">\n\t\t\t\t<div class=\"elementor-widget-container\">\n\t\t\t\t\t<h2 class=\"elementor-heading-title elementor-size-default\">'The new Consul of Spain, Mr. Inocencio Arias, gives a party in my honor at his Residence for being the first Spanish to advertise on a North American cultural TV '<\/h2>\t\t\t\t<\/div>\n\t\t\t\t<\/div>\n\t\t\t\t<div class=\"elementor-element elementor-element-3b60a22 elementor-widget-divider--view-line elementor-widget elementor-widget-divider\" data-id=\"3b60a22\" data-element_type=\"widget\" data-widget_type=\"divider.default\">\n\t\t\t\t<div class=\"elementor-widget-container\">\n\t\t\t\t\t\t\t<div class=\"elementor-divider\">\n\t\t\t<span class=\"elementor-divider-separator\">\n\t\t\t\t\t\t<\/span>\n\t\t<\/div>\n\t\t\t\t\t\t<\/div>\n\t\t\t\t<\/div>\n\t\t\t\t<div class=\"elementor-element elementor-element-e286197 elementor-widget elementor-widget-text-editor\" data-id=\"e286197\" data-element_type=\"widget\" data-widget_type=\"text-editor.default\">\n\t\t\t\t<div class=\"elementor-widget-container\">\n\t\t\t\t\t\t\t\t\t<p>Living in Maria's house with her husband and her little daughter was always cordial and pleasant.  I had already lived with them in their first home and knew them very well.  When I came back from Madrid, they had just finished moving into the house they bought in Beverlly Hills.  I remember Mar\u00eda giving me orders, as always, warning me that I could not lose the key under any circumstances  because the copy cost $ 500. The one who did most of the housework was her husband.  An American boy history teacher and as we say in Spain, a good guy.  The screams that Mar\u00eda would hit him when she was not satisfied with something, which was almost all the time, at first made me feel uncomfortable, and I even felt sorry for him, because\n She wouldn't even let him speak or defend himself.  But little by little I understood everything.<\/p><p>I liked being in Maria's dressing room choosing the clothes she would wear for her next trip to Spain.  She had Banana Republic bags full of clothes that hadn't been tried on yet, and she was telling me what she would wear to her meetings.  I learned a lot from Maria, what to do and what not to do.  I like women older than me, strong and powerful.  As I also bought in Banana Republic, in my case almost always On Sale, we understood each other at the first time, BUT!  Mar\u00eda was not expecting it and she immediately grew the envious vein of the purebred Spanish woman.  Whenever I talk about her, I remember the day the limousine was waiting for me at the door to pick up Diego EL Cigala and take him to dinner, when she said to me while leaving: \u2014You're marking your entire ass, do you know that right?  It was as if a jealous man were saying it and suddenly all the joy that was in my body was cut off and for a moment I wanted to go change.  It was like a shot, Mar\u00eda had a reputation in the culture office for being a Director with a very bad temper.  But I called Sof\u00eda, who of course was late and was in her house on the beach in Santa Monica, divine , and waiting for the limousine, and surely with her little finger raised while she refreshed herself with a Mimosa telling me;  \u2014Monty, I've seen that suit, is that super elegant and romantic pale pink one of that famous Armenian designer, right?  Don't ever take it off, it looks spectacularly perfect on you, you have the most amazing hard and elegant ass I've ever seen.  A dress from a haute couture designer, long, with straps, with the whole back in the air, with a gathering at the back that marks everything and that only you can wear, take advantage now that you can.  And don't listen to her, that's called Envy.\u00a0<\/p><p>It was time to visit the new Consul of Spain, Mr. Inocencio Arias.  Mar\u00eda presented it to me at the dinner for the presentation of his book \"Confessions of a Diplomat\" and that I have dedicated.  A quite controversial book that reveals the truth that is hidden between boxes, in the United Nations.<br \/>Mar\u00eda , at dinner, explained it to me so that I would understand it quickly;  \u2014Since the PSOE won, Mr. Inocencio Arias leaves the rank of Ambassador in NY City and your favorite consul, Mr. Jose Luis Dicenta Ballester, is promoted to Ambassador in Rome.  Immediately my little head began to plan a trip to Rome, where my first cousin lived, to meet again with the Ambassador.  I was very sorry that he left LA, and just when he had separated from the German model and I would have a free field.  That diplomat helped me and opened many doors for me.  A little short, but very interesting, and his long gray hair as if he were Italian, which I liked the most.<\/p><p>Being in front of the former President of the Association of Ambassadors of the ONU and the World Committee against Terrorism in Iraq, was a bit imposing.  But when I walked in and saw him in his bubblegum pink bow tie and blue Ralph Lauren shirt, I relaxed and sat on the brown leather 4-seater sofa watching the sun come in through the huge windows overlooking Wilshire Blvd. I recounted as if it were a movie, my two successful years in Los Angeles.  And to finish, I would sneakily let him drop that when they renewed the guest list, to make sure that my name, Esther Ponce, was still there.<br \/>I already knew all the \"Merecumbe\" that were hatched in the offices of Culture, Tourism, Cervantes Institute, the last one , not even had its own entity and was only an office.  The state officials who envied each other, the consul's secretary, thank goodness she was charming to me.  However I had to be careful the way nobody magically remove you from the list.  I don't know if it was my sincerity that he liked the most , but he replied that I not only would continue on the list of relevant guests, but that he called his secretary and told her that at the end of the meeting, she would dedicate the necessary time to specify a date , because he was going to give a party in my honor, for being the first Spanish artist to get into the programming of a very Important North American cultural TV network , my show \u201cFlamenco Dreams\u201d.  The secretary, as if she were my aunt, left looking at me with a knowing and happy face.<br \/>Mr Arias , 30 years older than me, returned to the conversation saying;  - Let's see, miss, I was struck by the part in which the bailaor Joaquin Cortes asks you who you had slept with to get such recognition on American TV, since not even he, being famous, could program the DVD of his show filmed in London ...<br \/>\u2014Of course I didn't need to sleep with anyone, I told him.  In LA, unlike in Spain, if you are tenacious, a fighter and you show it, the work pays off and the doors open for you, in Spain they close them and if they can step on you, the better.  The Consul knew perfectly well that in addition to my successes, being a polyglot differentiated me from the rest of the flamenco dancers who normally do not have much general knowledge.<\/p><p>Mar\u00eda was traveling that day and it was Preston, her husband, who would take me to the event in his familiar white Mercedes smelling of new.  Before we went to a florist to buy a bouquet of roses for the Consul's wife.<br \/>Paul arrived first at the Consul's residence, to make sure that nothing was missing and super proud of his feat.  Although the product was good, Paul listened to me to put aside the Latin American TV networks such as Univisi\u00f3n and Telemundo, which is where they always put the Spanish in the hood, and to aim higher by offering it to the North American networks.<br \/>At the entrance of the residence and as the favorite place of all the guests for the photocall, you were greeted by two life-size statues of Maria Angustia Sarmiento and Isabel de Velasco, The biggest Las Meninas de Velazquez I had ever seen.<br \/>The Consul's wife congratulated me and asked me to accompany her to put the bouquet of roses in water.  She taught me to remove all the leaves from the roses, leaving the stem only with the thorns and put them in a beautiful transparent glass vase.  It was fantastic to be in the place of the honoree, everyone came up, praised me and asked me how much time was left for the live broadcast of \u201cFlamenco Dreams\u201d on PBS.<\/p><p>Miles Copeland, who did not usually attend any events due to lack of time, surely accepted the invitation to have the opportunity to see the entire 45m show for the first time, and at the same time taste the best Spanish food.  He sat in the chair directly across from the main living room movie screen and saved a spot for me next to him.<br \/>Among the guests I also met again with characters from the past with whom I had had a story to tell and remember, such as Superman producer Ilia Zalkin who apologized for what happened the night he invited me to dinner and from which Ryan saved me. , my first jewish love.  Daniel, another Jewish love, this time secret, from Madonna's office, Maverick, who was watching me all the time, avoiding Paul's jealousy, but who finally found the moment to invite me the next day to dinner on his moored yacht in Marina del Rey.  That is what it to be the protagonist of the party, that everyone wants to invite you out ...<\/p><p>Mr. Inocencio Arias this time with a blue polka dot bow tie and taking me by the arm, led me to the center of the room, and left me alone in the face of danger, it was time to give my speech, a small speech that I had not prepared and that by toasting my friend Mar\u00eda , who was not among us but thanks to her and her bureaucratic help, I was receiving this tribute today ... when suddenly the Consul interrupted me, correcting me with his characteristic sense of humor, clarifying before the gaze of more than 100 guests, that Mar\u00eda was not only my friend, but everyone's.\u00a0<br \/>Invite the Director of Tourism and his husband to tour Los Angeles in a limousine next to Diego El Cigala, his favorite artist, and have him sit on the sofa in his living room caressing his Alsatian shepherd while the CD of Lagrimas Negras played and that he had dedicated himself to them, it was so amazing, something that would never happen to them even in dreams.  So they took advantage of such an important day for me, and in gratitude they gave me great news, I couldn't believe it, it would be a great step in my career ...<\/p><p>Twenty minutes before the start of the show, PBS was already playing the demo of \"Flamenco Dreams\" every 5 minutes, which, seen on such a big cinema screen, looked like a movie, while its live presenter said;  Don\u00b4t miss Esther Ponce\u00b4s inspiration of Rita Haywort\u00b4s Gilda, gathering the most accomplished artist of this genre\u2026<br \/>I have to admit that I got nervous as if I was going to go on stage for real and I really enjoyed watching the guests pay attention to the screen and applaud at the same time as the audience.  The new consul made me grow as an artist and grew my CV. That night closed one of the most exciting chapters of my life.\u00a0<\/p><p>Preston came home alone, Paul was left saying goodbye to the guests and Sof\u00eda and I went to party to celebrate a well-deserved triumph from which it would take us a couple of days to recover.<\/p>\t\t\t\t\t\t\t\t<\/div>\n\t\t\t\t<\/div>\n\t\t\t\t<div class=\"elementor-element elementor-element-60c0d9e elementor-widget elementor-widget-heading\" data-id=\"60c0d9e\" data-element_type=\"widget\" data-widget_type=\"heading.default\">\n\t\t\t\t<div class=\"elementor-widget-container\">\n\t\t\t\t\t<h2 class=\"elementor-heading-title elementor-size-default\">DON'T MISS CHAPTER 27<\/h2>\t\t\t\t<\/div>\n\t\t\t\t<\/div>\n\t\t\t\t<div class=\"elementor-element elementor-element-db40bb5 elementor-widget elementor-widget-heading\" data-id=\"db40bb5\" data-element_type=\"widget\" data-widget_type=\"heading.default\">\n\t\t\t\t<div class=\"elementor-widget-container\">\n\t\t\t\t\t<h2 class=\"elementor-heading-title elementor-size-default\">'The Director of Tourism sends me from L.A. to Andalusia for a week, to attend the 2nd Marketing meeting of Flamenco with E.P.  Productions'<\/h2>\t\t\t\t<\/div>\n\t\t\t\t<\/div>\n\t\t\t\t<div class=\"elementor-element elementor-element-6e62493 elementor-widget-divider--view-line elementor-widget elementor-widget-divider\" data-id=\"6e62493\" data-element_type=\"widget\" data-widget_type=\"divider.default\">\n\t\t\t\t<div class=\"elementor-widget-container\">\n\t\t\t\t\t\t\t<div class=\"elementor-divider\">\n\t\t\t<span class=\"elementor-divider-separator\">\n\t\t\t\t\t\t<\/span>\n\t\t<\/div>\n\t\t\t\t\t\t<\/div>\n\t\t\t\t<\/div>\n\t\t\t\t<div class=\"elementor-element elementor-element-1f246d5 elementor-widget elementor-widget-image\" data-id=\"1f246d5\" data-element_type=\"widget\" data-widget_type=\"image.default\">\n\t\t\t\t<div class=\"elementor-widget-container\">\n\t\t\t\t\t\t\t\t\t\t\t\t\t\t\t<img fetchpriority=\"high\" decoding=\"async\" width=\"800\" height=\"600\" src=\"https:\/\/estherponcemagazine.com\/wp-content\/uploads\/2021\/09\/IMG-20210925-WA0002.jpg\" class=\"attachment-large size-large wp-image-10278\" alt=\"\" srcset=\"https:\/\/estherponcemagazine.com\/wp-content\/uploads\/2021\/09\/IMG-20210925-WA0002.jpg 1024w, https:\/\/estherponcemagazine.com\/wp-content\/uploads\/2021\/09\/IMG-20210925-WA0002-300x225.jpg 300w, https:\/\/estherponcemagazine.com\/wp-content\/uploads\/2021\/09\/IMG-20210925-WA0002-768x576.jpg 768w, https:\/\/estherponcemagazine.com\/wp-content\/uploads\/2021\/09\/IMG-20210925-WA0002-16x12.jpg 16w, https:\/\/estherponcemagazine.com\/wp-content\/uploads\/2021\/09\/IMG-20210925-WA0002-24x18.jpg 24w, https:\/\/estherponcemagazine.com\/wp-content\/uploads\/2021\/09\/IMG-20210925-WA0002-36x27.jpg 36w, https:\/\/estherponcemagazine.com\/wp-content\/uploads\/2021\/09\/IMG-20210925-WA0002-48x36.jpg 48w\" sizes=\"(max-width: 800px) 100vw, 800px\" \/>\t\t\t\t\t\t\t\t\t\t\t\t\t\t\t<\/div>\n\t\t\t\t<\/div>\n\t\t\t\t<div class=\"elementor-element elementor-element-7d095d5 elementor-widget elementor-widget-text-editor\" data-id=\"7d095d5\" data-element_type=\"widget\" data-widget_type=\"text-editor.default\">\n\t\t\t\t<div class=\"elementor-widget-container\">\n\t\t\t\t\t\t\t\t\t<div class=\"gs\">\n<div class=\"\">\n<div id=\":1px\" class=\"ii gt\">\n<div id=\":1py\" class=\"a3s aiL\">\n<div class=\"yj6qo\">Con D. Inocencio Arias, el&nbsp; nuevo C\u00f3nsul de Espa\u00f1a el d\u00eda de la fiesta en su Residencia de LA.<\/div>\n<div class=\"adL\">&nbsp;<\/div>\n<\/div>\n<\/div>\n<div class=\"hi\">&nbsp;<\/div>\n<\/div>\n<\/div>\t\t\t\t\t\t\t\t<\/div>\n\t\t\t\t<\/div>\n\t\t\t\t<div class=\"elementor-element elementor-element-6775b16 elementor-widget elementor-widget-video\" data-id=\"6775b16\" data-element_type=\"widget\" data-settings=\"{&quot;youtube_url&quot;:&quot;https:\\\/\\\/youtu.be\\\/CYFUiYoYPbg&quot;,&quot;video_type&quot;:&quot;youtube&quot;,&quot;controls&quot;:&quot;yes&quot;}\" data-widget_type=\"video.default\">\n\t\t\t\t<div class=\"elementor-widget-container\">\n\t\t\t\t\t\t\t<div class=\"elementor-wrapper elementor-open-inline\">\n\t\t\t<div class=\"elementor-video\"><\/div>\t\t<\/div>\n\t\t\t\t\t\t<\/div>\n\t\t\t\t<\/div>\n\t\t\t\t<div class=\"elementor-element elementor-element-c5241ae elementor-widget-divider--view-line elementor-widget elementor-widget-divider\" data-id=\"c5241ae\" data-element_type=\"widget\" data-widget_type=\"divider.default\">\n\t\t\t\t<div class=\"elementor-widget-container\">\n\t\t\t\t\t\t\t<div class=\"elementor-divider\">\n\t\t\t<span class=\"elementor-divider-separator\">\n\t\t\t\t\t\t<\/span>\n\t\t<\/div>\n\t\t\t\t\t\t<\/div>\n\t\t\t\t<\/div>\n\t\t\t\t\t<\/div>\n\t\t<\/div>\n\t\t\t\t\t<\/div>\n\t\t<\/section>\n\t\t\t\t\t<\/div>\n\t\t<\/div>\n\t\t\t\t\t<\/div>\n\t\t<\/section>\n\t\t\t\t<section class=\"elementor-section elementor-top-section elementor-element elementor-element-7fd0a09 elementor-section-boxed elementor-section-height-default elementor-section-height-default\" data-id=\"7fd0a09\" data-element_type=\"section\" data-settings=\"{&quot;_ha_eqh_enable&quot;:false}\">\n\t\t\t\t\t\t<div class=\"elementor-container elementor-column-gap-default\">\n\t\t\t\t\t<div class=\"elementor-column elementor-col-100 elementor-top-column elementor-element elementor-element-836707c\" data-id=\"836707c\" data-element_type=\"column\">\n\t\t\t<div class=\"elementor-widget-wrap elementor-element-populated\">\n\t\t\t\t\t\t\t<\/div>\n\t\t<\/div>\n\t\t\t\t\t<\/div>\n\t\t<\/section>\n\t\t\t\t<\/div>","protected":false},"excerpt":{"rendered":"<p>LA BAILARINA Y EL DIPLOM\u00c1TICO AUTOBIOGRAF\u00cdA Tres a\u00f1os llenos de aventuras surrealistas, a un ritmo fren\u00e9tico y de \u00e9xito en Los \u00c1ngeles , California&nbsp; \u00abEl nuevo C\u00f3nsul de Espa\u00f1a, D. Inocencio Arias, da una fiesta en mi honor en su Residencia por ser la primera espa\u00f1ola en anunciarse en una TV cultural norteamericana \u201c La [&hellip;]<\/p>","protected":false},"author":1,"featured_media":38,"parent":0,"menu_order":0,"comment_status":"open","ping_status":"closed","template":"elementor_header_footer","meta":{"footnotes":""},"class_list":["post-10273","page","type-page","status-publish","has-post-thumbnail","hentry"],"_links":{"self":[{"href":"https:\/\/estherponcemagazine.com\/en\/wp-json\/wp\/v2\/pages\/10273","targetHints":{"allow":["GET"]}}],"collection":[{"href":"https:\/\/estherponcemagazine.com\/en\/wp-json\/wp\/v2\/pages"}],"about":[{"href":"https:\/\/estherponcemagazine.com\/en\/wp-json\/wp\/v2\/types\/page"}],"author":[{"embeddable":true,"href":"https:\/\/estherponcemagazine.com\/en\/wp-json\/wp\/v2\/users\/1"}],"replies":[{"embeddable":true,"href":"https:\/\/estherponcemagazine.com\/en\/wp-json\/wp\/v2\/comments?post=10273"}],"version-history":[{"count":37,"href":"https:\/\/estherponcemagazine.com\/en\/wp-json\/wp\/v2\/pages\/10273\/revisions"}],"predecessor-version":[{"id":10347,"href":"https:\/\/estherponcemagazine.com\/en\/wp-json\/wp\/v2\/pages\/10273\/revisions\/10347"}],"wp:featuredmedia":[{"embeddable":true,"href":"https:\/\/estherponcemagazine.com\/en\/wp-json\/wp\/v2\/media\/38"}],"wp:attachment":[{"href":"https:\/\/estherponcemagazine.com\/en\/wp-json\/wp\/v2\/media?parent=10273"}],"curies":[{"name":"wp","href":"https:\/\/api.w.org\/{rel}","templated":true}]}}