{"id":10164,"date":"2021-09-13T09:02:01","date_gmt":"2021-09-13T10:02:01","guid":{"rendered":"https:\/\/estherponcemagazine.com\/?page_id=10164"},"modified":"2021-09-22T11:14:24","modified_gmt":"2021-09-22T12:14:24","slug":"la-bailarina-y-el-diplomatico-capitulo-24","status":"publish","type":"page","link":"https:\/\/estherponcemagazine.com\/en\/la-bailarina-y-el-diplomatico-capitulo-24\/","title":{"rendered":"LA BAILARINA Y EL DIPLOM\u00c1TICO &#8211; CAPITULO 24"},"content":{"rendered":"<div data-elementor-type=\"wp-post\" data-elementor-id=\"10164\" class=\"elementor elementor-10164\" data-elementor-settings=\"{&quot;ha_cmc_init_switcher&quot;:&quot;no&quot;}\">\n\t\t\t\t\t\t<section class=\"elementor-section elementor-top-section elementor-element elementor-element-22afe40 elementor-section-full_width elementor-section-height-default elementor-section-height-default\" data-id=\"22afe40\" data-element_type=\"section\" data-settings=\"{&quot;background_background&quot;:&quot;classic&quot;,&quot;_ha_eqh_enable&quot;:false}\">\n\t\t\t\t\t\t<div class=\"elementor-container elementor-column-gap-default\">\n\t\t\t\t\t<div class=\"elementor-column elementor-col-100 elementor-top-column elementor-element elementor-element-b5a6a30\" data-id=\"b5a6a30\" data-element_type=\"column\" data-settings=\"{&quot;background_background&quot;:&quot;classic&quot;}\">\n\t\t\t<div class=\"elementor-widget-wrap elementor-element-populated\">\n\t\t\t\t\t\t<div class=\"elementor-element elementor-element-878d8af elementor-widget elementor-widget-heading\" data-id=\"878d8af\" data-element_type=\"widget\" data-widget_type=\"heading.default\">\n\t\t\t\t<div class=\"elementor-widget-container\">\n\t\t\t\t\t<h2 class=\"elementor-heading-title elementor-size-default\">THE DANCER AND THE DIPLOMAT<\/h2>\t\t\t\t<\/div>\n\t\t\t\t<\/div>\n\t\t\t\t\t<\/div>\n\t\t<\/div>\n\t\t\t\t\t<\/div>\n\t\t<\/section>\n\t\t\t\t<section class=\"elementor-section elementor-top-section elementor-element elementor-element-471578e elementor-section-boxed elementor-section-height-default elementor-section-height-default\" data-id=\"471578e\" data-element_type=\"section\" data-settings=\"{&quot;_ha_eqh_enable&quot;:false}\">\n\t\t\t\t\t\t<div class=\"elementor-container elementor-column-gap-default\">\n\t\t\t\t\t<div class=\"elementor-column elementor-col-100 elementor-top-column elementor-element elementor-element-78df3d7\" data-id=\"78df3d7\" data-element_type=\"column\">\n\t\t\t<div class=\"elementor-widget-wrap elementor-element-populated\">\n\t\t\t\t\t\t<div class=\"elementor-element elementor-element-89876e4 elementor-view-default elementor-widget elementor-widget-icon\" data-id=\"89876e4\" data-element_type=\"widget\" data-widget_type=\"icon.default\">\n\t\t\t\t<div class=\"elementor-widget-container\">\n\t\t\t\t\t\t\t<div class=\"elementor-icon-wrapper\">\n\t\t\t<a class=\"elementor-icon\" href=\"http:\/\/estherponcemagazine.com\/en\/a-pelo\/\">\n\t\t\t<i aria-hidden=\"true\" class=\"fas fa-arrow-alt-circle-left\"><\/i>\t\t\t<\/a>\n\t\t<\/div>\n\t\t\t\t\t\t<\/div>\n\t\t\t\t<\/div>\n\t\t\t\t<div class=\"elementor-element elementor-element-b124447 elementor-widget elementor-widget-heading\" data-id=\"b124447\" data-element_type=\"widget\" data-widget_type=\"heading.default\">\n\t\t\t\t<div class=\"elementor-widget-container\">\n\t\t\t\t\t<h2 class=\"elementor-heading-title elementor-size-default\">AUTOBIOGRAPHY<\/h2>\t\t\t\t<\/div>\n\t\t\t\t<\/div>\n\t\t\t\t<div class=\"elementor-element elementor-element-709a297 elementor-widget-divider--view-line elementor-widget elementor-widget-divider\" data-id=\"709a297\" data-element_type=\"widget\" data-widget_type=\"divider.default\">\n\t\t\t\t<div class=\"elementor-widget-container\">\n\t\t\t\t\t\t\t<div class=\"elementor-divider\">\n\t\t\t<span class=\"elementor-divider-separator\">\n\t\t\t\t\t\t<\/span>\n\t\t<\/div>\n\t\t\t\t\t\t<\/div>\n\t\t\t\t<\/div>\n\t\t\t\t<div class=\"elementor-element elementor-element-85dcdbd elementor-widget elementor-widget-heading\" data-id=\"85dcdbd\" data-element_type=\"widget\" data-widget_type=\"heading.default\">\n\t\t\t\t<div class=\"elementor-widget-container\">\n\t\t\t\t\t<h2 class=\"elementor-heading-title elementor-size-default\"><span style=\"font-weight: bold\">Three years full of surreal adventures, successfully at a frenetic  rhythm  in Los Angeles, California&nbsp;<\/span><\/h2>\t\t\t\t<\/div>\n\t\t\t\t<\/div>\n\t\t\t\t<div class=\"elementor-element elementor-element-2485e6b elementor-widget-divider--view-line elementor-widget elementor-widget-divider\" data-id=\"2485e6b\" data-element_type=\"widget\" data-widget_type=\"divider.default\">\n\t\t\t\t<div class=\"elementor-widget-container\">\n\t\t\t\t\t\t\t<div class=\"elementor-divider\">\n\t\t\t<span class=\"elementor-divider-separator\">\n\t\t\t\t\t\t<\/span>\n\t\t<\/div>\n\t\t\t\t\t\t<\/div>\n\t\t\t\t<\/div>\n\t\t\t\t<section class=\"elementor-section elementor-inner-section elementor-element elementor-element-e0a5f3b elementor-reverse-mobile elementor-section-boxed elementor-section-height-default elementor-section-height-default\" data-id=\"e0a5f3b\" data-element_type=\"section\" data-settings=\"{&quot;_ha_eqh_enable&quot;:false}\">\n\t\t\t\t\t\t<div class=\"elementor-container elementor-column-gap-default\">\n\t\t\t\t\t<div class=\"elementor-column elementor-col-100 elementor-inner-column elementor-element elementor-element-b6940ce\" data-id=\"b6940ce\" data-element_type=\"column\">\n\t\t\t<div class=\"elementor-widget-wrap elementor-element-populated\">\n\t\t\t\t\t\t<div class=\"elementor-element elementor-element-05cc50d elementor-widget elementor-widget-heading\" data-id=\"05cc50d\" data-element_type=\"widget\" data-widget_type=\"heading.default\">\n\t\t\t\t<div class=\"elementor-widget-container\">\n\t\t\t\t\t<h2 class=\"elementor-heading-title elementor-size-default\">\"The Grammy Awards have arrived, I pick up Diego el Cigala from the airport and we become inseparable ...everyone thinks I was his manager.\"<\/h2>\t\t\t\t<\/div>\n\t\t\t\t<\/div>\n\t\t\t\t<div class=\"elementor-element elementor-element-3b60a22 elementor-widget-divider--view-line elementor-widget elementor-widget-divider\" data-id=\"3b60a22\" data-element_type=\"widget\" data-widget_type=\"divider.default\">\n\t\t\t\t<div class=\"elementor-widget-container\">\n\t\t\t\t\t\t\t<div class=\"elementor-divider\">\n\t\t\t<span class=\"elementor-divider-separator\">\n\t\t\t\t\t\t<\/span>\n\t\t<\/div>\n\t\t\t\t\t\t<\/div>\n\t\t\t\t<\/div>\n\t\t\t\t<div class=\"elementor-element elementor-element-e286197 elementor-widget elementor-widget-text-editor\" data-id=\"e286197\" data-element_type=\"widget\" data-widget_type=\"text-editor.default\">\n\t\t\t\t<div class=\"elementor-widget-container\">\n\t\t\t\t\t\t\t\t\t<div>As soon as Ferdy gave me the tapes of the DVD originals, I booked my trip to Madrid to pay the artists and find a good editor .  The artists were a bit warm because they had not yet paid and it had been a while.  Paul made a mistake when he asked the manager of the musicians, if the budget he had asked was for each day of performance, when the budget was for the three days of the festival, and who very intelligently was quick to answer yes. .  Compared to the money that the famous guitarist Tomatito asked for, who was the first one we called to participate in the festival, it did not sound like so much money, but the expense tripled and we had to ask for a loan from the bank to face the super production that we had gotten into.  And what would Paul pay monthly while I kept working to edit the best DVD and find a distributor in less than two years, which is the deadline that a city like LA has, or it goes directly to the drawer and nobody wants it anymore and you eat it with chips .  If I had known what awaited me in the future, I would have negotiated the cache of the musicians myself.  I believe that no one had taken them with such glamor and luxury as I have.  But at least they were going to get paid ... in the flamenco scene it is very typical to leave the artists to duty.\u00a0<\/div><div>\u00a0<\/div><div>\u00a0Zuru told me about a filmmaker and his editor who worked for Antena 3 TV and that at that time they had free time because they had just returned from the islands to record a famous TV contest.  We edited every day for 8 hours at the editor's house in the heart of Madrid in an old and very picturesque neighborhood.  I think the final invoice put 200 hours of editing.  Without me it would have been impossible to put the images together.  From time to time Zuru came to supervise.  They all learned to count the beat, every day they understood more about flamenco and the different styles and rhythms and they enjoyed the show very much that they already knew very well and it created a super special atmosphere and we were already like a family.  I finally had my master of the Flamenco Dreams DVD in hand, now I had to convert it to the American system and I would be ready to find a good distributor and pay the loan with the sale.\u00a0<\/div><div>\u00a0<\/div><div>I couldn't go back to LA without celebrating and I went to party with Zuru and everyone I was meeting until we reached the flamenco route of the Plaza de Santa Ana, which is what Sof\u00eda and I called it and where we lived unforgettable moments in the El Callej\u00f3n flamenco bar, like the one I lived that same night with Diego el Cigala, whom I found going down the stairs to go to the bathroom and stay with him until the owner, Lola, close the bar. Diego and I already had a history of many years ago, of companions on stage and of a mutual and very special affection.  That night Diego gave me his new phone number, well,  he gave me one of his partner, Amparo, who was what he called her and who was also his manager.  This small woman in stature but immense in power, she had changed the cantaor's life for the better and forever in every way.  Her career took a very different course and the successes were greater and greater and that forced him to have more responsibilities and that woman was essential in his life to be able to support himself and attend to so many commitments.\u00a0<\/div><div>When we said goodbye, Dieguito, who was what those of us who knew him as a young man called him, told me that he would call me because he had been nominated along with Bebo Vald\u00e9s in the fifth edition of the Latin Grammy Awards for the best recording of the year with \"Lagrimas Negras\" and that he would like to see me.\u00a0<\/div><div>\u00a0<\/div><div>The Director of the famous Latin newspaper, who felt devotion to Diego el Cigala, was indebted to me and offered to put a limousine at my disposal for as long as I wanted on the occasion of the Grammy ceremony and on the condition that I will hand-deliver Diego a sweatshirt as a gift from him.  It seemed a bit absurd to me, but don't hesitate for a moment to say yes.\u00a0<\/div><div>I called Diego in Spain and I asked him if he wanted me to come pick him up at the airport, I thought he would say no, that the organization would pick him up and his wife.  But he said yes.  I still didn't have the limousine at my disposal and I went with Paul in a sky blue convertible mini size jeep and I still remember Diegito that the first thing he did when he saw the car was laugh, and tell  Amparo;  What a great art Esther has!  And take off the black Nike cap I was wearing and put it on him and never give it back to me.  Diego el Cigala, who had traveled first class, got into the mini jeep like a child delighted with the experience.  We dropped them off at the hotel and met Amparo the next day at the entrance of the Shrine auditorium, where the awards were held.\u00a0<\/div><div>Once inside, I went to say hello to Diego and told him that whatever he needed, he would not hesitate to ask me and, laughing and fooling around, I reminded him that I was the Queen of the night.  Amparo was working and was going from one place to another and very aware that Diego was attentive to all the interviews.  So I stayed by his side waiting for them to call him up on stage.\u00a0<\/div><div>The most exciting moment arrived and a super nervous African American girl approached me and said, please, I want Diego el Cigala to be ready in 5 minutes.  If you need something now is the time to ask for it and do not forget that when you get off the stage you have to wait for the press ... when suddenly Amparo appears with the face of few friends saying in a loud and clear voice;  \"You have been confused!\"  Diego el Cigala's manager is me!  I was not to blame for the mistake and Diego, drinking his glass in one go, did not even make the effort to look anyone in the face.  I had a great time watching Paulina Rubio how she tripped going up on stage and EL Cigala telling his partner next to him why was that woman there if she didn't know how to sing.  This was the last time the awards were broadcast on television nationwide in the United States in English with  with CBS.  Alejandro Sanz won 4 Grammys with \u201cNo es lo mismo\u201d and Paco de Lucia  for the best flamenco album with \u201cCositas Buenas\u201d. \u00a0<\/div><div>\u00a0<\/div><div>I had been living for some time in Beverly Hills, at the home of my friend Maria, the Culture Director of the Spanish Consulate, and the limousine was already waiting for me at the door full of everything we liked.  The Director of Tourism and his husband were unconditional fans of Cigala and I invited them to spend the day that I had prepared for Diego and Amparo, I also invited Sof\u00eda.  Paul was already in the limo and we went collecting the guests.  When we got to the  hotel, Amparo told me that Diego didn't really want to go out, but I knew the real reason and like a spoiled child, I entered the room and told Diego that I was going to take him to spectacular places that he would never forget. that the party had already started in the limousine where we would tour the city before going to dinner at Robert de Niro's Italian restaurant where they make the best spaghetti at Le Bongole in the world and where they awaited him with open arms.  With a lot of art he put on my Nike cap and asked Amparo, are you coming or are you staying?  \u2026 I can only reveal how much we laughed during the entire tour in the limousine, the rest is Top Secret.  Diego el Cigala sat presiding next to Paul and kept telling us anecdotes with his characteristic sense of humor.  Everyone was fascinated to have such an artist of that category and owner of a Grammy so close.\u00a0<\/div><div>\u00a0<\/div><div>After dinner I had reserved a table in the attic of Leonardo di Caprio's Hotel Standar where it was very difficult to be on the guest list, but they already knew us.  When the bodyguard who was always at the elevator door checking that no one went up if you weren't wearing the green bracelet on your wrist, he recognized Diego el Cigala, he began to sing the chorus of \"Lagrimas Negras\" from the CD that his wife had given him, who was Cuban like Bebo Vald\u00e9s. So Diego starts laughing and very grateful, signed an autograph on his white shirt. I can't reveal who threw Diego into the pool either, but Amparo got very angry and asked Paul to please take her to the hotel.  We all made her change her mind and we went to finish the night at the mountain house, where they had prepared a party for us and some close friends of the couple who worked at the F press agency were already waiting for us.  The first to greet us was Tanaka, the German Shepherd who just wanted to eat breaded chicken sandwiches while \u201c L\u00e1grimas Negras\u201d soundtrack blared in the living room over and over again.\u00a0<\/div><div>\u00a0<\/div><div>The next morning I called Sofia super excited, I waited a bit for her to have time to have the second coffee, the first would not be enough.  Although she already knew what I was going to tell her \u2026Diego el Cigala would be the guest artist at \u201cThe Second Annual Los Angeles Flamenco Festival\u201d.  It was the beginning of September and there were only two and a half months left, I wanted to respect the same dates, November 14, 15 and 16.  We had to find a sponsor quickly.<\/div>\t\t\t\t\t\t\t\t<\/div>\n\t\t\t\t<\/div>\n\t\t\t\t<div class=\"elementor-element elementor-element-60c0d9e elementor-widget elementor-widget-heading\" data-id=\"60c0d9e\" data-element_type=\"widget\" data-widget_type=\"heading.default\">\n\t\t\t\t<div class=\"elementor-widget-container\">\n\t\t\t\t\t<h2 class=\"elementor-heading-title elementor-size-default\">DON'T MISS CHAPTER 25<\/h2>\t\t\t\t<\/div>\n\t\t\t\t<\/div>\n\t\t\t\t<div class=\"elementor-element elementor-element-db40bb5 elementor-widget elementor-widget-heading\" data-id=\"db40bb5\" data-element_type=\"widget\" data-widget_type=\"heading.default\">\n\t\t\t\t<div class=\"elementor-widget-container\">\n\t\t\t\t\t<h2 class=\"elementor-heading-title elementor-size-default\">'Meeting in the office of the mansion of the manager of the singer Sting, what can I do for you? ...'<\/h2>\t\t\t\t<\/div>\n\t\t\t\t<\/div>\n\t\t\t\t<div class=\"elementor-element elementor-element-6e62493 elementor-widget-divider--view-line elementor-widget elementor-widget-divider\" data-id=\"6e62493\" data-element_type=\"widget\" data-widget_type=\"divider.default\">\n\t\t\t\t<div class=\"elementor-widget-container\">\n\t\t\t\t\t\t\t<div class=\"elementor-divider\">\n\t\t\t<span class=\"elementor-divider-separator\">\n\t\t\t\t\t\t<\/span>\n\t\t<\/div>\n\t\t\t\t\t\t<\/div>\n\t\t\t\t<\/div>\n\t\t\t\t<div class=\"elementor-element elementor-element-1f246d5 elementor-widget elementor-widget-image\" data-id=\"1f246d5\" data-element_type=\"widget\" data-widget_type=\"image.default\">\n\t\t\t\t<div class=\"elementor-widget-container\">\n\t\t\t\t\t\t\t\t\t\t\t\t\t\t\t<img fetchpriority=\"high\" decoding=\"async\" width=\"800\" height=\"599\" src=\"https:\/\/estherponcemagazine.com\/wp-content\/uploads\/2021\/09\/IMG-20210913-WA0003.jpg\" class=\"attachment-large size-large wp-image-10195\" alt=\"\" srcset=\"https:\/\/estherponcemagazine.com\/wp-content\/uploads\/2021\/09\/IMG-20210913-WA0003.jpg 1024w, https:\/\/estherponcemagazine.com\/wp-content\/uploads\/2021\/09\/IMG-20210913-WA0003-300x225.jpg 300w, https:\/\/estherponcemagazine.com\/wp-content\/uploads\/2021\/09\/IMG-20210913-WA0003-768x575.jpg 768w, https:\/\/estherponcemagazine.com\/wp-content\/uploads\/2021\/09\/IMG-20210913-WA0003-16x12.jpg 16w, https:\/\/estherponcemagazine.com\/wp-content\/uploads\/2021\/09\/IMG-20210913-WA0003-24x18.jpg 24w, https:\/\/estherponcemagazine.com\/wp-content\/uploads\/2021\/09\/IMG-20210913-WA0003-36x27.jpg 36w, https:\/\/estherponcemagazine.com\/wp-content\/uploads\/2021\/09\/IMG-20210913-WA0003-48x36.jpg 48w\" sizes=\"(max-width: 800px) 100vw, 800px\" \/>\t\t\t\t\t\t\t\t\t\t\t\t\t\t\t<\/div>\n\t\t\t\t<\/div>\n\t\t\t\t<div class=\"elementor-element elementor-element-7d095d5 elementor-widget elementor-widget-text-editor\" data-id=\"7d095d5\" data-element_type=\"widget\" data-widget_type=\"text-editor.default\">\n\t\t\t\t<div class=\"elementor-widget-container\">\n\t\t\t\t\t\t\t\t\t<p>With Diego el Cigala dining at AGO, Robert de Niro's restaurant<\/p>\t\t\t\t\t\t\t\t<\/div>\n\t\t\t\t<\/div>\n\t\t\t\t<div class=\"elementor-element elementor-element-1448587 elementor-widget elementor-widget-image\" data-id=\"1448587\" data-element_type=\"widget\" data-widget_type=\"image.default\">\n\t\t\t\t<div class=\"elementor-widget-container\">\n\t\t\t\t\t\t\t\t\t\t\t\t\t\t\t<img decoding=\"async\" width=\"800\" height=\"600\" src=\"https:\/\/estherponcemagazine.com\/wp-content\/uploads\/2021\/09\/IMG-20210913-WA0004.jpg\" class=\"attachment-large size-large wp-image-10204\" alt=\"\" srcset=\"https:\/\/estherponcemagazine.com\/wp-content\/uploads\/2021\/09\/IMG-20210913-WA0004.jpg 1024w, https:\/\/estherponcemagazine.com\/wp-content\/uploads\/2021\/09\/IMG-20210913-WA0004-300x225.jpg 300w, https:\/\/estherponcemagazine.com\/wp-content\/uploads\/2021\/09\/IMG-20210913-WA0004-768x576.jpg 768w, https:\/\/estherponcemagazine.com\/wp-content\/uploads\/2021\/09\/IMG-20210913-WA0004-16x12.jpg 16w, https:\/\/estherponcemagazine.com\/wp-content\/uploads\/2021\/09\/IMG-20210913-WA0004-24x18.jpg 24w, https:\/\/estherponcemagazine.com\/wp-content\/uploads\/2021\/09\/IMG-20210913-WA0004-36x27.jpg 36w, https:\/\/estherponcemagazine.com\/wp-content\/uploads\/2021\/09\/IMG-20210913-WA0004-48x36.jpg 48w\" sizes=\"(max-width: 800px) 100vw, 800px\" \/>\t\t\t\t\t\t\t\t\t\t\t\t\t\t\t<\/div>\n\t\t\t\t<\/div>\n\t\t\t\t<div class=\"elementor-element elementor-element-b83da7b elementor-widget elementor-widget-text-editor\" data-id=\"b83da7b\" data-element_type=\"widget\" data-widget_type=\"text-editor.default\">\n\t\t\t\t<div class=\"elementor-widget-container\">\n\t\t\t\t\t\t\t\t\t<p>At the Latin Grammy<\/p>\t\t\t\t\t\t\t\t<\/div>\n\t\t\t\t<\/div>\n\t\t\t\t<div class=\"elementor-element elementor-element-617d316 elementor-widget elementor-widget-image\" data-id=\"617d316\" data-element_type=\"widget\" data-widget_type=\"image.default\">\n\t\t\t\t<div class=\"elementor-widget-container\">\n\t\t\t\t\t\t\t\t\t\t\t\t\t\t\t<img decoding=\"async\" width=\"800\" height=\"600\" src=\"https:\/\/estherponcemagazine.com\/wp-content\/uploads\/2021\/09\/IMG-20210913-WA0005.jpg\" class=\"attachment-large size-large wp-image-10200\" alt=\"\" srcset=\"https:\/\/estherponcemagazine.com\/wp-content\/uploads\/2021\/09\/IMG-20210913-WA0005.jpg 1024w, https:\/\/estherponcemagazine.com\/wp-content\/uploads\/2021\/09\/IMG-20210913-WA0005-300x225.jpg 300w, https:\/\/estherponcemagazine.com\/wp-content\/uploads\/2021\/09\/IMG-20210913-WA0005-768x576.jpg 768w, https:\/\/estherponcemagazine.com\/wp-content\/uploads\/2021\/09\/IMG-20210913-WA0005-16x12.jpg 16w, https:\/\/estherponcemagazine.com\/wp-content\/uploads\/2021\/09\/IMG-20210913-WA0005-24x18.jpg 24w, https:\/\/estherponcemagazine.com\/wp-content\/uploads\/2021\/09\/IMG-20210913-WA0005-36x27.jpg 36w, https:\/\/estherponcemagazine.com\/wp-content\/uploads\/2021\/09\/IMG-20210913-WA0005-48x36.jpg 48w\" sizes=\"(max-width: 800px) 100vw, 800px\" \/>\t\t\t\t\t\t\t\t\t\t\t\t\t\t\t<\/div>\n\t\t\t\t<\/div>\n\t\t\t\t<div class=\"elementor-element elementor-element-2d5ac62 elementor-widget elementor-widget-text-editor\" data-id=\"2d5ac62\" data-element_type=\"widget\" data-widget_type=\"text-editor.default\">\n\t\t\t\t<div class=\"elementor-widget-container\">\n\t\t\t\t\t\t\t\t\t<p>Despedida en la casa de la monta\u00f1a.<\/p>\t\t\t\t\t\t\t\t<\/div>\n\t\t\t\t<\/div>\n\t\t\t\t<div class=\"elementor-element elementor-element-6775b16 elementor-widget elementor-widget-video\" data-id=\"6775b16\" data-element_type=\"widget\" data-settings=\"{&quot;youtube_url&quot;:&quot;https:\\\/\\\/www.youtube.com\\\/watch?v=Z6KXvTPAkQY&quot;,&quot;video_type&quot;:&quot;youtube&quot;,&quot;controls&quot;:&quot;yes&quot;}\" data-widget_type=\"video.default\">\n\t\t\t\t<div class=\"elementor-widget-container\">\n\t\t\t\t\t\t\t<div class=\"elementor-wrapper elementor-open-inline\">\n\t\t\t<div class=\"elementor-video\"><\/div>\t\t<\/div>\n\t\t\t\t\t\t<\/div>\n\t\t\t\t<\/div>\n\t\t\t\t<div class=\"elementor-element elementor-element-c5241ae elementor-widget-divider--view-line elementor-widget elementor-widget-divider\" data-id=\"c5241ae\" data-element_type=\"widget\" data-widget_type=\"divider.default\">\n\t\t\t\t<div class=\"elementor-widget-container\">\n\t\t\t\t\t\t\t<div class=\"elementor-divider\">\n\t\t\t<span class=\"elementor-divider-separator\">\n\t\t\t\t\t\t<\/span>\n\t\t<\/div>\n\t\t\t\t\t\t<\/div>\n\t\t\t\t<\/div>\n\t\t\t\t\t<\/div>\n\t\t<\/div>\n\t\t\t\t\t<\/div>\n\t\t<\/section>\n\t\t\t\t\t<\/div>\n\t\t<\/div>\n\t\t\t\t\t<\/div>\n\t\t<\/section>\n\t\t\t\t<section class=\"elementor-section elementor-top-section elementor-element elementor-element-7fd0a09 elementor-section-boxed elementor-section-height-default elementor-section-height-default\" data-id=\"7fd0a09\" data-element_type=\"section\" data-settings=\"{&quot;_ha_eqh_enable&quot;:false}\">\n\t\t\t\t\t\t<div class=\"elementor-container elementor-column-gap-default\">\n\t\t\t\t\t<div class=\"elementor-column elementor-col-100 elementor-top-column elementor-element elementor-element-836707c\" data-id=\"836707c\" data-element_type=\"column\">\n\t\t\t<div class=\"elementor-widget-wrap elementor-element-populated\">\n\t\t\t\t\t\t\t<\/div>\n\t\t<\/div>\n\t\t\t\t\t<\/div>\n\t\t<\/section>\n\t\t\t\t<\/div>","protected":false},"excerpt":{"rendered":"<p>LA BAILARINA Y EL DIPLOM\u00c1TICO AUTOBIOGRAF\u00cdA Tres a\u00f1os llenos de aventuras surrealistas, a un ritmo fren\u00e9tico y de \u00e9xito en Los \u00c1ngeles , California&nbsp; \u201cHan llegado los Grammy Awards, recojo a Diego el Cigala del aeropuerto y nos volvemos inseparables\u2026 todos piensan que soy su manager.\u201d En cuanto Ferdy me dio las cintas de los [&hellip;]<\/p>","protected":false},"author":1,"featured_media":38,"parent":0,"menu_order":0,"comment_status":"open","ping_status":"closed","template":"elementor_header_footer","meta":{"footnotes":""},"class_list":["post-10164","page","type-page","status-publish","has-post-thumbnail","hentry"],"_links":{"self":[{"href":"https:\/\/estherponcemagazine.com\/en\/wp-json\/wp\/v2\/pages\/10164","targetHints":{"allow":["GET"]}}],"collection":[{"href":"https:\/\/estherponcemagazine.com\/en\/wp-json\/wp\/v2\/pages"}],"about":[{"href":"https:\/\/estherponcemagazine.com\/en\/wp-json\/wp\/v2\/types\/page"}],"author":[{"embeddable":true,"href":"https:\/\/estherponcemagazine.com\/en\/wp-json\/wp\/v2\/users\/1"}],"replies":[{"embeddable":true,"href":"https:\/\/estherponcemagazine.com\/en\/wp-json\/wp\/v2\/comments?post=10164"}],"version-history":[{"count":58,"href":"https:\/\/estherponcemagazine.com\/en\/wp-json\/wp\/v2\/pages\/10164\/revisions"}],"predecessor-version":[{"id":10268,"href":"https:\/\/estherponcemagazine.com\/en\/wp-json\/wp\/v2\/pages\/10164\/revisions\/10268"}],"wp:featuredmedia":[{"embeddable":true,"href":"https:\/\/estherponcemagazine.com\/en\/wp-json\/wp\/v2\/media\/38"}],"wp:attachment":[{"href":"https:\/\/estherponcemagazine.com\/en\/wp-json\/wp\/v2\/media?parent=10164"}],"curies":[{"name":"wp","href":"https:\/\/api.w.org\/{rel}","templated":true}]}}