{"id":10119,"date":"2021-09-06T10:42:55","date_gmt":"2021-09-06T11:42:55","guid":{"rendered":"https:\/\/estherponcemagazine.com\/?page_id=10119"},"modified":"2021-09-22T11:16:34","modified_gmt":"2021-09-22T12:16:34","slug":"la-bailarina-y-el-diplomatico-capitulo-23","status":"publish","type":"page","link":"https:\/\/estherponcemagazine.com\/en\/la-bailarina-y-el-diplomatico-capitulo-23\/","title":{"rendered":"LA BAILARINA Y EL DIPLOM\u00c1TICO &#8211; CAPITULO 23"},"content":{"rendered":"<div data-elementor-type=\"wp-post\" data-elementor-id=\"10119\" class=\"elementor elementor-10119\" data-elementor-settings=\"{&quot;ha_cmc_init_switcher&quot;:&quot;no&quot;}\">\n\t\t\t\t\t\t<section class=\"elementor-section elementor-top-section elementor-element elementor-element-22afe40 elementor-section-full_width elementor-section-height-default elementor-section-height-default\" data-id=\"22afe40\" data-element_type=\"section\" data-settings=\"{&quot;background_background&quot;:&quot;classic&quot;,&quot;_ha_eqh_enable&quot;:false}\">\n\t\t\t\t\t\t<div class=\"elementor-container elementor-column-gap-default\">\n\t\t\t\t\t<div class=\"elementor-column elementor-col-100 elementor-top-column elementor-element elementor-element-b5a6a30\" data-id=\"b5a6a30\" data-element_type=\"column\" data-settings=\"{&quot;background_background&quot;:&quot;classic&quot;}\">\n\t\t\t<div class=\"elementor-widget-wrap elementor-element-populated\">\n\t\t\t\t\t\t<div class=\"elementor-element elementor-element-878d8af elementor-widget elementor-widget-heading\" data-id=\"878d8af\" data-element_type=\"widget\" data-widget_type=\"heading.default\">\n\t\t\t\t<div class=\"elementor-widget-container\">\n\t\t\t\t\t<h2 class=\"elementor-heading-title elementor-size-default\">THE DANCER AND THE DIPLOMAT<\/h2>\t\t\t\t<\/div>\n\t\t\t\t<\/div>\n\t\t\t\t\t<\/div>\n\t\t<\/div>\n\t\t\t\t\t<\/div>\n\t\t<\/section>\n\t\t\t\t<section class=\"elementor-section elementor-top-section elementor-element elementor-element-471578e elementor-section-boxed elementor-section-height-default elementor-section-height-default\" data-id=\"471578e\" data-element_type=\"section\" data-settings=\"{&quot;_ha_eqh_enable&quot;:false}\">\n\t\t\t\t\t\t<div class=\"elementor-container elementor-column-gap-default\">\n\t\t\t\t\t<div class=\"elementor-column elementor-col-100 elementor-top-column elementor-element elementor-element-78df3d7\" data-id=\"78df3d7\" data-element_type=\"column\">\n\t\t\t<div class=\"elementor-widget-wrap elementor-element-populated\">\n\t\t\t\t\t\t<div class=\"elementor-element elementor-element-89876e4 elementor-view-default elementor-widget elementor-widget-icon\" data-id=\"89876e4\" data-element_type=\"widget\" data-widget_type=\"icon.default\">\n\t\t\t\t<div class=\"elementor-widget-container\">\n\t\t\t\t\t\t\t<div class=\"elementor-icon-wrapper\">\n\t\t\t<a class=\"elementor-icon\" href=\"http:\/\/estherponcemagazine.com\/en\/a-pelo\/\">\n\t\t\t<i aria-hidden=\"true\" class=\"fas fa-arrow-alt-circle-left\"><\/i>\t\t\t<\/a>\n\t\t<\/div>\n\t\t\t\t\t\t<\/div>\n\t\t\t\t<\/div>\n\t\t\t\t<div class=\"elementor-element elementor-element-b124447 elementor-widget elementor-widget-heading\" data-id=\"b124447\" data-element_type=\"widget\" data-widget_type=\"heading.default\">\n\t\t\t\t<div class=\"elementor-widget-container\">\n\t\t\t\t\t<h2 class=\"elementor-heading-title elementor-size-default\">AUTOBIOGRAPHY<\/h2>\t\t\t\t<\/div>\n\t\t\t\t<\/div>\n\t\t\t\t<div class=\"elementor-element elementor-element-709a297 elementor-widget-divider--view-line elementor-widget elementor-widget-divider\" data-id=\"709a297\" data-element_type=\"widget\" data-widget_type=\"divider.default\">\n\t\t\t\t<div class=\"elementor-widget-container\">\n\t\t\t\t\t\t\t<div class=\"elementor-divider\">\n\t\t\t<span class=\"elementor-divider-separator\">\n\t\t\t\t\t\t<\/span>\n\t\t<\/div>\n\t\t\t\t\t\t<\/div>\n\t\t\t\t<\/div>\n\t\t\t\t<div class=\"elementor-element elementor-element-85dcdbd elementor-widget elementor-widget-heading\" data-id=\"85dcdbd\" data-element_type=\"widget\" data-widget_type=\"heading.default\">\n\t\t\t\t<div class=\"elementor-widget-container\">\n\t\t\t\t\t<h2 class=\"elementor-heading-title elementor-size-default\"><span style=\"font-weight: bold\">Three years full of surreal adventures, successfully at a frenetic  rhythm  in Los Angeles, California&nbsp;<\/span><\/h2>\t\t\t\t<\/div>\n\t\t\t\t<\/div>\n\t\t\t\t<div class=\"elementor-element elementor-element-2485e6b elementor-widget-divider--view-line elementor-widget elementor-widget-divider\" data-id=\"2485e6b\" data-element_type=\"widget\" data-widget_type=\"divider.default\">\n\t\t\t\t<div class=\"elementor-widget-container\">\n\t\t\t\t\t\t\t<div class=\"elementor-divider\">\n\t\t\t<span class=\"elementor-divider-separator\">\n\t\t\t\t\t\t<\/span>\n\t\t<\/div>\n\t\t\t\t\t\t<\/div>\n\t\t\t\t<\/div>\n\t\t\t\t<section class=\"elementor-section elementor-inner-section elementor-element elementor-element-e0a5f3b elementor-reverse-mobile elementor-section-boxed elementor-section-height-default elementor-section-height-default\" data-id=\"e0a5f3b\" data-element_type=\"section\" data-settings=\"{&quot;_ha_eqh_enable&quot;:false}\">\n\t\t\t\t\t\t<div class=\"elementor-container elementor-column-gap-default\">\n\t\t\t\t\t<div class=\"elementor-column elementor-col-100 elementor-inner-column elementor-element elementor-element-b6940ce\" data-id=\"b6940ce\" data-element_type=\"column\">\n\t\t\t<div class=\"elementor-widget-wrap elementor-element-populated\">\n\t\t\t\t\t\t<div class=\"elementor-element elementor-element-05cc50d elementor-widget elementor-widget-heading\" data-id=\"05cc50d\" data-element_type=\"widget\" data-widget_type=\"heading.default\">\n\t\t\t\t<div class=\"elementor-widget-container\">\n\t\t\t\t\t<h2 class=\"elementor-heading-title elementor-size-default\">'The farewell party of Flamenco Dreams at the mansion of the Director of Tourism is overflowing !.'<\/h2>\t\t\t\t<\/div>\n\t\t\t\t<\/div>\n\t\t\t\t<div class=\"elementor-element elementor-element-3b60a22 elementor-widget-divider--view-line elementor-widget elementor-widget-divider\" data-id=\"3b60a22\" data-element_type=\"widget\" data-widget_type=\"divider.default\">\n\t\t\t\t<div class=\"elementor-widget-container\">\n\t\t\t\t\t\t\t<div class=\"elementor-divider\">\n\t\t\t<span class=\"elementor-divider-separator\">\n\t\t\t\t\t\t<\/span>\n\t\t<\/div>\n\t\t\t\t\t\t<\/div>\n\t\t\t\t<\/div>\n\t\t\t\t<div class=\"elementor-element elementor-element-e286197 elementor-widget elementor-widget-text-editor\" data-id=\"e286197\" data-element_type=\"widget\" data-widget_type=\"text-editor.default\">\n\t\t\t\t<div class=\"elementor-widget-container\">\n\t\t\t\t\t\t\t\t\t<div>I went on stage without knowing what was going to happen and I used that theatrically how I had learned in my three years of acting career with the teacher of teachers William Layton and Stanislavski's method to make it organic. When Montoyita, the Director of the Casino, saw me go out carrying the cauldron with both hands above my head, his face in the foreground, very handsome indeed, and the faces of all the musicians, each one more handsome, for where I was passing, they were as if they were seeing a fairy in the middle of the night. I lit the fire with a match that I took from the light of my black lace stockings, to the beat of the best flamenco violinist in the world, Bernardo Parilla, and that fire got into my veins like poison. When it was my husband's turn to go out, of course he came out with the red shirt, and my anger turned it into pure passion. It was my moment and I made him suffer without following the choreography we had rehearsed in some moments so that he would feel confused and just chase me around the stage totally in love with me and making it very clear that Gilda is the boss! It was an incredible success, the audience standing still clapping for many minutes ... that's the only thing that mattered to me, first day over!\u00a0<\/div><div>\u00a0<\/div><div>One of the dancers  was totally in love with a Spanish actress who at that time was living in the mansion of the Director of the Spanish Tourism Office and his husband, the writer. From time to time I would approach them and tell them that I did not want to cut them off, but that the plane to Madrid left in the morning and that he had to take it yes or yes.  I had gotten into the role a lot and I was jealous that my husband was leaving with someone else. \nI began to get involved with her telling her that it seemed very good that they were together, but that he was under my responsibility and had to go to the hotel in the Van with everyone.  She provoked me and told me that he was too old to take care of himself and that what time was the flight.  I acted like I didn't listen to her, and told my husband;  \u2014You are coming with everyone !.\u00a0<\/div><div>On the terrace in the mountain house, which was what the writer called it, I could realize that a singer had frozen in a corner with a girl, the same one with whom he left the theater dressing room and who did not separate even to go to the bathroom.  In the kitchen, the violinist fed cake to the 22-year-old daughter of one of the Warner Bross Directors.  The guitarists were like stunned playing rumbas for the models who danced some with bra in hand, the bullfighter's brother, the manager, from group to group and non-stop talking to Malaga's English accent trying making contacts, but nobody paid any attention to him.\u00a0<\/div><div>And so each gangster fell in love with his follower in every corner of the mansion.  In LA, women are lacking in love, they work hard and have no time for adventures, much less as passionate as those who were living for 5 days.  So they were all foolish and hunger joined with the desire to eat.\u00a0<\/div><div>\u00a0<\/div><div>My alert jumped again and Sof\u00eda and I immediately transformed into Monty and Bandolery, we began to plan as usual, our plan B, C, D and until we reached the F\u2026which was precisely what everyone wanted.\u00a0<\/div><div>This time with my talents as an actress, I got on the wooden table in the center of the Salon as if I were going to do a footwork and taking advantage of my speech of thanks to the Tourism office, I used the plan B and announced in a very loud voice, the most that the Champagne left me, that they had prepared a farewell for us at the Biltmore Hotel where we were staying and that they were all invited, and in that way to have them all controlled.  But it had the opposite effect and some gangsters took advantage of the movement to escape with their fans and not return to the hotel.  Once again we found ourselves in the situation of not sleeping, but that plane had to leave with Flamenco Dreams in full or it would have been the ruin.\u00a0<\/div><div>\u00a0<\/div><div>Ava and my self opened the hotel bar clandestinely and stayed drinking and chatting softly with everyone who followed us, to anesthetize ourselves and not feel the pain of waiting and continue to toast as Rita Hayworth and Ava Gardner for the success that we had. And if course already thinking about The Second Annual Los Angeles Flamenco Festival.\u00a0<\/div><div>Every time a musician arrived it was an event in the bar, the guests had seen them on stage and now they saw them arrive at 5 in the morning with a face of astonishment at the show they never expected to find.  It was clear that each one knew his responsibility and they were already established artists enough to scold them like children, but good flamenco also has that risk.  That is why I never found a good manager.  Nobody wanted to deal with flamencos  and I had always brought pure gypsies in my company, because with them I was assured the rhythm, the soniquet and the power to improvise. Shortly after, on one of my trips back to Madrid this time with Paul, having dinner at a flamenco tablao, we were chatting with the only manager who dared to bring flamencos famous. QWho by the way, in Merida, after performing at the Roman Theater, appeared in my room at 3 in the morning along with the super recognized dancer and choreographer he represented, offering to sign a contract for a tour with my own company , but I had to appear in Intervi\u00fa magazine with my flamenco skirt raised so that I could be seen without underwear.  They told me that if I didn't sign it, they would offer it to bailaora Sara Baras.  It seemed like a joke but it was real, of course I did not sign and I ran out of tour.  Now I would be super famous!  But it was more important not to disrespect my grandfather General of the Army, my father, my whole family and myself.\u00a0<\/div><div>The manager seemed super interested in representing Flamenco Dreams, he knew that the cast was a bomb and that it would fill the stages.  I, who was already a Business Woman, had talked to him about business and he was delighted.  The pity was when we left the tablao saying goodbye at the door and we woke up suddenly seeing the uncomfortable and well-deserved situation that the manager was going through while surely arguing like all the days, with the waiter reproaching him that he had to pay for his numerous drinks and the ones he had invited.  Paul immediately looked at me and said;  - You are Esther Ponce and you cannot afford to take an unpresentable like this guy, you move in a diplomatic environment, they respect you and it would be a big mistake.\u00a0<\/div><div>\u00a0<\/div><div>We were still in the hotel bar, there were a few hours left for the Los Angeles - Madrid flight and all the musicians had already arrived except my husband.  Ava and I went to sleep, at least 15 of them would fly to Madrid.  Paul waited, hoping to get the 16 on the list to the airport.  But the dancer never made it to the hotel and showed up at the airport under the watchful eye of 15 gangsters with hangovers, sunglasses and creeps. I couldn't sleep until the flight left with everyone on the plane.\u00a0<\/div>\t\t\t\t\t\t\t\t<\/div>\n\t\t\t\t<\/div>\n\t\t\t\t<div class=\"elementor-element elementor-element-60c0d9e elementor-widget elementor-widget-heading\" data-id=\"60c0d9e\" data-element_type=\"widget\" data-widget_type=\"heading.default\">\n\t\t\t\t<div class=\"elementor-widget-container\">\n\t\t\t\t\t<h2 class=\"elementor-heading-title elementor-size-default\">DON'T MISS CHAPTER 24!<\/h2>\t\t\t\t<\/div>\n\t\t\t\t<\/div>\n\t\t\t\t<div class=\"elementor-element elementor-element-db40bb5 elementor-widget elementor-widget-heading\" data-id=\"db40bb5\" data-element_type=\"widget\" data-widget_type=\"heading.default\">\n\t\t\t\t<div class=\"elementor-widget-container\">\n\t\t\t\t\t<h2 class=\"elementor-heading-title elementor-size-default\">\"The Grammy Awards have arrived, I pick up Diego el Cigala from the airport and we become inseparable ...everyone thinks I was his manager.\"<\/h2>\t\t\t\t<\/div>\n\t\t\t\t<\/div>\n\t\t\t\t<div class=\"elementor-element elementor-element-6e62493 elementor-widget-divider--view-line elementor-widget elementor-widget-divider\" data-id=\"6e62493\" data-element_type=\"widget\" data-widget_type=\"divider.default\">\n\t\t\t\t<div class=\"elementor-widget-container\">\n\t\t\t\t\t\t\t<div class=\"elementor-divider\">\n\t\t\t<span class=\"elementor-divider-separator\">\n\t\t\t\t\t\t<\/span>\n\t\t<\/div>\n\t\t\t\t\t\t<\/div>\n\t\t\t\t<\/div>\n\t\t\t\t<div class=\"elementor-element elementor-element-8ceca5f elementor-widget elementor-widget-video\" data-id=\"8ceca5f\" data-element_type=\"widget\" data-settings=\"{&quot;youtube_url&quot;:&quot;https:\\\/\\\/youtu.be\\\/9pQOMJblsCs&quot;,&quot;video_type&quot;:&quot;youtube&quot;,&quot;controls&quot;:&quot;yes&quot;}\" data-widget_type=\"video.default\">\n\t\t\t\t<div class=\"elementor-widget-container\">\n\t\t\t\t\t\t\t<div class=\"elementor-wrapper elementor-open-inline\">\n\t\t\t<div class=\"elementor-video\"><\/div>\t\t<\/div>\n\t\t\t\t\t\t<\/div>\n\t\t\t\t<\/div>\n\t\t\t\t<div class=\"elementor-element elementor-element-7d095d5 elementor-widget elementor-widget-text-editor\" data-id=\"7d095d5\" data-element_type=\"widget\" data-widget_type=\"text-editor.default\">\n\t\t\t\t<div class=\"elementor-widget-container\">\n\t\t\t\t\t\t\t\t\t<p>With Jos\u00e9 Maya , the Dancer<br><\/p>\t\t\t\t\t\t\t\t<\/div>\n\t\t\t\t<\/div>\n\t\t\t\t<div class=\"elementor-element elementor-element-393a0d1 elementor-widget elementor-widget-video\" data-id=\"393a0d1\" data-element_type=\"widget\" data-settings=\"{&quot;youtube_url&quot;:&quot;https:\\\/\\\/youtu.be\\\/J-snbVLtw10&quot;,&quot;video_type&quot;:&quot;youtube&quot;,&quot;controls&quot;:&quot;yes&quot;}\" data-widget_type=\"video.default\">\n\t\t\t\t<div class=\"elementor-widget-container\">\n\t\t\t\t\t\t\t<div class=\"elementor-wrapper elementor-open-inline\">\n\t\t\t<div class=\"elementor-video\"><\/div>\t\t<\/div>\n\t\t\t\t\t\t<\/div>\n\t\t\t\t<\/div>\n\t\t\t\t<div class=\"elementor-element elementor-element-2d5ac62 elementor-widget elementor-widget-text-editor\" data-id=\"2d5ac62\" data-element_type=\"widget\" data-widget_type=\"text-editor.default\">\n\t\t\t\t<div class=\"elementor-widget-container\">\n\t\t\t\t\t\t\t\t\t<p>With Pepe Luis Habichuela the gangster who had to inject cortisone at dawn.<\/p>\t\t\t\t\t\t\t\t<\/div>\n\t\t\t\t<\/div>\n\t\t\t\t<div class=\"elementor-element elementor-element-6775b16 elementor-widget elementor-widget-video\" data-id=\"6775b16\" data-element_type=\"widget\" data-settings=\"{&quot;youtube_url&quot;:&quot;https:\\\/\\\/youtu.be\\\/AniwAYza_eU&quot;,&quot;video_type&quot;:&quot;youtube&quot;,&quot;controls&quot;:&quot;yes&quot;}\" data-widget_type=\"video.default\">\n\t\t\t\t<div class=\"elementor-widget-container\">\n\t\t\t\t\t\t\t<div class=\"elementor-wrapper elementor-open-inline\">\n\t\t\t<div class=\"elementor-video\"><\/div>\t\t<\/div>\n\t\t\t\t\t\t<\/div>\n\t\t\t\t<\/div>\n\t\t\t\t<div class=\"elementor-element elementor-element-cf8552e elementor-widget elementor-widget-text-editor\" data-id=\"cf8552e\" data-element_type=\"widget\" data-widget_type=\"text-editor.default\">\n\t\t\t\t<div class=\"elementor-widget-container\">\n\t\t\t\t\t\t\t\t\t<p>My husband<\/p>\t\t\t\t\t\t\t\t<\/div>\n\t\t\t\t<\/div>\n\t\t\t\t<div class=\"elementor-element elementor-element-c5241ae elementor-widget-divider--view-line elementor-widget elementor-widget-divider\" data-id=\"c5241ae\" data-element_type=\"widget\" data-widget_type=\"divider.default\">\n\t\t\t\t<div class=\"elementor-widget-container\">\n\t\t\t\t\t\t\t<div class=\"elementor-divider\">\n\t\t\t<span class=\"elementor-divider-separator\">\n\t\t\t\t\t\t<\/span>\n\t\t<\/div>\n\t\t\t\t\t\t<\/div>\n\t\t\t\t<\/div>\n\t\t\t\t\t<\/div>\n\t\t<\/div>\n\t\t\t\t\t<\/div>\n\t\t<\/section>\n\t\t\t\t\t<\/div>\n\t\t<\/div>\n\t\t\t\t\t<\/div>\n\t\t<\/section>\n\t\t\t\t<section class=\"elementor-section elementor-top-section elementor-element elementor-element-7fd0a09 elementor-section-boxed elementor-section-height-default elementor-section-height-default\" data-id=\"7fd0a09\" data-element_type=\"section\" data-settings=\"{&quot;_ha_eqh_enable&quot;:false}\">\n\t\t\t\t\t\t<div class=\"elementor-container elementor-column-gap-default\">\n\t\t\t\t\t<div class=\"elementor-column elementor-col-100 elementor-top-column elementor-element elementor-element-836707c\" data-id=\"836707c\" data-element_type=\"column\">\n\t\t\t<div class=\"elementor-widget-wrap elementor-element-populated\">\n\t\t\t\t\t\t\t<\/div>\n\t\t<\/div>\n\t\t\t\t\t<\/div>\n\t\t<\/section>\n\t\t\t\t<\/div>","protected":false},"excerpt":{"rendered":"<p>LA BAILARINA Y EL DIPLOM\u00c1TICO AUTOBIOGRAF\u00cdA Tres a\u00f1os llenos de aventuras surrealistas, a un ritmo fren\u00e9tico y de \u00e9xito en Los \u00c1ngeles , California&nbsp; \u201cLa fiesta de despedida de Flamenco Dreams en la mansi\u00f3n del Director de Turismo \u00a1Se desborda!.\u201d Era la \u00faltima fiesta de Flamenco Dreams en LA y est\u00e1bamos\u00a0 todos emocionados y super [&hellip;]<\/p>","protected":false},"author":1,"featured_media":38,"parent":0,"menu_order":0,"comment_status":"open","ping_status":"closed","template":"elementor_header_footer","meta":{"footnotes":""},"class_list":["post-10119","page","type-page","status-publish","has-post-thumbnail","hentry"],"_links":{"self":[{"href":"https:\/\/estherponcemagazine.com\/en\/wp-json\/wp\/v2\/pages\/10119","targetHints":{"allow":["GET"]}}],"collection":[{"href":"https:\/\/estherponcemagazine.com\/en\/wp-json\/wp\/v2\/pages"}],"about":[{"href":"https:\/\/estherponcemagazine.com\/en\/wp-json\/wp\/v2\/types\/page"}],"author":[{"embeddable":true,"href":"https:\/\/estherponcemagazine.com\/en\/wp-json\/wp\/v2\/users\/1"}],"replies":[{"embeddable":true,"href":"https:\/\/estherponcemagazine.com\/en\/wp-json\/wp\/v2\/comments?post=10119"}],"version-history":[{"count":34,"href":"https:\/\/estherponcemagazine.com\/en\/wp-json\/wp\/v2\/pages\/10119\/revisions"}],"predecessor-version":[{"id":10271,"href":"https:\/\/estherponcemagazine.com\/en\/wp-json\/wp\/v2\/pages\/10119\/revisions\/10271"}],"wp:featuredmedia":[{"embeddable":true,"href":"https:\/\/estherponcemagazine.com\/en\/wp-json\/wp\/v2\/media\/38"}],"wp:attachment":[{"href":"https:\/\/estherponcemagazine.com\/en\/wp-json\/wp\/v2\/media?parent=10119"}],"curies":[{"name":"wp","href":"https:\/\/api.w.org\/{rel}","templated":true}]}}